{"id":8933,"date":"2023-05-09T08:19:20","date_gmt":"2023-05-09T06:19:20","guid":{"rendered":"http:\/\/joannacholuj.pl\/?page_id=8933"},"modified":"2023-06-30T16:28:00","modified_gmt":"2023-06-30T14:28:00","slug":"francais","status":"publish","type":"page","link":"http:\/\/joannacholuj.pl\/en\/francais\/","title":{"rendered":"Fran\u00e7ais"},"content":{"rendered":"<p><img loading=\"lazy\" decoding=\"async\" class=\"wp-image-4139 aligncenter\" src=\"http:\/\/joannacholuj.pl\/wp-content\/uploads\/2020\/01\/LOGO-249x300.jpg\" alt=\"\" width=\"132\" height=\"159\" srcset=\"http:\/\/joannacholuj.pl\/wp-content\/uploads\/2020\/01\/LOGO-249x300.jpg 249w, http:\/\/joannacholuj.pl\/wp-content\/uploads\/2020\/01\/LOGO-768x925.jpg 768w, http:\/\/joannacholuj.pl\/wp-content\/uploads\/2020\/01\/LOGO-850x1024.jpg 850w, http:\/\/joannacholuj.pl\/wp-content\/uploads\/2020\/01\/LOGO.jpg 1332w\" sizes=\"(max-width: 132px) 100vw, 132px\" \/><\/p>\n<p style=\"text-align: center;\"><a href=\"http:\/\/joannacholuj.pl\/en\/livres\/\">LIVRES<\/a> * <a href=\"http:\/\/joannacholuj.pl\/en\/cartes\/\">CARTES<\/a> * <a href=\"http:\/\/joannacholuj.pl\/en\/cours\/\">COURS<\/a> *<a href=\"http:\/\/joannacholuj.pl\/en\/la-sagesse-et-la-langue-daria\/\"> LA SAGESSE ET LA LANGUE D&#8217;ARIA<\/a> * <a href=\"http:\/\/joannacholuj.pl\/en\/coaching-2\/\">COACHING<\/a> * <a href=\"http:\/\/joannacholuj.pl\/en\/prix-et-contacts\/\">PRIX ET CONTACTS<\/a> * <a href=\"http:\/\/joannacholuj.pl\/en\/ecole-fringla\/\">\u00c9COLE FrIngla<\/a> *<\/p>\n<p style=\"text-align: center;\"><a href=\"http:\/\/joannacholuj.pl\/en\/spectacles-2\/\">SPECTACLES<\/a> *<a href=\"http:\/\/joannacholuj.pl\/en\/opinions-2\/\"> OPINIONS<\/a> * <a href=\"http:\/\/joannacholuj.pl\/en\/a-propos-de-moi\/\">SUR MOI<\/a> *<\/p>\n<p style=\"text-align: center;\"><em><strong><a href=\"https:\/\/web.facebook.com\/choluj.joanna\">FB\u00a0<\/a> *\u00a0<\/strong><\/em><em><strong><a href=\"https:\/\/joannacholuj.pl\/en\/blog\/\">BLOG\u00a0<\/a> \u00a0*<\/strong><\/em><em><strong><a href=\"https:\/\/www.youtube.com\/joannacholujprof\"> YB\u00a0<\/a><\/strong><\/em><\/p>\n<p>&nbsp;<\/p>\n<h3 style=\"text-align: center;\"><strong>\u00a0JOANNA CHOLUJ <\/strong><\/h3>\n<h3 style=\"text-align: center;\">JC Lady Viedma Lada<\/h3>\n<p style=\"text-align: center;\">Le coach et Aryan-Eslavo Viedma vous aide \u00e0<\/p>\n<p style=\"text-align: center;\">* gu\u00e9rir spirituellement votre vie dans 12 sph\u00e8res en 12 mois<\/p>\n<p style=\"text-align: center;\">* retrouver votre f\u00e9minit\u00e9, c&#8217;est-\u00e0-dire passer de sch\u00e9mas toxiques \u00e0 une relation saine<\/p>\n<p style=\"text-align: center;\">* comprendre la langue polonaise et sa grammaire<\/p>\n<p style=\"text-align: center;\">Ses cours, son coaching, ses livres et ses lettres vous aideront \u00e0 changer votre vie.<\/p>\n<p><img loading=\"lazy\" decoding=\"async\" class=\"size-medium wp-image-8866 aligncenter\" src=\"http:\/\/joannacholuj.pl\/wp-content\/uploads\/2023\/02\/IMG_2442donem-300x200.jpg\" alt=\"\" width=\"300\" height=\"200\" srcset=\"http:\/\/joannacholuj.pl\/wp-content\/uploads\/2023\/02\/IMG_2442donem-300x200.jpg 300w, http:\/\/joannacholuj.pl\/wp-content\/uploads\/2023\/02\/IMG_2442donem-768x512.jpg 768w, http:\/\/joannacholuj.pl\/wp-content\/uploads\/2023\/02\/IMG_2442donem-750x500.jpg 750w, http:\/\/joannacholuj.pl\/wp-content\/uploads\/2023\/02\/IMG_2442donem.jpg 960w\" sizes=\"(max-width: 300px) 100vw, 300px\" \/><\/p>\n<p style=\"text-align: center;\">Ne jamais regretter. Cr\u00e9er \u00e0 nouveau<br \/>\n\u00c9dith Piaf chante : &#8222;Non. Je ne regrette rien&#8221;. Non, je ne regrette rien. C&#8217;est aussi ma devise.<\/p>\n<p style=\"text-align: center;\">Dans la vie, seul le changement est certain. Vous \u00e9tiez un gar\u00e7on, vous \u00eates une fille. Vous vous \u00eates mari\u00e9s. Quelque chose s&#8217;est effondr\u00e9. Vous avez eu des enfants. Ils sont morts. Vous continuez \u00e0 vivre. La vie peut encore \u00eatre belle. Croyez en vous. N&#8217;\u00e9teignez pas votre feu int\u00e9rieur. JAMAIS.<\/p>\n<hr \/>\n<p>&nbsp;<\/p>\n<p>EN QUOI CONSISTE LE PROJET JCLADY<\/p>\n<p><iframe loading=\"lazy\" title=\"YouTube video player\" src=\"https:\/\/www.youtube.com\/embed\/B_FTVsSFiew\" width=\"560\" height=\"315\" frameborder=\"0\" allowfullscreen=\"allowfullscreen\" data-mce-fragment=\"1\"><\/iframe><\/p>\n<p>QUI EST JOANNA CHOLUJ &#8211; JCLADY &#8211; VIEDMA LADA<\/p>\n<p>&nbsp;<\/p>\n<p><iframe loading=\"lazy\" title=\"YouTube video player\" src=\"https:\/\/www.youtube.com\/embed\/USlp7FIidsI\" width=\"560\" height=\"315\" frameborder=\"0\" allowfullscreen=\"allowfullscreen\" data-mce-fragment=\"1\"><\/iframe><\/p>\n<p style=\"text-align: center;\">LIVRES<\/p>\n<p><img loading=\"lazy\" decoding=\"async\" class=\"alignnone wp-image-8858 size-full\" src=\"http:\/\/joannacholuj.pl\/wp-content\/uploads\/2023\/02\/Zrzut-ekranu-227.png\" alt=\"\" width=\"1366\" height=\"768\" srcset=\"http:\/\/joannacholuj.pl\/wp-content\/uploads\/2023\/02\/Zrzut-ekranu-227.png 1366w, http:\/\/joannacholuj.pl\/wp-content\/uploads\/2023\/02\/Zrzut-ekranu-227-300x169.png 300w, http:\/\/joannacholuj.pl\/wp-content\/uploads\/2023\/02\/Zrzut-ekranu-227-768x432.png 768w, http:\/\/joannacholuj.pl\/wp-content\/uploads\/2023\/02\/Zrzut-ekranu-227-1024x576.png 1024w\" sizes=\"(max-width: 1366px) 100vw, 1366px\" \/><\/p>\n<p style=\"text-align: center;\">COURS<\/p>\n<p><img loading=\"lazy\" decoding=\"async\" class=\"alignnone wp-image-8854 size-full\" src=\"http:\/\/joannacholuj.pl\/wp-content\/uploads\/2023\/02\/Zrzut-ekranu-234.png\" alt=\"\" width=\"1366\" height=\"768\" srcset=\"http:\/\/joannacholuj.pl\/wp-content\/uploads\/2023\/02\/Zrzut-ekranu-234.png 1366w, http:\/\/joannacholuj.pl\/wp-content\/uploads\/2023\/02\/Zrzut-ekranu-234-300x169.png 300w, http:\/\/joannacholuj.pl\/wp-content\/uploads\/2023\/02\/Zrzut-ekranu-234-768x432.png 768w, http:\/\/joannacholuj.pl\/wp-content\/uploads\/2023\/02\/Zrzut-ekranu-234-1024x576.png 1024w\" sizes=\"(max-width: 1366px) 100vw, 1366px\" \/><\/p>\n<p style=\"text-align: center;\">CARTES<img loading=\"lazy\" decoding=\"async\" class=\"alignnone wp-image-8857 size-full\" src=\"http:\/\/joannacholuj.pl\/wp-content\/uploads\/2023\/02\/Zrzut-ekranu-228.png\" alt=\"\" width=\"1366\" height=\"768\" srcset=\"http:\/\/joannacholuj.pl\/wp-content\/uploads\/2023\/02\/Zrzut-ekranu-228.png 1366w, http:\/\/joannacholuj.pl\/wp-content\/uploads\/2023\/02\/Zrzut-ekranu-228-300x169.png 300w, http:\/\/joannacholuj.pl\/wp-content\/uploads\/2023\/02\/Zrzut-ekranu-228-768x432.png 768w, http:\/\/joannacholuj.pl\/wp-content\/uploads\/2023\/02\/Zrzut-ekranu-228-1024x576.png 1024w\" sizes=\"(max-width: 1366px) 100vw, 1366px\" \/><\/p>\n<p>&nbsp;<\/p>\n<p style=\"text-align: center;\">CONSULTATIONS ET ANALYSE HOLISTIQUE<img loading=\"lazy\" decoding=\"async\" class=\"alignnone wp-image-8855 size-full\" src=\"http:\/\/joannacholuj.pl\/wp-content\/uploads\/2023\/02\/Zrzut-ekranu-230.png\" alt=\"\" width=\"1366\" height=\"768\" srcset=\"http:\/\/joannacholuj.pl\/wp-content\/uploads\/2023\/02\/Zrzut-ekranu-230.png 1366w, http:\/\/joannacholuj.pl\/wp-content\/uploads\/2023\/02\/Zrzut-ekranu-230-300x169.png 300w, http:\/\/joannacholuj.pl\/wp-content\/uploads\/2023\/02\/Zrzut-ekranu-230-768x432.png 768w, http:\/\/joannacholuj.pl\/wp-content\/uploads\/2023\/02\/Zrzut-ekranu-230-1024x576.png 1024w\" sizes=\"(max-width: 1366px) 100vw, 1366px\" \/><\/p>\n<p style=\"text-align: center;\">CERCLES DE FEMMES<\/p>\n<p><img loading=\"lazy\" decoding=\"async\" class=\"alignnone wp-image-8853 size-full\" src=\"http:\/\/joannacholuj.pl\/wp-content\/uploads\/2023\/02\/Zrzut-ekranu-235.png\" alt=\"\" width=\"1366\" height=\"768\" srcset=\"http:\/\/joannacholuj.pl\/wp-content\/uploads\/2023\/02\/Zrzut-ekranu-235.png 1366w, http:\/\/joannacholuj.pl\/wp-content\/uploads\/2023\/02\/Zrzut-ekranu-235-300x169.png 300w, http:\/\/joannacholuj.pl\/wp-content\/uploads\/2023\/02\/Zrzut-ekranu-235-768x432.png 768w, http:\/\/joannacholuj.pl\/wp-content\/uploads\/2023\/02\/Zrzut-ekranu-235-1024x576.png 1024w\" sizes=\"(max-width: 1366px) 100vw, 1366px\" \/><\/p>\n<p style=\"text-align: center;\">COMPR\u00c9HENSION APPROFONDIE DE LA LANGUE ET DE LA GRAMMAIRE DU POLONAIS ARYEN\/ANCIEN<\/p>\n<p><iframe loading=\"lazy\" title=\"YouTube video player\" src=\"https:\/\/www.youtube.com\/embed\/aXdf6gpzpMs\" width=\"560\" height=\"315\" frameborder=\"0\" allowfullscreen=\"allowfullscreen\" data-mce-fragment=\"1\"><\/iframe><\/p>\n<p>&nbsp;<\/p>","protected":false},"excerpt":{"rendered":"<p>LIVRES * CARTES * COURS * LA SAGESSE ET LA LANGUE D&#8217;ARIA * COACHING * PRIX ET CONTACTS * \u00c9COLE [&hellip;]<\/p>","protected":false},"author":2,"featured_media":0,"parent":0,"menu_order":0,"comment_status":"closed","ping_status":"closed","template":"","meta":{"_bbp_topic_count":0,"_bbp_reply_count":0,"_bbp_total_topic_count":0,"_bbp_total_reply_count":0,"_bbp_voice_count":0,"_bbp_anonymous_reply_count":0,"_bbp_topic_count_hidden":0,"_bbp_reply_count_hidden":0,"_bbp_forum_subforum_count":0,"_uag_custom_page_level_css":"","footnotes":""},"class_list":["post-8933","page","type-page","status-publish","hentry"],"spectra_custom_meta":{"_edit_lock":["1690156637:2"],"_edit_last":["2"],"_wp_page_template":["default"],"_uag_page_assets":["a:9:{s:3:\"css\";s:0:\"\";s:2:\"js\";s:0:\"\";s:18:\"current_block_list\";a:0:{}s:8:\"uag_flag\";b:0;s:11:\"uag_version\";s:10:\"1777350280\";s:6:\"gfonts\";a:0:{}s:10:\"gfonts_url\";s:0:\"\";s:12:\"gfonts_files\";a:0:{}s:14:\"uag_faq_layout\";b:0;}"]},"uagb_featured_image_src":{"full":false,"thumbnail":false,"medium":false,"medium_large":false,"large":false,"1536x1536":false,"2048x2048":false,"trp-custom-language-flag":false,"illdy-blog-list":false,"illdy-widget-recent-posts":false,"illdy-blog-post-related-articles":false,"illdy-front-page-latest-news":false,"illdy-front-page-testimonials":false,"illdy-front-page-projects":false,"illdy-front-page-person":false},"uagb_author_info":{"display_name":"Joanna Choluj","author_link":"http:\/\/joannacholuj.pl\/en\/blog\/author\/joannacholuj\/"},"uagb_comment_info":0,"uagb_excerpt":"LIVRES * CARTES * COURS * LA SAGESSE ET LA LANGUE D&#8217;ARIA * COACHING * PRIX ET CONTACTS * \u00c9COLE [&hellip;]","_links":{"self":[{"href":"http:\/\/joannacholuj.pl\/en\/wp-json\/wp\/v2\/pages\/8933"}],"collection":[{"href":"http:\/\/joannacholuj.pl\/en\/wp-json\/wp\/v2\/pages"}],"about":[{"href":"http:\/\/joannacholuj.pl\/en\/wp-json\/wp\/v2\/types\/page"}],"author":[{"embeddable":true,"href":"http:\/\/joannacholuj.pl\/en\/wp-json\/wp\/v2\/users\/2"}],"replies":[{"embeddable":true,"href":"http:\/\/joannacholuj.pl\/en\/wp-json\/wp\/v2\/comments?post=8933"}],"version-history":[{"count":3,"href":"http:\/\/joannacholuj.pl\/en\/wp-json\/wp\/v2\/pages\/8933\/revisions"}],"predecessor-version":[{"id":9483,"href":"http:\/\/joannacholuj.pl\/en\/wp-json\/wp\/v2\/pages\/8933\/revisions\/9483"}],"wp:attachment":[{"href":"http:\/\/joannacholuj.pl\/en\/wp-json\/wp\/v2\/media?parent=8933"}],"curies":[{"name":"wp","href":"https:\/\/api.w.org\/{rel}","templated":true}]}}