{"id":4984,"date":"2020-08-24T21:02:22","date_gmt":"2020-08-24T19:02:22","guid":{"rendered":"http:\/\/joannacholuj.pl\/?page_id=4984"},"modified":"2020-08-24T21:03:39","modified_gmt":"2020-08-24T19:03:39","slug":"kropla-opowiadanie-zdobylo-jakas-tam-nagrode","status":"publish","type":"page","link":"http:\/\/joannacholuj.pl\/en\/kropla-opowiadanie-zdobylo-jakas-tam-nagrode\/","title":{"rendered":"Kropla &#8211; opowiadanie &#8211; zdoby\u0142o jak\u0105\u015b tam nagrod\u0119"},"content":{"rendered":"<p class=\"western\" align=\"center\"><b>S\u0142ona kropelka<\/b><\/p>\n<p class=\"western\" align=\"justify\">&#8211; Sp\u00f3jrz \u2013 zawo\u0142a\u0142 ch\u0142opiec \u2013 jak szeroko rozlana jest ta rzeka! &#8211; i pobieg\u0142 wzd\u0142u\u017c brzegu wyprzedzaj\u0105c siostr\u0119.<\/p>\n<p class=\"western\" align=\"justify\">Dzieci spacerowa\u0142y nad brzegiem Wis\u0142y. Dzie\u0144 by\u0142 s\u0142oneczny i wietrzny. Pocz\u0105tek kwietnia. Ch\u0142opiec mia\u0142 osiem lat, dziewczynka o kilka lat wi\u0119cej.<\/p>\n<p class=\"western\" align=\"justify\">&#8211; Tak. Niekt\u00f3rzy nawet twierdz\u0105, \u017ce nazwa Wis\u0142a oznacza\u0142a, \u017ce rzeka rozlewa si\u0119 szeroko.<\/p>\n<p class=\"western\" align=\"justify\">&#8211; Wiem, Vistula. To z \u0142aciny<\/p>\n<p class=\"western\" align=\"justify\">&#8211; Ja wol\u0119 my\u015ble\u0107, \u017ce prawdziwa nazwa tej rzeki by\u0142a inna. S\u0142ysza\u0142am tak\u0105 histori\u0119 od babci wiesz?<\/p>\n<p class=\"western\" align=\"justify\">&#8211; No. Dawaj \u2013 zach\u0119ci\u0142 brat siadaj\u0105c na brzegu. Starsza siostra r\u00f3wnie\u017c usiad\u0142a i zacz\u0119\u0142a opowiada\u0107.<\/p>\n<p class=\"western\" align=\"justify\">&#8211; Dawno dawno temu \u2026 &#8211; daruj sobie te wst\u0119py, nie jestem dzieckiem \u2013 przerwa\u0142 brat<\/p>\n<p class=\"western\" align=\"justify\">&#8211; No to mog\u0119 w og\u00f3le nie opowiada\u0107 \u2013 wykrzywi\u0142a usta siostra<\/p>\n<p class=\"western\" align=\"justify\">&#8211; O rany.. dobra. To m\u00f3w jak potrafisz<\/p>\n<p class=\"western\" align=\"justify\">&#8211; opowiem tak jak opowiada\u0142a babcia&#8230; Wi\u0119c&#8230; dawno temu, w kraju gdzie wody rzeki rozlewaj\u0105 si\u0119 szeroko szeroko..<\/p>\n<p class=\"western\" align=\"justify\">&#8211; A jednak \u2013 przerwa\u0142 ze \u015bmiechem brat \u2013 wi\u0119c jednak co\u015b\u00a0jest w tej nazwie Wis\u0142a<\/p>\n<p class=\"western\" align=\"justify\">&#8211; Oj nie przerywaj bo strac\u0119 w\u0105tek .. Wi\u0119c tam w tym kraju rz\u0105dzi\u0142a cudnej urody kr\u00f3lowa Wanda, kt\u00f3ra by\u0142a tak pi\u0119kna i pot\u0119\u017cna jak bogini. Niekt\u00f3rzy twierdz\u0105 dzi\u015b, \u017ce nazwano j\u0105 tak, bo ju\u017c w dzieci\u0144stwie mia\u0142a wielu zalotnik\u00f3w, kt\u00f3rych mog\u0142a oczarowywa\u0107 i \u0142owi\u0107 jakby na w\u0119dk\u0119, kt\u00f3r\u0105 by\u0142a jej uroda i jej urok osobisty. Wanda jednak by\u0142a Amazonk\u0105, i wola\u0142a pozosta\u0107 samotna. Chyba by\u0142a takim singlem.. jakby powiedzia\u0142a mama<\/p>\n<p class=\"western\" align=\"justify\">&#8211; kim? &#8211; nie zrozumia\u0142 brat. To z angielskiego?<\/p>\n<p class=\"western\" align=\"justify\">&#8211; no tak, po prostu nie chcia\u0142a wyj\u015b\u0107 za m\u0105\u017c. Rozumiesz?<\/p>\n<p class=\"western\" align=\"justify\">&#8211; no pewnie, by\u0142a singlem czyli nie mia\u0142a nikogo do pary \u2013 roze\u015bmia\u0142 si\u0119 brat<\/p>\n<p class=\"western\" align=\"justify\">&#8211; w\u0142a\u015bnie. Okazuje si\u0119 jednak, \u017ce m\u0119\u017cczy\u017ani si\u0119 nie zra\u017cali, i wielu przybywa\u0142o prosi\u0107 j\u0105 o r\u0119k\u0119. I pewnego dnia przyby\u0142 rycerz z ogromnym wojskiem i stwierdzi\u0142, \u017ce podbije jej kr\u00f3lestwo. Gdy nadjecha\u0142 i stan\u0105\u0142 pod murami miasta, Wanda pojawi\u0142a si\u0119 na wzg\u00f3rzu, podobno tak ogromny bi\u0142 od niej blask, \u017ce rycerz si\u0119 przerazi\u0142. Wanda, mimo \u017ce sta\u0142a daleko, wydawa\u0142a si\u0119 ogromn\u0105 postaci\u0105 na wzg\u00f3rzu, jej szaty powiewa\u0142y \u015bwietli\u015bcie na wietrze, s\u0142o\u0144ce o\u015bwietla\u0142o jej wysok\u0105 i szczup\u0142\u0105 sylwetk\u0119. Rzeczywi\u015bcie wydawa\u0142a si\u0119 by\u0107 wszechmocn\u0105 bogini\u0105. Wtedy rycerz pok\u0142oni\u0142 si\u0119 przed Wand\u0105 i zani\u00f3s\u0142 jej przez pos\u0142a \u017cyczenia d\u0142ugiego \u017cycia i wszelkich b\u0142ogos\u0142awie\u0144stw. I tego samego wieczoru odszed\u0142 i pope\u0142ni\u0142 samob\u00f3jstwo.<\/p>\n<p class=\"western\" align=\"justify\">&#8211; Co?<\/p>\n<p class=\"western\" align=\"justify\">&#8211; No podobno nadzia\u0142 si\u0119 na miecze.<\/p>\n<p class=\"western\" align=\"justify\">&#8211; To zupe\u0142nie jak sepuku. W Japonii rycerze kt\u00f3rzy postawieni zostaj\u0105 w sytuacji niehonorowej, albo zmuszeni s\u0105 do kapitulacji, pope\u0142niaj\u0105 samob\u00f3jstwo.<\/p>\n<p class=\"western\" align=\"justify\">&#8211; Oni nazywaj\u0105 si\u0119 samuraje<\/p>\n<p class=\"western\" align=\"justify\">&#8211; W\u0142a\u015bnie, mia\u0142em to na ko\u0144cu j\u0119zyka<\/p>\n<p class=\"western\" align=\"justify\">&#8211; Dobra. W ka\u017cdym razie Wanda podobno obserwowa\u0142a t\u0119 scen\u0119 ze wzg\u00f3rza, i zaraz potem zbieg\u0142a w przeciwn\u0105 stron\u0119 nad brzegi rzeki nazywanej Wand\u0105 albo Wandal\u0105 od jej imienia.<\/p>\n<p class=\"western\" align=\"justify\">Wygl\u0105da\u0142a wtedy w swojej bia\u0142ej sukni i jasnych w\u0142osach jak \u015bwietlisty anio\u0142. Ale Wanda by\u0142a rzeczywist\u0105 kobiet\u0105, z cia\u0142a, krwi i ko\u015bci. Tylko kilka krok\u00f3w dzieli\u0142o j\u0105 ju\u017c od rzeki, kt\u00f3ra nad samym brzegiem otoczona by\u0142a pasmem \u017c\u00f3\u0142to-szarego piasku. Wanda stan\u0119\u0142a nad rzek\u0105, woda dotkn\u0119\u0142a jej st\u00f3p. Mo\u017ce my\u015bla\u0142a o swojej przysz\u0142o\u015bci, mo\u017ce o przysz\u0142o\u015bci swojego rodu i pa\u0144stwa, a mo\u017ce by\u0142o jej po prostu \u017cal m\u0142odego rycerza. Do\u015b\u0107, \u017ce z jej oczu sp\u0142yn\u0119\u0142y \u0142zy. Wanda podnios\u0142a d\u0142o\u0144, star\u0142a \u0142zy i po\u0142o\u017cy\u0142a d\u0142o\u0144 na powierzchni wody. Zauwa\u017cy\u0142a wtedy jedn\u0105 male\u0144k\u0105 srebrzyst\u0105 kropelk\u0119, kt\u00f3rej sercem by\u0142o ziarenko soli. Str\u0105ci\u0142a j\u0105 delikatnie do rzeki m\u00f3wi\u0105c<\/p>\n<p class=\"western\" align=\"justify\">&#8211; P\u0142y\u0144. P\u0142y\u0144 do morza. P\u0142y\u0144, bo tylko tam poznasz czym naprawd\u0119 jest s\u00f3l. Dowiesz si\u0119 kim jeste\u015b. A po drodze opowiadaj o kr\u00f3lewnie Wandzie.<\/p>\n<p class=\"western\" align=\"justify\">S\u0142ona kropla \u0142zy wskoczy\u0142a do rzeki i pop\u0142yn\u0119\u0142a z pr\u0105dem. Bardzo pragn\u0119\u0142a dotrze\u0107 do morza. By\u0142a go ciekawa. Mija\u0142y dni i noce. Do morza wci\u0105\u017c by\u0142o jednak bardzo daleko. A\u017c tu pewnego poranka kropelka poczu\u0142a, \u017ce co\u015b j\u0105 wyrywa z toni wodnej i unosi hen, w g\u00f3r\u0119.<\/p>\n<p class=\"western\" align=\"justify\">W chwil\u0119 potem wisia\u0142a ju\u017c bezradnie na pustym haczyku przed nosem brodatego m\u0119\u017cczyzny.<\/p>\n<p class=\"western\" align=\"justify\">&#8211; Kim jeste\u015b? \u2013 zapyta\u0142 rybak \u2013 oczekiwa\u0142em wielkiego szczupaka nie ciebie. Wi\u0119c wyt\u0142umacz si\u0119, co robisz na mojej w\u0119dce, taka okr\u0105g\u0142a, srebrna i b\u0142yszcz\u0105ca.<\/p>\n<p class=\"western\" align=\"justify\">&#8211; Jestem kropl\u0105 \u0142zy kr\u00f3lowej Wandy , kt\u00f3ra zap\u0142aka\u0142a na widok gin\u0105cego rycerza. A mo\u017ce i nad sob\u0105 &#8211; zawaha\u0142a si\u0119 kropelka. I zacz\u0119\u0142a opowiada\u0107 rybakowi ca\u0142\u0105 histori\u0119<\/p>\n<p class=\"western\" align=\"justify\">&#8211; Hmm, to ciekawe. Wiesz? Zabior\u0119 ci\u0119 do swojej chaty. Opowiesz mojej \u017conie ca\u0142\u0105 t\u0119 histori\u0119. Zapoznam ci\u0119 z moimi kwiatami w ogrodzie. One kochaj\u0105 krople wody<\/p>\n<p class=\"western\" align=\"justify\">&#8211; O nie. Kwiaty s\u0105 mi\u0142e, ale nie lubi\u0105 s\u0142onej wody. A ziemia jest \u017car\u0142oczna. Zgin\u0119 tam i nigdy nie dotr\u0119 do morza i nie dowiem si\u0119 kim jestem. I nie spe\u0142ni\u0119 obietnicy danej Wandzie.<\/p>\n<p class=\"western\" align=\"justify\">&#8211; A wi\u0119c wracaj do rzeki i p\u0142y\u0144 dalej, kropelko.<\/p>\n<p class=\"western\" align=\"justify\">&#8211; \u017cegnaj rybaku. Ale obiecaj mi, \u017ce i ty opowiesz innym o kr\u00f3lowej Wandzie i rycerzu.<\/p>\n<p class=\"western\" align=\"justify\">&#8211; Obiecuj\u0119. &#8211; I kropla wskoczy\u0142a do rzeki i zn\u00f3w da\u0142a si\u0119 unie\u015b\u0107 pr\u0105dowi ku morzu. Mkn\u0119\u0142a tak wiele dni. A\u017c pewnego zn\u00f3w&#8230;<\/p>\n<p class=\"western\" align=\"justify\">&#8211; Kim jeste\u015b? &#8211; zapyta\u0142a dziewczynka wyci\u0105gaj\u0105c swoje wiaderko z przer\u0119bla i spogl\u0105daj\u0105c na srebrzyst\u0105 kropelk\u0119 &#8211; jeste\u015b inna ni\u017c woda w rzece, i inna ni\u017c zamarzni\u0119te sople na obrze\u017cu przer\u0119bla. Kim jeste\u015b?<\/p>\n<p class=\"western\" align=\"justify\">&#8211; Nie jestem ani soplem ani kropl\u0105 rzecznej wody<\/p>\n<p class=\"western\" align=\"justify\">&#8211; Jeste\u015b kryszta\u0142kiem? Diamentem? Chod\u017a, zawiesz\u0119 ci\u0119 na szyi..<\/p>\n<p class=\"western\" align=\"justify\">&#8211; Nie nie podno\u015b mnie. Zmarz\u0142am okropnie i czuj\u0119 si\u0119 fatalnie.<\/p>\n<p class=\"western\" align=\"justify\">&#8211; Nie jeste\u015b ca\u0142kiem zamarzni\u0119ta jak sopel, jeste\u015b jak pi\u0119kny kryszta\u0142ek , troch\u0119 zamarzni\u0119ta a troch\u0119 wodnista. Pi\u0119kna.<\/p>\n<p class=\"western\" align=\"justify\">&#8211; Czuj\u0119 \u017ce mog\u0119 upa\u015b\u0107 i rozpa\u015b\u0107 si\u0119 na tysi\u0105c kawa\u0142k\u00f3w. Wrzu\u0107 mnie z powrotem prosz\u0119<\/p>\n<p class=\"western\" align=\"justify\">&#8211; Nie, nie chc\u0119! Nie oddam ci\u0119 rzece. Nikomu ci\u0119 nie oddam. Jeste\u015b moja \u2013 upiera\u0142a si\u0119 ma\u0142a dziewczynka<\/p>\n<p class=\"western\" align=\"justify\">&#8211; Je\u015bli mnie nie oddasz zgin\u0119, upadn\u0119 i pot\u0142uk\u0119 si\u0119. Albo rozpuszcz\u0119 si\u0119 na twoim ciele i nigdy ju\u017c nie dotr\u0119 do morza i nie dowiem si\u0119 kim jestem. Czy chcia\u0142aby\u015b tego?<\/p>\n<p class=\"western\" align=\"justify\">&#8211; Nie, chyba nie \u2013 ma\u0142a zamy\u015bli\u0142a si\u0119 \u2013 To musi by\u0107 bardzo przyjemne wyruszy\u0107 w podr\u00f3\u017c i odkry\u0107 kim si\u0119 jest naprawd\u0119. \u017begnaj i powodzenia. &#8211; opu\u015bci\u0142a smutno g\u0142ow\u0119 i zanurzy\u0142a z powrotem swoje wiaderko w przer\u0119blu. &#8211; A je\u015bli kiedy\u015b b\u0119dziesz t\u0119dy wraca\u0107 przyp\u0142y\u0144 i opowiedz mi wszystko czego si\u0119 dowiedzia\u0142a\u015b. &#8211; ostatnie s\u0142owa m\u00f3wi\u0142a bardzo szybko, ale kropelka ju\u017c znikn\u0119\u0142a w rzece i nie wiadomo czy je s\u0142ysza\u0142a&#8230;<\/p>\n<p class=\"western\" align=\"justify\">P\u0142yn\u0119\u0142a teraz wolniej, bli\u017cej dna, ale nurt wci\u0105\u017c pcha\u0142 j\u0105 tam gdzie chcia\u0142a, ku morzu. A\u017c pewnego dnia zn\u00f3w<\/p>\n<p class=\"western\" align=\"justify\">&#8211; Kim jeste\u015b? \u2013 zapyta\u0142 szczupak machaj\u0105c p\u0142etw\u0105 tu\u017c przed nosem ma\u0142ej srebrzystej kropelki, kt\u00f3ra pr\u00f3bowa\u0142a mu zwinnie uciec.<\/p>\n<p class=\"western\" align=\"justify\">&#8211; Opowiem ci je\u015bli obiecasz mi, \u017ce nie zrobisz mi krzywdy<\/p>\n<p class=\"western\" align=\"justify\">&#8211; Zgoda.<\/p>\n<p class=\"western\" align=\"justify\">&#8211; Jestem kropl\u0105 \u0142zy kr\u00f3lowej Wandy , kt\u00f3ra zap\u0142aka\u0142a na widok gin\u0105cego rycerza. A mo\u017ce i nad sob\u0105, bo w\u0142a\u015bciwie to nie wiem tego na pewno. A by\u0142o to tak &#8211; I zacz\u0119\u0142a opowiada\u0107 szczupakowi ca\u0142\u0105 histori\u0119<\/p>\n<p class=\"western\" align=\"justify\">&#8211; Ciekawe &#8211; Szczupak zamy\u015bli\u0142 si\u0119, przycupn\u0105\u0142 przy kamieniu i s\u0142ucha\u0142. A gdy kropelka sko\u0144czy\u0142a opowiada\u0107 zapyta\u0142 &#8211; Czy chcia\u0142aby\u015b dotrze\u0107 do morza szybciej i bezpieczniej? Znam rybe, kt\u00f3ra w\u0142a\u015bnie zmierza w kierunku morza. To m\u0142ody \u0142oso\u015b. On te\u017c chce pozna\u0107 morze i tam dorasta\u0107. Je\u015bli b\u0119dziesz chcia\u0142a, mo\u017ce ci\u0119 te\u017c kiedy\u015b zabra\u0107 w podr\u00f3\u017c powrotn\u0105 do twojej kr\u00f3lowej Wandy. Ale to podr\u00f3\u017c pe\u0142na niebezpiecze\u0144stw.<\/p>\n<p class=\"western\" align=\"justify\">&#8211; O dzi\u0119kuj\u0119, to wspania\u0142y pomys\u0142. &#8211; I nied\u0142ugo potem kropelka spokojnie w\u0119drowa\u0142a bezpiecznie uczepiona cia\u0142a ma\u0142ego weso\u0142ego \u0142ososia. Min\u0105\u0142 miesi\u0105c, dwa&#8230; A\u017c tu pewnego dnia&#8230; to by\u0142o to! S\u0142ono\u015b\u0107 morza. Jego koj\u0105cy szum. Kropelka poczu\u0142a si\u0119 inaczej, spokojniej. Poczu\u0142a, \u017ce jest W DOMU. Poczu\u0142a, \u017ce jest CZ\u0118\u015aCI\u0104 WIELKIEGO M\u0104DREGO I NIESKO\u0143CZONEGO.<\/p>\n<p class=\"western\" align=\"justify\">Siostra sko\u0144czy\u0142a opowiada\u0107 i dzieci siedzia\u0142y zamy\u015blone. Mo\u017ce my\u015bla\u0142y o tym jak przyjemnie by\u0142oby teraz znale\u017a\u0107 si\u0119 nad Ba\u0142tykiem. Chwil\u0119 p\u00f3\u017aniej ju\u017c ich nie by\u0142o na brzegu.<\/p>\n<p class=\"western\">","protected":false},"excerpt":{"rendered":"<p>S\u0142ona kropelka &#8211; Sp\u00f3jrz \u2013 zawo\u0142a\u0142 ch\u0142opiec \u2013 jak szeroko rozlana jest ta rzeka! &#8211; i pobieg\u0142 wzd\u0142u\u017c brzegu wyprzedzaj\u0105c [&hellip;]<\/p>","protected":false},"author":2,"featured_media":0,"parent":0,"menu_order":0,"comment_status":"closed","ping_status":"closed","template":"","meta":{"_bbp_topic_count":0,"_bbp_reply_count":0,"_bbp_total_topic_count":0,"_bbp_total_reply_count":0,"_bbp_voice_count":0,"_bbp_anonymous_reply_count":0,"_bbp_topic_count_hidden":0,"_bbp_reply_count_hidden":0,"_bbp_forum_subforum_count":0,"_uag_custom_page_level_css":"","footnotes":""},"class_list":["post-4984","page","type-page","status-publish","hentry"],"spectra_custom_meta":{"_edit_lock":["1729391784:2"],"_edit_last":["2"],"_wp_page_template":["default"],"_uag_page_assets":["a:9:{s:3:\"css\";s:0:\"\";s:2:\"js\";s:0:\"\";s:18:\"current_block_list\";a:0:{}s:8:\"uag_flag\";b:0;s:11:\"uag_version\";s:10:\"1775454065\";s:6:\"gfonts\";a:0:{}s:10:\"gfonts_url\";s:0:\"\";s:12:\"gfonts_files\";a:0:{}s:14:\"uag_faq_layout\";b:0;}"]},"uagb_featured_image_src":{"full":false,"thumbnail":false,"medium":false,"medium_large":false,"large":false,"1536x1536":false,"2048x2048":false,"trp-custom-language-flag":false,"illdy-blog-list":false,"illdy-widget-recent-posts":false,"illdy-blog-post-related-articles":false,"illdy-front-page-latest-news":false,"illdy-front-page-testimonials":false,"illdy-front-page-projects":false,"illdy-front-page-person":false},"uagb_author_info":{"display_name":"Joanna Choluj","author_link":"http:\/\/joannacholuj.pl\/en\/blog\/author\/joannacholuj\/"},"uagb_comment_info":0,"uagb_excerpt":"S\u0142ona kropelka &#8211; Sp\u00f3jrz \u2013 zawo\u0142a\u0142 ch\u0142opiec \u2013 jak szeroko rozlana jest ta rzeka! &#8211; i pobieg\u0142 wzd\u0142u\u017c brzegu wyprzedzaj\u0105c [&hellip;]","_links":{"self":[{"href":"http:\/\/joannacholuj.pl\/en\/wp-json\/wp\/v2\/pages\/4984"}],"collection":[{"href":"http:\/\/joannacholuj.pl\/en\/wp-json\/wp\/v2\/pages"}],"about":[{"href":"http:\/\/joannacholuj.pl\/en\/wp-json\/wp\/v2\/types\/page"}],"author":[{"embeddable":true,"href":"http:\/\/joannacholuj.pl\/en\/wp-json\/wp\/v2\/users\/2"}],"replies":[{"embeddable":true,"href":"http:\/\/joannacholuj.pl\/en\/wp-json\/wp\/v2\/comments?post=4984"}],"version-history":[{"count":1,"href":"http:\/\/joannacholuj.pl\/en\/wp-json\/wp\/v2\/pages\/4984\/revisions"}],"predecessor-version":[{"id":4985,"href":"http:\/\/joannacholuj.pl\/en\/wp-json\/wp\/v2\/pages\/4984\/revisions\/4985"}],"wp:attachment":[{"href":"http:\/\/joannacholuj.pl\/en\/wp-json\/wp\/v2\/media?parent=4984"}],"curies":[{"name":"wp","href":"https:\/\/api.w.org\/{rel}","templated":true}]}}