{"id":4981,"date":"2020-08-24T21:00:39","date_gmt":"2020-08-24T19:00:39","guid":{"rendered":"http:\/\/joannacholuj.pl\/?page_id=4981"},"modified":"2020-08-24T21:00:39","modified_gmt":"2020-08-24T19:00:39","slug":"dwunastu-wiersz","status":"publish","type":"page","link":"http:\/\/joannacholuj.pl\/en\/dwunastu-wiersz\/","title":{"rendered":"Dwunastu &#8211; wiersz"},"content":{"rendered":"<p>Le\u015bmian<\/p>\n<p>i moja inspiracja<\/p>\n<p>&nbsp;<\/p>\n<p>&nbsp;<\/p>\n<p lang=\"zxx\"><span style=\"font-size: small;\">Dwunastu braci, wierz\u0105c w sny, zbada\u0142o mur od marze\u0144 strony,<br \/>\nA poza murem p\u0142aka\u0142 g\u0142os, dziewcz\u0119cy g\u0142os zaprzepaszczony.<\/p>\n<p>I pokochali g\u0142osu d\u017awi\u0119k i ch\u0119tny domys\u0142 o Dziewczynie,<br \/>\nI zgadywali kszta\u0142ty ust po tym, jak \u015bpiew od \u017calu ginie&#8230;<\/p>\n<p>M\u00f3wili o niej: \u201e\u0141ka, wi\u0119c jest!\u201d \u2014 I nic innego nie m\u00f3wili,<br \/>\nI prze\u017cegnali ca\u0142y \u015bwiat, \u2014 i \u015bwiat zaduma\u0142 si\u0119 w tej chwili&#8230;<\/p>\n<p>Porwali m\u0142oty w tward\u0105 d\u0142o\u0144 i j\u0119li w mury t\u0142uc z \u0142oskotem!<br \/>\nI nie wiedzia\u0142a \u015blepa noc, kto jest cz\u0142owiekiem, a kto m\u0142otem?<\/p>\n<p>\u201eO, pr\u0119dzej skruszmy zimny g\u0142az, nim \u015bmier\u0107 Dziewczyn\u0119 rdz\u0105 powlecze!\u201d \u2014<br \/>\nTak, wal\u0105c w mur, dwunasty brat do jedenastu innych rzecze.<\/p>\n<p>Ale daremny by\u0142 ich trud, daremny ramion sprz\u0119g i usi\u0142!<br \/>\nOddali cia\u0142a swe na strwon owemu snowi, co ich kusi\u0142!<\/p>\n<p>\u0141ami\u0105 si\u0119 piersi, trzeszczy ko\u015b\u0107, pr\u00f3chniej\u0105 d\u0142onie, twarze bledn\u0105&#8230;<br \/>\nI wszyscy w jednym zmarli dniu i noc wieczyst\u0105 mieli jedn\u0105!<\/p>\n<p>Lecz cienie zmar\u0142ych \u2014 Bo\u017ce m\u00f3j! \u2014 nie wypu\u015bci\u0142y m\u0142ot\u00f3w z d\u0142oni!<br \/>\nI tylko inny p\u0142ynie czas \u2014 i tylko m\u0142ot inaczej dzwoni&#8230;<\/span><\/p>\n<p lang=\"zxx\">\n<p lang=\"zxx\"><span style=\"font-size: small;\">I dzwoni wprz\u00f3d! I dzwoni wspak! I wzwy\u017c za ka\u017cdym grzmi nawrotem!<br \/>\nI nie wiedzia\u0142a \u015blepa noc, kto tu jest cieniem, a kto m\u0142otem?<\/p>\n<p>\u201eO, pr\u0119dzej skruszmy zimny g\u0142az, nim \u015bmier\u0107 Dziewczyn\u0119 rdz\u0105 powlecze!\u201d \u2014<br \/>\nTak, wal\u0105c w mur, dwunasty cie\u0144 do jedenastu innych rzecze.<\/p>\n<p>Lecz cieniom zbrak\u0142o nagle si\u0142, a cie\u0144 si\u0119 mrokom nie opiera!<br \/>\nI powymar\u0142y jeszcze raz, bo nigdy do\u015b\u0107 si\u0119 nie umiera&#8230;<\/p>\n<p>I nigdy do\u015b\u0107, i nigdy tak, jak tego pragnie \u00f3w, co kona!&#8230;<br \/>\nI znik\u0142a tre\u015b\u0107 \u2014 i zgin\u0105\u0142 \u015blad \u2014 i powie\u015b\u0107 o nich ju\u017c sko\u0144czona!<\/p>\n<p>Lecz dzielne m\u0142oty \u2014 Bo\u017ce m\u00f3j! \u2014 md\u0142ej nie podda\u0142y si\u0119 \u017ca\u0142obie!<br \/>\nI same przez si\u0119 bi\u0142y w mur, hucza\u0142y \u015bpi\u017cem same w sobie!<\/p>\n<p>Hucza\u0142y w mrok, hucza\u0142y w blask i ocieka\u0142y ludzkim potem!<br \/>\nI nie wiedzia\u0142a \u015blepa noc, czem bywa m\u0142ot, gdy nie jest m\u0142otem?<\/p>\n<p>\u201eO, pr\u0119dzej skruszmy zimny g\u0142az, nim \u015bmier\u0107 Dziewczyn\u0119 rdz\u0105 powlecze!\u201d \u2014<br \/>\nTak, wal\u0105c w mur, dwunasty m\u0142ot do jedenastu innych rzecze.<\/p>\n<p>I run\u0105\u0142 mur, tysi\u0105cem ech wstrz\u0105saj\u0105c wzg\u00f3rza i doliny!<br \/>\nLecz poza murem \u2014 nic i nic! Ni \u017cywej duszy, ni Dziewczyny!<\/p>\n<p>Niczyich oczu, ani ust! I niczyjego w kwiatach losu!<br \/>\nBo to by\u0142 g\u0142os i tylko \u2014 g\u0142os, i nic nie by\u0142o, opr\u00f3cz g\u0142osu!<\/p>\n<p>Nic \u2014 tylko p\u0142acz i \u017cal i mrok i niewiadomo\u015b\u0107 i zatrata!<br \/>\nTaki\u017c to \u015bwiat! Niedobry \u015bwiat! Czemu\u017c innego niema \u015bwiata?<\/span><\/p>\n<p lang=\"zxx\">\n<p lang=\"zxx\"><a name=\"cite_ref-1\"><\/a><span style=\"font-size: small;\">Wobec k\u0142amliwych jawnie sn\u00f3w, wobec zmarnia\u0142ych w nico\u015b\u0107 cudow<a href=\"https:\/\/pl.wikisource.org\/wiki\/Dziewczyna_%28Le%C5%9Bmian%29#cite_note-1\">[1]<\/a>,<br \/>\nPot\u0119\u017cne m\u0142oty leg\u0142y w rz\u0105d na znak spe\u0142nionych godnie trud\u00f3w.<\/p>\n<p>I by\u0142a zgroza nag\u0142ych cisz! I by\u0142a pr\u00f3\u017cnia w ca\u0142em niebie!<br \/>\nA ty z tej pr\u00f3\u017cni czemu drwisz, kiedy ta pr\u00f3\u017cnia nie drwi z ciebie?<\/span><\/p>\n<p lang=\"zxx\">Dziewczyna (i ch\u0142opak)<\/p>\n<p lang=\"zxx\"><span style=\"font-size: small;\">inspirowane wierszem Le\u015bmiana i ba\u015bni\u0105 braci Grimm<\/span><\/p>\n<p lang=\"zxx\">\n<p lang=\"zxx\"><span style=\"font-size: small;\">Dwunastu braci -kruk\u00f3w mknie, a dusza w liliach ich pocz\u0119ta<\/span><span style=\"font-size: small;\">*<\/span><\/p>\n<p lang=\"zxx\"><span style=\"font-size: small;\">L<\/span><span style=\"font-size: small;\">ilii dwana\u015bcie, siedem lat <\/span><span style=\"font-size: small;\">&#8211;<\/span><span style=\"font-size: small;\"> numerologia w ba\u015b\u0144 zakl\u0119ta<\/span><\/p>\n<p lang=\"zxx\"><i><span style=\"font-size: small;\">.<\/span><span style=\"font-size: small;\">r\u00f3lewskie dziewcz\u0119, prawd\u0119 znasz? Wiesz jak przywo\u0142a\u0107 ch\u0142opc\u00f3w g\u0142osy?<\/span><\/i><\/p>\n<p lang=\"zxx\">\n<p lang=\"zxx\"><span style=\"font-size: small;\">Dwana\u015bcie miesi\u0119cy wita\u0142o si\u0119 z ziemi\u0105 <\/span><span style=\"font-size: small;\">a\u017c <\/span><span style=\"font-size: small;\">razy siedem,<\/span><\/p>\n<p lang=\"zxx\"><span style=\"font-size: small;\">ka\u017cdy anio\u0142a swego czci\u0142, anio\u0142\u00f3w armia jak m\u0105\u017c jeden**<\/span><\/p>\n<p lang=\"zxx\"><i><span style=\"font-size: small;\">D<\/span><span style=\"font-size: small;\">ziewczyna prawd\u0119 zna, bo jest istot\u0105 praw kosmosu<\/span><\/i><\/p>\n<p lang=\"zxx\">\n<p lang=\"zxx\"><span style=\"font-size: small;\">Anio\u0142y pom\u00f3c spiesz\u0105, <\/span><span style=\"font-size: small;\">furkoc\u0105 pi\u00f3ra <\/span><span style=\"font-size: small;\">bia\u0142ej<\/span><span style=\"font-size: small;\"> husarii<\/span><\/p>\n<p lang=\"zxx\"><span style=\"font-size: small;\">Gdzie <\/span><span style=\"font-size: small;\">drzewo <\/span><span style=\"font-size: small;\">jest, dziewczyna <\/span><span style=\"font-size: small;\">gdzie?<\/span> <span style=\"font-size: small;\">G<\/span><span style=\"font-size: small;\">dzie szarfa jej wi\u0105zana w talii?<\/span><\/p>\n<p lang=\"zxx\"><span style=\"font-size: small;\"><i>Czy prawd\u0119 niesie gminna wie\u015b\u0107, \u017ce dziewcz\u0119 \u0142ad stworzy z chaosu?<\/i><\/span><\/p>\n<p lang=\"zxx\">\n<p lang=\"zxx\"><span style=\"font-size: small;\">St\u00f3\u0142 i d<\/span><span style=\"font-size: small;\">wana\u015bcie potraw, <\/span><span style=\"font-size: small;\">a ksi\u0105\u017c\u0119<\/span><span style=\"font-size: small;\"> ca\u0142uje panny d\u0142onie<\/span><span style=\"font-size: small;\">***<\/span><\/p>\n<p lang=\"zxx\"><span style=\"font-size: small;\">Kl\u0119ka, przysi\u0119ga, b\u0142aga lecz &#8211; dziewicy stopy li\u017ce p\u0142omie\u0144<\/span><\/p>\n<p lang=\"zxx\"><i><span style=\"font-size: small;\">Niepokalana, czysta jest<\/span><span style=\"font-size: small;\">;<\/span><span style=\"font-size: small;\"> ogie\u0144 te\u017c kocha jasne w\u0142osy <\/span><\/i><\/p>\n<p lang=\"zxx\">\n<p lang=\"zxx\"><span style=\"font-size: small;\">U panny st\u00f3p d<\/span><span style=\"font-size: small;\">wana\u015bcie gwiazd, dwana\u015bcie iskier wok\u00f3\u0142 g\u0142owy****<\/span><\/p>\n<p lang=\"zxx\"><span style=\"font-size: small;\">D<\/span><span style=\"font-size: small;\">wunastu braci iskry <\/span><span style=\"font-size: small;\">skrz\u0105<\/span><span style=\"font-size: small;\">, mieczem ratuj\u0105c bia\u0142og\u0142ow\u0119<\/span><\/p>\n<p lang=\"zxx\"><i><span style=\"font-size: small;\">Ona<\/span><span style=\"font-size: small;\"> usta otwiera, by siedem milczenia lat rozproszy\u0107<\/span><\/i><\/p>\n<p lang=\"zxx\">\n<p lang=\"zxx\"><span style=\"font-size: small;\">Dwana\u015bcie plemion izraelskich z braci <\/span><span style=\"font-size: small;\">nastu <\/span><span style=\"font-size: small;\">jej zrodzonych<\/span><\/p>\n<p lang=\"zxx\"><span style=\"font-size: small;\">D<\/span><span style=\"font-size: small;\">wana\u015bcie lat mine\u0142o bowiem- anio\u0142y wiod\u0142y w r\u00f3\u017cne strony.<\/span><\/p>\n<p lang=\"zxx\"><i><span style=\"font-size: small;\">Kobiet\u0119 anio\u0142 prawdy <\/span><span style=\"font-size: small;\">wi\u00f3d\u0142<\/span><span style=\"font-size: small;\">, bo prawdy w \u015bwiecie nigdy dosy\u0107<\/span><\/i><\/p>\n<p lang=\"zxx\">\n<p lang=\"zxx\"><span style=\"font-size: small;\">Dwana\u015bcie planet &#8211; a ka\u017cda wie, kto kr\u00f3lem jej, kto dobrodziejem, <\/span><\/p>\n<p lang=\"zxx\"><span style=\"font-size: small;\">D<\/span><span style=\"font-size: small;\">wunastu braci w <\/span><span style=\"font-size: small;\">orbit ko\u0142ach<\/span><span style=\"font-size: small;\">,<\/span><span style=\"font-size: small;\">jak<\/span><span style=\"font-size: small;\"> r\u00f3\u017cne <\/span><span style=\"font-size: small;\">by\u0142y <\/span><span style=\"font-size: small;\">ich dzieje<\/span><\/p>\n<p lang=\"zxx\"><i><span style=\"font-size: small;\">W sercu <\/span><span style=\"font-size: small;\">uk\u0142adu<\/span><span style=\"font-size: small;\"> siostra <\/span><span style=\"font-size: small;\">trwa<\/span><span style=\"font-size: small;\">, ale nie zmieni planet losu *****<\/span><\/i><\/p>\n<p lang=\"zxx\">\n<p lang=\"zxx\"><span style=\"font-size: small;\">Dwana\u015bcie znak\u00f3w zodiaku co rok pozdrawia centrum \u015bwiata<\/span><\/p>\n<p lang=\"zxx\"><span style=\"font-size: small;\">.<\/span><span style=\"font-size: small;\">rzy\u017c zawsze znaczy \u015bwiata strony, gdy siostra spotyka brata ******<\/span><\/p>\n<p lang=\"zxx\"><i><span style=\"font-size: small;\">S\u0142o\u0144ce <\/span><span style=\"font-size: small;\">to b\u00f3g<\/span><span style=\"font-size: small;\">, ale bogini <\/span><span style=\"font-size: small;\">rodzi<\/span><span style=\"font-size: small;\"> \u015bwiat\u0142o &#8211; kres chaosu!<\/span><\/i><\/p>\n<p lang=\"zxx\">\n<p lang=\"zxx\"><span style=\"font-size: small;\">Dwana\u015bcie godzin zegar tka, jak co dzie\u0144, jak co noc, prawdziwie<\/span><\/p>\n<p lang=\"zxx\"><span style=\"font-size: small;\">W d<\/span><span style=\"font-size: small;\">zie\u0144 s\u0142o\u0144ce ,<\/span><span style=\"font-size: small;\">ksi\u0119\u017cyc w <\/span><span style=\"font-size: small;\">noc, sine qua non, jak strza\u0142a i ci\u0119ciwa<\/span><\/p>\n<p lang=\"zxx\"><span style=\"font-size: small;\">M\u0119sko\u015b\u0107 <\/span><span style=\"font-size: small;\">&#8211; <\/span><span style=\"font-size: small;\">kobieco\u015b\u0107, ying i yang, <\/span><span style=\"font-size: small;\">pe\u0142nia &#8211; <\/span><span style=\"font-size: small;\">stot\u0105 praw kosmosu.<\/span><\/p>\n<p lang=\"zxx\">\n<p lang=\"zxx\">\n<p lang=\"zxx\">\n<p lang=\"zxx\"><span style=\"font-size: small;\">*patrz Ba\u015b\u0144 Grimm\u00f3w \u2013 Dwunastu braci<\/span><\/p>\n<p lang=\"zxx\"><span style=\"font-size: small;\">**patrz astrologia \u2013 miesi\u0105ce i odpowiadaj\u0105ce im anio\u0142y<\/span><\/p>\n<p lang=\"zxx\"><span style=\"font-size: small;\">***aluzja &#8211; dwana\u015bcie potraw wigilijnych<\/span><\/p>\n<p lang=\"zxx\"><span style=\"font-size: small;\">****patrz \u2013 teologia, kult Maryjny<\/span><\/p>\n<p lang=\"zxx\"><span style=\"font-size: small;\">*****12ta planeta \u2013 teoria Zacharii Sitchina, ksi\u0105\u017cka o tym samym tytule<\/span><\/p>\n<p lang=\"zxx\"><span style=\"font-size: small;\">******patrz \u2013 krzy\u017c i nawi\u0105zanie do stron \u015bwiata oraz dni r\u00f3wnonocy i przesile\u0144 = astroteologia<\/span><\/p>\n<p lang=\"zxx\">\n<p lang=\"zxx\">\n<p lang=\"zxx\">\n<p lang=\"zxx\">\n<p lang=\"zxx\">\n<p lang=\"zxx\">","protected":false},"excerpt":{"rendered":"<p>Le\u015bmian i moja inspiracja &nbsp; &nbsp; Dwunastu braci, wierz\u0105c w sny, zbada\u0142o mur od marze\u0144 strony, A poza murem p\u0142aka\u0142 [&hellip;]<\/p>","protected":false},"author":2,"featured_media":0,"parent":0,"menu_order":0,"comment_status":"closed","ping_status":"closed","template":"","meta":{"_bbp_topic_count":0,"_bbp_reply_count":0,"_bbp_total_topic_count":0,"_bbp_total_reply_count":0,"_bbp_voice_count":0,"_bbp_anonymous_reply_count":0,"_bbp_topic_count_hidden":0,"_bbp_reply_count_hidden":0,"_bbp_forum_subforum_count":0,"_uag_custom_page_level_css":"","footnotes":""},"class_list":["post-4981","page","type-page","status-publish","hentry"],"spectra_custom_meta":{"_edit_lock":["1729392523:2"],"_edit_last":["2"],"_wp_page_template":["default"],"_uag_page_assets":["a:9:{s:3:\"css\";s:0:\"\";s:2:\"js\";s:0:\"\";s:18:\"current_block_list\";a:0:{}s:8:\"uag_flag\";b:0;s:11:\"uag_version\";s:10:\"1775454065\";s:6:\"gfonts\";a:0:{}s:10:\"gfonts_url\";s:0:\"\";s:12:\"gfonts_files\";a:0:{}s:14:\"uag_faq_layout\";b:0;}"]},"uagb_featured_image_src":{"full":false,"thumbnail":false,"medium":false,"medium_large":false,"large":false,"1536x1536":false,"2048x2048":false,"trp-custom-language-flag":false,"illdy-blog-list":false,"illdy-widget-recent-posts":false,"illdy-blog-post-related-articles":false,"illdy-front-page-latest-news":false,"illdy-front-page-testimonials":false,"illdy-front-page-projects":false,"illdy-front-page-person":false},"uagb_author_info":{"display_name":"Joanna Choluj","author_link":"http:\/\/joannacholuj.pl\/en\/blog\/author\/joannacholuj\/"},"uagb_comment_info":0,"uagb_excerpt":"Le\u015bmian i moja inspiracja &nbsp; &nbsp; Dwunastu braci, wierz\u0105c w sny, zbada\u0142o mur od marze\u0144 strony, A poza murem p\u0142aka\u0142 [&hellip;]","_links":{"self":[{"href":"http:\/\/joannacholuj.pl\/en\/wp-json\/wp\/v2\/pages\/4981"}],"collection":[{"href":"http:\/\/joannacholuj.pl\/en\/wp-json\/wp\/v2\/pages"}],"about":[{"href":"http:\/\/joannacholuj.pl\/en\/wp-json\/wp\/v2\/types\/page"}],"author":[{"embeddable":true,"href":"http:\/\/joannacholuj.pl\/en\/wp-json\/wp\/v2\/users\/2"}],"replies":[{"embeddable":true,"href":"http:\/\/joannacholuj.pl\/en\/wp-json\/wp\/v2\/comments?post=4981"}],"version-history":[{"count":1,"href":"http:\/\/joannacholuj.pl\/en\/wp-json\/wp\/v2\/pages\/4981\/revisions"}],"predecessor-version":[{"id":4982,"href":"http:\/\/joannacholuj.pl\/en\/wp-json\/wp\/v2\/pages\/4981\/revisions\/4982"}],"wp:attachment":[{"href":"http:\/\/joannacholuj.pl\/en\/wp-json\/wp\/v2\/media?parent=4981"}],"curies":[{"name":"wp","href":"https:\/\/api.w.org\/{rel}","templated":true}]}}