{"id":4942,"date":"2020-08-24T19:45:38","date_gmt":"2020-08-24T17:45:38","guid":{"rendered":"http:\/\/joannacholuj.pl\/?page_id=4942"},"modified":"2020-08-24T19:49:29","modified_gmt":"2020-08-24T17:49:29","slug":"opowiadanie-pociagowe-2","status":"publish","type":"page","link":"http:\/\/joannacholuj.pl\/en\/opowiadanie-pociagowe-2\/","title":{"rendered":"Opowiadanie &#8222;poci\u0105gowe&#8221; 2"},"content":{"rendered":"<pre><span style=\"color: #999900;\"><span style=\"font-size: medium;\">Dziewojka<\/span><\/span>\r\n\r\n\r\n<\/pre>\n<blockquote><p><span style=\"font-size: small;\">Warszawa Zachodnia. Otwarty dworzec. Dworzec w plenerze. Rozrzucone jak k\u0119pki trawy grupki ludzi rozmawiaj\u0105, gwarz\u0105&#8230; Wsp\u00f3lnie spogl\u0105daj\u0105 ze zm\u0119czeniem w kierunku maj\u0105cego nadjecha\u0107 poci\u0105gu. Stoj\u0119 i ja. Samotna trawka. Rozgl\u0105dam si\u0119, czy nie odnajd\u0119 gdzie znajomej twarzy, sylwetki, ubrania, szczeg\u00f3\u0142u. Nie, nikogo. Niezno\u015bne czekanie. Zn\u00f3w lekkie op\u00f3\u017anienie poci\u0105gu. Standard&#8230;\u00a0<\/span> <span style=\"font-size: -small;\">\u00a0Jest. Pilawa. Kilka krok\u00f3w ku przodowi wagonu.<\/span> <span style=\"font-size: -small;\">-Och, nie zauwa\u017cy\u0142am ci\u0119! &#8211; zawo\u0142a\u0142am zdziwiona &#8211; I w \u017cyciu bym ci\u0119 nie pozna\u0142a! Ten kolor w\u0142os\u00f3w&#8230;<\/span> <span style=\"font-size: -small;\">-Nie podoba ci si\u0119?<\/span> <span style=\"font-size: -small;\">-Och, nie! \u015awietnie ci w nim. \u017be te\u017c ja nigdy nie mam ochoty, ni czasu, \u017ceby takie eksperymenty robi\u0107 na w\u0142asnej koafiurze&#8230; &#8211; Wsiad\u0142y\u015bmy obie do wagonu, w po\u015bpiechu poszukuj\u0105c wygodnego miejsca, ukrytego przed natr\u0119ctwem s\u0142o\u0144ca. Gadu gadu, od s\u0142owa do s\u0142owa, nie widzia\u0142y\u015bmy si\u0119 d\u0142ugo, a temat\u00f3w mn\u00f3stwo&#8230; zauwa\u017cy\u0142am jednak w pewnym momencie ciekaw\u0105 posta\u0107 dziewcz\u0119c\u0105. Dziewojka&#8230; Taka sobie dziewojka. Siedzia\u0142a naprzeciwko mnie. Od dawna? Kiedy usiad\u0142a? Nie wiedzia\u0142am. Oh, co z twoj\u0105 uwa\u017cno\u015bci\u0105, moja droga! &#8211; zgani\u0142am sam\u0105 siebie. Hmm, kobiece paplanie przynosi czasem rozkosz tak wysokiej miary, \u017ce zmys\u0142 obserwacji zanika lub obni\u017ca znacznie swoj\u0105 czujno\u015b\u0107.\u00a0<\/span> <span style=\"font-size: -small;\">\u00a0Dziewojka&#8230; Dziewojka siedzia\u0142a w postawie p\u00f3\u0142schylonej, pogr\u0105\u017cona w jakowej\u015b lekturze. Dlaczego dziewojka? Dla czego? Dla jakiej jej (dziewojkowatej) cechy&#8230; C\u00f3\u017c, moje s\u0142owotw\u00f3rcze skojarzenie wyp\u0142yn\u0119\u0142o zapewne pod wp\u0142ywem (wyp\u0142yw, wp\u0142yw&#8230; jako\u015b mokro si\u0119 tu robi ) jej wygl\u0105du. By\u0142a niew\u0105tpliwie wysoka&#8230; d\u0142ugie nogi, obute w sanda\u0142y bez rajstop oczywi\u015bcie, g\u0142adkie, a\u017c korci\u0142o dotkn\u0105\u0107 i pog\u0142aska\u0107 (Czy takie pragnienie jest naturalne u kobiety &#8211; ja ni\u0105 jestem chyba&#8230; &#8211; hmm, o tym w innej bajce). Te d\u0142uuugie nogi \u015bledz\u0105cego je od st\u00f3p ku g\u00f3rze w\u015bcibskiego obserwatora rozczarowywa\u0142y w pewnym momencie prostym brzegiem sp\u00f3dniczki wp\u00f3\u0142 uda i ani milimetra wy\u017cej. Aczkolwiek dla pocieszenia otwiera\u0142 si\u0119 malutki z boku uda rozporek. Sp\u00f3dniczka koloru nijakiego, do tego stopnia, \u017ce za skarby \u015bwiata nie przypomn\u0119 sobie tego szczeg\u00f3\u0142u. Br\u0105z, czer\u0144, be\u017c? Nie wiem.\u00a0<\/span> <span style=\"font-size: -small;\">\u00a0Posta\u0107 ca\u0142a dziewojki schowana by\u0142a w przepastnym do granic mo\u017cliwo\u015bci, rozci\u0105gni\u0119tym, czarnym, r\u0119cznie zapewne robionym (bo \u017caden zakupiony produkt we\u0142niany takich mo\u017cliwo\u015bci rozci\u0105gania nie posiada), swetrze. To wielgachne swetrzysko nie by\u0142o jedyn\u0105 warstw\u0105 okrywaj\u0105c\u0105 pon\u0119tne zapewne cia\u0142o dziewojki. D\u0142ugie, za-d\u0142ugie by\u0142y ramiona czarnego we\u0142nianego wdzianka i jego szeroko\u015b\u0107 nadmierna, tak \u017ce dwie dziewojki bli\u017aniaczki ze swobod\u0105 zmie\u015bci\u0142yby si\u0119 w nim&#8230;, i d\u0142ugo\u015b\u0107 nie ta, a dekolt ogromny, tak, \u017ce jedno nagie rami\u0119 ods\u0142oni\u0119te by\u0142o bez \u017cenady, a seksownie. Ten dekolt pozwala\u0142 wyziera\u0107 spod spodu czarnej, zabawnej koszulce bez r\u0119kaw\u00f3w. Czemu zacz\u0119\u0142am opis od st\u00f3p dziewojki, podczas gdy czekacie zapewne na wizerunek jej twarzy? Och, bagatelka! To manewr pisarski&#8230; celem wzrostu napi\u0119cia i doprowadzenia czytelnika do stanu nieopisanej ciekawo\u015bci i\u00a0 niecierpliwo\u015bci itp itd etc &#8230; Pomi\u0144my wi\u0119c szybko szczeg\u00f3\u0142y cia\u0142a niewidoczne, niezale\u017cnie od tego, jak bardzo by\u0142yby ciekawe&#8230; C\u00f3\u017c to ja m\u00f3wi\u0142am? Ach, tak&#8230; ramiona, rami\u0119 jedno ods\u0142oni\u0119te, seksowne, asymetryczne zsuni\u0119cie swetra, koszulka, szyjka i twarz. No w\u0142a\u015bnie&#8230; Od kiedy to kobiety przesta\u0142y nosi\u0107 kapelusze? Od kiedy to odkrycie g\u0142owy przez kobiet\u0119 pozbawione zosta\u0142o wymiaru moralnego, etycznego, estetycznego&#8230;?? Bia\u0142og\u0142owa nie jest ju\u017c ni\u0105, bo chusty bia\u0142ej nie wdziewa. Aczkolwiek zdarzaj\u0105 si\u0119 jeszcze (gatunek wymieraj\u0105cy) paniusie, gustuj\u0105ce w kapelusikach i te, kt\u00f3re odwa\u017c\u0105 si\u0119 za\u0142o\u017cy\u0107 chust\u0119 w ch\u0142odne, jesienne dni, bez obawy us\u0142yszenia komentarzy na temat ich rustykalnej genealogii, czy antychrze\u015bcija\u0144skich, religijnych przekona\u0144. I zdarzaj\u0105 si\u0119 takie, jak ta oto dziewojka, kt\u00f3ra siedzia\u0142a w\u00f3wczas na wprost mnie w poci\u0105gu, nie\u015bwiadoma, \u017ce staje si\u0119 \u0142upem dla mojej ciekawo\u015bci i wyobra\u017ani. Jej g\u0142ow\u0119, zgrabn\u0105 g\u0142ow\u0119, okrywa\u0142a \u015bmieszna, z d\u0142ugim daszkiem, czarna, ch\u0142opi\u0119ca czapeczka. To ta czapka tworzy\u0142a szczeg\u00f3lny styl dziewojki&#8230; wyluzowany i sexi zarazem. By\u0142am, nie zaskoczona oczywi\u015bcie, lecz&#8230;\u00a0 uj\u0119ta i rozbawiona odwa\u017cnym ods\u0142oni\u0119ciem, wyeksponowaniem dla \u015bwiata d\u0142ugich, zgrabnych n\u00f3g z jednoczesnym zakryciem twarzy. Tak, bo czapeczka o bardzo d\u0142ugim daszku t\u0119 twarz, o delikatnych rysach, niemal przys\u0142ania\u0142a. Dla nieodgadnionej przyczyny&#8230;\u00a0<\/span> <span style=\"font-size: -small;\">\u00a0Nie mog\u0142y chroni\u0107 jej kr\u00f3tko przystrzy\u017cone w\u0142osy. Chroni\u0142a j\u0105 przed wzrokiem ludzkim czapka z daszkiem.\u00a0<\/span><span style=\"font-size: small;\">Zastanowi\u0142a mnie perwersja tej m\u0142odej dziewczyny, \u015bwiadome? nie\u015bwiadome? po\u0142\u0105czenie wyzywaj\u0105cego, \u015bmia\u0142ego ods\u0142oni\u0119cia cia\u0142a z jednoczesnym skrywaniem oczu &#8211; jak to m\u00f3wi\u0105 , zwierciade\u0142 duszy i osobowo\u015bci zarazem&#8230; Jej niedba\u0142o\u015b\u0107 i kokieteria. Intelektualizm (ksi\u0105\u017cka, o kt\u00f3rej, najwidoczniej zainteresowana, nie odrywa\u0142a oczu!) i, w jakim\u015b sensie, prostota, by nie rzec prostactwo&#8230; ot i dziewojka, nie jedyna chyba w\u015br\u00f3d dzisiejszych nastolatek.\u00a0<\/span><\/p><\/blockquote>","protected":false},"excerpt":{"rendered":"<p>Dziewojka Warszawa Zachodnia. Otwarty dworzec. Dworzec w plenerze. Rozrzucone jak k\u0119pki trawy grupki ludzi rozmawiaj\u0105, gwarz\u0105&#8230; Wsp\u00f3lnie spogl\u0105daj\u0105 ze zm\u0119czeniem [&hellip;]<\/p>","protected":false},"author":2,"featured_media":0,"parent":0,"menu_order":0,"comment_status":"closed","ping_status":"closed","template":"","meta":{"_bbp_topic_count":0,"_bbp_reply_count":0,"_bbp_total_topic_count":0,"_bbp_total_reply_count":0,"_bbp_voice_count":0,"_bbp_anonymous_reply_count":0,"_bbp_topic_count_hidden":0,"_bbp_reply_count_hidden":0,"_bbp_forum_subforum_count":0,"_uag_custom_page_level_css":"","footnotes":""},"class_list":["post-4942","page","type-page","status-publish","hentry"],"spectra_custom_meta":{"_edit_lock":["1729391590:2"],"_edit_last":["2"],"_wp_page_template":["default"],"_uag_page_assets":["a:9:{s:3:\"css\";s:0:\"\";s:2:\"js\";s:0:\"\";s:18:\"current_block_list\";a:0:{}s:8:\"uag_flag\";b:0;s:11:\"uag_version\";s:10:\"1775454065\";s:6:\"gfonts\";a:0:{}s:10:\"gfonts_url\";s:0:\"\";s:12:\"gfonts_files\";a:0:{}s:14:\"uag_faq_layout\";b:0;}"]},"uagb_featured_image_src":{"full":false,"thumbnail":false,"medium":false,"medium_large":false,"large":false,"1536x1536":false,"2048x2048":false,"trp-custom-language-flag":false,"illdy-blog-list":false,"illdy-widget-recent-posts":false,"illdy-blog-post-related-articles":false,"illdy-front-page-latest-news":false,"illdy-front-page-testimonials":false,"illdy-front-page-projects":false,"illdy-front-page-person":false},"uagb_author_info":{"display_name":"Joanna Choluj","author_link":"http:\/\/joannacholuj.pl\/en\/blog\/author\/joannacholuj\/"},"uagb_comment_info":0,"uagb_excerpt":"Dziewojka Warszawa Zachodnia. Otwarty dworzec. Dworzec w plenerze. Rozrzucone jak k\u0119pki trawy grupki ludzi rozmawiaj\u0105, gwarz\u0105&#8230; Wsp\u00f3lnie spogl\u0105daj\u0105 ze zm\u0119czeniem [&hellip;]","_links":{"self":[{"href":"http:\/\/joannacholuj.pl\/en\/wp-json\/wp\/v2\/pages\/4942"}],"collection":[{"href":"http:\/\/joannacholuj.pl\/en\/wp-json\/wp\/v2\/pages"}],"about":[{"href":"http:\/\/joannacholuj.pl\/en\/wp-json\/wp\/v2\/types\/page"}],"author":[{"embeddable":true,"href":"http:\/\/joannacholuj.pl\/en\/wp-json\/wp\/v2\/users\/2"}],"replies":[{"embeddable":true,"href":"http:\/\/joannacholuj.pl\/en\/wp-json\/wp\/v2\/comments?post=4942"}],"version-history":[{"count":4,"href":"http:\/\/joannacholuj.pl\/en\/wp-json\/wp\/v2\/pages\/4942\/revisions"}],"predecessor-version":[{"id":4948,"href":"http:\/\/joannacholuj.pl\/en\/wp-json\/wp\/v2\/pages\/4942\/revisions\/4948"}],"wp:attachment":[{"href":"http:\/\/joannacholuj.pl\/en\/wp-json\/wp\/v2\/media?parent=4942"}],"curies":[{"name":"wp","href":"https:\/\/api.w.org\/{rel}","templated":true}]}}