{"id":4932,"date":"2020-08-24T19:38:57","date_gmt":"2020-08-24T17:38:57","guid":{"rendered":"http:\/\/joannacholuj.pl\/?page_id=4932"},"modified":"2020-08-24T19:38:57","modified_gmt":"2020-08-24T17:38:57","slug":"usa-15","status":"publish","type":"page","link":"http:\/\/joannacholuj.pl\/en\/usa-15\/","title":{"rendered":"USA 15"},"content":{"rendered":"<p>2 wrze\u015bnia<\/p>\n<p>Dzie\u0144 zacz\u0105\u0142 si\u0119 przyjemnie. Obudzi\u0142am si\u0119 u jego boku. Narerszcie. Po kilku dniach roz\u0142\u0105ki by\u0142am szcz\u0119\u015bliwa, \u017ce wreszcie jest ze mn\u0105. P\u00f3\u0142 dnia min\u0119\u0142o. Wi\u0119cej&#8230; po po\u0142udniu zn\u00f3w pojawi\u0142y si\u0119 nieporozumienia. Mam wra\u017cenie \u017ce nigdy nie zaakceptuj\u0119 jego sposobu m\u00f3wienia o rzeczach, kt\u00f3re nale\u017cy zrobi\u0107.<\/p>\n<p>Jestem zawsze pe\u0142na ochoty i entuzjazmu, a jednak, nie wiem dlaczego, w jego obecno\u015bci, ka\u017cd\u0105 uwag\u0119 typu \u2013 dlaczego nie ogr\u00f3d nie jest opielony czy \u201emusimy oczy\u015bci\u0107 z b\u0142ota kafelki u wej\u015bcia do mieszkania\u201d odbieram jako zarzut. Jak atak. Nie chc\u0119 by\u0107 agresywna. Mam jednak wra\u017cenie ze on wci\u0105\u017c nosi w sobie ide\u0119 kobiety ze wschodu, kt\u00f3ra wykona w ciszy, bez mrugni\u0119cia okiem ka\u017cd\u0105 prac\u0119. Kt\u00f3ra zajmuje si\u0119 rzeczami, kt\u00f3re nale\u017c\u0105 do m\u0119\u017cczyzn w kulturze zachodniej. Narasta wi\u0119c we mnie niezidentyfikowany jeszcze do ko\u0144ca bunt \u2013 dlaczego mam si\u0119 tym zajmowa\u0107? Dlaczego kupowa\u0107 benzyn\u0119 do kosiarki, skoro nawet nie potrafi\u0119 wyt\u0142umaczy\u0107 o jak\u0105 mi chodzi. Ca\u0142a historia przecie\u017c odbywa si\u0119 w kontek\u015bcie j\u0119zyka angielskiego. Dlaczego przenosz\u0119 meble i mebluj\u0119 dom \u2013 kt\u00f3ry potem nasza nowa pracownica zmienia jak tylko chce a ja nie mam nic do powiedzenia. A mo\u017ce nawet nie chc\u0119 si\u0119 ju\u017c wtr\u0105ca\u0107. ..<\/p>\n<p>Kolejne moje rozczarowanie. Najmilsza dla kobiety rzecz \u2013 meblowanie mieszkania, urz\u0105dzanie, projektowanie i dekoracja \u2013 nie jest tu mo\u017cliwa. W\u0142o\u017cy\u0142am sporo pracy w urz\u0105dzenie du\u017cego pokoju \u2013 jednocze\u015bnie biura, a teraz wszystko trzeba zmienia\u0107. Jednocze\u015bnie on na pewno nie b\u0119dzie chcia\u0142 inwestowa\u0107 w jakiekolwiek meble do du\u017cego pokoju: \u201eprzeciez nie wiadomo jak d\u0142ugo tu zostaniemy\u2026 , przecie\u017c wystarczy mi jeden pok\u00f3j , w kt\u00f3rym nie mam wcale biurka i pisz\u0119 siedz\u0105c na pod\u0142odze\u2026 , \u201ew tej chwili nie my\u015bl\u0119 o tym, my\u015bl\u0119 o biurze, o pracy..<\/p>\n<p>Ja mia\u0142am by\u0107 t\u0105 cz\u0119sci\u0119 istotn\u0105 pracy. Mieli\u015bmy pracowa\u0107 razem . Jak to jednak zrobi\u0107, gdy trudno si\u0119 porozumie\u0107.<\/p>\n<p>Dlaczego jakby co\u015b si\u0119 we mnie wypali\u0142o. Jakbym nagle przesta\u0142a by\u0107 kreatywna, pe\u0142na inspiracji, entuzjazmu I rado\u015bci. Nagle co\u015b wygas\u0142o. Czuj\u0119 jkbym wci\u0105z t\u0142umila w sobie dobre ch\u0119ci I pomys\u0142y. On mnie tak skutecznie \u2018gasi\u201d. Zwykle nie bardzo s\u0142ucha tego co m\u00f3wi\u0119. Zwykle ko\u0144czy rozmow\u0119 kr\u00f3tkim \u2013 nie teraz . To nie jest wa\u017cne. Chodzi mi g\u0142\u00f3wnie o biuro\u2026<\/p>\n<p>Jestem a-kreatywna. Nudz\u0119 si\u0119 z sob\u0105 sam\u0105. Nigdy nigdy tego nie do\u015bwiadcza\u0142am. Dlaczeog nudz\u0119 si\u0119 z sob\u0105 sam\u0105?<\/p>","protected":false},"excerpt":{"rendered":"<p>2 wrze\u015bnia Dzie\u0144 zacz\u0105\u0142 si\u0119 przyjemnie. Obudzi\u0142am si\u0119 u jego boku. Narerszcie. Po kilku dniach roz\u0142\u0105ki by\u0142am szcz\u0119\u015bliwa, \u017ce wreszcie [&hellip;]<\/p>","protected":false},"author":2,"featured_media":0,"parent":0,"menu_order":0,"comment_status":"closed","ping_status":"closed","template":"","meta":{"_bbp_topic_count":0,"_bbp_reply_count":0,"_bbp_total_topic_count":0,"_bbp_total_reply_count":0,"_bbp_voice_count":0,"_bbp_anonymous_reply_count":0,"_bbp_topic_count_hidden":0,"_bbp_reply_count_hidden":0,"_bbp_forum_subforum_count":0,"_uag_custom_page_level_css":"","footnotes":""},"class_list":["post-4932","page","type-page","status-publish","hentry"],"spectra_custom_meta":{"_edit_lock":["1598290738:2"],"_edit_last":["2"],"_wp_page_template":["default"],"_uag_page_assets":["a:9:{s:3:\"css\";s:0:\"\";s:2:\"js\";s:0:\"\";s:18:\"current_block_list\";a:0:{}s:8:\"uag_flag\";b:0;s:11:\"uag_version\";s:10:\"1775454065\";s:6:\"gfonts\";a:0:{}s:10:\"gfonts_url\";s:0:\"\";s:12:\"gfonts_files\";a:0:{}s:14:\"uag_faq_layout\";b:0;}"]},"uagb_featured_image_src":{"full":false,"thumbnail":false,"medium":false,"medium_large":false,"large":false,"1536x1536":false,"2048x2048":false,"trp-custom-language-flag":false,"illdy-blog-list":false,"illdy-widget-recent-posts":false,"illdy-blog-post-related-articles":false,"illdy-front-page-latest-news":false,"illdy-front-page-testimonials":false,"illdy-front-page-projects":false,"illdy-front-page-person":false},"uagb_author_info":{"display_name":"Joanna Choluj","author_link":"http:\/\/joannacholuj.pl\/en\/blog\/author\/joannacholuj\/"},"uagb_comment_info":0,"uagb_excerpt":"2 wrze\u015bnia Dzie\u0144 zacz\u0105\u0142 si\u0119 przyjemnie. Obudzi\u0142am si\u0119 u jego boku. Narerszcie. Po kilku dniach roz\u0142\u0105ki by\u0142am szcz\u0119\u015bliwa, \u017ce wreszcie [&hellip;]","_links":{"self":[{"href":"http:\/\/joannacholuj.pl\/en\/wp-json\/wp\/v2\/pages\/4932"}],"collection":[{"href":"http:\/\/joannacholuj.pl\/en\/wp-json\/wp\/v2\/pages"}],"about":[{"href":"http:\/\/joannacholuj.pl\/en\/wp-json\/wp\/v2\/types\/page"}],"author":[{"embeddable":true,"href":"http:\/\/joannacholuj.pl\/en\/wp-json\/wp\/v2\/users\/2"}],"replies":[{"embeddable":true,"href":"http:\/\/joannacholuj.pl\/en\/wp-json\/wp\/v2\/comments?post=4932"}],"version-history":[{"count":1,"href":"http:\/\/joannacholuj.pl\/en\/wp-json\/wp\/v2\/pages\/4932\/revisions"}],"predecessor-version":[{"id":4933,"href":"http:\/\/joannacholuj.pl\/en\/wp-json\/wp\/v2\/pages\/4932\/revisions\/4933"}],"wp:attachment":[{"href":"http:\/\/joannacholuj.pl\/en\/wp-json\/wp\/v2\/media?parent=4932"}],"curies":[{"name":"wp","href":"https:\/\/api.w.org\/{rel}","templated":true}]}}