{"id":4929,"date":"2020-08-24T19:37:57","date_gmt":"2020-08-24T17:37:57","guid":{"rendered":"http:\/\/joannacholuj.pl\/?page_id=4929"},"modified":"2020-08-24T19:37:57","modified_gmt":"2020-08-24T17:37:57","slug":"usa-14","status":"publish","type":"page","link":"http:\/\/joannacholuj.pl\/en\/usa-14\/","title":{"rendered":"USA 14"},"content":{"rendered":"<p>Sobota, 11 sierpnia,<\/p>\n<p>&nbsp;<\/p>\n<p>Wydaje mi si\u0119 \u017ce jest 11. sierpnia, ale nie jestem tego pewna. Od kilku dni przeprowadzka wprowadza lekki zam\u0119t w naszym \u017cyciu. Jemy byle co (zn\u00f3w przyty\u0142am!), \u015bpimy byle jak i byle gdzie \u2013 dzi\u015b w starym domu w Atmore. Na twardym pos\u0142aniu z ko\u0142der i kocy. Nikomu nie chcia\u0142o si\u0119 dmucha\u0107 materaca o godzinie pierwszej nad ranem&#8230; W nowym-starym domu przynajmniej wyk\u0142adzina dywanowa mia\u0142a d\u0142u\u017csze ow\u0142osienie.<\/p>\n<p>Je\u015bli tak dalej p\u00f3jdzie, przestan\u0119 ci opowiada\u0107 moje sny. Dzi\u015b nic zupe\u0142nie nie pami\u0119tam. Ale chcia\u0142abym ci opowiedzie\u0107 o tym, co mo\u017cna w Ameryce robi\u0107 (w stanie Floryda, zanaczam!) w weekendowe wieczory&#8230;<\/p>\n<p>Sobota. M\u0119cz\u0105cy dzie\u0144. Upa\u0142. Deszcz. Burza. Zaduch. Przeprowadzka. Sprz\u0105tanie i praca. Oko\u0142o dziewi\u0105tej para mlodych ludzi zdecydowa\u0142a jednak, \u017ce nie wr\u00f3ci bezpo\u015brednio do starego legowiska, ale wybierze si\u0119 na przechadzk\u0119 po okolicznych klubach i kawiarniach. Trzeba przecie\u017c pozna\u0107 miasto, w kt\u00f3rym nied\u0142ugo zapu\u015bci si\u0119 korzenie. M\u0119\u017cczyzna zd\u0105\u017cy\u0142 juz w ciagu wcze\u015bniejszego wypadu pozna\u0107 jeden z coffe shop\u00f3w. Uznali wi\u0119c, \u017ce jest to dobre miejsce na pocz\u0105tek. Jakie\u015b pi\u0119\u0107 minut samochodem od nowego ich miejsca zamieszkania odnale\u017ali pi\u0119trow\u0105 kawiarnie. Mie\u015bci\u0142a sie (mie\u015bci wci\u0105\u017c) w niepozornej, starej kamienicy. Tu\u017c obok nocnego klubu, dyskoteki i baru. Pierwsze pomieszczenie w\u0105skie, male\u0144kie, po lewej niewielki bar. Zam\u00f3wili kaw\u0119. Okaza\u0142o si\u0119 jednak, \u017ce kawiarnia nie akceptuje kart kredytowych. Coffee Tofee Milkshake i kawa na kredyt dla niej, podczas gdy m\u0119\u017cczyzna musia\u0142 pofatygowa\u0107 si\u0119 do najbli\u017cszego za rogiem bankomatu. A wydawa\u0142o im si\u0119, \u017ce nikt nie nosi ju\u017c czystej got\u00f3wki w kieszeni. Ot, mo\u017ce dolara na napiwek. \u017be karciane pieniadze dotar\u0142y wsz\u0119dzie.<\/p>\n<p>Gdy on wr\u00f3ci\u0142, udali si\u0119 na obch\u00f3d przestronnej, przytulnej jak klub m\u0142odzie\u017cowy lub schronisko, kawiarni. Jej pierwsze pomieszczenie &#8211; bar, mimo \u017ce kusi\u0142 licznym, ciekawym, bo zr\u00f3\u017cnicowanym towarzystwem, zda\u0142 si\u0119 jednak dla nich przyciasny. Pojawiaj\u0105cy si\u0119 nowi goscie kawiarniano-klubowi t\u0142oczy\u0107 musieli si\u0119 gdzie\u015b w progu i za progiem. Miejsca sk\u0105po. Jeden z korytarzy prowadzi\u0142 do obszernego pomieszczenia, w kt\u00f3rym ustawiono jedynie dwa, lecz du\u017ce, okr\u0105g\u0142e sto\u0142y. Przy jednym z nich siedzia\u0142o grono ludzi i zawzi\u0119cie o czym\u015b rozprawia\u0142o. Postanowili im nie przeszkadza\u0107. Tu\u017c przy barze strome schody prowadzi\u0142y na pietro. D\u0142ugi, waski korytarz (nota bene, miejscami nie do przej\u015bcia \u2013 \u201ezasiedzia\u0142y\u201d przez njam\u0142odszych, jak im sie zda\u0142o, bywalc\u00f3w kawiarni. M\u0142odzi ludzie siedz\u0105cy na pod\u0142odze wygl\u0105dali na szesnasto- i siedemnastolatk\u00f3w. Wszyscy palili. Tu w\u0142a\u015bnie. W salach \u2013 pokojach ustalono bowiem zakaz palenia. M\u0119\u017cczyzna i kobieta stopniowo odkrywali kolejne pomieszczenia. Nie by\u0142o ich a z tak wiele. Mo\u017ce pi\u0119\u0107. A jednak kazdy inny: sala telewizyjna, w kt\u00f3rej na dwu wygodnych kanapach zawsze kto\u015b wylegiwa\u0142 sie p\u00f3\u0142le\u017c\u0105co zapatrzony w ekran, ta przypominaj\u0105ca bibliotek\u0119 \u2013 pe\u0142na ksi\u0105\u017cek, dalej sala najbardziej kawiarniana, zape\u0142niona male\u0144kimi, okr\u0105g\u0142ymi stolikami, sala pe\u0142na uk\u0142adanek, puzzli, gier.., nast\u0119pnie sala.. nie.., nie pami\u0119tam jak wygl\u0105da\u0142y ostatnie pomieszczenia. Atmosfera tej kawiarni wywar\u0142a na mnie jednak przyjemne wra\u017cenie. To nie by\u0142 jedynie lokal zgodnie z nazw\u0105 pozwalaj\u0105cy na zakup i wypicie dobrej kawy na rozmaite sposoby. To by\u0142o doskona\u0142e miejsce, gdzie pozna\u0107 mo\u017cna nowych ludzi, gdzie zawi\u0105za\u0107 mo\u017cna nowe przyja\u017anie. A jednak m\u0119\u017cczyzna wygl\u0105da\u0142 na znudzonego, a mo\u017ce zm\u0119czonego, kobieta na zastraszon\u0105 i nie\u015bmia\u0142\u0105. Po kilkunastu minutach kto\u015b ich zaczepi\u0142, kto\u015b zada\u0142 pytanie. Wywi\u0105za\u0142a si\u0119 rozmowa. Mi\u0142o. Mimo to po dwu godzinach, obejrzeniu horroru z lat pi\u0119\u0107dziesi\u0105tych i kilku japo\u0144skich abstrakcji rysunkowych, udali si\u0119 na poszukiwanie innych \u015brodowisk i innych klimat\u00f3w. Odnale\u017ali klub, kt\u00f3ry nie pozwala\u0142 ju\u017c na wolny wst\u0119p wszelkiej ma\u015bci go\u015bciom. Wej\u015bcie by\u0142o p\u0142atne. Dozwolone jedynie pe\u0142noletnim. Ta zaaran\u017cowana w hotelu w Pensacola impreza nazywana by\u0142a przez bywalc\u00f3w i znawc\u00f3w Swingers Party. Czy by\u0142e\u015b kiedykolwiek w takim miejscu, m\u00f3j drogi?<\/p>\n<p>Para m\u0142odych ludzi dotar\u0142a z niejak\u0105 trudnosci\u0105 na miejsce, po\u0142o\u017cone w pobli\u017cu pla\u017c Pensacola. Trudno by\u0142o je odnale\u017a\u0107 na podstawie podanych online, nie do\u015b\u0107 dok\u0142adnych instrukcji i wskaz\u00f3wek drogowych. A jednak dotarli. Bilety wst\u0119pu sprzedawa\u0142a para ludzi w \u015brednim wieku. Oboje nieszczeg\u00f3lnie urodziwi. M\u0119\u017cczyzna i kobieta weszli do obszernej sali, w ktorej na \u015brodku umieszczono podest \u2013 ta\u0144czy\u0142\u0105 na nim mniej wi\u0119cej po\u0142owa obecnych. Po obu stronach podestu rozstawiono stoliki. W umy\u015ble m\u0142odej kobiety ca\u0142o\u015b\u0107 wzbudzi\u0142a wspomnienie starych, dobrych weselnych przyj\u0119\u0107 w jej rodzinnym kraju. Nie by\u0142 to jednak styl zabawy, ktorego oczekiwala. Poczekajmy zobaczmy \u2013 powiedzia\u0142a sobie w duchu. Usiedli oboje przy jednym z wolnych stolik\u00f3w. Nie ta\u0144czyli. Wstali tylko raz pod koniec, gdy muzyka wyda\u0142a im si\u0119 do\u015b\u0107 atrakcyjna, aby ruszy\u0107 si\u0119 z miejsca. Wyczekiwali zako\u0144czenia cz\u0119sci wst\u0119pnej i oficjalnej i przej\u015bcia do pokoi hotelowych na g\u00f3rze. Wiedzieli, \u017ce po p\u00f3\u0142nocy to w\u0142a\u015bnie mia\u0142o nastapi\u0107&#8230;<\/p>\n<p>Czas d\u0142u\u017cy\u0142 si\u0119 niemi\u0142osiernie. Ona wygl\u0105da\u0142a na znudzon\u0105. W ko\u0144cu jednak muzyka ucich\u0142a i ka\u017cda para powoli zbiera\u0142a si\u0119 do opuszcenia sali tanecznej. Pok\u00f3j numer? \u2013 zapyta\u0142a ona swojego towarzysza \u2013 nie dos\u0142ysza\u0142am. \u2013 Ja te\u017c nie. Id\u017amy za t\u0142umem. \u2013 u\u015bmiechn\u0105\u0142 si\u0119.<\/p>\n<p>Na pierwszym pi\u0119trze dwa pokoje zape\u0142ni\u0142y si\u0119 szybko lud\u017ami. Wywi\u0105zywa\u0142a si\u0119 szybko rozmowa. Prze\u0142amywaie lod\u00f3w. Niekt\u00f3rzy, jak zauwazy\u0142a ona, znali sie ju\u017c dobrze \u2013 to zapewne stali bywalcy \u2013 pomy\u015bla\u0142a. \u2013 W napi\u0119ciu oczekiwa\u0142a, co stanie si\u0119 dalej. Wiedzia\u0142a mniej wi\u0119cej czym jest swingers party. Kim s\u0105 ludzie nazywani \u201eswingers\u201d, a jednak nie bardzo wiedzia\u0142a jaki charakter mie\u0107 mo\u017ce ta impreza, w kt\u00f3rej uczestniczy\u0142a. Czy b\u0119dzie to otwarty seks? Rodzaj orgii? \u2013 nie mog\u0142a uwierzy\u0107, \u017ce to spotkanie, pe\u0142ne tak \u0142agodnych i uprzejmych i nie\u015bmia\u0142ych niemal ludzi, przerodzi\u0107 si\u0119 mia\u0142o w jak\u0105kolwiek jawn\u0105, seksualn\u0105 uczt\u0119. Powoli, przeciskaj\u0105c si\u0119 pomi\u0119dzy zgromadzonymi lud\u017ami, odpowiadaj\u0105c r\u00f3wnie uprzejmie na uprzejme i ciekawe Hi, how are you?, odrzucaj\u0105c propozycje zainteresowanych ni\u0105 pan\u00f3w, zwiedza\u0142a zarezerwowane dla klubu pokoje. Jeden z nich, jak sie okaza\u0142o, kry\u0142 w oddalonym k\u0105cie szerokie, dwusoobowe \u0142\u00f3\u017cko i tak zwany \u201eswing\u201d czyli rodzaj hu\u015btawki, na kt\u00f3rej ju\u017c nied\u0142ugo mia\u0142a obserwowa\u0107 seks dwojga ludzi. By\u0142a to jedna z m\u0142odszych tutaj par. Dwoje ludzi sta\u0142o, dwoje uczestniczy\u0142o w akcie seksualnym. By\u0142a to jedyna odwa\u017cna czw\u00f3rka tego wieczoru zapewne. Obserwuj\u0105cej kobiecie nasuwa\u0142a si\u0119 jedna tylko my\u015bl &#8211; Swingers party s\u0105 \u015bwietn\u0105 rozrywk\u0105 dla nieco ju\u017c sob\u0105 znudzonych par ma\u0142\u017ce\u0144skich. Niekoniecznie m\u0142odych, niekoniecznie nieurodziwych. Te pary jednak w\u0142a\u015bciw\u0105 seksualna gr\u0119 pozostawiaj\u0105 na p\u00f3\u017aniejsz\u0105 chwil\u0119 i moment bardziej intymny.<\/p>\n<p>Dwoje m\u0142odych ludzi, mimo \u017ce zawar\u0142o kilka ciekawych znajomo\u015bci, zaczerpn\u0119\u0142o wiadomo\u015bci o innych tego typu imprezach w mie\u015bcie i okolicach, poczu\u0142o si\u0119 po kilku godzinach znudzeni. Wyszli wi\u0119c i dopiero przechadzka po barach i dyskotekach na pla\u017cy Pensacola j\u0105 wyrwa\u0142a z zamy\u015blenia, jego pozbawi\u0142a nastroju zawodu i rozczrowania. Ach, wi\u0119c tak wygl\u0105da s\u0142ynne Sinders Party&#8230;\u201d. Nie zachwyci\u0142a mnie \u017cadna z obecnych tam kobiet.<\/p>\n<p>&nbsp;<\/p>\n<p>Co ty sadzisz o stylu zycia par zwanych swingers?<\/p>\n<p>Pozdrawiam ci\u0119 ciep\u0142o,<\/p>\n<p>Nie zapominaj o swojej Marii,<\/p>\n<p>Wci\u0105z \u0142udz\u0119 si\u0119, \u017ce kiedy\u015b mi odpiszesz d\u0142ugim d\u0142ugim listem.<\/p>\n<p>&nbsp;<\/p>\n<p>Maria<\/p>","protected":false},"excerpt":{"rendered":"<p>Sobota, 11 sierpnia, &nbsp; Wydaje mi si\u0119 \u017ce jest 11. sierpnia, ale nie jestem tego pewna. Od kilku dni przeprowadzka [&hellip;]<\/p>","protected":false},"author":2,"featured_media":0,"parent":0,"menu_order":0,"comment_status":"closed","ping_status":"closed","template":"","meta":{"_bbp_topic_count":0,"_bbp_reply_count":0,"_bbp_total_topic_count":0,"_bbp_total_reply_count":0,"_bbp_voice_count":0,"_bbp_anonymous_reply_count":0,"_bbp_topic_count_hidden":0,"_bbp_reply_count_hidden":0,"_bbp_forum_subforum_count":0,"_uag_custom_page_level_css":"","footnotes":""},"class_list":["post-4929","page","type-page","status-publish","hentry"],"spectra_custom_meta":{"_edit_lock":["1598290586:2"],"_edit_last":["2"],"_wp_page_template":["default"],"_uag_page_assets":["a:9:{s:3:\"css\";s:0:\"\";s:2:\"js\";s:0:\"\";s:18:\"current_block_list\";a:0:{}s:8:\"uag_flag\";b:0;s:11:\"uag_version\";s:10:\"1776190721\";s:6:\"gfonts\";a:0:{}s:10:\"gfonts_url\";s:0:\"\";s:12:\"gfonts_files\";a:0:{}s:14:\"uag_faq_layout\";b:0;}"]},"uagb_featured_image_src":{"full":false,"thumbnail":false,"medium":false,"medium_large":false,"large":false,"1536x1536":false,"2048x2048":false,"trp-custom-language-flag":false,"illdy-blog-list":false,"illdy-widget-recent-posts":false,"illdy-blog-post-related-articles":false,"illdy-front-page-latest-news":false,"illdy-front-page-testimonials":false,"illdy-front-page-projects":false,"illdy-front-page-person":false},"uagb_author_info":{"display_name":"Joanna Choluj","author_link":"http:\/\/joannacholuj.pl\/en\/blog\/author\/joannacholuj\/"},"uagb_comment_info":0,"uagb_excerpt":"Sobota, 11 sierpnia, &nbsp; Wydaje mi si\u0119 \u017ce jest 11. sierpnia, ale nie jestem tego pewna. Od kilku dni przeprowadzka [&hellip;]","_links":{"self":[{"href":"http:\/\/joannacholuj.pl\/en\/wp-json\/wp\/v2\/pages\/4929"}],"collection":[{"href":"http:\/\/joannacholuj.pl\/en\/wp-json\/wp\/v2\/pages"}],"about":[{"href":"http:\/\/joannacholuj.pl\/en\/wp-json\/wp\/v2\/types\/page"}],"author":[{"embeddable":true,"href":"http:\/\/joannacholuj.pl\/en\/wp-json\/wp\/v2\/users\/2"}],"replies":[{"embeddable":true,"href":"http:\/\/joannacholuj.pl\/en\/wp-json\/wp\/v2\/comments?post=4929"}],"version-history":[{"count":1,"href":"http:\/\/joannacholuj.pl\/en\/wp-json\/wp\/v2\/pages\/4929\/revisions"}],"predecessor-version":[{"id":4930,"href":"http:\/\/joannacholuj.pl\/en\/wp-json\/wp\/v2\/pages\/4929\/revisions\/4930"}],"wp:attachment":[{"href":"http:\/\/joannacholuj.pl\/en\/wp-json\/wp\/v2\/media?parent=4929"}],"curies":[{"name":"wp","href":"https:\/\/api.w.org\/{rel}","templated":true}]}}