{"id":4926,"date":"2020-08-24T19:37:04","date_gmt":"2020-08-24T17:37:04","guid":{"rendered":"http:\/\/joannacholuj.pl\/?page_id=4926"},"modified":"2020-08-24T19:37:04","modified_gmt":"2020-08-24T17:37:04","slug":"usa-13","status":"publish","type":"page","link":"http:\/\/joannacholuj.pl\/en\/usa-13\/","title":{"rendered":"USA 13"},"content":{"rendered":"<p>16 sierpnia,<\/p>\n<p>&nbsp;<\/p>\n<p>Dosta\u0142am dzi\u015b poczt\u0105 list. Nie przeczyta\u0142am. Wyrzuci\u0142am. Koperta by\u0142a pusta.<\/p>","protected":false},"excerpt":{"rendered":"<p>16 sierpnia, &nbsp; Dosta\u0142am dzi\u015b poczt\u0105 list. Nie przeczyta\u0142am. Wyrzuci\u0142am. Koperta by\u0142a pusta.<\/p>","protected":false},"author":2,"featured_media":0,"parent":0,"menu_order":0,"comment_status":"closed","ping_status":"closed","template":"","meta":{"_bbp_topic_count":0,"_bbp_reply_count":0,"_bbp_total_topic_count":0,"_bbp_total_reply_count":0,"_bbp_voice_count":0,"_bbp_anonymous_reply_count":0,"_bbp_topic_count_hidden":0,"_bbp_reply_count_hidden":0,"_bbp_forum_subforum_count":0,"_uag_custom_page_level_css":"","footnotes":""},"class_list":["post-4926","page","type-page","status-publish","hentry"],"spectra_custom_meta":{"_edit_lock":["1598290525:2"],"_edit_last":["2"],"_wp_page_template":["default"],"_uag_page_assets":["a:9:{s:3:\"css\";s:0:\"\";s:2:\"js\";s:0:\"\";s:18:\"current_block_list\";a:0:{}s:8:\"uag_flag\";b:0;s:11:\"uag_version\";s:10:\"1775454065\";s:6:\"gfonts\";a:0:{}s:10:\"gfonts_url\";s:0:\"\";s:12:\"gfonts_files\";a:0:{}s:14:\"uag_faq_layout\";b:0;}"]},"uagb_featured_image_src":{"full":false,"thumbnail":false,"medium":false,"medium_large":false,"large":false,"1536x1536":false,"2048x2048":false,"trp-custom-language-flag":false,"illdy-blog-list":false,"illdy-widget-recent-posts":false,"illdy-blog-post-related-articles":false,"illdy-front-page-latest-news":false,"illdy-front-page-testimonials":false,"illdy-front-page-projects":false,"illdy-front-page-person":false},"uagb_author_info":{"display_name":"Joanna Choluj","author_link":"http:\/\/joannacholuj.pl\/en\/blog\/author\/joannacholuj\/"},"uagb_comment_info":0,"uagb_excerpt":"16 sierpnia, &nbsp; Dosta\u0142am dzi\u015b poczt\u0105 list. Nie przeczyta\u0142am. Wyrzuci\u0142am. Koperta by\u0142a pusta.","_links":{"self":[{"href":"http:\/\/joannacholuj.pl\/en\/wp-json\/wp\/v2\/pages\/4926"}],"collection":[{"href":"http:\/\/joannacholuj.pl\/en\/wp-json\/wp\/v2\/pages"}],"about":[{"href":"http:\/\/joannacholuj.pl\/en\/wp-json\/wp\/v2\/types\/page"}],"author":[{"embeddable":true,"href":"http:\/\/joannacholuj.pl\/en\/wp-json\/wp\/v2\/users\/2"}],"replies":[{"embeddable":true,"href":"http:\/\/joannacholuj.pl\/en\/wp-json\/wp\/v2\/comments?post=4926"}],"version-history":[{"count":1,"href":"http:\/\/joannacholuj.pl\/en\/wp-json\/wp\/v2\/pages\/4926\/revisions"}],"predecessor-version":[{"id":4927,"href":"http:\/\/joannacholuj.pl\/en\/wp-json\/wp\/v2\/pages\/4926\/revisions\/4927"}],"wp:attachment":[{"href":"http:\/\/joannacholuj.pl\/en\/wp-json\/wp\/v2\/media?parent=4926"}],"curies":[{"name":"wp","href":"https:\/\/api.w.org\/{rel}","templated":true}]}}