{"id":4923,"date":"2020-08-24T19:35:51","date_gmt":"2020-08-24T17:35:51","guid":{"rendered":"http:\/\/joannacholuj.pl\/?page_id=4923"},"modified":"2020-08-24T19:35:51","modified_gmt":"2020-08-24T17:35:51","slug":"usa-12","status":"publish","type":"page","link":"http:\/\/joannacholuj.pl\/en\/usa-12\/","title":{"rendered":"USA 12"},"content":{"rendered":"<p>Poniedzialek, 6 sierpnia 2001,<\/p>\n<p>&nbsp;<\/p>\n<p>Obudzi\u0142am sie dopiero nad ranem. \u017badnych nocnych pobudek. Cisza za oknem. Nie slyszalam nawet szumu deszczu. Okazalo sie ze jest osma. Mezczyzna obok mnie wlaczyl telewizor zmuszajacc mnie chwile wczesniej do odnalezienia &#8230;&#8230; ktory wyladowal w nocy gdzies poza lozkiem. W polsnie wysluchalismy wiadomosci o pogodzie. Tornado i owszem nadeszlo, ale nie wyrzadzilo wielkich szkod, glownie ograniczylo sie wszystko do ulewnego deszczu. Pokazywano jakies zdjecia z plaz w Pensacoli i innych. Ani slowa o malym Atmore. Najwyrazniej tym razem natura oszczedzila zastraszonych mieszkancow Alabamy. Cala noc i wieczor niepotrzebnie nerwowy. I te zakupy na miare. I latarki i baterie w podwojnej ilosci i czekolada i batoniki i ciasto na strach i stres ( juz czuje ze przytylam co najmniej dwa kilo!). I przemeblowanie w apartamencie i wazne przedmioty pietrowo na biurkach i komodach. Moze zostawie tak wszystko poki nie dojdzie do przeprowadzki? Tyle pracy na marne. Chyba nie mialabym za zle panu T.S Barry (tropical storm nazywany Barrym \u2013 da ciekawych )gdyby nadszedl tuz pod nasze drzwi.<\/p>\n<p>Przynajmniej nie nudzilabym cie teraz w liscie opowiesciami o tym co mialo sie wydarzyc a sie nie wydarzylo.<\/p>\n<p>Hmm? nie nudzilabym cie tak jak nudza nas na ka\u017cdym kanale telewizji, w radio i online.<\/p>\n<p>Poniedzia\u0142ek. Ca\u0142y dzie\u0144 bezustannie s\u0142ysz\u0119, \u017ce szanowny Barry przesuwa si\u0119, pomy\u015bnie z dala od Atmore. o piatej po po\u0142udniu ma by\u0107 35 mil od po\u0142udniowowschodniego wybrze\u017ca Columbus, Mississippi. Zagro\u017cenie powodzi\u0105 utrzymac si\u0119 ma a\u017c do wtorku. Doppler radar okre\u015bli\u0142 wysoko\u015b\u0107 opad\u00f3w na 8 cali (kurka, zn\u00f3w! ile to centymetr\u00f3w).. Ale to juz nas nie dotyczy. poniedzia\u0142ek zacz\u0105\u0142 si\u0119 pochmurnie lecz nie deszczowo.<\/p>\n<p>&nbsp;<\/p>\n<p>Caluje jak zwykle,<\/p>\n<p>Wlasciwie moze mniej goraco, Wybacz, stopy mi marzna. Musze podwyzszyc temperature w klimatyzatorze. Na 80. Fahrenhait. Nie pytaj mnie ile to Celsjuszy, nie pamietam. Policz.<\/p>\n<p>Aha, caluje<\/p>\n<p>Mocno<\/p>\n<p>&nbsp;<\/p>\n<p>Maria<\/p>","protected":false},"excerpt":{"rendered":"<p>Poniedzialek, 6 sierpnia 2001, &nbsp; Obudzi\u0142am sie dopiero nad ranem. \u017badnych nocnych pobudek. Cisza za oknem. Nie slyszalam nawet szumu [&hellip;]<\/p>","protected":false},"author":2,"featured_media":0,"parent":0,"menu_order":0,"comment_status":"closed","ping_status":"closed","template":"","meta":{"_bbp_topic_count":0,"_bbp_reply_count":0,"_bbp_total_topic_count":0,"_bbp_total_reply_count":0,"_bbp_voice_count":0,"_bbp_anonymous_reply_count":0,"_bbp_topic_count_hidden":0,"_bbp_reply_count_hidden":0,"_bbp_forum_subforum_count":0,"_uag_custom_page_level_css":"","footnotes":""},"class_list":["post-4923","page","type-page","status-publish","hentry"],"spectra_custom_meta":{"_edit_lock":["1598290472:2"],"_edit_last":["2"],"_wp_page_template":["default"],"_uag_page_assets":["a:9:{s:3:\"css\";s:0:\"\";s:2:\"js\";s:0:\"\";s:18:\"current_block_list\";a:0:{}s:8:\"uag_flag\";b:0;s:11:\"uag_version\";s:10:\"1775454065\";s:6:\"gfonts\";a:0:{}s:10:\"gfonts_url\";s:0:\"\";s:12:\"gfonts_files\";a:0:{}s:14:\"uag_faq_layout\";b:0;}"]},"uagb_featured_image_src":{"full":false,"thumbnail":false,"medium":false,"medium_large":false,"large":false,"1536x1536":false,"2048x2048":false,"trp-custom-language-flag":false,"illdy-blog-list":false,"illdy-widget-recent-posts":false,"illdy-blog-post-related-articles":false,"illdy-front-page-latest-news":false,"illdy-front-page-testimonials":false,"illdy-front-page-projects":false,"illdy-front-page-person":false},"uagb_author_info":{"display_name":"Joanna Choluj","author_link":"http:\/\/joannacholuj.pl\/en\/blog\/author\/joannacholuj\/"},"uagb_comment_info":0,"uagb_excerpt":"Poniedzialek, 6 sierpnia 2001, &nbsp; Obudzi\u0142am sie dopiero nad ranem. \u017badnych nocnych pobudek. Cisza za oknem. Nie slyszalam nawet szumu [&hellip;]","_links":{"self":[{"href":"http:\/\/joannacholuj.pl\/en\/wp-json\/wp\/v2\/pages\/4923"}],"collection":[{"href":"http:\/\/joannacholuj.pl\/en\/wp-json\/wp\/v2\/pages"}],"about":[{"href":"http:\/\/joannacholuj.pl\/en\/wp-json\/wp\/v2\/types\/page"}],"author":[{"embeddable":true,"href":"http:\/\/joannacholuj.pl\/en\/wp-json\/wp\/v2\/users\/2"}],"replies":[{"embeddable":true,"href":"http:\/\/joannacholuj.pl\/en\/wp-json\/wp\/v2\/comments?post=4923"}],"version-history":[{"count":1,"href":"http:\/\/joannacholuj.pl\/en\/wp-json\/wp\/v2\/pages\/4923\/revisions"}],"predecessor-version":[{"id":4924,"href":"http:\/\/joannacholuj.pl\/en\/wp-json\/wp\/v2\/pages\/4923\/revisions\/4924"}],"wp:attachment":[{"href":"http:\/\/joannacholuj.pl\/en\/wp-json\/wp\/v2\/media?parent=4923"}],"curies":[{"name":"wp","href":"https:\/\/api.w.org\/{rel}","templated":true}]}}