{"id":4915,"date":"2020-08-24T19:30:31","date_gmt":"2020-08-24T17:30:31","guid":{"rendered":"http:\/\/joannacholuj.pl\/?page_id=4915"},"modified":"2020-08-24T19:30:31","modified_gmt":"2020-08-24T17:30:31","slug":"usa-9","status":"publish","type":"page","link":"http:\/\/joannacholuj.pl\/en\/usa-9\/","title":{"rendered":"USA 9"},"content":{"rendered":"<p>Wtorek, 7 sierpnia<\/p>\n<p>&nbsp;<\/p>\n<p>Przeprowadzki to jedno z moich dawnych wyobra\u017ce\u0144 o rado\u015bciach doros\u0142ego zycia. Uwielbia\u0142am przeprowadzki w dziecie\u0144tswie. Mo\u017ce dlatego, \u017ce nigdy nie uda\u0142o mi si\u0119 \u017cadnej przezy\u0107&#8230; Uwielbia\u0142am je wirtualnie, w marzeniu. Pierwsz\u0105 przeprowadzk\u0105, jakiej bylam uczestnikiem, och, mozna powiedzie\u0107 \u017ce i sparwczyni\u0105, by\u0142a przeprowadzka do mieszkania francuskiej rodziny. Na dobrych kilka miesi\u0119cy z dala od domu \u2013 my\u015bla\u0142am. Na rok \u2013 okaza\u0142o si\u0119 w rzeczywisto\u015bci. By\u0142am w\u00f3wczas doros\u0142\u0105 ju\u017c osob\u0105, jesli przyjmujemy, \u017ce granic\u0119 doros\u0142o\u015bci wyznaczaj\u0105 osiemnaste urodziny. A te osiemnaste urodziny dawno mia\u0142am ju\u017c za sob\u0105. Dwudzieste zreszt\u0105 r\u00f3wnie\u017c. I dwudzieste pierwsez i drugie. Trzecie obchodzi\u0142am we Francji. Mo\u017cna powiedzie\u0107 \u017ce by\u0142a ju\u017c wtedy dobrze odchowan\u0105 na garnuszku rodzicielskim star\u0105 pann\u0105. Ale wr\u00f3\u0107my do tematu przeprowadzek, kt\u00f3ry jest znacznie bardziej ciekawy od problem\u00f3w staropanie\u0144stwa. Tych, kt\u00f3rzy s\u0105dz\u0105 inaczej (czuj\u0105 inaczej, kochaj\u0105 inaczej) odsy\u0142am do Dziennika Bridget Jones. Bez ironii. Ksi\u0105\u017cka nie jest tak z\u0142a, jak wiekszo\u015b\u0107 \u015brodowiska \u201eintelektualnego uniwersytetu s\u0105dzi.<\/p>\n<p>Jak wspomnia\u0142am ci mo drogi, a mo\u017ce zreszt\u0105 wspomina\u0142am ci ju\u017c otym nie raz.., ale jesczze ten ostatni teraz, bo to ciekawe \u2013 nigdy nie mieszka\u0142am sama. Sama! Nawet sama z kole\u017cak\u0105 nigdy. Ani sama w akademiku. Tak wiele zaprzepaszczonych szans na samocdielno\u015b\u0107. Wiedzia\u0142am, \u017ce akademink to synonim dobrej zabawy i swobody. A ja mialam swobod e w moim pokoju na pietrze. I mimo \u017ce lubi\u0142am bywa\u0107 sama , lubi\u0142am rwnie\u017c mie\u0107 nieustaj\u0105c\u0105 \u015bwiadomo\u015bc,, \u017ce gdyby co nie b\u0105d\u017a, sama nie jestem w rzeczywisto\u015bci bo ca\u0142a rodzina na parterze mieszka sobie w najlepsze. Ca\u0142kowiecie nie\u015bwiadoma moich dylemat\u00f3w i rozterek. Tak wi\u0119c przez orkrag\u0142e 22 lata pozostawa\u0142am w domu rodzic\u00f3w , na najlepszej drodze do staropanie\u0144stwa ( ten temat to bumerang, czy nie?).<\/p>\n<p>Je\u015bli jednak zdaje ci si\u0119, \u017ce moja pomieszkiwanie we FRancji przez rok (dziewi\u0119c miesi\u0119cy konkretnie w ciagu ktorycg nic konkretnego si\u0119 nie wyl\u0119g\u0142o ani nie urodzi\u0142o poza kilkoma aferami uczuciowymi z ktorych jedna trwa\u0142a nieco ponad rok..) cokolwiek w moim \u017cyciu zmieni\u0142o, to si\u0119 mylisz. Ostatecznie, spogl\u0105daj\u0105 na rzecz obiektywnie \u2013 mieszka\u0142am we Francji z rodzin\u0105 ! Nie moj\u0105 w\u0142asn\u0105, osobist\u0105 ale z rodzin\u0105. nigdy sama.<\/p>\n<p>Trzeba wiec podre\u015bli\u0107 solidnie fakt, \u017ce m\u00f3j wyjazd do Stan\u00f3w Zjednoczonych Ameryki i moja w tej chwili pzreprowadzka to w moim umy\u015ble jedno z bardziej ekscytuj\u0105ch wydarze\u0144 mojej epoki doroso\u0142\u015bci. \u017ba\u0142uje, \u017ce nie mam tego typu do\u015bwiadcze\u0144 z Polski. Ale to potwierdza jedynie regu\u0142\u0119, \u017ce nikt nie mo\u017ce do\u015bwiadczy\u0107 wszystkiego. Ja zwykle do\u015bwiadczam rzeczy, kt\u00f3re niewiele maj\u0105 wsp\u00f3lneo z naturalnym biegiem \u017cycia wi\u0119kszo\u015bci osobnik\u00f3w, podobnie jak posiadam zwykle wiedz\u0119 i znajomo\u015bc rzeczy, na kt\u00f3re wi\u0119kszo\u015b\u0107 stada ludzkiego nie zwraca uwagi i ktore im wydaj\u0105 sie niepotrzebne i niepraktyczne. Wiem kim by\u0142a Andromacha i Gluck , nie wiem ilu mieszka\u0144c\u00f3w licz\u0105 Stany Zjednoczone; nigdy nie by\u0142a w pe\u0142nym tego \u015b\u0142owa znaczeniu zwi\u0105zana z m\u0119czyzn\u0105 w Polsce, jestem bardzo blisko ( bardz bardzo ) zwi\u0105zana z cz\u0142owiekiem kt\u00f3ry mieszka w Ameryce.<\/p>\n<p>Jak wi\u0119c odbywa si\u0119 wynajecie domu w Ameryce? Aby nie uog\u00f3lnia\u0107 powiem jak odbywa si\u0119 wynaj\u0119cie domu w Pensacola. Monotonnie i nu\u017c\u0105co. Objazd po okolicznych agencjach nieruchomo\u015bci. Obdzwonienie dalszych agencji nieruchomo\u015bci. Obdzwonienie wszystkich w\u0142ascicieli, kt\u00f3rzy niezale\u017cnie od agencji wystawili tabliczki \u201efor rent\u201d gdzie\u015b przy drodze, gdzies na otwartej przestrzeni trawnika nale\u017c\u0105cej , jak si\u0119 trzeba domyslac (bo brak ogrodzenia) do wynajmowanego domu. Kolejnych co najmniej dwa dni poswieci\u0107 nalezy na odwiedzenie (bo broszurki agencji i og\u0142oszenia online rzadko okazuje si\u0119, zawieraja zdj\u0119cia) dom\u00f3w kt\u00f3re nas interesuj\u0105. Na rozczarowania i marzenia i plany kolejnych kilka nocy. Czyli standard mi\u0119dzynarodowy, jak s\u0105dz\u0119.<\/p>\n<p>Zdecydowali\u015bmy si\u0119 na jeden z wi\u0119kszych dom\u00f3w, blisko centrum. Urokliwe drewniane pod\u0142ogi, ma\u0142e okna (ooczuywiscie w ameryka\u0144skich stylu \u2013 otwierane przez rozsuni\u0119cie ku g\u00f3rze), trzy pary drzwi na zewn\u0105trz, \u015bliczna \u0142azienka, praktyczna pralnia, kominek w du\u017cym pokoju o sko\u015bnych scianach&#8230; i .. i ani jednego prawdziwego drzewa na zewnatrz ( nie licz\u0119 jakiej\u015b niezidentyfikowanej owoc\u00f3wki), i .. i stado moskit\u00f3w i ogr\u00f3d do oporz\u0105dzenia i trawa do skoszenia pod gro\u017ab\u0105 wysokiej kary lub op\u0142ata \u201ekosiarza\u201d \u2013 100 dolc\u00f3w! , i wiele \u201edrobiazg\u00f3w w domu do poprawienia i naprawienia. Ale mimo wszystko uwielbiam przeprowadzki i zdania nie zmieni\u0119. A kolory wewnatrz .. biuro i mieszkanie , bed\u0105 : br\u0105z czer\u0144 pomara\u0144cz. I meble nowe.. Albo lepiej nie. Kto wie jak szybko b\u0119dziemy si\u0119 musieli przeprowadza\u0107. Do nowego domu. Do Nowego Jorku.. I kto by tam taska\u0142 skompletowan\u0105 zastaw\u0119, cho\u0107by unikaln\u0105 pomara\u0144czow\u0105. Tak daleko&#8230; Mozna podobno wynaj\u0105\u0107 dom z pe\u0142nym wyposa\u017ceniem. Ale! To nie to. nie to samo.<\/p>\n<p>Nieprawda , przyjacielu?<\/p>\n<p>&nbsp;<\/p>\n<p>Ca\u0142uj\u0119 cie wyj\u0105tkowo czule. Jest mi dzi\u015b samotnie. I nijako.<\/p>\n<p>&nbsp;<\/p>\n<p>Maria<\/p>","protected":false},"excerpt":{"rendered":"<p>Wtorek, 7 sierpnia &nbsp; Przeprowadzki to jedno z moich dawnych wyobra\u017ce\u0144 o rado\u015bciach doros\u0142ego zycia. Uwielbia\u0142am przeprowadzki w dziecie\u0144tswie. Mo\u017ce [&hellip;]<\/p>","protected":false},"author":2,"featured_media":0,"parent":0,"menu_order":0,"comment_status":"closed","ping_status":"closed","template":"","meta":{"_bbp_topic_count":0,"_bbp_reply_count":0,"_bbp_total_topic_count":0,"_bbp_total_reply_count":0,"_bbp_voice_count":0,"_bbp_anonymous_reply_count":0,"_bbp_topic_count_hidden":0,"_bbp_reply_count_hidden":0,"_bbp_forum_subforum_count":0,"_uag_custom_page_level_css":"","footnotes":""},"class_list":["post-4915","page","type-page","status-publish","hentry"],"spectra_custom_meta":{"_edit_lock":["1598290137:2"],"_edit_last":["2"],"_wp_page_template":["default"],"_uag_page_assets":["a:9:{s:3:\"css\";s:0:\"\";s:2:\"js\";s:0:\"\";s:18:\"current_block_list\";a:0:{}s:8:\"uag_flag\";b:0;s:11:\"uag_version\";s:10:\"1775454065\";s:6:\"gfonts\";a:0:{}s:10:\"gfonts_url\";s:0:\"\";s:12:\"gfonts_files\";a:0:{}s:14:\"uag_faq_layout\";b:0;}"]},"uagb_featured_image_src":{"full":false,"thumbnail":false,"medium":false,"medium_large":false,"large":false,"1536x1536":false,"2048x2048":false,"trp-custom-language-flag":false,"illdy-blog-list":false,"illdy-widget-recent-posts":false,"illdy-blog-post-related-articles":false,"illdy-front-page-latest-news":false,"illdy-front-page-testimonials":false,"illdy-front-page-projects":false,"illdy-front-page-person":false},"uagb_author_info":{"display_name":"Joanna Choluj","author_link":"http:\/\/joannacholuj.pl\/en\/blog\/author\/joannacholuj\/"},"uagb_comment_info":0,"uagb_excerpt":"Wtorek, 7 sierpnia &nbsp; Przeprowadzki to jedno z moich dawnych wyobra\u017ce\u0144 o rado\u015bciach doros\u0142ego zycia. Uwielbia\u0142am przeprowadzki w dziecie\u0144tswie. Mo\u017ce [&hellip;]","_links":{"self":[{"href":"http:\/\/joannacholuj.pl\/en\/wp-json\/wp\/v2\/pages\/4915"}],"collection":[{"href":"http:\/\/joannacholuj.pl\/en\/wp-json\/wp\/v2\/pages"}],"about":[{"href":"http:\/\/joannacholuj.pl\/en\/wp-json\/wp\/v2\/types\/page"}],"author":[{"embeddable":true,"href":"http:\/\/joannacholuj.pl\/en\/wp-json\/wp\/v2\/users\/2"}],"replies":[{"embeddable":true,"href":"http:\/\/joannacholuj.pl\/en\/wp-json\/wp\/v2\/comments?post=4915"}],"version-history":[{"count":1,"href":"http:\/\/joannacholuj.pl\/en\/wp-json\/wp\/v2\/pages\/4915\/revisions"}],"predecessor-version":[{"id":4916,"href":"http:\/\/joannacholuj.pl\/en\/wp-json\/wp\/v2\/pages\/4915\/revisions\/4916"}],"wp:attachment":[{"href":"http:\/\/joannacholuj.pl\/en\/wp-json\/wp\/v2\/media?parent=4915"}],"curies":[{"name":"wp","href":"https:\/\/api.w.org\/{rel}","templated":true}]}}