{"id":4912,"date":"2020-08-24T19:29:39","date_gmt":"2020-08-24T17:29:39","guid":{"rendered":"http:\/\/joannacholuj.pl\/?page_id=4912"},"modified":"2020-08-24T19:29:39","modified_gmt":"2020-08-24T17:29:39","slug":"usa-8","status":"publish","type":"page","link":"http:\/\/joannacholuj.pl\/en\/usa-8\/","title":{"rendered":"USa 8"},"content":{"rendered":"<p>Prawo jazdy&#8230;<\/p>\n<p>W wielu podej\u015bciach zdawa\u0142am test. Test po angielsku, bo mimo dobrych checi pana policjanta najblizsza polskiej wersji jezykowej w jakiej posiadali test, byla rosyjska.. Wciaz czuje zawstydzenie gdy w zuciu przychodzi mi przyznac ze \u2013 znam francuski i angielski lepiej niz rosyjski.. tyle lat nauki &#8211; na nic, taka strata potencjalu! Wszyscy wiedza jak \u201echodliwym\u201d zajeciem w USA sa tlumaczenia z rosyjskiego..<\/p>\n<p>Tak wiec zdawalam test po angielsku, wybor odpowiedzi a b c .. zawsze mozna bylo sie zdac na intuicje i strzelac. Mozna do skutku powtarzac test jednego dnia.. az sie w koncu zda&#8230; lub straci zapal&#8230; lub zamkna urzad..<\/p>\n<p>Potem przyszedl egzamin praktyczny. Oblalam w pierwszym podejsciu&#8230;<\/p>\n<p>Regu\u0142y niby s\u0105 jasne i proste. Amerykanie nie lubi\u0105 komplikacji. Prawo uproszczone w por\u00f3wnaniu do polskiego. W Polsce zda\u0142am bez trudu. Tak , ponad dziewi\u0119\u0107 lat temu. Ale tu okazalo sie ze nie potrafi\u0119 parkowa\u0107. Mo\u017ce nigdy nie potrafi\u0142am&#8230; Moze to stres..<\/p>\n<p>Zapewne stres, bo parkowanie jedynie pomiedzy slupkami&#8230; zadnych kopert, zadnych komplikacji.. Jestem pewna ze to delikatnosc klimatu Florydy lagodzi tutejsze obyczaje. Jestem pewna ze egzamin nowojorski wyciska siodme poty z ochotnikow.<\/p>\n<p>System jest punktowy, odpowiednia ilosc utraconych punktow wyrzuca cie z gry i trzeba podchodzic od nowa. Nie w tym samym dniu, ale nazajutrz&#8230; jesli taka twoja wola. Nikt nie zmusza nikogo do przesiadania sie do nieznanego samochodu, gdzie prawdopodobienstwo bledu sie zwieksza.. Na egzamin przyjechac trzeba wlasnym lub pozyczonym samochodem.. Z waznymi dokumentami ubezpieczeniowymi i wazna rejestracja.. Moze to byc kazdy typ samochodu osobowego.. niezaleznie czy posiada on automatyczna skrzynie biegow czy nie.. Wiekszosc amerykanow nigdy w zyciu nie miala okazji prowadzic samochodu z reczna skrzynia biegow.. Po co? Na co komu takie utrudnienie.. Obilo mi sie tylko o uszy ze ten kto zdawal prawo jazdy w samochodzie z automatyczna skrzynia biegow, nie moze prowadzic innego typu samochodu.. Ale gdzie to jest napisane pytam? Zadnej wzmianki nie ma na malej karcie prawa jazdy ktore jest jednoczesnie twoim dokumentem tozsamosci.<\/p>\n<p>Zdawalam jak wariat w naszej toyocie zaden tam automatyk. Nie mielismy wtedy jeszcze automatycznego vana.. Przyznaje ze szybko sie czlowiek przyzwyczaja do wygody i wychodzi ze wprawy.. Dzis ciezko mi sie przesiasc na reczna skrzynie biegow, choc jest ta przyjemnosc&#8230; wiekszej kontroli nad samochodem&#8230; Automatyk wyluzowuje&#8230; Miescie odpoczywaja, lewa noga sie nudzi lub dretwieje.. Zatrzymanie na swiatlach na jakkolwiek skierowanej pochylosci nie jest problemem.. Luz blues..<\/p>\n<p>&nbsp;<\/p>\n<p>Rozgadalam sie .. tylko tego by powiedziec ze dostalam w koncu prawo jazdy florydzkie.. latwo, za jakie dziesiec dolarow z tego co pamietam&#8230; Oplata tylko za dokument, egzaminy sa przeciez bezplatne.. W sumie i tak.. Obecnie zauwazylam ze testy robione sa jedynie na komputerach.. Oszczedzaja wiec i na papierze he he&#8230; Jezdze po malym miescie Pensacoli, swobodnie&#8230; zadnych korkow. Zasada kto pierwszy ten lepszy na rownorzednym skrzyzowaniu (cztery znaki stopu) przyswoila mi sie automatycznie ( dla niewtajemniczonych \u2013 na tym skrzyzowaniu kazdy ma znak stopu , kto pierwszy podjechal do skrzyzowania, ten ma pierwszenstwo ruchu.. ) Cale to niewielkie przeciez miasto wyposazone jest w swiatla na kazdym wiekszym skrzyzowaniu.. Pelny zestaw swiatel.. strzalki dla skrecajacych w lewo oraz ostrzezenia \u2013 zakaz skretu w lewo na czerwonym.. Niby kazdy wie.. ale moze zapomnial..<\/p>\n<p>Czego sie nie zrobi aby zmiejszych ilosc wypadkow i uprzedzic ewentualne konsekwencie glupoty niewiedzi i zapomnienia..<\/p>\n<p>Kocham za to Ameryke.. Sa rzeczy w ktorych sprowadza wszystkich obywateli do jednego poziomu&#8230;<\/p>\n<p>&nbsp;<\/p>","protected":false},"excerpt":{"rendered":"<p>Prawo jazdy&#8230; W wielu podej\u015bciach zdawa\u0142am test. Test po angielsku, bo mimo dobrych checi pana policjanta najblizsza polskiej wersji jezykowej [&hellip;]<\/p>","protected":false},"author":2,"featured_media":0,"parent":0,"menu_order":0,"comment_status":"closed","ping_status":"closed","template":"","meta":{"_bbp_topic_count":0,"_bbp_reply_count":0,"_bbp_total_topic_count":0,"_bbp_total_reply_count":0,"_bbp_voice_count":0,"_bbp_anonymous_reply_count":0,"_bbp_topic_count_hidden":0,"_bbp_reply_count_hidden":0,"_bbp_forum_subforum_count":0,"_uag_custom_page_level_css":"","footnotes":""},"class_list":["post-4912","page","type-page","status-publish","hentry"],"spectra_custom_meta":{"_edit_lock":["1598290080:2"],"_edit_last":["2"],"_wp_page_template":["default"],"_uag_page_assets":["a:9:{s:3:\"css\";s:0:\"\";s:2:\"js\";s:0:\"\";s:18:\"current_block_list\";a:0:{}s:8:\"uag_flag\";b:0;s:11:\"uag_version\";s:10:\"1775454065\";s:6:\"gfonts\";a:0:{}s:10:\"gfonts_url\";s:0:\"\";s:12:\"gfonts_files\";a:0:{}s:14:\"uag_faq_layout\";b:0;}"]},"uagb_featured_image_src":{"full":false,"thumbnail":false,"medium":false,"medium_large":false,"large":false,"1536x1536":false,"2048x2048":false,"trp-custom-language-flag":false,"illdy-blog-list":false,"illdy-widget-recent-posts":false,"illdy-blog-post-related-articles":false,"illdy-front-page-latest-news":false,"illdy-front-page-testimonials":false,"illdy-front-page-projects":false,"illdy-front-page-person":false},"uagb_author_info":{"display_name":"Joanna Choluj","author_link":"http:\/\/joannacholuj.pl\/en\/blog\/author\/joannacholuj\/"},"uagb_comment_info":0,"uagb_excerpt":"Prawo jazdy&#8230; W wielu podej\u015bciach zdawa\u0142am test. Test po angielsku, bo mimo dobrych checi pana policjanta najblizsza polskiej wersji jezykowej [&hellip;]","_links":{"self":[{"href":"http:\/\/joannacholuj.pl\/en\/wp-json\/wp\/v2\/pages\/4912"}],"collection":[{"href":"http:\/\/joannacholuj.pl\/en\/wp-json\/wp\/v2\/pages"}],"about":[{"href":"http:\/\/joannacholuj.pl\/en\/wp-json\/wp\/v2\/types\/page"}],"author":[{"embeddable":true,"href":"http:\/\/joannacholuj.pl\/en\/wp-json\/wp\/v2\/users\/2"}],"replies":[{"embeddable":true,"href":"http:\/\/joannacholuj.pl\/en\/wp-json\/wp\/v2\/comments?post=4912"}],"version-history":[{"count":1,"href":"http:\/\/joannacholuj.pl\/en\/wp-json\/wp\/v2\/pages\/4912\/revisions"}],"predecessor-version":[{"id":4913,"href":"http:\/\/joannacholuj.pl\/en\/wp-json\/wp\/v2\/pages\/4912\/revisions\/4913"}],"wp:attachment":[{"href":"http:\/\/joannacholuj.pl\/en\/wp-json\/wp\/v2\/media?parent=4912"}],"curies":[{"name":"wp","href":"https:\/\/api.w.org\/{rel}","templated":true}]}}