{"id":4895,"date":"2020-08-24T19:21:47","date_gmt":"2020-08-24T17:21:47","guid":{"rendered":"http:\/\/joannacholuj.pl\/?page_id=4895"},"modified":"2020-08-24T19:21:47","modified_gmt":"2020-08-24T17:21:47","slug":"usa-3","status":"publish","type":"page","link":"http:\/\/joannacholuj.pl\/en\/usa-3\/","title":{"rendered":"USA 3"},"content":{"rendered":"<p>\u015aroda, 8 sierpnia,<\/p>\n<p>&nbsp;<\/p>\n<p>Czy moge opowiedzie\u0107 ci jeszcze jeden sen? Nie chce ci\u0119 jednak zanudza\u0107. Opowiem mo\u017ce w skr\u00f3cie. Sen sam w sobie zdaje mi si\u0119 by\u0142 sp\u00f3jny i do\u015b\u0107 szybko przemkn\u0105\u0142 mi przed oczyma we \u015bnie. .. Ale dlaczego w\u0142a\u015bciwie tak wiele miewam teraz sn\u00f3w je\u015bli wcze\u015bniej nigdy ich nie pamieta\u0142am&#8230; Za d\u0142ugo \u015bpi\u0119?<\/p>\n<p>Ot\u00f3\u017c \u015bnilo mi si\u0119, (tylko szszaaa, nie trzeba m\u00f3wi\u0107 mojemu m\u0119\u017cczyxnie) \u017ce mia\u0142am dzicko. Pominiety zn\u00f3w nieoczekiwanie \u0142agodnie okres narodzin. Pamietam, \u017ce by\u0142am we snie czym\u015b bardzo zaj\u0119ta. Ja, zapracowana osoba, ciagle gdzie\u015b bieg\u0142am, zostawiaj\u0105c to biedne dziecko u znajomych lub rodziny (w co na jawie tudno mi jest uwierzy\u0107!). Pamii\u0119tam poszukiwania najniezb\u0119dniejszych cz\u0119sci garderoby i odwiedziny w sklepach dawno ju\u017c zamknietych, bo po godzinach ich pracy, i ca\u0142owanie klamki z zawodem. I pami\u0119tam.. jak nieoczekiwanie po jednej z jak mi si\u0119 zdawa\u0142o jednodziennych roz\u0142ak z dzieckiem, gdy je odnalaz\u0142am na nowo \u2013 by\u0142o ju\u017c a ca\u0142lkiem du\u017ce i m\u00f3wi\u0142o do mnie bez ustanku z wyrzutem o tym jak t\u0119skni\u0142o za mn\u0105. Pe\u0142ne bylo energiii i rado\u015bci. Wygadana du\u017ca dziwczynka. Nieoczekiwanie podobna do mojej chrze\u015bnicy blondynki! Cho\u0107 jako male\u0144stwo, we wcze\u015bniejszej cz\u0119sci snu mia\u0142a ciemne oczy i w\u0142osy. Cieszy\u0142am si\u0119 w\u00f3wczas \u017ce tak bardzo jest podobna do mojego ukochanego&#8230; Tej nocy, przed zasni\u0119ciem on opowiada\u0142 mi te\u017c w\u0142asny sen, w kt\u00f3rym mnie po\u015blubia\u0142, i w kt\u00f3rym mielismy w chwil\u0119 p\u00f3xniej dzieci. Zadziwiaj\u0105ca zbiezno\u015b\u0107. Nota bene \u2013 ja nie chc\u0119 mie\u0107 jeszcze dzieci! Tam, na g\u00f3rze , je\u015bli mnie s\u0142yszysz, prosz\u0119 nie dopu\u015b\u0107..<\/p>\n<p>Powiedz mi, przyjacielu, czy ty wierzysz w Boga? Czy wierzysz w konieczno\u015b\u0107 wychowania w religii, wychowania w \u015brodowisku uznaj\u0105cym pewne okre\u015blone zasady moralne? Ja wierze, lecz widz\u0119 jak szalenie poplatane jest moje zycie, jak daleko oddali\u0142am si\u0119 od wyznawanych wcze\u015bniej zasad religii, cho\u0107 .. zachowa\u0142am zasady moralne. To jest dla mnie wartosciowe. To odnajduj\u0119 r\u00f3wnie\u017c w innych religiach.<\/p>\n<p>Wok\u00f3\u0142 mnie pojawiali si\u0119 w r\u00f3\u017cnych czasach ludzie, kt\u00f3rym bliska by\u0142a nie moja wiara, katolicyzm, lecz inne wyznanie. Mam przyjaci\u00f3\u0142, kt\u00f3rzy s\u0105 prawos\u0142awnymi, protestantami (praktykuj\u0105cymi i niepraktykuj\u0105cymi \u2013 cokolwiek by to s\u0142owo znaczy\u0142o), katolikami wyznawcami ko\u015bcio\u0142a przedsoborowego, kt\u00f3rych niekt\u00f3rzy uwazaj\u0105 za sekte (!), muzu\u0142manami. Wszyscy w jednakowym du\u017cym stopniu zwracaja uwage na wychowanie dzieci w zasadach ich religii. Dziewczynka ze snu, \u201emoje dziecko\u201d \u2013 moja chrzesnica, w rzeczywisto\u015bci nalezy do ko\u015bcio\u0142a przedsoborowego. Potrafi mi bezb\u0142ednie wy\u0142ozy\u0107 zasady swojej wiary i wyrecytowac po \u0142acinie szereg modlitw i spora cz\u0119\u015b\u0107 mszy, kt\u00f3ra odbywa si\u0119 w tym w\u0142a\u015bnie jezyku.<\/p>\n<p>Dzieci zawsze w jaki\u015b spos\u00f3b uczestnicz\u0105 w ceremoniach religijnych. Nigdy nie zapomn\u0119 naszego Bo\u017cego Cia\u0142a w Polsce. Procesji porannej, sypania kwiat\u00f3w przed Chrystusem w Hostii, noszenia r\u00f3\u017ca\u0144ca i ozdobnych poduszek. W bia\u0142ych sukienkach od pierwszej komunii \u015bwietej. Wyrasta\u0142am w takich otoczeniu. Trudno jest mi wi\u0119c, przyznaje, poj\u0105\u0107 istot\u0119 uczestnictwa w modlitwach islamu. Nie dane mi bylo cho\u0107by zajrze\u0107 na chwil\u0119 do sali gdzie przebywali m\u0119\u017cczy\u017ani \u2013 w\u0142a\u015bciwej cz\u0119\u015bci \u015bwiatyni. Mog\u0142am wej\u015b\u0107 jedynie do cz\u0119\u015bci przeznaczonej dla kobiet. Moglam pozosta\u0107 tam przez ca\u0142y okres trwania modlitw i mog\u0142am za\u0142o\u017cy\u0107 chustk\u0119 na g\u0142ow\u0119, aby nie prowokowa\u0107 za bardzo zainteresowanych spojrze\u0144 kobiet (i tak moje wej\u015bcie przyciagn\u0142e\u0142o liczne \u017arenice zaciekawionych pa\u0144 \u2013 przyznajmy , jestem bia\u0142a, moja uroda nawet nie zbli\u017ca si\u0119 do hinduskiej ani arabskiej \u2013 po prostu zjawisko).<\/p>\n<p>One siedzia\u0142y w pewnym rozsypaniu i chosie, ka\u017cda gdzie\u015b pod \u015bcian\u0105. Ka\u017cda niemal przygarnia\u0142a do siebie wi\u0119ksze lub mniejsze dziecko. Cz\u0119\u015b\u0107 dzieci po prostu bawi\u0142a si\u0119 na \u015brodku sali, wy\u0142o\u017conej dywanem, zabawkami odnalezionymi bez trudu pod szerokim sto\u0142em przy zas\u0142onietym oknie. Niestety nie potrafi\u0119 powiedzie\u0107 jak wygl\u0105da stara z tradycjami i ciekaw\u0105 archotektur\u0105 \u015bwiatynia muzu\u0142ma\u0144ska. Ta, w kt\u00f3rej by\u0142am \u2013 zaimprowizowana by\u0142a w prostym budynku w ten spos\u00f3b, \u017ce jeden wi\u0119kszy spo\u015br\u00f3d jej pokoi sta\u0142 si\u0119 cz\u0119\u015bci\u0105 \u015bwiatynn\u0105 dla m\u0119\u017cczyzn , drugi \u2013 skromniejszy i mniejszy \u2013 dla kobiet. \u017badnych ozd\u00f3b, podobno w \u017cadnej z przedzielonych cz\u0119\u015bci. Nic, co przypomina\u0142o by mi znany mi o\u0142tarz. \u017badnych wizerunk\u00f3w Boga. Nic. Jakby puste, ogo\u0142ocone z mebli i ozd\u00f3b, surowe mieszkanie.. Tylko dzieci i kobiety w rozmaitych bogatych strojach w stylu arabskim, murzy\u0144skim i hinduskim dodawa\u0142y uroku temu miejscu. I barwa niezrozumia\u0142ego dla mnie j\u0119zyka, w kt\u00f3rym wypowiadane by\u0142y s\u0142owa modlitw i nauk.<\/p>\n<p>A je\u015bli kiedykolwiek b\u0119dziemy mie\u0107 dzieci, mow do nich po polsku \u2013 prosi\u0142 mnie ju\u017c po raz kolejny m\u00f3j chlopak. B\u0119d\u0119. Na pewno. Jaki to jednak by\u0142by mix kulturowy! Ale dizeci lepiej si\u0119 odnajduj\u0105 w mieszanym \u015brodowisku ni\u017c doro\u015bli, lepiej niz my rozumiej\u0105 drobne i du\u017ce r\u00f3znice kulturowe. Przesadzam? Och, to s\u0105 moje nadzieje i mo\u017ce z\u0142udzenia. Nie musisz mnie ich pozbawia\u0107 , prawda?<\/p>\n<p>&nbsp;<\/p>\n<p>Mimo wszystko ci\u0119 ca\u0142uj\u0119. Ch\u0142odno. Dzie\u0144 ch\u0142odny. Tylko trzydzie\u015bci stopni Celsjusza.<\/p>\n<p>&nbsp;<\/p>\n<p>Maria<\/p>\n<p>&nbsp;<\/p>\n<p>&nbsp;<\/p>","protected":false},"excerpt":{"rendered":"<p>\u015aroda, 8 sierpnia, &nbsp; Czy moge opowiedzie\u0107 ci jeszcze jeden sen? Nie chce ci\u0119 jednak zanudza\u0107. Opowiem mo\u017ce w skr\u00f3cie. [&hellip;]<\/p>","protected":false},"author":2,"featured_media":0,"parent":0,"menu_order":0,"comment_status":"closed","ping_status":"closed","template":"","meta":{"_bbp_topic_count":0,"_bbp_reply_count":0,"_bbp_total_topic_count":0,"_bbp_total_reply_count":0,"_bbp_voice_count":0,"_bbp_anonymous_reply_count":0,"_bbp_topic_count_hidden":0,"_bbp_reply_count_hidden":0,"_bbp_forum_subforum_count":0,"_uag_custom_page_level_css":"","footnotes":""},"class_list":["post-4895","page","type-page","status-publish","hentry"],"spectra_custom_meta":{"_edit_lock":["1598289617:2"],"_edit_last":["2"],"_wp_page_template":["default"],"_uag_page_assets":["a:9:{s:3:\"css\";s:0:\"\";s:2:\"js\";s:0:\"\";s:18:\"current_block_list\";a:0:{}s:8:\"uag_flag\";b:0;s:11:\"uag_version\";s:10:\"1775454065\";s:6:\"gfonts\";a:0:{}s:10:\"gfonts_url\";s:0:\"\";s:12:\"gfonts_files\";a:0:{}s:14:\"uag_faq_layout\";b:0;}"]},"uagb_featured_image_src":{"full":false,"thumbnail":false,"medium":false,"medium_large":false,"large":false,"1536x1536":false,"2048x2048":false,"trp-custom-language-flag":false,"illdy-blog-list":false,"illdy-widget-recent-posts":false,"illdy-blog-post-related-articles":false,"illdy-front-page-latest-news":false,"illdy-front-page-testimonials":false,"illdy-front-page-projects":false,"illdy-front-page-person":false},"uagb_author_info":{"display_name":"Joanna Choluj","author_link":"http:\/\/joannacholuj.pl\/en\/blog\/author\/joannacholuj\/"},"uagb_comment_info":0,"uagb_excerpt":"\u015aroda, 8 sierpnia, &nbsp; Czy moge opowiedzie\u0107 ci jeszcze jeden sen? Nie chce ci\u0119 jednak zanudza\u0107. Opowiem mo\u017ce w skr\u00f3cie. [&hellip;]","_links":{"self":[{"href":"http:\/\/joannacholuj.pl\/en\/wp-json\/wp\/v2\/pages\/4895"}],"collection":[{"href":"http:\/\/joannacholuj.pl\/en\/wp-json\/wp\/v2\/pages"}],"about":[{"href":"http:\/\/joannacholuj.pl\/en\/wp-json\/wp\/v2\/types\/page"}],"author":[{"embeddable":true,"href":"http:\/\/joannacholuj.pl\/en\/wp-json\/wp\/v2\/users\/2"}],"replies":[{"embeddable":true,"href":"http:\/\/joannacholuj.pl\/en\/wp-json\/wp\/v2\/comments?post=4895"}],"version-history":[{"count":1,"href":"http:\/\/joannacholuj.pl\/en\/wp-json\/wp\/v2\/pages\/4895\/revisions"}],"predecessor-version":[{"id":4896,"href":"http:\/\/joannacholuj.pl\/en\/wp-json\/wp\/v2\/pages\/4895\/revisions\/4896"}],"wp:attachment":[{"href":"http:\/\/joannacholuj.pl\/en\/wp-json\/wp\/v2\/media?parent=4895"}],"curies":[{"name":"wp","href":"https:\/\/api.w.org\/{rel}","templated":true}]}}