{"id":4891,"date":"2020-08-24T19:19:42","date_gmt":"2020-08-24T17:19:42","guid":{"rendered":"http:\/\/joannacholuj.pl\/?page_id=4891"},"modified":"2020-08-24T19:19:42","modified_gmt":"2020-08-24T17:19:42","slug":"usa-2","status":"publish","type":"page","link":"http:\/\/joannacholuj.pl\/en\/usa-2\/","title":{"rendered":"USA 2"},"content":{"rendered":"<p>Poniedzia\u0142ek, 13 sierpnia,<\/p>\n<p>&nbsp;<\/p>\n<p>Przyjacielu, w Ameryce nie musisz by\u0107 bogaty, ale musisz mie\u0107 samoch\u00f3d. Nie jest to tak duzy wydatek. Okazuje sie w chwil\u0119 potem jednak, \u017ce ubezpieczenie jest drogie.<\/p>\n<p>Podobno. Zreszta ja nie o tym.. Jesli kogos ciekawi ile rzeczywiscie ubezpieczenie kosztuje prosze zadzwonic do .. chocby Geico.. Popularnej obecnie agencji ubezpieczeniowej.. Reklamuje ich w telewizji ten dziwolag gad &#8230; ktorego nazwy polskiej nie pamietam..<\/p>\n<p>Sama samochodu w\u0142asnego jeszcze nie mam. Nied\u0142ugo. Jezdze samochodem mojego mezczyzny.<\/p>\n<p>Ubezpiecza sie kazdego przypuszczalnego kierowce danego samochodu. To znaczy, ze ja, choc tylko od czasu do czasu prowadze woz partnera, mimo wszysko jestem wpisana jako \u201edrugi kierowca\u201d w dokumentach polisy ubezpieczeniowej. Prawo jednak pozwala na sporadyczne prowadzenie twojego samochodu przez osobe trzecia .. z rodziny lub z poza rodziny. Przepisy nie sa tak drastyczne jak dajmy na to na Bialorusi, gdzie tylko wlasciciel (papiery zawsze nosic trzeba przy sobie!) ma prawo prowadzic swoj samochod. Zadna tam matka ojciec maz zona! Tylko wlasciciel. Wow!.. zakrzykna zdziwienie Amerykanie.<\/p>\n<p>\u017bycie w Ameryce lekkie jest dla tych, kt\u00f3rzy jakis czteroko\u0142owy \u015brodek transportu posiadaj\u0105. Poczatkowo ze zdumieniem spogl\u0105da\u0142am na Amerykan\u00f3w udaj\u0105cych si\u0119 do po\u0142o\u017conego o kilkadziesiat metr\u00f3w od ich domu supermarketu. Sama jednak po kilku tygodniach nabra\u0142am podobnych nawyk\u00f3w. Tym bardziej, \u017ce czu\u0142am si\u0119 jak wyrzutek spo\u0142ecze\u0144stwa, obserwowana podczas marszu brzegiem drogi (brak chodnik\u00f3w, na prowincji brak chodnik\u00f3w !) przez przeje\u017cd\u017cajacych kierowc\u00f3w. A przeciez kilkadziesiat metr\u00f3w przejecha\u0107 samochodem po chleb, kt\u00f3ry nie wa\u017cy przezciez tony, wyadawa\u0142o mi si\u0119 czystym skar\u0142owaceniem i nienaturalno\u015bci\u0105. Podobnie w innej sytuacji. Ot\u00f3\u017c od parku i basenu publicznego dzieli\u0142o m\u00f3j dom mo\u017ce pi\u0119\u0107set metr\u00f3w. Stwierdzi\u0142am, \u017ce jest to \u015bwietna okazja do spaceru. Stwierdzilam to tylko raz. Po tym jak pewien kierowca zawzi\u0119cie tr\u0105bi\u0105cy na mnie z daleka (moze szlam za blisko drogi? Trzy metry.. moze zbyt jaskrawa mialam sukienke i wzieto mnie za&#8230; Wlasnie, uwaga panie \u2013 kobieta kroczaca brzegiem drogi nie jest zadna miara Bogu ducha winnym spacerowiczem..lecz wiadomo kim!) i, mia\u0142am wra\u017cenie, pr\u00f3buj\u0105cy mnie z cich\u0105 przyjemno\u015bci\u0105 rozjecha\u0107, nie pr\u00f3bowa\u0142am wybierac si\u0119 nigdzie na piechot\u0119, je\u015bli nie by\u0142am do tego zmuszona .<\/p>\n<p>Jednak ja o drive thru.. \u00a0Cudowny wynalazek leniwych Amerykancow. Drive thru posiadaja przede wszystkim osrodki zywieniowe. Nie tylko slynny u nas MacDonald i znane tu inne fastfoody, ale najpodlejszy nawet bar bedzie mial skromny bo skromny, ale jednak drive thru.. Czyli \u201ewjezdzalnie\u201d. Czyli specjalny tor przeszkod z malym gadajacym billboardem na poczatka i okienkiem na koncu gdzie mozna nie wysiadajac z samochodu zamowic , zaplacic i odebrac pozywienie&#8230; Sa i innego typu drive thru \u2013 wjezdza sie w odpowiednie miejsce parkingowe z osobista dla ciebie maszyna gadajaca \u2013 i zamawia to co wola.. Jedzonko przynosza ci na na tacy do samochodu. Mniej leniwi moga wysiasc z samochodu i usadowic sie przy stolikach na tarasie restauracji szybkiego zywienia..<\/p>\n<p>Ja jednak przede wszystkim cenie banki drive thru.. malo powiedziane, ja je kocham.. Dlaczego nie mamy ich jeszcze w polsce?? Taka oszczednosc czasu.. Nikt nie zmusza nikog do stania w kilometrowej kolejce (choc przy ilosci bankow w USA i w malym miescie jak pensacola i tak niemal nie istnieja kolejki..). Transakcje szybkie jak wplacenie pieniedzy na konto, depozyt i tym podobne zalatwia sie wlasnie przez drive thru&#8230; Podjezdzasz, wrzucasz cash czy czek do szufladki lub specjalnej butelki, pani po drugiej stronie sprawnie wydaje ci po kilku minutach poswiadczenie. Oczywiscie kazdy bank ma swoj jeden lub kilka bankomatow drive thru&#8230;<\/p>\n<p>Chyba ze ktos musi zrobic transfer gotowki &#8230; miedzynarodowy.. Insza inszosc.. Ale od czasu do czasu to juz nawet wypada pojsc i pogadac z pania czy panem z banku.. W koncu nie codziennie robi sie takie operacje wiec mozna sie pofatygowac.. A ludzie banku sa zawsze mili i uczynni.. Business to business..<\/p>","protected":false},"excerpt":{"rendered":"<p>Poniedzia\u0142ek, 13 sierpnia, &nbsp; Przyjacielu, w Ameryce nie musisz by\u0107 bogaty, ale musisz mie\u0107 samoch\u00f3d. Nie jest to tak duzy [&hellip;]<\/p>","protected":false},"author":2,"featured_media":0,"parent":0,"menu_order":0,"comment_status":"closed","ping_status":"closed","template":"","meta":{"_bbp_topic_count":0,"_bbp_reply_count":0,"_bbp_total_topic_count":0,"_bbp_total_reply_count":0,"_bbp_voice_count":0,"_bbp_anonymous_reply_count":0,"_bbp_topic_count_hidden":0,"_bbp_reply_count_hidden":0,"_bbp_forum_subforum_count":0,"_uag_custom_page_level_css":"","footnotes":""},"class_list":["post-4891","page","type-page","status-publish","hentry"],"spectra_custom_meta":{"_edit_lock":["1598289555:2"],"_edit_last":["2"],"_wp_page_template":["default"],"_uag_page_assets":["a:9:{s:3:\"css\";s:0:\"\";s:2:\"js\";s:0:\"\";s:18:\"current_block_list\";a:0:{}s:8:\"uag_flag\";b:0;s:11:\"uag_version\";s:10:\"1775454065\";s:6:\"gfonts\";a:0:{}s:10:\"gfonts_url\";s:0:\"\";s:12:\"gfonts_files\";a:0:{}s:14:\"uag_faq_layout\";b:0;}"]},"uagb_featured_image_src":{"full":false,"thumbnail":false,"medium":false,"medium_large":false,"large":false,"1536x1536":false,"2048x2048":false,"trp-custom-language-flag":false,"illdy-blog-list":false,"illdy-widget-recent-posts":false,"illdy-blog-post-related-articles":false,"illdy-front-page-latest-news":false,"illdy-front-page-testimonials":false,"illdy-front-page-projects":false,"illdy-front-page-person":false},"uagb_author_info":{"display_name":"Joanna Choluj","author_link":"http:\/\/joannacholuj.pl\/en\/blog\/author\/joannacholuj\/"},"uagb_comment_info":0,"uagb_excerpt":"Poniedzia\u0142ek, 13 sierpnia, &nbsp; Przyjacielu, w Ameryce nie musisz by\u0107 bogaty, ale musisz mie\u0107 samoch\u00f3d. Nie jest to tak duzy [&hellip;]","_links":{"self":[{"href":"http:\/\/joannacholuj.pl\/en\/wp-json\/wp\/v2\/pages\/4891"}],"collection":[{"href":"http:\/\/joannacholuj.pl\/en\/wp-json\/wp\/v2\/pages"}],"about":[{"href":"http:\/\/joannacholuj.pl\/en\/wp-json\/wp\/v2\/types\/page"}],"author":[{"embeddable":true,"href":"http:\/\/joannacholuj.pl\/en\/wp-json\/wp\/v2\/users\/2"}],"replies":[{"embeddable":true,"href":"http:\/\/joannacholuj.pl\/en\/wp-json\/wp\/v2\/comments?post=4891"}],"version-history":[{"count":1,"href":"http:\/\/joannacholuj.pl\/en\/wp-json\/wp\/v2\/pages\/4891\/revisions"}],"predecessor-version":[{"id":4892,"href":"http:\/\/joannacholuj.pl\/en\/wp-json\/wp\/v2\/pages\/4891\/revisions\/4892"}],"wp:attachment":[{"href":"http:\/\/joannacholuj.pl\/en\/wp-json\/wp\/v2\/media?parent=4891"}],"curies":[{"name":"wp","href":"https:\/\/api.w.org\/{rel}","templated":true}]}}