{"id":4867,"date":"2020-08-24T18:56:29","date_gmt":"2020-08-24T16:56:29","guid":{"rendered":"http:\/\/joannacholuj.pl\/?page_id=4867"},"modified":"2020-08-24T18:56:29","modified_gmt":"2020-08-24T16:56:29","slug":"maria-magdalena-3","status":"publish","type":"page","link":"http:\/\/joannacholuj.pl\/en\/maria-magdalena-3\/","title":{"rendered":"Maria Magdalena 3"},"content":{"rendered":"<p><center><b>W upalnej Prowansji, u st\u00f3p rzysmkiego koloseum zwanego arenami, owiany mistralem, zmierza\u0142em na spotkanie niepozornego, zgarbionego odrobin\u0119, lecz sympatycznego Francuza..<\/b><\/center>&#8211; &#8230;..A przecie\u017c zwi\u0105zek ten zdawa\u0142 sie by\u0107 trwa\u0142y. Rok.. Byli\u015bmy razem rok, mo\u017ce komu\u015b dziwne wydaje si\u0119 bycie razem gdy mieszka jedno we Francji drugie w Polsce. Dla nas to by\u0142o naturalne. Okres przej\u015bciowy&#8230;- Lucas nie m\u00f3g\u0142 si\u0119 przyzwyczai\u0107 do migaj\u0105cego \u015bwiat\u0142a, kt\u00f3re odbija\u0142o si\u0119 lustrze na wprost niego. Stara\u0142 si\u0119 skupi\u0107 uwag\u0119 na s\u0142owach Andr\u00e9. Stara\u0142 si\u0119 zapamieta\u0107 t\u0119 wychud\u0142a twarz, sk\u0105py zarost na brodzie, wydatne usta, i te oczy, ciemne chyba piwne oczy, kt\u00f3re niezale\u017cnie od tematu opowie\u015bci i sytuacji jeden tylko potrafi\u0142y przybiera\u0107 wyraz \u017calu i rozczarowania.. Jak przez mg\u0142e dociera\u0142y zn\u00f3w do uszu Lucasa s\u0142owa m\u00f3wi\u0105cego Francuza..\u00a0 &#8211;\u00a0 A jednak czu\u0142em jak wymykaja si\u0119 jej z r\u0105k wyznawane dotychczas zasady twarde i stanowcze religii, kt\u00f3ra wyznawa\u0142a. Liberalna Francja, jak m\u00f3wi\u0142a, jej zwyczaje, roz\u0142\u0105ka roczna z Polsk\u0105 sprawi\u0142y, \u017ce odesz\u0142a od ortodoksji, kto(r)ej ho\u0142odwa\u0142a do tej pory&#8230; Ten brak chcia\u0142a intuicyjnie, z pewno\u015bci\u0105 jeszcze nie\u015bwiadomie, wype\u0142ni\u0107\u00a0 wiar\u0105 i zaufaniem i stanowcz\u0105, wiern\u0105\u00a0 postaw\u0105 wobec wybranego m\u0119\u017cczyzny&#8230; Tak- ha ha &#8211; to cytat z Madelaine, Magdy.. ona zawsze m\u00f3wi\u0142a &#8221; m\u00f3j m\u0119\u017cczyzna&#8221; &#8230; &#8211; hmm, nigdy w ten spos\u00f3b do mnie nie m\u00f3wi\u0142a &#8211; zainteresowa\u0142 si\u0119 Lucas..<br \/>\n-&#8230;Francja sama, w jej kulturze, nie dawa\u0142a jej zapewne oparcia.. Zn\u00f3w pami\u0119tam jak m\u00f3wi\u0142a &#8211; i nie wiem na ile to prawda &#8211; o rozbitych rodzinach, wczesnej samodzielnosvi dzieci, odrzuceniu wiary, liberalnym podej\u015bciu do zycia.. Wiara wyrasta\u0142a z jej edukacji, jej domowego wychowania. Tam by\u0142y \u017ar\u00f3d\u0142a. Nie by\u0142a, jak s\u0105dz\u0119, jedyn\u0105 Polka wychowan\u0105 w ten spos\u00f3b, to inni raczej, atei\u015bci, wolnomy\u015bl\u0105cy, odbiegali od wzoru.. Francja.. Przyje\u017cd\u017ca\u0142a co kilka miesi\u0119cy, mieszkalismy razem. Uparcie utrzymywa\u0142a, \u017ce jest katoliczk\u0105, praktykuj\u0105c\u0105.. Chodzi\u0142a do ko\u015bcio\u0142a, wierzy\u0142a.. wierzy\u0142em, \u017ce wierzy\u0142a. Hmm, a jednak czu\u0142em jak maleje jej pewno\u015b\u0107. Nie wiem, jak to odczuwa\u0142a, by\u0107 mo\u017ce tak, jakby traci\u0142a grunt pod nogami.. Uwielbia\u0142a Francj\u0119, by\u0142a w niej zakochana. My\u015bla\u0142em sobie \u017ce tak oto przeistacza o kszta\u0142tuje na nowo jej \u015bwiatopogl\u0105d liberalna Francja. O co zreszt\u0105 chodzi\u0142o? O powiedzenie sobie, \u017ce nie jest si\u0119 ju\u017c katoliczk\u0105? Sama chyba nie bardzo wiedzia\u0142a. Wierzy\u0142a wci\u0105\u017c w swojego Boga, lecz coraz bardzie jsceptycznie, odrzucaj\u0105c prawa tradycyjne ko\u015bcio\u0142a. Mysl\u0119, \u017ce pierwsza sprzeczno\u015b\u0107 w jej umy\u015ble, i pierwszy sprzeciw nast\u0105pi\u0142 w pocz\u0105tkach ju\u017c jej pobytu we Francji.. Nie znam dok\u0142adnie tej historii, nigdy w ca\u0142o\u015bci mi jej nie opowiedzia\u0142a, zreszt\u0105.. jakie ja mia\u0142em do tego prawo? Tam wi\u0119c, to bylo w 96 .. spotka\u0142a zdaje si\u0119 m\u0119\u017cczyzn\u0119, kt\u00f3ry pierwszy, szcze\u015bciarz &#8211; rozesmia\u0142 si\u0119 jako\u015b smutnawo &#8211; zdo\u0142a\u0142 przekona\u0107 j\u0105 o czystej mi\u0142o\u015bci i czystym cho\u0107 fizyucznym kontakcie, kt\u00f3ry mimo wszystko, z tego co opowiada\u0142a mi p\u00f3\u017aniej , odczuwa\u0142a jako niski, niegodny, grzeszny.. Ten facet by\u0142 pierwszym, z kt\u00f3rym wsp\u00f3\u0142\u017cy\u0142a seksualnie. &#8211; Andr\u00e9 zamilk\u0142. Lecz tylko na chwil\u0119<br \/>\n-Byli\u015bmy razem ponad rok. Rok wytrwale i zdecydowanie. .. To du\u017ce uproszczenie, mam nadziej\u0119, \u017ce mi Magda wybaczy, to tak jakby wierno\u015b\u0107 katoliczmowi, jego zasadom, w momencie, gdy stawa\u0142y si\u0119 zbyt sztywne na warunki francuskie, zast\u0119powa\u0142a wierno\u015bci\u0105 jedynemu kochanemu m\u0119zczy\u017anie, samemu idea\u0142owi mi\u0142o\u015bci. &#8230; Zdecydowanie.. Zdwa\u0142o jej si\u0119, \u017ce znalaz\u0142a to, czego szuka\u0142a, i szcz\u0119\u015bcie i cel w \u017cyciu&#8230; Trudno mi to m\u00f3wi\u0107, ale zdaje mi si\u0119, \u017ce Magda po prostu zmusi\u0142a siebie sam\u0105 do zaw\u0119\u017cenia perspektywy.. Chcia\u0142a by\u0107 przede wszystkim szcz\u0119sliwa ze mn\u0105.. dalej dopiero postrzega\u0142a studia, sw\u0105 ukochan\u0105 literatur\u0119 i badania lieterackie i doktorat i prac\u0119.. I ja uwierzy\u0142em, \u017ce b\u0119dzie szcz\u0119\u015bliwa w tak ustanowionej hierarchii rzeczy&#8230; Nies\u0142usznie.. Gdy powiedzia\u0142a mi o poznanym w polsce m\u0119\u017cczy\u017cnie, dostrzeg\u0142em jak ma\u0142o warta by\u0142a jej decyzja wierno\u015bci i jej zdecydowanie.. Czy ona w og\u00f3le my\u015bla\u0142a o tym, jak ja si\u0119 czu \u0142em &#8211; Lucas z niesmakiem obserwowa\u0142 zachowanie m\u00f3wi\u0105cego m\u0119\u017cczyzny, jego twarz wykrzywion\u0105 grymasem b\u00f3lu i \u017calu.. Jak bardzo musia\u0142 j\u0105 kochac.. Jak bardzo zdawa\u0142 si\u0119 jednak by\u0107 s\u0142aby.. Wrasta\u0142a niechcianie pogarda w oczach Lucasa.. s\u0142ucha\u0142 jednak dalej Andr\u00e9 staraj\u0105c si\u0119 nie ujawnia\u0107 swych uczuc.. &#8211; Porzuci\u0142a mnie, m\u0119\u017cczyzn\u0119 kt\u00f3rego dobrze zna\u0142a, kt\u00f3rego kocha\u0142a.. ile\u017c razy zapewnia\u0142a mnie po tym.. dla tego.. tego kogo\u015b, przygodnie poznanego faceta, pierwszego lepszego.. &#8211; Lucas czu\u0142 \u017ce Andre powstrzymuje w ustach potok wulgarnych epitet\u00f3w, kt\u00f3rymi ten mia\u0142 ochot\u0119 obrzuci\u0107 rywala.. Ha ha, gdyby Andre wiedzia\u0142 kim w rzeczywisto\u015bci jest on sam! Oczywi\u015bcie zawsze przedstawia\u0142 sie jako dziennikarz. .To by\u0142o wiarygodne.. Hmm, chocia\u017c.. kt\u00f3\u017c to? Pierre, tak.. i Marek od razu wykryli podst\u0119p. . Andre dalej snu\u0142 swoj\u0105 smutno cierpk\u0105 opowie\u015b\u0107, kt\u00f3ra powoli zamienia\u0142a si\u0119 ju\u017c w\u0142asciwie w skupisko domniema\u0144 i zapyta\u0144.. bez odpowiedzi&#8230;.Lucas nawet je\u015bli je zna\u0142, nie zamierza\u0142 zdradzi\u0107 si\u0119 ani s\u0142owem&#8230;<br \/>\n&#8211; Jaki on jest? Czym jej zaimponowa\u0142? Z pewno\u015bci\u0105 jest m\u0142odssy ode mnie, dobrze zbudowany, silny.. nie taki szczupak jak ja&#8230; &#8211; Lucas nie odzywa\u0142 si\u0119 ani s\u0142owem.. Nie wyprowadza\u0142 Andre z b\u0142edu, kt\u00f3ry by\u0142 przekonany, \u017ce Magda wci\u0105z jest\u00a0 z Pierrem&#8230; Rzeczywi\u015bcie wuidzia\u0142 ogromn\u0105 r\u00f3\u017cnic\u0119 mi\u0119dzy tymi dwoma m\u0119\u017cczyznami.. a jednak docenia\u0142 kobiece Magdy upodobanie do m\u0119skich delikatnych wra\u017cliwych charakter\u00f3w..jak ten, kt\u00f3ry posiada\u0142 Andre.<br \/>\nA co my\u015bla\u0142a o nim samym.. mo\u017ce nigdy ju\u017c nie mia\u0142 si\u0119 tego dowiedzie\u0107&#8230; Przecie\u017c nie wiedzia\u0142 nawet gdzie jest w tej chwili&#8230; Madelaine&#8230; Jak wyglada\u0142a.. Wiedzia\u0142 tylko, \u017ce wci\u0105z ma ten sw\u00f3j cudowny mi\u0142y uwodzicielski ciep\u0142y g\u0142os&#8230;<\/p>\n<p><center><b>Ona wci\u0105\u017c w Warszawie, z pami\u0119tnikiem Kornelii Marii w r\u0119ku&#8230;\u00a0<\/b><\/p>\n<p><\/center>&#8211; &#8230;.Czytam sobie dalej pami\u0119tniki Korelii Malczewskiej.. Wybacz, jesli ci\u0119 zanudzam.. Ale b\u0119de ci j\u0105 cytowa\u0107 co czas jakis. Odnalaz\u0142am moje alter ego w przesz\u0142o\u015bci, kobiet\u0119 kt\u00f3rej wra\u017cliwo\u015bc i do\u015bwiadczenia bliskie sa moim.. A wi\u0119c pos\u0142uchaj \u0142ukaszu (jako\u015b nie lubi\u0119 twojego Lucas.. no, sam wiesz..), bo to co ona m\u00f3wi ja my\u015bl\u0119, co ja my\u015bl\u0119, ona zapisa\u0142a.. Moja Kornelia Maria.. : &#8222;Nie potrafi\u0142am by\u0107 wierna.. A w\u0142a\u015bciwie nie, to nie tak&#8230; Ka\u017cdy nowopoznany m\u0119\u017cczyzna wzbudza\u0142 nadziej\u0119, zakochiwa\u0142am sie, by\u0142am wierna&#8230; Nie widzia\u0142am nikogo poza nim, lecz , to mija\u0142o i widzia\u0142am ju\u017c tylko jak wiele m\u00f3j ukochany mia\u0142 wad.. i nie potrafi\u0142am ich nie widzie\u0107 i denerwowa\u0142y mnie coraz bardziej.. Kochankowie, narzeczeni.. tych mo\u017cna by\u0142o porzuci\u0107&#8230; Kiedy jednak wysz\u0142am za m\u0105\u017c.. Przyrzek\u0142am przecie t\u0119 wierno\u015b\u0107. O Bo\u017ce, przyrzek\u0142am j\u0105 do \u015bmierci! I to wspomnienie wci\u0105\u017c wraca\u0142o i trwa\u0142a we mnie \u015bwiadomo\u015b\u0107 b\u0142\u0119du i grzechu&#8230; i wyrzuty sumnienia ile razy zakochiwa\u0142am si\u0119&#8230; jednocze\u015bnie nie przestaj\u0105c kocha\u0107 mojego m\u0119\u017ca&#8230;&#8221;<br \/>\nDlaczego wysz\u0142a\u015b za m\u0105\u017c, moja droga Kornelio? Wysz\u0142a za m\u0105\u017c maj\u0105c dwadziescia lat&#8230; ile ja mia\u0142am lat w\u00f3wczas, gdy my\u015bla\u0142am o ma\u0142\u017ce\u0144stwie z Andr\u00e9? Dwadziescia cztery? Nie tak dawno, min\u0119ly trzy lata, d\u0142ugie lata&#8230; Mam ich dwadzie\u015bcia siedem&#8230; I zapewne nie wypada mi ju\u017c kolejny raz odm\u00f3wi\u0107&#8230; kolejny raz odrzuci\u0107 oswiadczyny.. Robi\u0119 si\u0119 stara, ha ha! Czuj\u0119 si\u0119 stara&#8230; samotna.. Wyjd\u0119 za Hakana, b\u0119d\u0119 szcz\u0119\u015bliwa, nie b\u0119d\u0119 samotna, b\u0119d\u0119 mu wierna&#8230; tak jak ty, Kornelio.. b\u0119d\u0119 rozczarowana lecz wierna, jak ty, Kornelio&#8230;tak si\u0119 stanie, \u0141ukaszu..<\/p>","protected":false},"excerpt":{"rendered":"<p>W upalnej Prowansji, u st\u00f3p rzysmkiego koloseum zwanego arenami, owiany mistralem, zmierza\u0142em na spotkanie niepozornego, zgarbionego odrobin\u0119, lecz sympatycznego Francuza..&#8211; [&hellip;]<\/p>","protected":false},"author":2,"featured_media":0,"parent":0,"menu_order":0,"comment_status":"closed","ping_status":"closed","template":"","meta":{"_bbp_topic_count":0,"_bbp_reply_count":0,"_bbp_total_topic_count":0,"_bbp_total_reply_count":0,"_bbp_voice_count":0,"_bbp_anonymous_reply_count":0,"_bbp_topic_count_hidden":0,"_bbp_reply_count_hidden":0,"_bbp_forum_subforum_count":0,"_uag_custom_page_level_css":"","footnotes":""},"class_list":["post-4867","page","type-page","status-publish","hentry"],"spectra_custom_meta":{"_edit_lock":["1598288126:2"],"_edit_last":["2"],"_wp_page_template":["default"],"_uag_page_assets":["a:9:{s:3:\"css\";s:0:\"\";s:2:\"js\";s:0:\"\";s:18:\"current_block_list\";a:0:{}s:8:\"uag_flag\";b:0;s:11:\"uag_version\";s:10:\"1775454065\";s:6:\"gfonts\";a:0:{}s:10:\"gfonts_url\";s:0:\"\";s:12:\"gfonts_files\";a:0:{}s:14:\"uag_faq_layout\";b:0;}"]},"uagb_featured_image_src":{"full":false,"thumbnail":false,"medium":false,"medium_large":false,"large":false,"1536x1536":false,"2048x2048":false,"trp-custom-language-flag":false,"illdy-blog-list":false,"illdy-widget-recent-posts":false,"illdy-blog-post-related-articles":false,"illdy-front-page-latest-news":false,"illdy-front-page-testimonials":false,"illdy-front-page-projects":false,"illdy-front-page-person":false},"uagb_author_info":{"display_name":"Joanna Choluj","author_link":"http:\/\/joannacholuj.pl\/en\/blog\/author\/joannacholuj\/"},"uagb_comment_info":0,"uagb_excerpt":"W upalnej Prowansji, u st\u00f3p rzysmkiego koloseum zwanego arenami, owiany mistralem, zmierza\u0142em na spotkanie niepozornego, zgarbionego odrobin\u0119, lecz sympatycznego Francuza..&#8211; [&hellip;]","_links":{"self":[{"href":"http:\/\/joannacholuj.pl\/en\/wp-json\/wp\/v2\/pages\/4867"}],"collection":[{"href":"http:\/\/joannacholuj.pl\/en\/wp-json\/wp\/v2\/pages"}],"about":[{"href":"http:\/\/joannacholuj.pl\/en\/wp-json\/wp\/v2\/types\/page"}],"author":[{"embeddable":true,"href":"http:\/\/joannacholuj.pl\/en\/wp-json\/wp\/v2\/users\/2"}],"replies":[{"embeddable":true,"href":"http:\/\/joannacholuj.pl\/en\/wp-json\/wp\/v2\/comments?post=4867"}],"version-history":[{"count":1,"href":"http:\/\/joannacholuj.pl\/en\/wp-json\/wp\/v2\/pages\/4867\/revisions"}],"predecessor-version":[{"id":4868,"href":"http:\/\/joannacholuj.pl\/en\/wp-json\/wp\/v2\/pages\/4867\/revisions\/4868"}],"wp:attachment":[{"href":"http:\/\/joannacholuj.pl\/en\/wp-json\/wp\/v2\/media?parent=4867"}],"curies":[{"name":"wp","href":"https:\/\/api.w.org\/{rel}","templated":true}]}}