{"id":4858,"date":"2020-08-24T18:51:36","date_gmt":"2020-08-24T16:51:36","guid":{"rendered":"http:\/\/joannacholuj.pl\/?page_id=4858"},"modified":"2020-08-24T18:51:36","modified_gmt":"2020-08-24T16:51:36","slug":"amsterdam-moze-lepsze-formatowanie","status":"publish","type":"page","link":"http:\/\/joannacholuj.pl\/en\/amsterdam-moze-lepsze-formatowanie\/","title":{"rendered":"Amsterdam &#8211; mo\u017ce lepsze formatowanie"},"content":{"rendered":"<p><strong><em>.. <\/em><\/strong>Amsterdam zamokni\u0119ty w ka\u017cdym jego zak\u0105tku. Leje od kilku dni. Nie mam parasola. Pozostaje zaszy\u0107 si\u0119 w schronisku, barach, kawiarniach internetowych. Te ostatnie s\u0105 przepe\u0142nione. Oczekuj\u0105cy na miejsce przy pececie znajduj\u0105 tymczasow\u0105 miejsc\u00f3wk\u0119 przy barze. Atmosfera wilgotna. Schn\u0105 kurtki i parasole. Powietrze przesi\u0105kni\u0119te dymem papierosowym. Zapewne dlatego podszed\u0142 do mnie. Z daleka, w oparach dymu niew\u0105tpliwie wygl\u0105dam lepiej. \u2013 zachichota\u0142a nerwowo spogl\u0105daj\u0105c na s\u0142uchaj\u0105c\u0105 jej histori, niepewna reakcji.. Salima odpowiedzia\u0142a wymuszonym p\u00f3\u0142u\u015bmiechem.. Eh, za p\u00f3\u017ano by si\u0119 wycofywa\u0107.. ci\u0105gn\u0119\u0142a wi\u0119c dalej \u2013 On siad\u0142 obok i oto.. Znamy si\u0119 ju\u017c drugi dzie\u0144. Nie wiem co o tym s\u0105dzi\u0107. Co o nim s\u0105dzi\u0107. Jest bardzo mi\u0142y. S\u0142odki momentami. Zachowuje si\u0119 odmiennie ni\u017c m\u0119\u017cczy\u017ani do kt\u00f3rych sposobu bycia jestem przyzwyczajona. On, to takie zabawne i nieoczekiwane po\u0142aczenie ch\u0142opi\u0119co\u015bci, urwisowato\u015bci, szarmanctwa i m\u0119sko\u015bci. Co mam na my\u015bli.. Wystaw sobie taki ima\u017c : Kupuje mi r\u00f3\u017ce \u2013 sztuczne \u2013 kt\u00f3re gubi\u0119 niecelowo przy pierwszej okazji w barze chi\u0144skim. Kupuje mi r\u00f3\u017ce \u2013 \u017cywe \u2013 kt\u00f3re zachowuj\u0119 susz\u0119 i zamierzam zawie\u015b\u0107 w dobrym stanie do domu. Fetyszyzm. Wiem. W kawiarni \u2013 pora p\u00f3\u017ana \u2013 bezpardonowo k\u0142adzie g\u0142ow\u0119 na moim ramieniu (te pi\u0119kne kruczoczarne g\u0119ste w\u0142osy..) jednocze\u015bnie wyci\u0105gaj\u0105c nogi w czarnych butach i bia\u0142ych skarpetach na krze\u015ble przed sob\u0105. W\u0142\u00f3czy si\u0119 za mn\u0105 wsz\u0119dzie. Wodzi wzrokiem za moimi ustami oblizuj\u0105c wargi w taki spos\u00f3b \u017ce rzeczywi\u015bcie mam nieodpart\u0105 ochot\u0119 na poca\u0142unek, jednocze\u015bnie nie odrywa oczu od mojego biustu. \u2013 spojrza\u0142am na Salim\u0119. Blada jak \u015bciana. Opowiadaj\u0105c zapomnia\u0142am kim jest s\u0142uchaczka&#8230; Kontunuowa\u0142am wi\u0119c pr\u00f3buj\u0105c obr\u00f3ci\u0107 sytuacj\u0119 w \u017cart.. &#8211; Nie. Nie wiem czy to fizycznie mo\u017cliwe. Opisuj\u0119 w tej chwili moje wra\u017cenie nie fakty. Od\u0142\u00f3\u017c na bok logiczno-techniczne my\u015blenie. &#8211; &#8230;I m\u00f3wi mi, \u017ce mnie kocha w pierwszym dniu znajomo\u015bci. Proponuje noc w hotelu najdro\u017cszym w mie\u015bcie \u2013 nie wygl\u0105da\u0142 na \u201efaceta z fors\u0105\u201d \u2013 podejrzewaj\u0105c zapewne \u017ce odm\u00f3wi\u0119 nie daj\u0105c wiary jego zapewnieniom \u2013 spali\u015bmy oboje w niezbyt oddalonych od siebie schroniskach. Odm\u00f3wi\u0142am. Dla innych zupe\u0142nie powod\u00f3w. W ko\u0144cu zaprasza mnie na wypraw\u0119 wynaj\u0119tym mercedesem ( najlepszy silnik na \u015bwiecie..) gdzie oczy ponios\u0105, przed siebie, jak droga wiedzie, w nieznane.<\/p>\n<p>Nie jestem \u015bwi\u0119toszk\u0105. \u015awi\u0119toszk\u0105 w negatywnym tego s\u0142owa znaczeniu, ob\u0142udn\u0105 i pruderyjn\u0105. Nie jestem idiotk\u0105. Nie jestem dziewic\u0105. Wiedzia\u0142am co sta\u0107 si\u0119 mo\u017ce w trakcie lub u ko\u0144ca podr\u00f3\u017cy. Sami we dwoje. Ale uczucia by\u0142y i tak ju\u017c zm\u0105cone i powik\u0142ane. Mia\u0142am \u015bwi\u0119te postanowienie dochowa\u0107 wierno\u015bci wirtualnemu m\u0119\u017cczy\u017anie z Portugalii o imieniu Paulo- kt\u00f3rego zd\u0105\u017cy\u0142am ju\u017c zdradzi\u0107 z pewnym poznanym wcze\u015bniej Holendrem \u2013 ale czym by\u0142 wirtualny zwi\u0105zek wobec zapowiedzi rzeczywistego. Przyznaj\u0119, mia\u0142am nadziej\u0119, \u017ce ta znajomo\u015b\u0107 przerodzi si\u0119 w co\u015b ciekawego i niepowtarzalnego&#8230; Po kilku dwu dniach\u00a0 by\u0142o ju\u017c cudownie.. By\u0142am zakochana. Nie bez kozery. \u0141atwo kobiet\u0119 omami\u0107, m\u00f3wi\u0105 : Sheraton, Bruksela, wy\u015bmienite jedzenie, przytulny apartament i szerokie \u0142\u00f3\u017cko. I bardzo delikatny kochanek spe\u0142niaj\u0105cy prawie wszystkie moje zyczenia.<\/p>\n<p>Tego wi\u0119c dnia wci\u0105\u017c jestem zakochan\u0105 idiotk\u0105, mimo \u017ce przed chwil\u0105 wys\u0142ucha\u0142am rozmowy w obcym azjatyckim j\u0119zyku, z kt\u00f3rej zrozumia\u0142am tyle, \u017ce on jest \u017conaty. Po kilkunastu minutach wiedzia\u0142am wi\u0119cej \u2013 on jest \u017conaty i urodzi\u0142o mu si\u0119 w\u0142a\u015bnie drugie dziecko. Syn.<\/p>\n<p>&#8211; Czy to nie wspania\u0142a wiadomo\u015b\u0107.. \u2013 zapyta\u0142 wtedy podniecony a jego ciemne oczy s\u0142a\u0142y mi radosne ogniki \u2013 Wspania\u0142a, w istocie. Congratulations. \u2013 odpowiedzia\u0142am p\u0142aczliwym g\u0142osem.<\/p>\n<p>&nbsp;<\/p>","protected":false},"excerpt":{"rendered":"<p>.. Amsterdam zamokni\u0119ty w ka\u017cdym jego zak\u0105tku. Leje od kilku dni. Nie mam parasola. Pozostaje zaszy\u0107 si\u0119 w schronisku, barach, [&hellip;]<\/p>","protected":false},"author":2,"featured_media":0,"parent":0,"menu_order":0,"comment_status":"closed","ping_status":"closed","template":"","meta":{"_bbp_topic_count":0,"_bbp_reply_count":0,"_bbp_total_topic_count":0,"_bbp_total_reply_count":0,"_bbp_voice_count":0,"_bbp_anonymous_reply_count":0,"_bbp_topic_count_hidden":0,"_bbp_reply_count_hidden":0,"_bbp_forum_subforum_count":0,"_uag_custom_page_level_css":"","footnotes":""},"class_list":["post-4858","page","type-page","status-publish","hentry"],"spectra_custom_meta":{"_edit_lock":["1598287829:2"],"_edit_last":["2"],"_wp_page_template":["default"],"_uag_page_assets":["a:9:{s:3:\"css\";s:0:\"\";s:2:\"js\";s:0:\"\";s:18:\"current_block_list\";a:0:{}s:8:\"uag_flag\";b:0;s:11:\"uag_version\";s:10:\"1775454065\";s:6:\"gfonts\";a:0:{}s:10:\"gfonts_url\";s:0:\"\";s:12:\"gfonts_files\";a:0:{}s:14:\"uag_faq_layout\";b:0;}"]},"uagb_featured_image_src":{"full":false,"thumbnail":false,"medium":false,"medium_large":false,"large":false,"1536x1536":false,"2048x2048":false,"trp-custom-language-flag":false,"illdy-blog-list":false,"illdy-widget-recent-posts":false,"illdy-blog-post-related-articles":false,"illdy-front-page-latest-news":false,"illdy-front-page-testimonials":false,"illdy-front-page-projects":false,"illdy-front-page-person":false},"uagb_author_info":{"display_name":"Joanna Choluj","author_link":"http:\/\/joannacholuj.pl\/en\/blog\/author\/joannacholuj\/"},"uagb_comment_info":0,"uagb_excerpt":".. Amsterdam zamokni\u0119ty w ka\u017cdym jego zak\u0105tku. Leje od kilku dni. Nie mam parasola. Pozostaje zaszy\u0107 si\u0119 w schronisku, barach, [&hellip;]","_links":{"self":[{"href":"http:\/\/joannacholuj.pl\/en\/wp-json\/wp\/v2\/pages\/4858"}],"collection":[{"href":"http:\/\/joannacholuj.pl\/en\/wp-json\/wp\/v2\/pages"}],"about":[{"href":"http:\/\/joannacholuj.pl\/en\/wp-json\/wp\/v2\/types\/page"}],"author":[{"embeddable":true,"href":"http:\/\/joannacholuj.pl\/en\/wp-json\/wp\/v2\/users\/2"}],"replies":[{"embeddable":true,"href":"http:\/\/joannacholuj.pl\/en\/wp-json\/wp\/v2\/comments?post=4858"}],"version-history":[{"count":1,"href":"http:\/\/joannacholuj.pl\/en\/wp-json\/wp\/v2\/pages\/4858\/revisions"}],"predecessor-version":[{"id":4859,"href":"http:\/\/joannacholuj.pl\/en\/wp-json\/wp\/v2\/pages\/4858\/revisions\/4859"}],"wp:attachment":[{"href":"http:\/\/joannacholuj.pl\/en\/wp-json\/wp\/v2\/media?parent=4858"}],"curies":[{"name":"wp","href":"https:\/\/api.w.org\/{rel}","templated":true}]}}