{"id":4855,"date":"2020-08-24T18:49:31","date_gmt":"2020-08-24T16:49:31","guid":{"rendered":"http:\/\/joannacholuj.pl\/?page_id=4855"},"modified":"2020-08-24T18:49:31","modified_gmt":"2020-08-24T16:49:31","slug":"trawka","status":"publish","type":"page","link":"http:\/\/joannacholuj.pl\/en\/trawka\/","title":{"rendered":"Trawka"},"content":{"rendered":"<p>&#8211; \u017bartujesz! Przepis na holendersk\u0105 trawk\u0119? Poczekaj no&#8230; \u2013 zapali\u0142am ma\u0142\u0105 lampk\u0119 i si\u0119gn\u0119\u0142am r\u0119k\u0105 po poduszk\u0119, kt\u00f3ra zsun\u0119\u0142a si\u0119 poza \u0142\u00f3\u017cko i pod\u0142o\u017cy\u0142am sobie pod plecy p\u00f3\u0142siadaj\u0105c.. Zrozumia\u0142am \u017ce nie uda nam si\u0119 zasn\u0105\u0107 wcze\u015bnie.. &#8211; Mo\u017ce to by\u0107 jedna paczka trawki.., i jedna bibu\u0142ka , ale inne sk\u0142adniki \u2013 nieznane. A spos\u00f3b u\u017cycia\u00a0 by\u0142by wed\u0142ug mnie&#8230; dowolnie skuteczny \u2013 wybuchn\u0119\u0142am \u015bmiechem na widok jej zdezorientowanej miny. \u2013 Salima, wiesz \u017ce w \u017cyciu nie mia\u0142am w ustach papierosa.. Tym bardziej nie probowa\u0142am \u017cadnych mieszanek odurzaj\u0105cych. Mo\u017ce szkoda.. Podobno jednak ka\u017cde spo\u017cycie narkotyk\u00f3w zostawia trwa\u0142e \u015blady w m\u00f3zgu.. Ubytki w masie szarych kom\u00f3rek to nie byle jaka strata czy nie?<\/p>\n<p>-A wi\u0119c nie. Nigdy nie skorzysta\u0142a\u015b z mo\u017cliwo\u015bci zapalenia trawki. \u2013 powt\u00f3rzy\u0142a z niedowierzaniem. Przewracaj\u0105c si\u0119 na wznak i wlepiaj\u0105c oczy w sufit, potem koncentruj\u0105c si\u0119 na leniwie poruszaj\u0105cych si\u0119 pod sufitem serduszek mobile. \u2013 Zga\u015b lamp\u0119. \u0141atwiej rozmawia\u0107 po ciemku, i mobile zgrabniej wygl\u0105daj\u0105 w \u015bwietle ksi\u0119\u017cyca. Widzisz? \u2013 wskaza\u0142a kierunek ruchem podbr\u00f3dka.<\/p>\n<p>-Nie i nie. \u2013 powtarza\u0142am zniecierpliwiona spogl\u0105daj\u0105c odruchowo na zegar.. i gasz\u0105c lamp\u0119. By\u0142o ju\u017c po p\u00f3\u0142nocy &#8211; Odm\u00f3wi\u0142am przyjacielowi, kt\u00f3ry hodowa\u0142 zielsko we w\u0142asnym mieszkaniu. Odm\u00f3wi\u0142am wielokrotnie na ca\u0142onocnych balangach. Zapewne ze strachu. Mo\u017ce z obawy utraty opinii grzecznej dziewczynki&#8230; Odm\u00f3wi\u0142am sobie podczas pobytu w Amsterdamie, kt\u00f3ry wydawa\u0142oby si\u0119 by\u0107 doskona\u0142ym miejscem, aby wreszcie pofolgowa\u0107 zasadom i da\u0107 si\u0119 skusi\u0107. Zupe\u0142nie bez sensu. Moja opinia w moich w\u0142asnych oczach by\u0142a ju\u017c i tak zaszargana \u2013 w\u0142\u00f3czy\u0142am si\u0119 za facetami moich marze\u0144 po \u015bwiecie. Dawa\u0142am si\u0119 uwie\u015b\u0107 i przywie\u015b\u0107 do \u0142\u00f3\u017cka. Sz\u0142am na lep s\u0142odkich s\u0142\u00f3w. Ale o tym wiedzia\u0142am ja i oni. I moja najbli\u017csza przyjaci\u00f3\u0142ka. .. I moi rodzice w momencie gdy da\u0142am im do przeczytania moj\u0105 autobiograficzn\u0105 nowel\u0119, i ciotki.. i kuzyni, i przyjaciele.. Nikt nie odwr\u00f3ci\u0142 si\u0119 odee mnie, nikt nie zmieni\u0142 o mnie zdania. By\u0107 mo\u017ce nowela mimo oczywistych autobiograficznych w\u0105tk\u00f3w, uznana zosta\u0142a za fikcj\u0119. Do dzi\u015b jestem grzeczn\u0105 dziewczynk\u0105. Niewiele traci\u0142am puszczaj\u0105c si\u0119 w Amsterdamie. K\u0142amiesz. K\u0142ami\u0119. Z nikim si\u0119 nie pu\u015bci\u0142am w\u0142a\u015bnie w Amsterdamie. Podr\u00f3\u017cowa\u0142am samotnie. Czu\u0142am si\u0119 samotna i ma\u0142o interesuj\u0105ca. Kto interesowa\u0142by si\u0119blondynk\u0105 w kraju blondynek.. Spotkanie z wirtualnym przyjacielem na po\u0142udniu Holandii by\u0142o mi\u0142ym prze\u017cyciem, ale przydeptane sumienie nie pozwala\u0142o mi otwarcie czerpa\u0107 przyjemno\u015b\u0107 z \u201ebycia w Holandii\u201d , z \u201ebycia z m\u0119\u017cczyzn\u0105\u201d. Cudzys\u0142owy. Oczywi\u015bcie. Holandii poza tym ma\u0142ym miasteczkiem na po\u0142udniu i Amsterdamem nieco p\u00f3\u017aniej, nie uda\u0142o mi si\u0119 zwiedzi\u0107 , nie uda\u0142o mi si\u0119w pe\u0142ni i g\u0142ebi tego s\u0142owa \u201eby\u0107\u201d tam w\u0142a\u015bnie. (Dopiero m\u0142ody cz\u0142owiek kt\u00f3rego mia\u0142am pozna\u0107 da\u0142 mi t\u0119 mo\u017cliwo\u015b\u0107 \u2013 wiesz o kim m\u00f3wi\u0119 prawda? \u2013 skierowa\u0142am ku niej wzrok w ciemno\u015bci &#8211; . I oczywi\u015bcie. Holender poznany wirtualnie nie by\u0142 m\u00f3j. By\u0142 wypo\u017cyczony za jego w\u0142asnym przyzwoleniem i mojego sumienia, oraz za .. niewiedz\u0105 jego narzeczonej&#8230; \u2013 zamilk\u0142am na chwil\u0119 zastanawiaj\u0105c si\u0119 czy moja historia zd\u0105\u017cy\u0142a j\u0105 ju\u017c u\u015bpi\u0107..<\/p>\n<p>&#8211; Nie \u015bpi\u0119. S\u0142ucham ci\u0119 \u2013 rozwia\u0142a moje w\u0105tpliwo\u015bci po kilku sekundach.<\/p>\n<p>&#8211; A wi\u0119c abstrahuj\u0105c od mary\u015bki i od wielu wielu speluniastych coffeeshop\u00f3w \u2013 ta speluniasto\u015b\u0107 by\u0107 mo\u017ce w\u0142a\u015bnie mnie odstraszy\u0142a? Ja i moje poczucie estetyki przeszkadzamy sobie je\u015bli chodzi o odkrywanie \u015bwiata. \u2013 Amsterdam jest pi\u0119knym miastem. Uroczo starym. Kana\u0142y oplataj\u0105 je \u015bci\u015ble. Zaborczo. Miasto zdaje si\u0119 ma\u0142o przyst\u0119pne w porze deszczowej gdy mg\u0142a topi\u0105c wzrok w chmurach dotyka stopami powierzchni wody. Harmonijna architektura kamienic ods\u0142ania w\u00f3wczas sw\u00f3j urok tylko cze\u015bciowo, leniwie i z \u0142aski. Przechadzka w strumieniach deszczu. Podnie\u015b\u0107 g\u0142ow\u0119 mo\u017cna lecz parasol lub krople mg\u0142y i wody zas\u0142aniaj\u0105 czubki wy\u017cszych budowli. W\u0105skie okna. Kwiaty na balkonach i parapetach. Nie wszystkie kwitn\u0105. Marzec to dopiero mokry pocz\u0105tek wiosny&#8230; \u2013 ucich\u0142am. Us\u0142ysza\u0142am jednak jej ciche..<\/p>\n<p>\u2013 Hmm.. chcia\u0142abym tam kiedy\u015b pojecha\u0107&#8230;<\/p>\n<p>&nbsp;<\/p>","protected":false},"excerpt":{"rendered":"<p>&#8211; \u017bartujesz! Przepis na holendersk\u0105 trawk\u0119? Poczekaj no&#8230; \u2013 zapali\u0142am ma\u0142\u0105 lampk\u0119 i si\u0119gn\u0119\u0142am r\u0119k\u0105 po poduszk\u0119, kt\u00f3ra zsun\u0119\u0142a si\u0119 [&hellip;]<\/p>","protected":false},"author":2,"featured_media":0,"parent":0,"menu_order":0,"comment_status":"closed","ping_status":"closed","template":"","meta":{"_bbp_topic_count":0,"_bbp_reply_count":0,"_bbp_total_topic_count":0,"_bbp_total_reply_count":0,"_bbp_voice_count":0,"_bbp_anonymous_reply_count":0,"_bbp_topic_count_hidden":0,"_bbp_reply_count_hidden":0,"_bbp_forum_subforum_count":0,"_uag_custom_page_level_css":"","footnotes":""},"class_list":["post-4855","page","type-page","status-publish","hentry"],"spectra_custom_meta":{"_edit_lock":["1598287885:2"],"_edit_last":["2"],"_wp_page_template":["default"],"_uag_page_assets":["a:9:{s:3:\"css\";s:0:\"\";s:2:\"js\";s:0:\"\";s:18:\"current_block_list\";a:0:{}s:8:\"uag_flag\";b:0;s:11:\"uag_version\";s:10:\"1775454065\";s:6:\"gfonts\";a:0:{}s:10:\"gfonts_url\";s:0:\"\";s:12:\"gfonts_files\";a:0:{}s:14:\"uag_faq_layout\";b:0;}"]},"uagb_featured_image_src":{"full":false,"thumbnail":false,"medium":false,"medium_large":false,"large":false,"1536x1536":false,"2048x2048":false,"trp-custom-language-flag":false,"illdy-blog-list":false,"illdy-widget-recent-posts":false,"illdy-blog-post-related-articles":false,"illdy-front-page-latest-news":false,"illdy-front-page-testimonials":false,"illdy-front-page-projects":false,"illdy-front-page-person":false},"uagb_author_info":{"display_name":"Joanna Choluj","author_link":"http:\/\/joannacholuj.pl\/en\/blog\/author\/joannacholuj\/"},"uagb_comment_info":0,"uagb_excerpt":"&#8211; \u017bartujesz! Przepis na holendersk\u0105 trawk\u0119? Poczekaj no&#8230; \u2013 zapali\u0142am ma\u0142\u0105 lampk\u0119 i si\u0119gn\u0119\u0142am r\u0119k\u0105 po poduszk\u0119, kt\u00f3ra zsun\u0119\u0142a si\u0119 [&hellip;]","_links":{"self":[{"href":"http:\/\/joannacholuj.pl\/en\/wp-json\/wp\/v2\/pages\/4855"}],"collection":[{"href":"http:\/\/joannacholuj.pl\/en\/wp-json\/wp\/v2\/pages"}],"about":[{"href":"http:\/\/joannacholuj.pl\/en\/wp-json\/wp\/v2\/types\/page"}],"author":[{"embeddable":true,"href":"http:\/\/joannacholuj.pl\/en\/wp-json\/wp\/v2\/users\/2"}],"replies":[{"embeddable":true,"href":"http:\/\/joannacholuj.pl\/en\/wp-json\/wp\/v2\/comments?post=4855"}],"version-history":[{"count":1,"href":"http:\/\/joannacholuj.pl\/en\/wp-json\/wp\/v2\/pages\/4855\/revisions"}],"predecessor-version":[{"id":4856,"href":"http:\/\/joannacholuj.pl\/en\/wp-json\/wp\/v2\/pages\/4855\/revisions\/4856"}],"wp:attachment":[{"href":"http:\/\/joannacholuj.pl\/en\/wp-json\/wp\/v2\/media?parent=4855"}],"curies":[{"name":"wp","href":"https:\/\/api.w.org\/{rel}","templated":true}]}}