{"id":4851,"date":"2020-08-24T18:47:12","date_gmt":"2020-08-24T16:47:12","guid":{"rendered":"http:\/\/joannacholuj.pl\/?page_id=4851"},"modified":"2020-08-24T18:47:12","modified_gmt":"2020-08-24T16:47:12","slug":"amsterdam","status":"publish","type":"page","link":"http:\/\/joannacholuj.pl\/en\/amsterdam\/","title":{"rendered":"Amsterdam"},"content":{"rendered":"<p><html xmlns:o=\"urn:schemas-microsoft-com:office:office\" xmlns:w=\"urn:schemas-microsoft-com:office:word\" xmlns=\"http:\/\/www.w3.org\/TR\/REC-html40\"><head><br \/>\n<meta http-equiv=\"Content-Type\" content=\"text\/html; charset=windows-1252\"><br \/>\n<meta name=\"ProgId\" content=\"FrontPage.Editor.Document\"><br \/>\n<meta name=\"Generator\" content=\"Microsoft FrontPage 4.0\"><br \/>\n<meta name=\"Originator\" content=\"Microsoft Word 9\">\n<link rel=\"File-List\" href=\".\/amsterdam_files\/filelist.xml\">\n<!--[if gte mso 9]><xml>\n <o:DocumentProperties>\n  <o:Author>None<\/o:Author>\n  <o:Template>Normal<\/o:Template>\n  <o:LastAuthor>None<\/o:LastAuthor>\n  <o:Revision>1<\/o:Revision>\n  <o:TotalTime>5<\/o:TotalTime>\n  <o:Created>2002-11-20T01:30:00Z<\/o:Created>\n  <o:LastSaved>2002-11-20T01:36:00Z<\/o:LastSaved>\n  <o:Pages>1<\/o:Pages>\n  <o:Company>None<\/o:Company>\n  <o:Lines>1<\/o:Lines>\n  <o:Paragraphs>1<\/o:Paragraphs>\n  <o:Version>9.2720<\/o:Version>\n <\/o:DocumentProperties>\n<\/xml><![endif]--><!--[if gte mso 9]><xml>\n <w:WordDocument>\n  <w:DrawingGridHorizontalSpacing>2.85 pt<\/w:DrawingGridHorizontalSpacing>\n  <w:DisplayVerticalDrawingGridEvery>2<\/w:DisplayVerticalDrawingGridEvery>\n <\/w:WordDocument>\n<\/xml><![endif]--><\/p>\n<style>\n<!--\n \/* Style Definitions *\/\np.MsoNormal, li.MsoNormal, div.MsoNormal\n\t{mso-style-parent:\"\";\n\tmargin:0in;\n\tmargin-bottom:.0001pt;\n\tmso-pagination:widow-orphan;\n\tfont-size:12.0pt;\n\tfont-family:\"Times New Roman\";\n\tmso-fareast-font-family:\"Times New Roman\";}\np.MsoBodyText, li.MsoBodyText, div.MsoBodyText\n\t{margin-top:0in;\n\tmargin-right:20.4pt;\n\tmargin-bottom:0in;\n\tmargin-left:0in;\n\tmargin-bottom:.0001pt;\n\tmso-pagination:widow-orphan;\n\tfont-size:11.0pt;\n\tmso-bidi-font-size:12.0pt;\n\tfont-family:\"Times New Roman\";\n\tmso-fareast-font-family:\"Times New Roman\";\n\tmso-ansi-language:PL;}\n@page Section1\n\t{size:8.5in 11.0in;\n\tmargin:63.0pt .5in 45.35pt .75in;\n\tmso-header-margin:.5in;\n\tmso-footer-margin:.5in;\n\tmso-paper-source:0;}\ndiv.Section1\n\t{page:Section1;}\n-->\n<\/style>\n<p><\/head><\/p>\n<p><body style=\"tab-interval:.5in\" lang=\"EN-US\"><\/p>\n<div class=\"Section1\">\n<p class=\"MsoNormal\" style=\"text-align:justify\"><b style=\"mso-bidi-font-weight:normal\"><i style=\"mso-bidi-font-style:normal\"><span style=\"font-size:11.0pt;mso-bidi-font-size:12.0pt;mso-ansi-language:PL\" lang=\"PL\">.. <\/span><\/i><\/b><span style=\"font-size:11.0pt;mso-bidi-font-size:12.0pt;mso-ansi-language:PL\" lang=\"PL\">Amsterdam zamokni\u0119ty w ka\u017cdym jego zak\u0105tku. Leje od kilku<br \/>\ndni. Nie mam parasola. Pozostaje zaszy\u0107 si\u0119 w schronisku, barach,<br \/>\nkawiarniach internetowych. Te ostatnie s\u0105 przepe\u0142nione.<br \/>\nOczekuj\u0105cy na miejsce przy pececie znajduj\u0105 tymczasow\u0105<br \/>\nmiejsc\u00f3wk\u0119 przy barze. Atmosfera wilgotna. Schn\u0105 kurtki i parasole.<br \/>\nPowietrze przesi\u0105kni\u0119te dymem papierosowym. Zapewne dlatego<br \/>\npodszed\u0142 do mnie. Z daleka, w oparach dymu niew\u0105tpliwie wygl\u0105dam<br \/>\nlepiej. \u2013 zachichota\u0142a nerwowo spogl\u0105daj\u0105c na<br \/>\ns\u0142uchaj\u0105c\u0105 jej histori, niepewna reakcji.. Salima<br \/>\nodpowiedzia\u0142a wymuszonym p\u00f3\u0142u\u015bmiechem.. Eh, za p\u00f3\u017ano by<br \/>\nsi\u0119 wycofywa\u0107.. ci\u0105gn\u0119\u0142a wi\u0119c dalej<span style=\"mso-spacerun: yes\">&nbsp; <\/span>\u2013 On siad\u0142 obok i oto.. Znamy si\u0119<br \/>\nju\u017c drugi dzie\u0144. Nie wiem co o tym s\u0105dzi\u0107. Co o nim<br \/>\ns\u0105dzi\u0107. Jest bardzo mi\u0142y. S\u0142odki momentami. Zachowuje<br \/>\nsi\u0119 odmiennie ni\u017c m\u0119\u017cczy\u017ani do kt\u00f3rych sposobu bycia jestem<br \/>\nprzyzwyczajona. On, to takie zabawne i nieoczekiwane po\u0142aczenie ch\u0142opi\u0119co\u015bci,<br \/>\nurwisowato\u015bci, szarmanctwa i m\u0119sko\u015bci. Co mam na my\u015bli..<br \/>\nWystaw sobie taki ima\u017c : Kupuje mi r\u00f3\u017ce \u2013 sztuczne \u2013 kt\u00f3re gubi\u0119<br \/>\nniecelowo przy pierwszej okazji w barze chi\u0144skim. Kupuje mi r\u00f3\u017ce \u2013<br \/>\n\u017cywe \u2013 kt\u00f3re zachowuj\u0119 susz\u0119 i zamierzam zawie\u015b\u0107 w<br \/>\ndobrym stanie do domu. Fetyszyzm. Wiem. W kawiarni \u2013 pora p\u00f3\u017ana \u2013<br \/>\nbezpardonowo k\u0142adzie g\u0142ow\u0119 na moim ramieniu (te pi\u0119kne<br \/>\nkruczoczarne g\u0119ste<span style=\"mso-spacerun: yes\">&nbsp; <\/span>w\u0142osy..)<br \/>\njednocze\u015bnie wyci\u0105gaj\u0105c nogi w czarnych butach i bia\u0142ych<br \/>\nskarpetach na krze\u015ble przed sob\u0105. W\u0142\u00f3czy si\u0119 za mn\u0105 wsz\u0119dzie.<br \/>\nWodzi wzrokiem za moimi ustami oblizuj\u0105c wargi w taki spos\u00f3b \u017ce<br \/>\nrzeczywi\u015bcie mam nieodpart\u0105 ochot\u0119 na poca\u0142unek,<br \/>\njednocze\u015bnie nie odrywa oczu od mojego biustu. \u2013 spojrza\u0142am na<br \/>\nSalim\u0119. Blada jak \u015bciana. Opowiadaj\u0105c zapomnia\u0142am kim jest<br \/>\ns\u0142uchaczka&#8230; Kontunuowa\u0142am wi\u0119c pr\u00f3buj\u0105c obr\u00f3ci\u0107<br \/>\nsytuacj\u0119 w \u017cart.. &#8211;<span style=\"mso-spacerun: yes\">&nbsp; <\/span>Nie. Nie<br \/>\nwiem czy to fizycznie mo\u017cliwe. Opisuj\u0119 w tej chwili moje<br \/>\nwra\u017cenie nie fakty. Od\u0142\u00f3\u017c na bok logiczno-techniczne<br \/>\nmy\u015blenie. &#8211; &#8230;I m\u00f3wi mi, \u017ce mnie kocha w pierwszym dniu<br \/>\nznajomo\u015bci. Proponuje noc w hotelu najdro\u017cszym w mie\u015bcie \u2013 nie<br \/>\nwygl\u0105da\u0142 na \u201efaceta z fors\u0105\u201d \u2013 podejrzewaj\u0105c zapewne<br \/>\n\u017ce odm\u00f3wi\u0119 nie daj\u0105c wiary jego zapewnieniom \u2013 spali\u015bmy<br \/>\noboje w niezbyt oddalonych od siebie schroniskach. Odm\u00f3wi\u0142am. Dla innych<br \/>\nzupe\u0142nie powod\u00f3w. W ko\u0144cu zaprasza mnie na wypraw\u0119<br \/>\nwynaj\u0119tym mercedesem ( najlepszy silnik na \u015bwiecie..) gdzie oczy<br \/>\nponios\u0105, przed siebie, jak droga wiedzie, w nieznane.<\/span><\/p>\n<p class=\"MsoNormal\" style=\"text-align:justify\"><span lang=\"PL\">Nie jestem \u015bwi\u0119toszk\u0105.<br \/>\n\u015awi\u0119toszk\u0105 w negatywnym tego s\u0142owa znaczeniu,<br \/>\nob\u0142udn\u0105 i pruderyjn\u0105. Nie jestem idiotk\u0105. Nie jestem<br \/>\ndziewic\u0105. Wiedzia\u0142am co sta\u0107 si\u0119 mo\u017ce w trakcie lub u<br \/>\nko\u0144ca podr\u00f3\u017cy. Sami we dwoje. Ale uczucia by\u0142y i tak ju\u017c<br \/>\nzm\u0105cone i powik\u0142ane. Mia\u0142am \u015bwi\u0119te postanowienie<br \/>\ndochowa\u0107 wierno\u015bci wirtualnemu m\u0119\u017cczy\u017anie z Portugalii<br \/>\no imieniu Paulo- kt\u00f3rego zd\u0105\u017cy\u0142am ju\u017c zdradzi\u0107 z<br \/>\npewnym poznanym wcze\u015bniej Holendrem \u2013 ale czym by\u0142 wirtualny<br \/>\nzwi\u0105zek wobec zapowiedzi rzeczywistego. Przyznaj\u0119, mia\u0142am<br \/>\nnadziej\u0119, \u017ce ta znajomo\u015b\u0107 przerodzi si\u0119 w co\u015b<br \/>\nciekawego i niepowtarzalnego&#8230; Po kilku dwu dniach<span style=\"mso-spacerun:yes\">&nbsp; <\/span>by\u0142o ju\u017c cudownie.. By\u0142am zakochana. Nie bez<br \/>\nkozery. \u0141atwo kobiet\u0119 omami\u0107, m\u00f3wi\u0105 : Sheraton, Bruksela,<br \/>\nwy\u015bmienite jedzenie, przytulny apartament i szerokie \u0142\u00f3\u017cko. I<br \/>\nbardzo delikatny kochanek spe\u0142niaj\u0105cy prawie wszystkie moje zyczenia.<\/span><\/p>\n<p class=\"MsoNormal\" style=\"margin-right:20.4pt\"><span style=\"font-size:11.0pt;mso-bidi-font-size:12.0pt;mso-ansi-language:PL\" lang=\"PL\">Tego wi\u0119c dnia<br \/>\nwci\u0105\u017c jestem zakochan\u0105 idiotk\u0105, mimo \u017ce przed<br \/>\nchwil\u0105 wys\u0142ucha\u0142am rozmowy w obcym azjatyckim j\u0119zyku, z<br \/>\nkt\u00f3rej zrozumia\u0142am tyle, \u017ce on jest \u017conaty. Po kilkunastu<br \/>\nminutach wiedzia\u0142am wi\u0119cej \u2013 on jest \u017conaty i urodzi\u0142o mu<br \/>\nsi\u0119 w\u0142a\u015bnie drugie dziecko. Syn.<o:p><\/o:p><\/span><\/p>\n<p class=\"MsoBodyText\" style=\"text-align:justify\"><span lang=\"PL\">&#8211; Czy to nie<br \/>\nwspania\u0142a wiadomo\u015b\u0107.. \u2013 zapyta\u0142 wtedy podniecony a jego<br \/>\nciemne oczy s\u0142a\u0142y mi radosne ogniki \u2013 Wspania\u0142a, w istocie.<br \/>\nCongratulations. \u2013 odpowiedzia\u0142am p\u0142aczliwym g\u0142osem. <\/span><\/p>\n<p class=\"MsoNormal\" style=\"margin-right:20.4pt\"><span style=\"mso-ansi-language:PL\" lang=\"PL\"><!--[if !supportEmptyParas]-->&nbsp;<!--[endif]--><o:p><\/o:p><\/span><\/p>\n<\/div>\n<p><\/body><\/html><\/p>","protected":false},"excerpt":{"rendered":"<p>.. Amsterdam zamokni\u0119ty w ka\u017cdym jego zak\u0105tku. Leje od kilku dni. Nie mam parasola. Pozostaje zaszy\u0107 si\u0119 w schronisku, barach, [&hellip;]<\/p>","protected":false},"author":2,"featured_media":0,"parent":0,"menu_order":0,"comment_status":"closed","ping_status":"closed","template":"","meta":{"_bbp_topic_count":0,"_bbp_reply_count":0,"_bbp_total_topic_count":0,"_bbp_total_reply_count":0,"_bbp_voice_count":0,"_bbp_anonymous_reply_count":0,"_bbp_topic_count_hidden":0,"_bbp_reply_count_hidden":0,"_bbp_forum_subforum_count":0,"_uag_custom_page_level_css":"","footnotes":""},"class_list":["post-4851","page","type-page","status-publish","hentry"],"spectra_custom_meta":{"_edit_lock":["1598287617:2"],"_edit_last":["2"],"_wp_page_template":["default"],"_uag_page_assets":["a:9:{s:3:\"css\";s:0:\"\";s:2:\"js\";s:0:\"\";s:18:\"current_block_list\";a:0:{}s:8:\"uag_flag\";b:0;s:11:\"uag_version\";s:10:\"1775454065\";s:6:\"gfonts\";a:0:{}s:10:\"gfonts_url\";s:0:\"\";s:12:\"gfonts_files\";a:0:{}s:14:\"uag_faq_layout\";b:0;}"]},"uagb_featured_image_src":{"full":false,"thumbnail":false,"medium":false,"medium_large":false,"large":false,"1536x1536":false,"2048x2048":false,"trp-custom-language-flag":false,"illdy-blog-list":false,"illdy-widget-recent-posts":false,"illdy-blog-post-related-articles":false,"illdy-front-page-latest-news":false,"illdy-front-page-testimonials":false,"illdy-front-page-projects":false,"illdy-front-page-person":false},"uagb_author_info":{"display_name":"Joanna Choluj","author_link":"http:\/\/joannacholuj.pl\/en\/blog\/author\/joannacholuj\/"},"uagb_comment_info":0,"uagb_excerpt":".. Amsterdam zamokni\u0119ty w ka\u017cdym jego zak\u0105tku. Leje od kilku dni. Nie mam parasola. Pozostaje zaszy\u0107 si\u0119 w schronisku, barach, [&hellip;]","_links":{"self":[{"href":"http:\/\/joannacholuj.pl\/en\/wp-json\/wp\/v2\/pages\/4851"}],"collection":[{"href":"http:\/\/joannacholuj.pl\/en\/wp-json\/wp\/v2\/pages"}],"about":[{"href":"http:\/\/joannacholuj.pl\/en\/wp-json\/wp\/v2\/types\/page"}],"author":[{"embeddable":true,"href":"http:\/\/joannacholuj.pl\/en\/wp-json\/wp\/v2\/users\/2"}],"replies":[{"embeddable":true,"href":"http:\/\/joannacholuj.pl\/en\/wp-json\/wp\/v2\/comments?post=4851"}],"version-history":[{"count":1,"href":"http:\/\/joannacholuj.pl\/en\/wp-json\/wp\/v2\/pages\/4851\/revisions"}],"predecessor-version":[{"id":4852,"href":"http:\/\/joannacholuj.pl\/en\/wp-json\/wp\/v2\/pages\/4851\/revisions\/4852"}],"wp:attachment":[{"href":"http:\/\/joannacholuj.pl\/en\/wp-json\/wp\/v2\/media?parent=4851"}],"curies":[{"name":"wp","href":"https:\/\/api.w.org\/{rel}","templated":true}]}}