{"id":4848,"date":"2020-08-24T18:45:30","date_gmt":"2020-08-24T16:45:30","guid":{"rendered":"http:\/\/joannacholuj.pl\/?page_id=4848"},"modified":"2020-08-24T18:45:30","modified_gmt":"2020-08-24T16:45:30","slug":"hanower","status":"publish","type":"page","link":"http:\/\/joannacholuj.pl\/en\/hanower\/","title":{"rendered":"Hanower"},"content":{"rendered":"<p>&#8211; tak wi\u0119c czeka\u0142 mnie w Hanowerze KOCHANEK , jak zauwa\u017cy\u0142a\u015b s\u0142usznie , i czeka\u0142y na mnie dwa pe\u0142ne seksu dni. Pami\u0119tam ch\u0142\u00f3d. Gotowe rozp\u0142aka\u0107 si\u0119 w ka\u017cdym momencie niebo, szare i smutne. Nam smutno nie by\u0142o. Tylko na chwil\u0119 kilkakrotnie wysun\u0119li\u015bmy nos za drzwi wynaj\u0119tego pokoiku w jakim\u015b motelu, kt\u00f3rego nazwy \u017cadne z nas ju\u017c nie pami\u0119ta. Pierwszego dnia.. jaka\u015b parada na ulicach miasta&#8230; Zaciekawiona zmusi\u0142am go do opuszczenia po\u015bcieli. Przelotnie pojawi\u0142o si\u0119w mojej g\u0142owie pragnienie zwiedzania. To nowe miasto. Nigdy tu nie by\u0142am. Niemcy. Po raz pierwszy dane mi jest s\u0142ysze\u0107 niemieck\u0105 gwar\u0119 w naturze.. Popatrze\u0107 na niemieckie kobiety, na niemieckich m\u0119\u017cczyzn.. Wiosna. Wszyscy byli zbyt jescze otuleni we\u0142n\u0105 w obawie przed deszczem i ch\u0142odem. Zrezygnowali\u015bmy ze zwiedzania. Odstraszy\u0142a nas szaros\u0107 betonu.. nowoczesne niemieckie miasto nie mia\u0142o wiele do zaoferowania przygodnym turystom.. przypadkowym turystom .<\/p>\n<p>Na obrze\u017cach miasta nasze lokum. Daleko od centrum. Spokojnie. Po otwarciu drzwi za ka\u017cdym razem wita\u0142 mnie charakterystyczny zapach po\u015bcieli&#8230; i jeszcze.. potu spermy i pizzy&#8230; Okno. Tylko na chwile \u2013 b\u0142aga\u0142am.. On wskoczy\u0142 w pi\u017cam\u0119 i po\u015bciel.. ja twardo trwa\u0142am przy otwartym oknie probuj\u0105c na\u0142yka\u0107 \u015bwie\u017cego powietrza&#8230;<\/p>\n<p>&#8211; C\u00f3\u017c za r\u00f3\u017cnica&#8230; Za chwil\u0119 przyzwyczaisz si\u0119. Za chwil\u0119 wyprodukujemy now\u0105 dawk\u0119 zepsutego powietrza \u2013 \u017cartowa\u0142 z nosem ponad brzegiem po\u015bcieli.<\/p>\n<p>Rzeczywi\u015bcie. Zamkn\u0119\u0142am wi\u0119c okno. Wsun\u0119\u0142am si\u0119 do \u0142\u00f3\u017cka obok niego.<\/p>\n<p>&#8230; Przecie\u017c nie jestem pi\u0119kno\u015bci\u0105. Co we mnie widzisz?&#8230; \u2013 pomy\u015bla\u0142am i po chwili zacz\u0119\u0142am wypowiada\u0107 na g\u0142os te w\u0105tpliwo\u015bci. W drugim zdaniu towarzyszy\u0142 mi jego prze\u015bmiewczy g\u0142os. Przerwa\u0142am.. Rzeczywi\u015bcie , zna\u0142 to na pami\u0119\u0107. Nie wiem ile razy ju\u017c zada\u0142am mu te pytania. Natr\u0119tnie. Tym razem jednak us\u0142ysza\u0142am w odpowiedzi nie ci\u0105g komplement\u00f3w ale moje pytanie .. Przecie\u017c nie jestem .. Faktycznie nie by\u0142 \u00f3smym cudem \u015bwiata. Odrobin\u0119 za du\u017cy brzuszek. Odrobin\u0119 za grube rysy twarzy. Ale wci\u0105\u017c nale\u017ca\u0142 do mojej kategorii \u201eprzystojnych \u015bniadych\u201d. Nazywa\u0142 siebie czarnym. Murzyn! Raczej Hindus..<\/p>\n<p>&#8211; Jak to si\u0119 sta\u0142o, \u017ce wesz\u0142am w t\u0119 \u201edrug\u0105\u201d faz\u0119.. zastanawia\u0142am si\u0119 p\u00f3\u017aniej wielokrotnie. Na poziomie pragnienia i po\u017c\u0105dania i seksu sytuacja by\u0142a tak prosta.. A mo\u017ce nie istniej\u0105 \u017cadne fazy. Przecie\u017c mnie samej z trudno\u015bci\u0105 udawa\u0142o si\u0119 odsun\u0105\u0107 w my\u015blach moj\u0105 reakcj\u0119 na widok jego erekcji od szale\u0144czego bicia serca gdy budzi\u0142 si\u0119 i spogl\u0105da\u0142 na mnie m\u00f3wi\u0105c mi wzrokiem jednocze\u015bnie dzie\u0144 dobry i co\u015b co chcia\u0142am koniecznie od pocz\u0105tku nazywa\u0107 wyznaniem mi\u0142o\u015bci.. Od pocz\u0105tku? W istocie.. Ten wzrok zapisany w moim m\u00f3zgu i to bicie serca towarzyszy\u0142o mi od momentu gdy.. gdy po raz pierwszy ofiarowa\u0142 mi sztuczna! r\u00f3\u017c\u0119. Czy mo\u017ce kiedy po raz pierwszy ofiarowa\u0142 mi t\u0119 \u017cyw\u0105.. Mo\u017ce kiedy po raz pierwszy mnie poca\u0142owa\u0142.. Kiedy po raz pierwszy dotkn\u0105\u0142 mnie.. a od tego momentu nieustannie i uparcie twierdzi\u0142 \u017ce jest w stanie dozna\u0107 orgazmu jedynie pod wp\u0142ywem dotyku mojej gladkiej jak dzieci\u0119ca sk\u00f3ry. Ha! Pusty \u015bmiech.<\/p>\n<p>.. Przypomnia\u0142am sobie po chwili t\u0119 zapyzia\u0142\u0105 pizzeri\u0119 na pograniczach miasta. Postanowilismy w ktoryms tam momencie .. przewietrzyc sie.. zmarznac..<\/p>\n<p>W pizzerii ten Niemiec o wygl\u0105dzie Turka. \u015aniady przystojniak. Jeszcze jeden. Oczekiwanie dziesi\u0119ciominutowe. D\u0142u\u017cy\u0142o si\u0119 nam dziesi\u0119\u0107 minut poza \u0142\u00f3\u017ckiem. Pr\u00f3bowali\u015bmy zabi\u0107 cenny czas bezsensownymi zakupami. Lemoniada w niezno\u015bnym \u017c\u00f3\u0142tawym kolorze. Ostre przyprawy do oczekiwanej pizzy. Chusteczki. Trzy rodzaje chusteczek. Guma do \u017cucia. Kolejna para szczotek do z\u0119b\u00f3w.. Pasta do z\u0119b\u00f3w. Wybielaj\u0105ca..<\/p>\n<p>Zapachnia\u0142o. Nawet smacznie. Pizza gotowa..<\/p>\n<p>Aaa&#8230; Sos! Sos konieczne. .. \u2013 Ale prosz\u0119 pana , pizza zrobiona zosta\u0142a z dodatkiem wy\u015bmenitego sosu pomidorowego..<\/p>\n<p>Sos.. By\u0142am pewna, \u017ce nie uda nam si\u0119 wyj\u015b\u0107 z lokalu bez k\u0142\u00f3tni. W\u0142a\u015bciciel zamiast sprzeda\u0107 nam te dziesi\u0119\u0107 buteleczek z r\u00f3\u017cnymi sosami kt\u00f3re bezczelnie \u015bwieci\u0142y fosforyzuj\u0105cym napisem \u2013 na sprzeda\u017c, wola\u0142 broni\u0107 honoru swej pizzy&#8230;<\/p>\n<p>Najwy\u017cszy czas wtr\u0105ci\u0107 si\u0119 do rozmowy \u2013 pomy\u015bla\u0142am \u2013 i nie uczyni\u0142am nic przez kolejne dwie minuty zachowuj\u0105c si\u0119 wci\u0105\u017c jak wstydliwa nie\u015bmia\u0142a naiwa Poleczka blondynka.<\/p>\n<p>&#8211; Sir, bierzemy tylko ten jeden . Hanowerski . Na pami\u0105tk\u0119 pobytu. \u2013 Wyszczerzy\u0142am w u\u015bmiechu z\u0119by.. nie tak bia\u0142e jak bym chcia\u0142a.. mo\u017ce ta wybielaj\u0105ca pasta.. Nie wytrzyma\u0142am napi\u0119cia trzeciej minuty. Nie wytrzyma\u0142am si\u0142y bombarduj\u0105cych mnie obraz\u00f3w-my\u015bli seksualnych eksces\u00f3w kt\u00f3rych nie uda nam si\u0119 wykona\u0107 z braku czasu..<\/p>\n<p>Sos zabra\u0142am do Polski. Zasmakowa\u0142 rodzicom. Pizza by\u0142a w istocie pomidorowa o smaku ketchupu&#8230;<\/p>\n<p>&nbsp;<\/p>","protected":false},"excerpt":{"rendered":"<p>&#8211; tak wi\u0119c czeka\u0142 mnie w Hanowerze KOCHANEK , jak zauwa\u017cy\u0142a\u015b s\u0142usznie , i czeka\u0142y na mnie dwa pe\u0142ne seksu [&hellip;]<\/p>","protected":false},"author":2,"featured_media":0,"parent":0,"menu_order":0,"comment_status":"closed","ping_status":"closed","template":"","meta":{"_bbp_topic_count":0,"_bbp_reply_count":0,"_bbp_total_topic_count":0,"_bbp_total_reply_count":0,"_bbp_voice_count":0,"_bbp_anonymous_reply_count":0,"_bbp_topic_count_hidden":0,"_bbp_reply_count_hidden":0,"_bbp_forum_subforum_count":0,"_uag_custom_page_level_css":"","footnotes":""},"class_list":["post-4848","page","type-page","status-publish","hentry"],"spectra_custom_meta":{"_edit_lock":["1598287477:2"],"_edit_last":["2"],"_wp_page_template":["default"],"_uag_page_assets":["a:9:{s:3:\"css\";s:0:\"\";s:2:\"js\";s:0:\"\";s:18:\"current_block_list\";a:0:{}s:8:\"uag_flag\";b:0;s:11:\"uag_version\";s:10:\"1775454065\";s:6:\"gfonts\";a:0:{}s:10:\"gfonts_url\";s:0:\"\";s:12:\"gfonts_files\";a:0:{}s:14:\"uag_faq_layout\";b:0;}"]},"uagb_featured_image_src":{"full":false,"thumbnail":false,"medium":false,"medium_large":false,"large":false,"1536x1536":false,"2048x2048":false,"trp-custom-language-flag":false,"illdy-blog-list":false,"illdy-widget-recent-posts":false,"illdy-blog-post-related-articles":false,"illdy-front-page-latest-news":false,"illdy-front-page-testimonials":false,"illdy-front-page-projects":false,"illdy-front-page-person":false},"uagb_author_info":{"display_name":"Joanna Choluj","author_link":"http:\/\/joannacholuj.pl\/en\/blog\/author\/joannacholuj\/"},"uagb_comment_info":0,"uagb_excerpt":"&#8211; tak wi\u0119c czeka\u0142 mnie w Hanowerze KOCHANEK , jak zauwa\u017cy\u0142a\u015b s\u0142usznie , i czeka\u0142y na mnie dwa pe\u0142ne seksu [&hellip;]","_links":{"self":[{"href":"http:\/\/joannacholuj.pl\/en\/wp-json\/wp\/v2\/pages\/4848"}],"collection":[{"href":"http:\/\/joannacholuj.pl\/en\/wp-json\/wp\/v2\/pages"}],"about":[{"href":"http:\/\/joannacholuj.pl\/en\/wp-json\/wp\/v2\/types\/page"}],"author":[{"embeddable":true,"href":"http:\/\/joannacholuj.pl\/en\/wp-json\/wp\/v2\/users\/2"}],"replies":[{"embeddable":true,"href":"http:\/\/joannacholuj.pl\/en\/wp-json\/wp\/v2\/comments?post=4848"}],"version-history":[{"count":1,"href":"http:\/\/joannacholuj.pl\/en\/wp-json\/wp\/v2\/pages\/4848\/revisions"}],"predecessor-version":[{"id":4849,"href":"http:\/\/joannacholuj.pl\/en\/wp-json\/wp\/v2\/pages\/4848\/revisions\/4849"}],"wp:attachment":[{"href":"http:\/\/joannacholuj.pl\/en\/wp-json\/wp\/v2\/media?parent=4848"}],"curies":[{"name":"wp","href":"https:\/\/api.w.org\/{rel}","templated":true}]}}