{"id":4844,"date":"2020-08-24T18:41:49","date_gmt":"2020-08-24T16:41:49","guid":{"rendered":"http:\/\/joannacholuj.pl\/?page_id=4844"},"modified":"2020-08-24T18:41:49","modified_gmt":"2020-08-24T16:41:49","slug":"meza-pamieci-zalobny-rapsod-wiersz","status":"publish","type":"page","link":"http:\/\/joannacholuj.pl\/en\/meza-pamieci-zalobny-rapsod-wiersz\/","title":{"rendered":"M\u0119\u017ca pami\u0119ci \u017ca\u0142obny rapsod &#8211; wiersz"},"content":{"rendered":"<p class=\"western\" align=\"left\"><span style=\"font-family: Times New Roman, serif;\">M\u0119\u017ca pami\u0119ci \u017ca\u0142obny\u2026 <\/span><\/p>\n<p class=\"western\" align=\"left\"><span style=\"font-family: Times New Roman, serif;\"><i>[Czemu, Cieniu, odje\u017cd\u017casz [\u2026]<\/i><\/span><\/p>\n<p class=\"western\" align=\"left\"><span style=\"font-family: Times New Roman, serif;\">w niedziel\u0119 posprz\u0105tam<\/span><\/p>\n<p class=\"western\" align=\"left\"><span style=\"font-family: Times New Roman, serif;\">w pokoju i w kuchni on<\/span><\/p>\n<p class=\"western\" align=\"left\"><span style=\"font-family: Times New Roman, serif;\">posprz\u0105tam zdecydowanie<\/span><\/p>\n<p class=\"western\" align=\"left\"><span style=\"font-family: Times New Roman, serif;\">zobacz\u0119<\/span><\/p>\n<p class=\"western\" align=\"left\"><span style=\"font-family: Times New Roman, serif;\">co pozosta\u0142o<\/span><\/p>\n<p class=\"western\" align=\"left\"><span style=\"font-family: Times New Roman, serif;\">co si\u0119 jeszcze mo\u017ce przyda\u0107. co wyrzuci\u0107<\/span><\/p>\n<p class=\"western\" align=\"left\"><span style=\"font-family: Times New Roman, serif;\">w niedziel\u0119 si\u0119 nie sprz\u0105ta?<\/span><\/p>\n<p class=\"western\" align=\"left\"><span style=\"font-family: Times New Roman, serif;\">w sobot\u0119 nie kiwnie palcem?<\/span><\/p>\n<p class=\"western\" align=\"left\"><span style=\"font-family: Times New Roman, serif;\">w pi\u0105tek p\u00f3j\u015b\u0107 do meczetu?<\/span><\/p>\n<p class=\"western\" align=\"left\"><span style=\"font-family: Times New Roman, serif;\">ju\u017c nie trzeba <\/span><\/p>\n<p class=\"western\" align=\"left\"><span style=\"font-family: Times New Roman, serif;\">ju\u017c posprz\u0105tane<\/span><\/p>\n<p class=\"western\" align=\"left\"><span style=\"font-family: Times New Roman, serif;\">nic nie zosta\u0142o<\/span><\/p>","protected":false},"excerpt":{"rendered":"<p>M\u0119\u017ca pami\u0119ci \u017ca\u0142obny\u2026 [Czemu, Cieniu, odje\u017cd\u017casz [\u2026] w niedziel\u0119 posprz\u0105tam w pokoju i w kuchni on posprz\u0105tam zdecydowanie zobacz\u0119 co [&hellip;]<\/p>","protected":false},"author":2,"featured_media":0,"parent":0,"menu_order":0,"comment_status":"closed","ping_status":"closed","template":"","meta":{"_bbp_topic_count":0,"_bbp_reply_count":0,"_bbp_total_topic_count":0,"_bbp_total_reply_count":0,"_bbp_voice_count":0,"_bbp_anonymous_reply_count":0,"_bbp_topic_count_hidden":0,"_bbp_reply_count_hidden":0,"_bbp_forum_subforum_count":0,"_uag_custom_page_level_css":"","footnotes":""},"class_list":["post-4844","page","type-page","status-publish","hentry"],"spectra_custom_meta":{"_edit_lock":["1598287370:2"],"_edit_last":["2"],"_oembed_bcb572e5c48750204342654fa7db0c35":["<blockquote class=\"wp-embedded-content\" data-secret=\"EYZy4WjXzs\"><a href=\"http:\/\/joannacholuj.pl\/uwagi-do-moich-wierszy-jaroslaw-klejnocki\/\">Uwagi do moich wierszy &#8211; Jaros\u0142aw Klejnocki<\/a><\/blockquote><iframe class=\"wp-embedded-content\" sandbox=\"allow-scripts\" security=\"restricted\" style=\"position: absolute; clip: rect(1px, 1px, 1px, 1px);\" src=\"http:\/\/joannacholuj.pl\/uwagi-do-moich-wierszy-jaroslaw-klejnocki\/embed\/#?secret=EYZy4WjXzs\" data-secret=\"EYZy4WjXzs\" width=\"600\" height=\"338\" title=\"&#8222;Uwagi do moich wierszy &#8211; Jaros\u0142aw Klejnocki&#8221; &#8212; Joanna Cho\u0142uj\" frameborder=\"0\" marginwidth=\"0\" marginheight=\"0\" scrolling=\"no\"><\/iframe>"],"_oembed_time_bcb572e5c48750204342654fa7db0c35":["1598287297"],"_wp_page_template":["default"],"_uag_page_assets":["a:9:{s:3:\"css\";s:0:\"\";s:2:\"js\";s:0:\"\";s:18:\"current_block_list\";a:0:{}s:8:\"uag_flag\";b:0;s:11:\"uag_version\";s:10:\"1776190721\";s:6:\"gfonts\";a:0:{}s:10:\"gfonts_url\";s:0:\"\";s:12:\"gfonts_files\";a:0:{}s:14:\"uag_faq_layout\";b:0;}"]},"uagb_featured_image_src":{"full":false,"thumbnail":false,"medium":false,"medium_large":false,"large":false,"1536x1536":false,"2048x2048":false,"trp-custom-language-flag":false,"illdy-blog-list":false,"illdy-widget-recent-posts":false,"illdy-blog-post-related-articles":false,"illdy-front-page-latest-news":false,"illdy-front-page-testimonials":false,"illdy-front-page-projects":false,"illdy-front-page-person":false},"uagb_author_info":{"display_name":"Joanna Choluj","author_link":"http:\/\/joannacholuj.pl\/en\/blog\/author\/joannacholuj\/"},"uagb_comment_info":0,"uagb_excerpt":"M\u0119\u017ca pami\u0119ci \u017ca\u0142obny\u2026 [Czemu, Cieniu, odje\u017cd\u017casz [\u2026] w niedziel\u0119 posprz\u0105tam w pokoju i w kuchni on posprz\u0105tam zdecydowanie zobacz\u0119 co [&hellip;]","_links":{"self":[{"href":"http:\/\/joannacholuj.pl\/en\/wp-json\/wp\/v2\/pages\/4844"}],"collection":[{"href":"http:\/\/joannacholuj.pl\/en\/wp-json\/wp\/v2\/pages"}],"about":[{"href":"http:\/\/joannacholuj.pl\/en\/wp-json\/wp\/v2\/types\/page"}],"author":[{"embeddable":true,"href":"http:\/\/joannacholuj.pl\/en\/wp-json\/wp\/v2\/users\/2"}],"replies":[{"embeddable":true,"href":"http:\/\/joannacholuj.pl\/en\/wp-json\/wp\/v2\/comments?post=4844"}],"version-history":[{"count":1,"href":"http:\/\/joannacholuj.pl\/en\/wp-json\/wp\/v2\/pages\/4844\/revisions"}],"predecessor-version":[{"id":4845,"href":"http:\/\/joannacholuj.pl\/en\/wp-json\/wp\/v2\/pages\/4844\/revisions\/4845"}],"wp:attachment":[{"href":"http:\/\/joannacholuj.pl\/en\/wp-json\/wp\/v2\/media?parent=4844"}],"curies":[{"name":"wp","href":"https:\/\/api.w.org\/{rel}","templated":true}]}}