{"id":4838,"date":"2020-08-24T18:37:54","date_gmt":"2020-08-24T16:37:54","guid":{"rendered":"http:\/\/joannacholuj.pl\/?page_id=4838"},"modified":"2020-08-24T18:37:54","modified_gmt":"2020-08-24T16:37:54","slug":"rob-fragment-opowiadania","status":"publish","type":"page","link":"http:\/\/joannacholuj.pl\/en\/rob-fragment-opowiadania\/","title":{"rendered":"Rob &#8211; fragment opowiadania"},"content":{"rendered":"<p align=\"justify\">Rob<\/p>\n<p align=\"justify\">\n<p class=\"western\" align=\"justify\">Pozosta\u0142o ju\u017c tylko te kilka piosenek do przet\u0142umaczenia. Wirtualny prezent po\u017cegnalny \u2013 napisa\u0142am. I jeszcze \u2013 \u017ce to piosenki warte zainteresowania ze wzgl\u0119du na muzyk\u0119 i tekst. Chocia\u017c i tak wiedzia\u0142am, \u017ce przeczyta prawdopodobnie jedynie co drugie zdanie, przebiegnie wzrokiem. Bez wielkiego zainteresowania. I Alanis Morissette pozostanie bez echa. A mo\u017ce nawet nie odpisz\u0119. A ja, kt\u00f3ra w swojej dumie postanowi\u0142am nie smsowa\u0107, nie chatowa\u0107, nie emailowa\u0107 z nim w og\u00f3le. W og\u00f3le si\u0119 nie kontaktowa\u0107, oka\u017ce si\u0119 najwi\u0119kszym tutaj g\u0142upcem. Zn\u00f3w, to ja jestem t\u0105, kt\u00f3ra si\u0119 narzuca. Kt\u00f3ra, jak powiedzia\u0142, anga\u017cuje si\u0119 za bardzo. Kt\u00f3ra nie wie czym jest zwi\u0105zek partnerski. A on chcia\u0142 wolno\u015bci, chcia\u0142 nie zwi\u0105zku tylko partnerstwa. I uwolni\u0107 chcia\u0142 si\u0119 ode mnie. Ostatecznie. I uda\u0142o mi si\u0119. Bo czemu nie. Przecie\u017c nie mog\u0119 powiedzie\u0107 nie. Nie sta\u0107 mnie by\u0142o nawet na \u017cadne ostre s\u0142owo. A przecie\u017c zrani\u0142 mnie, zdepta\u0142 mnie, oszuka\u0142. I to, co czu\u0142 by\u0142o podobno jak\u0105\u015b form\u0105 mi\u0142o\u015bci. Jak\u0105? Mo\u017ce mi\u0142o\u015bci\u0105 przyja\u017ani\u0105. Mo\u017ce. W takim razie nigdy mnie nie kocha\u0142. By\u0142o mu przez chwil\u0119 dobrze, potem przesta\u0142o mu by\u0107 dobrze. Wci\u0105\u017c wracaj\u0105 do mnie jego mi\u0142e s\u0142owa. Jego zapewnienia. Jak mu dobrze ze mn\u0105. Jak cudownie. Jak bardzo walczy o przetrwanie zwi\u0105zku. Nie, nie zauwa\u017cy\u0142am \u017cadnej walki. Rezygnacja od samego pocz\u0105tku. Zmieni\u0142em si\u0119, powiedzia\u0142. A mo\u017ce to kwestia niew\u0142a\u015bciwej osoby, niew\u0142a\u015bciwej kobiety \u2013 powiedzia\u0142am w\u0142a\u015bciwie sobie na z\u0142o\u015b\u0107, aby siebie jeszcze bardziej zrani\u0107 przez to co us\u0142ysz\u0119. I us\u0142ysza\u0142am \u2013 tak. Pewnie masz racj\u0119. Mo\u017ce chodzi o t\u0119 niew\u0142a\u015bciw\u0105 osob\u0119. Wi\u0119c jednak. Nigdy mnie nie kocha\u0142.<\/p>\n<p class=\"western\" align=\"justify\">A przecie\u017c by\u0142am w\u0142a\u015bciw\u0105 osob\u0105. Ca\u0142kowicie do siebie pasowali\u015bmy, wszystko by\u0142o idealnie, ale on mnie nigdy nie pokocha\u0142. Mo\u017ce by\u0142o zbyt idealnie. Dostal wszystko czego chcia\u0142 od \u017cycia. Po zdradzie, b\u00f3lu z poprzedniego zwi\u0105zku, dosta\u0142 nareszcie prezent w postaci mnie. S\u0142odko\u015b\u0107, blisko\u015b\u0107, zaufanie, mi\u0142o\u015b\u0107. I wszystko czego mo\u017cna chcie\u0107. Nigdy nic z\u0142ego mu nie uczyni\u0142am, chcia\u0142am tylko jego dobra. By\u0142am zbyt dobra. S\u0142ucha\u0142am jego \u017cycze\u0144 i pr\u00f3\u015bb. Zaanga\u017cowa\u0142am si\u0119. I to, powiedzia\u0142, by\u0142 m\u00f3j b\u0142\u0105d. Zacz\u0119\u0142am oczekiwa\u0107. Oczekiwa\u0107. Czego? Tylko tego, \u017ce to co pi\u0119kne b\u0119dzie trwa\u0107.<\/p>\n<p class=\"western\" align=\"justify\">Zobaczy\u0142am go po raz pierwszy w lutym zesz\u0142ego roku.<\/p>","protected":false},"excerpt":{"rendered":"<p>Rob Pozosta\u0142o ju\u017c tylko te kilka piosenek do przet\u0142umaczenia. Wirtualny prezent po\u017cegnalny \u2013 napisa\u0142am. I jeszcze \u2013 \u017ce to piosenki [&hellip;]<\/p>","protected":false},"author":2,"featured_media":0,"parent":0,"menu_order":0,"comment_status":"closed","ping_status":"closed","template":"","meta":{"_bbp_topic_count":0,"_bbp_reply_count":0,"_bbp_total_topic_count":0,"_bbp_total_reply_count":0,"_bbp_voice_count":0,"_bbp_anonymous_reply_count":0,"_bbp_topic_count_hidden":0,"_bbp_reply_count_hidden":0,"_bbp_forum_subforum_count":0,"_uag_custom_page_level_css":"","footnotes":""},"class_list":["post-4838","page","type-page","status-publish","hentry"],"spectra_custom_meta":{"_edit_lock":["1598287029:2"],"_edit_last":["2"],"_wp_page_template":["default"],"_uag_page_assets":["a:9:{s:3:\"css\";s:0:\"\";s:2:\"js\";s:0:\"\";s:18:\"current_block_list\";a:0:{}s:8:\"uag_flag\";b:0;s:11:\"uag_version\";s:10:\"1775454065\";s:6:\"gfonts\";a:0:{}s:10:\"gfonts_url\";s:0:\"\";s:12:\"gfonts_files\";a:0:{}s:14:\"uag_faq_layout\";b:0;}"]},"uagb_featured_image_src":{"full":false,"thumbnail":false,"medium":false,"medium_large":false,"large":false,"1536x1536":false,"2048x2048":false,"trp-custom-language-flag":false,"illdy-blog-list":false,"illdy-widget-recent-posts":false,"illdy-blog-post-related-articles":false,"illdy-front-page-latest-news":false,"illdy-front-page-testimonials":false,"illdy-front-page-projects":false,"illdy-front-page-person":false},"uagb_author_info":{"display_name":"Joanna Choluj","author_link":"http:\/\/joannacholuj.pl\/en\/blog\/author\/joannacholuj\/"},"uagb_comment_info":0,"uagb_excerpt":"Rob Pozosta\u0142o ju\u017c tylko te kilka piosenek do przet\u0142umaczenia. Wirtualny prezent po\u017cegnalny \u2013 napisa\u0142am. I jeszcze \u2013 \u017ce to piosenki [&hellip;]","_links":{"self":[{"href":"http:\/\/joannacholuj.pl\/en\/wp-json\/wp\/v2\/pages\/4838"}],"collection":[{"href":"http:\/\/joannacholuj.pl\/en\/wp-json\/wp\/v2\/pages"}],"about":[{"href":"http:\/\/joannacholuj.pl\/en\/wp-json\/wp\/v2\/types\/page"}],"author":[{"embeddable":true,"href":"http:\/\/joannacholuj.pl\/en\/wp-json\/wp\/v2\/users\/2"}],"replies":[{"embeddable":true,"href":"http:\/\/joannacholuj.pl\/en\/wp-json\/wp\/v2\/comments?post=4838"}],"version-history":[{"count":1,"href":"http:\/\/joannacholuj.pl\/en\/wp-json\/wp\/v2\/pages\/4838\/revisions"}],"predecessor-version":[{"id":4839,"href":"http:\/\/joannacholuj.pl\/en\/wp-json\/wp\/v2\/pages\/4838\/revisions\/4839"}],"wp:attachment":[{"href":"http:\/\/joannacholuj.pl\/en\/wp-json\/wp\/v2\/media?parent=4838"}],"curies":[{"name":"wp","href":"https:\/\/api.w.org\/{rel}","templated":true}]}}