{"id":4831,"date":"2020-08-24T18:32:22","date_gmt":"2020-08-24T16:32:22","guid":{"rendered":"http:\/\/joannacholuj.pl\/?page_id=4831"},"modified":"2020-08-24T18:32:22","modified_gmt":"2020-08-24T16:32:22","slug":"pomiedzy-opowiadanie-esej","status":"publish","type":"page","link":"http:\/\/joannacholuj.pl\/en\/pomiedzy-opowiadanie-esej\/","title":{"rendered":"Pomi\u0119dzy &#8211; opowiadanie\/esej"},"content":{"rendered":"<p align=\"center\"><span style=\"font-size: medium;\"><b>Pomi\u0119dzy<\/b><\/span><\/p>\n<p class=\"western\">\n<p class=\"western\">\n<p align=\"justify\"><span style=\"font-size: medium;\">Jest taki stary most w Londynie, nazywany Tower Bridge, kt\u00f3rego pocz\u0105tki si\u0119gaj\u0105 szesnastego wieku. W\u0105ski i przysadzisty, sprawia nieodparte wra\u017cenie energicznego staruszka. <\/span><\/p>\n<p class=\"western\" align=\"justify\"><span style=\"font-size: medium;\">Tam, w okolice tego mostu, za wszelk\u0105 cen\u0119 pr\u00f3bowali\u015bmy si\u0119 dosta\u0107 z przyjacielem pod koniec 2004r. Ogromna ilo\u015b\u0107 aut, t\u0142um\u00f3w ciekawskich tubylc\u00f3w i turyst\u00f3w nie czyni\u0142a naszego przedsi\u0119wzi\u0119cia \u0142atwym. Ka\u017cdy pragn\u0105\u0142 cho\u0107 spojrze\u0107, cho\u0107 rzuci\u0107 okiem, wypu\u015bci\u0107 cho\u0107 sekundowe \u015bwiat\u0142o flesza aparatu fotograficznego w stron\u0119 szczeg\u00f3lnego londy\u0144skiego go\u015bcia, niecodziennego kloszarda przymostowego, zwierz\u0119cia w klatce, kt\u00f3re zamkni\u0119to na jego w\u0142asn\u0105 pro\u015bb\u0119. Wszyscy chcieli ujrze\u0107 pana Blaine\u2019a. Dozna\u0107 wra\u017cenia podgl\u0105dactwa, voyeurstwa. Zrozumie\u0107. Poj\u0105\u0107 fenomen zawieszenia, zamkni\u0119cia i niemo\u017cno\u015bci. I odci\u0119cia si\u0119 od \u015bwiata. <\/span><\/p>\n<p class=\"western\" lang=\"fr-FR\" align=\"justify\"><span style=\"font-size: medium;\"><span lang=\"pl-PL\">David Blaine tkwi\u0142 zawieszony na wierzcho\u0142ku d\u017awigu od wielu dni. Pomi\u0119dzy niebem i ziemi\u0105, pomi\u0119dzy wod\u0105 a sta\u0142ym l\u0105dem. Pomi\u0119dzy rzeczywisto\u015bciami, kt\u00f3re do chwili zamkni\u0119cia by\u0142y mu zapewne bliskie, naturalnie, tak jak bliska jest ziemia ka\u017cdemu z nas, skoro tak trudno si\u0119 od niej oderwa\u0107. Szklane za\u015b \u015bciany odcina\u0142y Blaine\u2019a od \u015bwiata i przed \u015bwiatem chroni\u0142y \u2013 przed agresywno\u015bci\u0105 wrog\u00f3w i nadmiarem czu\u0142o\u015bci fan\u00f3w, kt\u00f3rzy cierpliwie co dzie\u0144 Davida odwiedzali lub po prostu koczowali na ziemi w cieniu jego klatki. <\/span><\/span><\/p>\n<p class=\"western\" align=\"justify\"><span style=\"font-size: medium;\">Ja za\u015b stawia\u0142am sobie, na\u015bladuj\u0105c be\u0142kotliwe i plotkarskie gazety brytyjskie i \u015bwiatowe, pytanie \u2013 Dlaczego? Czemu s\u0142u\u017cy\u0142a asceza i samoograniczenie, post \u015bcis\u0142y, g\u0142od\u00f3wka, to studium anemii, anoreksji, bezruchu i pustki pomi\u0119dzy \u017cywio\u0142ami. By\u0107 mo\u017ce stan \u201epomi\u0119dzy\u201d, stan zawieszenia wp\u0142ywa\u0142 na szczeg\u00f3lnie bliskie obcowanie z wszystkimi \u017cywio\u0142ami \u015bwiata jednocze\u015bnie \u2013 wod\u0105, l\u0105dem, powietrzem&#8230; Hmm, powiedzmy z trzema \u017cywio\u0142ami jednocze\u015bnie. Je\u015bli mnie pami\u0119\u0107 nie myli, zawieszony w szklanej klatce brodacz-dziwak nie mia\u0142 okazji prze\u017cy\u0107, co wi\u0119cej, nie prze\u017cy\u0142by silnej burzy z piorunami \u2013 dotkni\u0119cia wody i ognia jednocze\u015bnie, zbyt bezpo\u015bredniego, aby uchroni\u0107 mog\u0142a go przed nim klatka ze szk\u0142a. Ich dotkni\u0119cie by\u0142oby zbyt bliskie i nieodwracalne. Ich jedynie utrzyma\u0107 nie mo\u017cnaby w bezpiecznej odleg\u0142o\u015bci od skaza\u0144ca. A mo\u017ce tu rozwi\u0105zanie? Mo\u017ce na to w\u0142a\u015bnie czeka\u0142 on, kt\u00f3ry potrafi\u0142 przekona\u0107 siebie i swoich wyznawc\u00f3w jak dalece kontrolowa\u0107 mo\u017ce swoje cia\u0142o, jego aktywno\u015b\u0107 i zachowanie &#8211; on, ten jogin, ten mnich, ten magik i iluzjonista, ten pe\u0142en tupetu arogancki m\u0119drzec o \u015bniadej twarzy i kruczoczarnych w\u0142osach. On, kt\u00f3ry czerpa\u0142 inspiracj\u0119 z r\u00f3\u017cnych religii, on, kt\u00f3rego fascynowa\u0142 Malcom X i islam, powinien by\u0142 poj\u0105\u0107 ide\u0119 g\u0142\u00f3wn\u0105 tej wiary \u2013 poddanie, pokor\u0119 i pok\u00f3j, kt\u00f3re nie zgadza\u0142y si\u0119 w pe\u0142ni z ide\u0105 samowystarczalno\u015bci i nadcz\u0142owiecze\u0144stwa za spraw\u0105 magii i sztuczek zgo\u0142a\u2026 diabelskich. Jednocze\u015bnie czy ten, kt\u00f3ry aspiruj\u0105c do roli wsp\u00f3\u0142czesnego Jezusa poprzez rzucone w Jerozolimie wyzwanie &#8211; zburzenia i odbudowania \u015bwi\u0105tyni &#8211; nie powinien by\u0142 przeczu\u0107 nadchodz\u0105cego zagro\u017cenia w marcu 2004? A jak\u017ce! <\/span><\/p>\n<p class=\"western\" lang=\"fr-FR\" align=\"justify\"><span style=\"font-size: medium;\"><span lang=\"pl-PL\">Jak \u015bmiem jednak rzuca\u0107 inwektywy na tego najspokojniejszego w \u015bwiecie cz\u0142owieka, ujawniaj\u0105cego pocz\u0105tki anemii w klatce ciasnej niby trumna w dniach postu zimowego pod koniec 2003 roku? Jak\u017ce \u015bmiem twierdzi\u0107, \u017ce niepokornym jest ten, kto d\u0105\u017cy do ca\u0142kowitej kontroli nad sob\u0105, nad w\u0142asnym cia\u0142em, nad s\u0142abo\u015bciami, nad\u2026 \u015bmierci\u0105? Nad \u015bmierci\u0105. Nad chwil\u0105 przej\u015bcia na drugi brzeg, kt\u00f3ry bli\u017cszy jest ni\u017c nam si\u0119 zdaje. Ot, na wyci\u0105gni\u0119cie r\u0119ki na \u017cyczenie, po n\u00f3\u017c, \u017cyletk\u0119, sznurek, szklan\u0105 klatk\u0119 g\u0142odu, i inne akcesoria bieg\u0142ego my\u015bliwego, poluj\u0105cego na w\u0142asn\u0105 dusz\u0119. Na wyci\u0105gni\u0119cie r\u0119ki, na prawo lewo przed za pod i ponad \u2013 jest szyba, brak wyj\u015bcia. A braknie mi wyj\u015bcia i wyt\u0142umaczenia do dzi\u015b \u2013 czy klatka pana B. by\u0142a metafor\u0105 \u017cycia postrzeganego jako niewola \u2013 ograniczaj\u0105cego swobod\u0119 ruchu oraz swobod\u0119 w ka\u017cdym innym sensie, \u017cycia ciasnego i dusznego, czy mo\u017ce raczej by\u0142a jego klatka synonimem \u017cycia jako wolno\u015bci, przestrzeni w\u0142asnej, nienaruszalnej, mikroskopowej i kruchej, ograniczonej do klatki na lince, zawieszonej o jakie pi\u0119\u0107dziesi\u0105t metr\u00f3w ponad ziemi\u0105, kt\u00f3rej przeci\u0119cie oznacza\u0142oby&#8230; wolno\u015bci utrat\u0119. A mo\u017ce kolejne wyzwolenie? Przez \u015bmier\u0107, przez zetkni\u0119cie z matk\u0105 ziemi\u0105 u brzegu Styksu. <\/span><\/span><\/p>\n<p class=\"western\" align=\"justify\"><span style=\"font-size: medium;\">A mo\u017ce klatka by\u0142a jedynie synonimem klatek filmowych, kt\u00f3rych wiele zarejestrowa\u0142a telewizja na ca\u0142ym \u015bwiecie. Mo\u017ce by\u0142 to po prostu doskona\u0142y spos\u00f3b, aby zapewni\u0107 sobie godziwy doch\u00f3d \u2013 w przypadku pana Blaine\u2019a \u2013 pi\u0119\u0107 tysi\u0119cy funt\u00f3w. Doprawdy. A\u017c dziw, \u017ce David nie zapragn\u0105\u0142 zawisn\u0105\u0107 ponad rzek\u0105. Ilo\u015b\u0107 klatek rejestrowanych przez telewizyjne kamery zwi\u0119kszy\u0142aby si\u0119 na pewno, czas antenowy jednakowo\u017c, nie wspominaj\u0105c ju\u017c od dochodzie, wzrastaj\u0105cym wprost proporcjonalnie do stopnia trudno\u015bci, do dystansu od brzegu rzeki w kierunku g\u0142\u0119bi, do odleg\u0142o\u015bci od kraw\u0119dzi \u017cycia, sensu, rozs\u0105dku\u2026 <\/span><\/p>","protected":false},"excerpt":{"rendered":"<p>Pomi\u0119dzy Jest taki stary most w Londynie, nazywany Tower Bridge, kt\u00f3rego pocz\u0105tki si\u0119gaj\u0105 szesnastego wieku. W\u0105ski i przysadzisty, sprawia nieodparte [&hellip;]<\/p>","protected":false},"author":2,"featured_media":0,"parent":0,"menu_order":0,"comment_status":"closed","ping_status":"closed","template":"","meta":{"_bbp_topic_count":0,"_bbp_reply_count":0,"_bbp_total_topic_count":0,"_bbp_total_reply_count":0,"_bbp_voice_count":0,"_bbp_anonymous_reply_count":0,"_bbp_topic_count_hidden":0,"_bbp_reply_count_hidden":0,"_bbp_forum_subforum_count":0,"_uag_custom_page_level_css":"","footnotes":""},"class_list":["post-4831","page","type-page","status-publish","hentry"],"spectra_custom_meta":{"_edit_lock":["1729391940:2"],"_edit_last":["2"],"_wp_page_template":["default"],"_uag_page_assets":["a:9:{s:3:\"css\";s:0:\"\";s:2:\"js\";s:0:\"\";s:18:\"current_block_list\";a:0:{}s:8:\"uag_flag\";b:0;s:11:\"uag_version\";s:10:\"1775454065\";s:6:\"gfonts\";a:0:{}s:10:\"gfonts_url\";s:0:\"\";s:12:\"gfonts_files\";a:0:{}s:14:\"uag_faq_layout\";b:0;}"]},"uagb_featured_image_src":{"full":false,"thumbnail":false,"medium":false,"medium_large":false,"large":false,"1536x1536":false,"2048x2048":false,"trp-custom-language-flag":false,"illdy-blog-list":false,"illdy-widget-recent-posts":false,"illdy-blog-post-related-articles":false,"illdy-front-page-latest-news":false,"illdy-front-page-testimonials":false,"illdy-front-page-projects":false,"illdy-front-page-person":false},"uagb_author_info":{"display_name":"Joanna Choluj","author_link":"http:\/\/joannacholuj.pl\/en\/blog\/author\/joannacholuj\/"},"uagb_comment_info":0,"uagb_excerpt":"Pomi\u0119dzy Jest taki stary most w Londynie, nazywany Tower Bridge, kt\u00f3rego pocz\u0105tki si\u0119gaj\u0105 szesnastego wieku. W\u0105ski i przysadzisty, sprawia nieodparte [&hellip;]","_links":{"self":[{"href":"http:\/\/joannacholuj.pl\/en\/wp-json\/wp\/v2\/pages\/4831"}],"collection":[{"href":"http:\/\/joannacholuj.pl\/en\/wp-json\/wp\/v2\/pages"}],"about":[{"href":"http:\/\/joannacholuj.pl\/en\/wp-json\/wp\/v2\/types\/page"}],"author":[{"embeddable":true,"href":"http:\/\/joannacholuj.pl\/en\/wp-json\/wp\/v2\/users\/2"}],"replies":[{"embeddable":true,"href":"http:\/\/joannacholuj.pl\/en\/wp-json\/wp\/v2\/comments?post=4831"}],"version-history":[{"count":1,"href":"http:\/\/joannacholuj.pl\/en\/wp-json\/wp\/v2\/pages\/4831\/revisions"}],"predecessor-version":[{"id":4832,"href":"http:\/\/joannacholuj.pl\/en\/wp-json\/wp\/v2\/pages\/4831\/revisions\/4832"}],"wp:attachment":[{"href":"http:\/\/joannacholuj.pl\/en\/wp-json\/wp\/v2\/media?parent=4831"}],"curies":[{"name":"wp","href":"https:\/\/api.w.org\/{rel}","templated":true}]}}