{"id":4803,"date":"2020-08-24T18:13:50","date_gmt":"2020-08-24T16:13:50","guid":{"rendered":"http:\/\/joannacholuj.pl\/?page_id=4803"},"modified":"2020-08-24T18:13:50","modified_gmt":"2020-08-24T16:13:50","slug":"propozycja-do-tomiku-przezrocza","status":"publish","type":"page","link":"http:\/\/joannacholuj.pl\/en\/propozycja-do-tomiku-przezrocza\/","title":{"rendered":"Propozycja do tomiku Prze\u017arocza"},"content":{"rendered":"<p class=\"western\" align=\"center\"><span style=\"font-size: large;\"><b>prze\u017arocza<\/b><\/span><\/p>\n<p class=\"western\"><b>Emiraty I<\/b><\/p>\n<p class=\"western\">to miasto<\/p>\n<p class=\"western\">ociekaj\u0105ce wod\u0105 kt\u00f3rej brak<\/p>\n<p class=\"western\">kroplami z niedo\u0142\u0119\u017cnych maszyn<\/p>\n<p class=\"western\">A\/C wci\u015bni\u0119tych bezwstydnie pup\u0105 ku ulicy w niedoros\u0142e okno<\/p>\n<p class=\"western\">to miasto<\/p>\n<p class=\"western\">szarosprane niebieskawoniczyje shalvar kamiz<\/p>\n<p class=\"western\">na sznurze pomi\u0119dzy gwo\u017adziami<\/p>\n<p class=\"western\">niemal horyzontalnie przy \u015bcianie<\/p>\n<p class=\"western\">slums\u00f3w zapach<\/p>\n<p class=\"western\">i \u015bwiat\u0142o spostrze\u017cone z zaskoczenia z zau\u0142ka<\/p>\n<p class=\"western\">przez okr\u0105g\u0142y wywietrznik<\/p>\n<p class=\"western\">cywilizacja w epoce p\u0142odu<\/p>\n<p class=\"western\">gwa\u0142townie strusi\u0105 g\u0142ow\u0119 podnosi<\/p>\n<p class=\"western\">wie\u017cowcami w g\u00f3r\u0119<\/p>\n<p class=\"western\">niby pn\u0105cze wzwy\u017c wzwy\u017c<\/p>\n<p class=\"western\">ku s\u0142o\u0144cu kt\u00f3re nie pozwoli ani \u0142zy<\/p>\n<p class=\"western\">uroni\u0107 chmurom<\/p>\n<p class=\"western\">ku s\u0142o\u0144cu nie w piasek<\/p>\n<p class=\"western\">gdzie piasek? na parkingach pod stopami d\u017awig\u00f3w<\/p>\n<p class=\"western\">pustynia unieszkodliwiona<\/p>\n<p class=\"western\">rabatkami kwiat\u00f3w<\/p>\n<p class=\"western\">&#8212;&#8212;&#8212;&#8212;&#8212;&#8212;-<\/p>\n<p class=\"western\">15 sierpnia 2004<\/p>\n<p class=\"western\"><b>spektakl Circo da madrugada<\/b><\/p>\n<p class=\"western\">czerwie\u0144 i fiolet szarf<\/p>\n<p class=\"western\">marzenia ujawni\u0142y swoj\u0105 realno\u015b\u0107<\/p>\n<p class=\"western\">poziomkowa delikatno\u015b\u0107 odzienia<\/p>\n<p class=\"western\">i odcienie bieli<\/p>\n<p class=\"western\">dowodzi\u0142y istnienia niebieskiego smaku<\/p>\n<p class=\"western\">\u0142opot skrzyde\u0142 anio\u0142\u00f3w ucich\u0142 muzyka by\u0142a<\/p>\n<p class=\"western\">wszechobecna<\/p>\n<p class=\"western\">niebo brazylijskie<\/p>\n<p class=\"western\">wci\u0105gn\u0119\u0142am w nozdrza zapach zmroku<\/p>\n<p class=\"western\">godzin\u0119 p\u00f3\u017aniej<\/p>\n<p class=\"western\">gdy odeszli akrobaci anielscy sta\u0142am<\/p>\n<p class=\"western\">wdychaj\u0105c pot zmieszany z deszczem<\/p>\n<p class=\"western\">wcze\u015bniej sp\u0142oszony<\/p>\n<p class=\"western\">powraca\u0142 ksi\u0119\u017cyc po \u015bladach wody<\/p>\n<p class=\"western\">anio\u0142\u00f3w zapragn\u0119\u0142am obecno\u015bci<\/p>\n<p class=\"western\">gdy odesz\u0142y<\/p>\n<p class=\"western\">jeszcze d\u0142ugo oczekiwa\u0142am<\/p>\n<p class=\"western\">ta\u0144ca na linach rytmu brazylijskiej samby tupotu st\u00f3p<\/p>\n<p class=\"western\">w bia\u0142ych sanda\u0142ach<\/p>\n<p class=\"western\">9 lipca 2004<\/p>\n<p class=\"western\">***<\/p>\n<p class=\"western\">zagubi\u0142 mi si\u0119 j\u0119zyk<\/p>\n<p class=\"western\">w obcej przestrzeni rozleg\u0142ej<\/p>\n<p class=\"western\">gdzie\u015b a\u017c po horyzont zamglone wzg\u00f3rza meksyku<\/p>\n<p class=\"western\">como estas i wok\u00f3\u0142 hiszpa\u0144ski ocean<\/p>\n<p class=\"western\">ciemne oczy i d\u0142onie<\/p>\n<p class=\"western\">madonny dworcowej<\/p>\n<p class=\"western\">que hora es wskazuj\u0119 zegarek<\/p>\n<p class=\"western\">z przepraszaj\u0105cym u\u015bmiechem<\/p>\n<p class=\"western\">d\u0142o\u0144 wyci\u0105gaj\u0105 wyra\u017anie i g\u0142o\u015bno ocho veinte<\/p>\n<p class=\"western\">p\u00f3\u0142 godziny oczekiwania<\/p>\n<p class=\"western\">przestrzenny dworzec mexico ciudad<\/p>\n<p class=\"western\">niepoliczeni sprz\u0105tacze i taks\u00f3wkarze w koszulkach z numerami<\/p>\n<p class=\"western\">niczym gracze baseballu<\/p>\n<p class=\"western\">i jeszcze ta ameryka\u0144ska ksi\u0105\u017cka na moich kolanach<\/p>\n<p class=\"western\">zagubi\u0142 mi si\u0119 j\u0119zyk<\/p>\n<p class=\"western\">polski w \u015bwiadomo\u015bci przycich\u0142<\/p>\n<p class=\"western\">i usn\u0105\u0142<\/p>\n<p class=\"western\">wi\u0119c budz\u0119 szybko w panice<\/p>\n<p class=\"western\">tym wierszem<\/p>\n<p class=\"western\">2003 marzec, mexico ciudad<\/p>\n<p class=\"western\">ramadan<\/p>\n<p class=\"western\"><i>roza<\/i> zaczyna si\u0119 o \u015bwicie<\/p>\n<p class=\"western\">gdy \u015bwitanie jest jeszcze noc\u0105<\/p>\n<p class=\"western\">gdy \u015bwiat\u0142o niczym jak b\u0142yskiem \u017arenicy spod przymknietych powiek<\/p>\n<p class=\"western\">o pi\u0105tej pi\u0119tna\u015bcie jeszcze okno zas\u0142ania mi szarobura zas\u0142onka<\/p>\n<p class=\"western\">nie spojrz\u0119 w t\u0119 stron\u0119 przez godzin\u0119<\/p>\n<p class=\"western\">na odg\u0142os angielszczyzny koguta g\u0142ow\u0119 podnios\u0119<\/p>\n<p class=\"western\">sz\u00f3sta<\/p>\n<p class=\"western\">szarobura zas\u0142onka rzadszym tkana \u015bciegiem<\/p>\n<p class=\"western\"><i>roza<\/i> zamykana zimowym zmierzchem<\/p>\n<p class=\"western\">gdy s\u0142o\u0144ce i tak nie widoczne jeszcze bardziej chce sta\u0107 si\u0119 nieobecne<\/p>\n<p class=\"western\">nie teraz<\/p>\n<p class=\"western\">gdy zmierzch nadejdzie<\/p>\n<p class=\"western\">zmierzch opowiem<\/p>\n<p class=\"western\">[3dec2001Nyork]<\/p>\n<p class=\"western\">(rosa \u2013 post)<\/p>\n<p class=\"western\">***<\/p>\n<p class=\"western\">mi\u0142o\u015b\u0107 nale\u017cy dawkowa\u0107<\/p>\n<p class=\"western\">nie upaja\u0107 si\u0119<\/p>\n<p class=\"western\">i nie upija\u0107 do b\u00f3lu<\/p>\n<p class=\"western\">dzi\u0105se\u0142 abstynencja czasowa<\/p>\n<p class=\"western\">wskazana jest palcem<\/p>\n<p class=\"western\">jak najbardziej trafnie<\/p>\n<p class=\"western\">w stanie wskazuj\u0105cym na spo\u017cycie<\/p>\n<p class=\"western\">dawki wykraczaj\u0105cej poza og\u00f3lnie przyj\u0119t\u0105<\/p>\n<p class=\"western\">norm\u0119 upojenia mi\u0142osnego<\/p>\n<p class=\"western\">mi\u0142o\u015bnicy protestuj\u0105<\/p>\n<p class=\"western\">i po co?<\/p>\n<p class=\"western\">zobacz\u0105 sami<\/p>\n<p class=\"western\">mi\u0142o\u015b\u0107 nale\u017cy dawkowa\u0107<\/p>\n<p class=\"western\">rozs\u0105dnie zostawi\u0107<\/p>\n<p class=\"western\">na potem<\/p>\n<p class=\"western\">mrozi\u0107 i wekowa\u0107<\/p>\n<p class=\"western\">poca\u0142unki orgazmy westchnienia<\/p>\n<p class=\"western\">ostro\u017cnie zdj\u0105\u0107 z warg<\/p>\n<p class=\"western\">wsypa\u0107 do s\u0142oika<\/p>\n<p class=\"western\">jeszcze pijane ze szcz\u0119\u015bcia<\/p>\n<p class=\"western\">palcem pokryw\u0105<\/p>\n<p class=\"western\">przytrzyma\u0107<\/p>\n<p class=\"western\">24 lipca 2004<\/p>\n<p class=\"western\">***<\/p>\n<p class=\"western\">t\u0119sknot\u0119 pami\u0119tam<\/p>\n<p class=\"western\">jak szum wiatru w powrotach fal<\/p>\n<p class=\"western\">szaro\u015bci bezkres pokrzykiwania mew<\/p>\n<p class=\"western\">milk\u0142y st\u0142umione<\/p>\n<p class=\"western\">s\u00f3l na wargach i d\u0142oniach<\/p>\n<p class=\"western\">s\u0142one \u015blady na nogawkach d\u017cins\u00f3w<\/p>\n<p class=\"western\">muszli zapiaszczonych zapach<\/p>\n<p class=\"western\">noc\u0105<\/p>\n<p class=\"western\">na pla\u017cy w Clifton<\/p>\n<p class=\"western\">brutalny dotyk ostrych kamieni i piasku<\/p>\n<p class=\"western\">okrzyk i urwana rozmowa<\/p>\n<p class=\"western\">nas troje<\/p>\n<p class=\"western\">pami\u0119tam<\/p>\n<p class=\"western\">jak dzi\u015b<\/p>\n<p class=\"western\">nawo\u0142ywanie dzieci i czerwon\u0105 sukienk\u0119 Mominy<\/p>\n<p class=\"western\">8 july 2004<\/p>\n<p class=\"western\">Clifton, Karachi, Pakistan<\/p>\n<p class=\"western\">***<\/p>\n<p class=\"western\">czeka\u0107 na ciebie<\/p>\n<p class=\"western\">w cierpliwo\u015bci<\/p>\n<p class=\"western\">penelop\u0119 zrozumie\u0107<\/p>\n<p class=\"western\">przesz\u0142o\u015b\u0107 i przysz\u0142o\u015b\u0107 tera\u017aniejszo\u015bci mijanie<\/p>\n<p class=\"western\">nie umrze\u0107 uciec przed pokus\u0105 tego g\u0142osu<\/p>\n<p class=\"western\">czas zwodzi\u0107 twoim szlakiem lat dziesi\u0119\u0107<\/p>\n<p class=\"western\">b\u0142\u0105dzi\u0107 a\u017c tam gdzie kra\u0144ce \u015bwiata zbiegaj\u0105 si\u0119 i \u0142\u0105cz\u0105 niebo<\/p>\n<p class=\"western\">z ziemi\u0105 zespoli\u0107 si\u0119 i by\u0107 tak blisko by oddech s\u0142ysze\u0107<\/p>\n<p class=\"western\">podziemi wci\u0105gn\u0105\u0107 sw\u0105d w nozdrza<\/p>\n<p class=\"western\">trawy zapach i gliny rozcieranej w palcach<\/p>\n<p class=\"western\">twardo\u015b\u0107 i op\u00f3r wyczuwa\u0107 wyczekiwa\u0107<\/p>\n<p class=\"western\">wci\u0105\u017c wok\u00f3\u0142 ciebie kr\u0105\u017cy\u0107<\/p>\n<p class=\"western\">delikatniezauwa\u017calnie<\/p>\n<p class=\"western\">przyszy\u0107 ci\u0119 nici\u0105 w\u0142os\u00f3w<\/p>\n<p class=\"western\">przybli\u017cy\u0107 si\u0119 i oddali\u0107 zn\u00f3w gdy zechcesz<\/p>\n<p class=\"western\">niedaleko k\u0142\u0119bek rozwin\u0105\u0107<\/p>\n<p class=\"western\">pod\u0105\u017cy\u0107 po \u015bladach twoich<\/p>\n<p class=\"western\">i zn\u00f3w<\/p>\n<p class=\"western\">czeka\u0107 cierpliwie<\/p>\n<p class=\"western\">na tw\u00f3j powr\u00f3t do mojej itaki tej i takiej<\/p>\n<p class=\"western\">kt\u00f3rej<\/p>\n<p class=\"western\">-my\u015bl\u0119 czuj\u0119 wierz\u0119 \u2013<\/p>\n<p class=\"western\">nigdy opu\u015bci\u0107 nie chcia\u0142e\u015b nigdy<\/p>\n<p class=\"western\">nie opuszcza\u0142e\u015b<\/p>\n<p class=\"western\">23.1.2004<\/p>\n<p class=\"western\">***<\/p>\n<p class=\"western\">dopiero trzecia<\/p>\n<p class=\"western\">popo\u0142udnie rozwlek\u0142e i nudne<\/p>\n<p class=\"western\">po modlitwach w meczecie nie dzieje si\u0119 ju\u017c nic<\/p>\n<p class=\"western\">kilka k\u0142\u00f3tni tylko<\/p>\n<p class=\"western\">dopiero trzecia<\/p>\n<p class=\"western\">dziesi\u0119\u0107 minut mniej do pocz\u0105tku ciszy<\/p>\n<p class=\"western\">ona ujawnia si\u0119<\/p>\n<p class=\"western\">\u0142askawie<\/p>\n<p class=\"western\">gdy on zamyka oczy i usta<\/p>\n<p class=\"western\">po\u0142kn\u0105wszy s\u0142odkie s\u0142owa i czekoladowe lody<\/p>\n<p class=\"western\">cisza<\/p>\n<p class=\"western\">dopiero trzecia<\/p>\n<p class=\"western\">noc j\u0105 przynios\u0142a<\/p>\n<p class=\"western\">wi\u0119c nie p\u0142osz\u0119<\/p>\n<p class=\"western\">czekam<\/p>\n<p class=\"western\">usa 2002<\/p>\n<p class=\"western\">***<\/p>\n<p class=\"western\">za \u015bcian\u0105 ona<\/p>\n<p class=\"western\">upada co chwila<\/p>\n<p class=\"western\">metaliczny ha\u0142as<\/p>\n<p class=\"western\">potem cisza<\/p>\n<p class=\"western\">wiatrem pachnie i mi\u0119sem halal<\/p>\n<p class=\"western\">w sosie<\/p>\n<p class=\"western\">trywialnie szaroburym<\/p>\n<p class=\"western\">za \u015bcian\u0105 wci\u0105\u017c ona<\/p>\n<p class=\"western\">niesko\u0144czona historia<\/p>\n<p class=\"western\">niegotowa kolacja<\/p>\n<p class=\"western\">daleko jeszcze do pi\u0105tej<\/p>\n<p class=\"western\">za \u015bcian\u0105 cicho<\/p>\n<p class=\"western\">wiem jednak<\/p>\n<p class=\"western\">\u017ce jest<\/p>\n<p class=\"western\">ta historia niesko\u0144czona i smutna<\/p>\n<p class=\"western\">bez dobrego rozwi\u0105zania<\/p>\n<p class=\"western\">przygn\u0119biona<\/p>\n<p class=\"western\">w kuchni<\/p>\n<p class=\"western\">w ci\u0105\u017cy<\/p>\n<p class=\"western\">jego \u017cona<\/p>\n<p class=\"western\">[15dec2001. pensacola]<\/p>\n<p class=\"western\"><b>ta druga jeszcze nie-przyjaci\u00f3\u0142ka<\/b><\/p>\n<p class=\"western\">ona jest niesko\u0144czenie cicha<\/p>\n<p class=\"western\">nieobecnie delikatna<\/p>\n<p class=\"western\">nieobecno\u015b\u0107 jej dotyka<\/p>\n<p class=\"western\">niesko\u0144czono\u015b\u0107 na w-p\u00f3\u0142 zdania<\/p>\n<p class=\"western\">nie warkocz zaplata<\/p>\n<p class=\"western\">lecz lu\u017anym opa\u015b\u0107 pozwala pasmom<\/p>\n<p class=\"western\">czerni niesko\u0144czenie d\u0142ugiej<\/p>\n<p class=\"western\">dotkn\u0105\u0107 chcia\u0142abym jej<\/p>\n<p class=\"western\">w\u0142os\u00f3w d\u0142oni i cia\u0142a<\/p>\n<p class=\"western\">nie-<\/p>\n<p class=\"western\">\u015bmia\u0142o\u015b\u0107 przeszkadza<\/p>\n<p class=\"western\">czy ona jest r\u00f3wnie<\/p>\n<p class=\"western\">sko\u0144czenie<\/p>\n<p class=\"western\">nie\u015bmia\u0142a<\/p>\n<p class=\"western\">[5dec2001]<\/p>\n<p class=\"western\"><b>pewna odmiana wierno\u015bci <\/b><\/p>\n<p class=\"western\">\u015brodowisko mieszane<\/p>\n<p class=\"western\">nas czworo<\/p>\n<p class=\"western\">faithless<\/p>\n<p class=\"western\">melodia kt\u00f3r\u0105 lubi\u0119<\/p>\n<p class=\"western\">jedyna<\/p>\n<p class=\"western\">ciasto<\/p>\n<p class=\"western\">och\u0142apy kolacji<\/p>\n<p class=\"western\">moje urodziny<\/p>\n<p class=\"western\">jego urodziny<\/p>\n<p class=\"western\">on pierwszy<\/p>\n<p class=\"western\">on drugi<\/p>\n<p class=\"western\">ona jego dziewczyn\u0105<\/p>\n<p class=\"western\">ja jego dziewczyn\u0105<\/p>\n<p class=\"western\">!nie nazywaj mnie<\/p>\n<p class=\"western\">nie jestem nie chc\u0119<\/p>\n<p class=\"western\">przynale\u017cno\u015b\u0107 niezrozumia\u0142a<\/p>\n<p class=\"western\">przynale\u017cno\u015b\u0107 sp\u00f3\u017aniona<\/p>\n<p class=\"western\">?dlaczego mia\u0142abym do niego nale\u017ce\u0107<\/p>\n<p class=\"western\">le\u017ce\u0107-przy<\/p>\n<p class=\"western\">le\u017ce\u0107-obok<\/p>\n<p class=\"western\">pod-lega\u0107<\/p>\n<p class=\"western\">uleg\u0142a nie jestem<\/p>\n<p class=\"western\">dawno przynale\u017cno\u015bci mi\u0119dzy nami ju\u017c nie ma<\/p>\n<p class=\"western\">wi\u0119c czemu ulegam<\/p>\n<p class=\"western\">wi\u0119c czemu nalega<\/p>\n<p class=\"western\">z oddali pokorne \u015ble listy<\/p>\n<p class=\"western\">i widzie\u0107 mnie chce<\/p>\n<p class=\"western\">i poddanka przebiegam kilometr\u00f3w odleg\u0142o\u015b\u0107<\/p>\n<p class=\"western\">i jestem nieopodal<\/p>\n<p class=\"western\">tu\u017c obok<\/p>\n<p class=\"western\">wierna w rytm rave&#8217;u<\/p>\n<p class=\"western\">niewierna w rytm \u0142ka\u0144<\/p>\n<p class=\"western\">[11-13-III-2001 Budapeszt-Otwock]<\/p>\n<p class=\"western\">***<\/p>\n<p class=\"western\">on prosi<\/p>\n<p class=\"western\">bezg\u0142o\u015bnie<\/p>\n<p class=\"western\">wszystko jest naturalne i jasne<\/p>\n<p class=\"western\">bezg\u0142o\u015bne<\/p>\n<p class=\"western\">przyjd\u017a przyjed\u017a zostaw opu\u015b\u0107 zmie\u0144<\/p>\n<p class=\"western\">adres mieszkania pracy rodziny my\u015bli<\/p>\n<p class=\"western\">\u017ce prosto jest zmieni\u0107 adres<\/p>\n<p class=\"western\">mieszkania pracy osobowo\u015bci<\/p>\n<p class=\"western\">nie chc\u0119 zmienia\u0107 a jednak<\/p>\n<p class=\"western\">wysz\u0142am wyjecha\u0142am opu\u015bci\u0142am zmieni\u0142am<\/p>\n<p class=\"western\">adres nazwisko imi\u0119 przyzwyczajenia<\/p>\n<p class=\"western\">bezg\u0142o\u015bnie<\/p>\n<p class=\"western\">2001<\/p>\n<p class=\"western\">***<\/p>\n<p class=\"western\">nic nikogo<\/p>\n<p class=\"western\">wini\u0107<\/p>\n<p class=\"western\">nic nikomu<\/p>\n<p class=\"western\">winna nie chc\u0119<\/p>\n<p class=\"western\">by\u0107 niczyj\u0105 nie nale\u017ce\u0107 do nikogo<\/p>\n<p class=\"western\">nie przemawia\u0107 nic ni s\u0142owem czu\u0142ym nie<\/p>\n<p class=\"western\">chc\u0119 obiecywa\u0107 nic nikomu by nikomu obietnicy<\/p>\n<p class=\"western\">i nadziei nie odbiera\u0107<\/p>\n<p class=\"western\">i &#8211; nie &#8211; na nic m\u00f3wi\u0119<\/p>\n<p class=\"western\">zrani\u0107 za nic umiem<\/p>\n<p class=\"western\">przecie\u017c<\/p>\n<p class=\"western\">za nic na nic m\u00f3wi\u0119 i przysi\u0119gam<\/p>\n<p class=\"western\">gorzko noc\u0105 niecnotliwie za nic nico\u015b\u0107 kt\u00f3ra mnie opad\u0142a<\/p>\n<p class=\"western\">oddam<\/p>\n<p class=\"western\">[4R.A.][2000]<\/p>\n<p class=\"western\">***<\/p>\n<p class=\"western\">mam ochot\u0119 na dotyk<br \/>\ngdzie jeste\u015b<br \/>\ntwoje w\u0142osy je\u017cykowate<br \/>\ntwoje d\u0142onie ciemne zm\u0119czone<br \/>\ntw\u00f3j kciuk dziwnie wygi\u0119ty<br \/>\ntwoje d\u0142ugie rz\u0119sy spuszczone<br \/>\nkt\u00f3re m\u00f3wi\u0142e\u015b<br \/>\nlubi\u0142y dotyka\u0107 wszystkie twoje kobiety<\/p>\n<p>nie potrafi\u0119 przypomnie\u0107 w pe\u0142ni<br \/>\nprzywo\u0142uj\u0119 jednak szczeg\u00f3\u0142y<br \/>\ngdzie jeste\u015b<br \/>\nnie potrafi\u0119 przywo\u0142a\u0107 ca\u0142o\u015bci<br \/>\nrozpad\u0142e\u015b mi si\u0119 w atomy<br \/>\ngdzie jeste\u015b<br \/>\numi\u0142owane miejsce w nieoswojonej przestrzeni<br \/>\npoza horyzontem dotyku<br \/>\ngdzie jeste\u015b<br \/>\nczy nie chcia\u0142by\u015b zn\u00f3w by\u0107 ca\u0142o\u015bci\u0105 ze mn\u0105<br \/>\ni wewn\u0105trz<\/p>\n<p>ok 2001<\/p>\n<p class=\"western\"><b>list ojca z polski do c\u00f3rki w pensacola na florydzie na wie\u015b\u0107 o atakach rekin\u00f3w i terroryst\u00f3w<\/b><\/p>\n<p class=\"western\">zn\u00f3w milczysz asiula<\/p>\n<p class=\"western\">nie opowiadasz mi nic<\/p>\n<p class=\"western\">w tej ameryce<\/p>\n<p class=\"western\">ilu jest bia\u0142ych raper\u00f3w<\/p>\n<p class=\"western\">ilu idiot\u00f3w wysadzaj\u0105cych drapacze chmur<\/p>\n<p class=\"western\">ilu farmer\u00f3w i domk\u00f3w na prerii<\/p>\n<p class=\"western\">i ranch<\/p>\n<p class=\"western\">zn\u00f3w milczysz asiula<\/p>\n<p class=\"western\">kochanek praca<\/p>\n<p class=\"western\">na pla\u017cy na czarno<\/p>\n<p class=\"western\">nic nie wiem<\/p>\n<p class=\"western\">ile jest willi emerytowanych komandos\u00f3w<\/p>\n<p class=\"western\">ile jacht\u00f3w niedosk\u0142adanych jak nasz<\/p>\n<p class=\"western\">ile slums\u00f3w i gang\u00f3w<\/p>\n<p class=\"western\">i odgryzionych r\u0105k<\/p>\n<p class=\"western\">ile p\u00f3r deszczowych na florydzie ile centymetr\u00f3w \u015bniegu<\/p>\n<p class=\"western\">zatopi i zakryje tw\u00f3j<\/p>\n<p class=\"western\">z czu\u0142o\u015bci\u0105 nienapisany list<\/p>\n<p class=\"western\">2005czerwiec<\/p>\n<p class=\"western\"><b>zapisane na odwrocie emirackiej wizy <\/b><\/p>\n<p class=\"western\" lang=\"en-US\">berlin<\/p>\n<p class=\"western\" lang=\"en-US\">u\u015bmiech<\/p>\n<p class=\"western\" lang=\"en-US\">stewardessy<\/p>\n<p class=\"western\" lang=\"en-US\">dubaj<\/p>\n<p class=\"western\">widok<\/p>\n<p class=\"western\">z okna<\/p>\n<p class=\"western\">z siedzenia<\/p>\n<p class=\"western\">samolotu<\/p>\n<p class=\"western\">nic nie wida\u0107<\/p>\n<p class=\"western\">widok<\/p>\n<p class=\"western\">karachi<\/p>\n<p class=\"western\">z samolotu<\/p>\n<p class=\"western\">suchy kraj brak zieleni<\/p>\n<p class=\"western\">w samolocie \u015bcisk<\/p>\n<p class=\"western\">nieprzyjemne stjuardesy bez u\u015bmiechu<\/p>\n<p class=\"western\">pomi\u0119dzy m\u0119\u017cczyznami<\/p>\n<p class=\"western\">plucie do torebki<\/p>\n<p class=\"western\">noga na nog\u0119<\/p>\n<p class=\"western\">brudne stopy<\/p>\n<p class=\"western\">smr\u00f3d<\/p>\n<p class=\"western\">stewardessy<\/p>\n<p class=\"western\">z warkoczykami<\/p>\n<p class=\"western\">zn\u00f3w<\/p>\n<p class=\"western\">karachi<\/p>\n<p class=\"western\">dubaj<\/p>\n<p class=\"western\">berlin<\/p>\n<p class=\"western\">ziemia<\/p>\n<p class=\"western\">nareszcie<\/p>\n<p class=\"western\">2004<\/p>","protected":false},"excerpt":{"rendered":"<p>prze\u017arocza Emiraty I to miasto ociekaj\u0105ce wod\u0105 kt\u00f3rej brak kroplami z niedo\u0142\u0119\u017cnych maszyn A\/C wci\u015bni\u0119tych bezwstydnie pup\u0105 ku ulicy w [&hellip;]<\/p>","protected":false},"author":2,"featured_media":0,"parent":0,"menu_order":0,"comment_status":"closed","ping_status":"closed","template":"","meta":{"_bbp_topic_count":0,"_bbp_reply_count":0,"_bbp_total_topic_count":0,"_bbp_total_reply_count":0,"_bbp_voice_count":0,"_bbp_anonymous_reply_count":0,"_bbp_topic_count_hidden":0,"_bbp_reply_count_hidden":0,"_bbp_forum_subforum_count":0,"_uag_custom_page_level_css":"","footnotes":""},"class_list":["post-4803","page","type-page","status-publish","hentry"],"spectra_custom_meta":{"_edit_lock":["1598285538:2"],"_edit_last":["2"],"_wp_page_template":["default"],"_uag_page_assets":["a:9:{s:3:\"css\";s:0:\"\";s:2:\"js\";s:0:\"\";s:18:\"current_block_list\";a:0:{}s:8:\"uag_flag\";b:0;s:11:\"uag_version\";s:10:\"1775454065\";s:6:\"gfonts\";a:0:{}s:10:\"gfonts_url\";s:0:\"\";s:12:\"gfonts_files\";a:0:{}s:14:\"uag_faq_layout\";b:0;}"]},"uagb_featured_image_src":{"full":false,"thumbnail":false,"medium":false,"medium_large":false,"large":false,"1536x1536":false,"2048x2048":false,"trp-custom-language-flag":false,"illdy-blog-list":false,"illdy-widget-recent-posts":false,"illdy-blog-post-related-articles":false,"illdy-front-page-latest-news":false,"illdy-front-page-testimonials":false,"illdy-front-page-projects":false,"illdy-front-page-person":false},"uagb_author_info":{"display_name":"Joanna Choluj","author_link":"http:\/\/joannacholuj.pl\/en\/blog\/author\/joannacholuj\/"},"uagb_comment_info":0,"uagb_excerpt":"prze\u017arocza Emiraty I to miasto ociekaj\u0105ce wod\u0105 kt\u00f3rej brak kroplami z niedo\u0142\u0119\u017cnych maszyn A\/C wci\u015bni\u0119tych bezwstydnie pup\u0105 ku ulicy w [&hellip;]","_links":{"self":[{"href":"http:\/\/joannacholuj.pl\/en\/wp-json\/wp\/v2\/pages\/4803"}],"collection":[{"href":"http:\/\/joannacholuj.pl\/en\/wp-json\/wp\/v2\/pages"}],"about":[{"href":"http:\/\/joannacholuj.pl\/en\/wp-json\/wp\/v2\/types\/page"}],"author":[{"embeddable":true,"href":"http:\/\/joannacholuj.pl\/en\/wp-json\/wp\/v2\/users\/2"}],"replies":[{"embeddable":true,"href":"http:\/\/joannacholuj.pl\/en\/wp-json\/wp\/v2\/comments?post=4803"}],"version-history":[{"count":1,"href":"http:\/\/joannacholuj.pl\/en\/wp-json\/wp\/v2\/pages\/4803\/revisions"}],"predecessor-version":[{"id":4804,"href":"http:\/\/joannacholuj.pl\/en\/wp-json\/wp\/v2\/pages\/4803\/revisions\/4804"}],"wp:attachment":[{"href":"http:\/\/joannacholuj.pl\/en\/wp-json\/wp\/v2\/media?parent=4803"}],"curies":[{"name":"wp","href":"https:\/\/api.w.org\/{rel}","templated":true}]}}