{"id":4758,"date":"2020-08-24T17:40:44","date_gmt":"2020-08-24T15:40:44","guid":{"rendered":"http:\/\/joannacholuj.pl\/?page_id=4758"},"modified":"2020-08-24T17:40:44","modified_gmt":"2020-08-24T15:40:44","slug":"wiersze-2002","status":"publish","type":"page","link":"http:\/\/joannacholuj.pl\/en\/wiersze-2002\/","title":{"rendered":"wiersze 2002"},"content":{"rendered":"<p><html><\/p>\n<p><head><br \/>\n<meta http-equiv=\"Content-Type\" content=\"text\/html; charset=windows-1250\"><br \/>\n<meta name=\"Generator\" content=\"Microsoft Word 10 (filtered)\"><br \/>\n<title>76 <\/title><\/p>\n<style>\n<!--\n \/* Style Definitions *\/\n p.MsoNormal, li.MsoNormal, div.MsoNormal\n\t{margin:0cm;\n\tmargin-bottom:.0001pt;\n\ttext-autospace:none;\n\tfont-size:10.0pt;\n\tfont-family:\"Times New Roman\";}\n@page Section1\n\t{size:595.3pt 841.9pt;\n\tmargin:70.85pt 70.85pt 70.85pt 70.85pt;}\ndiv.Section1\n\t{page:Section1;}\n-->\n<\/style>\n<p><\/head><\/p>\n<p><body lang=\"PL\"><\/p>\n<div class=\"Section1\">\n<p class=\"MsoNormal\">76 <\/p>\n<p class=\"MsoNormal\">***<\/p>\n<p class=\"MsoNormal\">odkurzanie historii<\/p>\n<p class=\"MsoNormal\">kt\u00f3rej p\u00f3\u0142ki pe\u0142ne<\/p>\n<p class=\"MsoNormal\">bolesna archeologia zdrapywanie strup\u00f3w<\/p>\n<p class=\"MsoNormal\">troch\u0119 b\u00f3lu<\/p>\n<p class=\"MsoNormal\">du\u017co niespodziewanie przyjemnego masochizmu<\/p>\n<p class=\"MsoNormal\">nieoczekiwanej satysfakcji<\/p>\n<p class=\"MsoNormal\">&nbsp;<\/p>\n<p class=\"MsoNormal\">a my\u015bla\u0142a\u015b \u017ce to poza tob\u0105<\/p>\n<p class=\"MsoNormal\">tobie niepotrzebne<\/p>\n<p class=\"MsoNormal\">zb\u0119dne jak kurz kt\u00f3ry i tak<\/p>\n<p class=\"MsoNormal\">rzadko spomi\u0119dzy kartek historii<\/p>\n<p class=\"MsoNormal\">(bo nie lubi\u0142a\u015b wymiata\u0107) wymiata\u0142a\u015b<\/p>\n<p class=\"MsoNormal\">ju\u017c nie jak maturzystka z apetytem na sz\u00f3stk\u0119<\/p>\n<p class=\"MsoNormal\">jak kto\u015b inny<\/p>\n<p class=\"MsoNormal\">kogo do tej pory skutecznie<\/p>\n<p class=\"MsoNormal\">zalewa\u0142a\u015b potokiem a-historycznej<\/p>\n<p class=\"MsoNormal\">spreparowanej przemy\u015blnie<\/p>\n<p class=\"MsoNormal\">filozofii religii literatury<\/p>\n<p class=\"MsoNormal\">(poniewiera\u0142y si\u0119 tylko gdzie\u015b tam g\u0142\u0119biej<\/p>\n<p class=\"MsoNormal\">u podn\u00f3\u017ca zmys\u0142\u00f3w<\/p>\n<p class=\"MsoNormal\">po dekapitacji g\u0142owa<\/p>\n<p class=\"MsoNormal\">wyd\u0142ubane oczy wyrwany j\u0119zyk<\/p>\n<p class=\"MsoNormal\">pani historii<\/p>\n<p class=\"MsoNormal\">&#8211; pani od historii<\/p>\n<p class=\"MsoNormal\">nigdy nie lubi\u0142a\u015b)<\/p>\n<p class=\"MsoNormal\">udawa\u0142o si\u0119 utrzyma\u0107 archaiczny system do<\/p>\n<p class=\"MsoNormal\">&nbsp;<\/p>\n<p class=\"MsoNormal\">dzi\u015b<\/p>\n<p class=\"MsoNormal\">&nbsp;<\/p>\n<p class=\"MsoNormal\">przejd\u0119 \u015bwiadomie przez szereg<\/p>\n<p class=\"MsoNormal\">pokoj\u00f3w lat wspomnie\u0144 moich nie moich<\/p>\n<p class=\"MsoNormal\">portret\u00f3w wojen<\/p>\n<p class=\"MsoNormal\">zimnych gor\u0105cych<\/p>\n<p class=\"MsoNormal\">niedom\u00f3wienia dom\u00f3wi\u0119<\/p>\n<p class=\"MsoNormal\">niedoczytania doczytam<\/p>\n<p class=\"MsoNormal\">mo\u017ce dopiero wtedy<\/p>\n<p class=\"MsoNormal\">na nowo<\/p>\n<p class=\"MsoNormal\">nie\u015bmia\u0142o<\/p>\n<p class=\"MsoNormal\">o\u015bmiel\u0119 si\u0119 zn\u00f3w proz\u0105 pisa\u0107<\/p>\n<p class=\"MsoNormal\">&nbsp;<\/p>\n<p class=\"MsoNormal\">?2002?<\/p>\n<p><span style='font-size:10.0pt;font-family:\"Times New Roman\"'><br clear=\"allstyle='page-break-before:always'\"><br \/>\n<\/span><\/p>\n<p class=\"MsoNormal\">77<\/p>\n<p class=\"MsoNormal\">***<\/p>\n<p class=\"MsoNormal\">nie czuj\u0119 <\/p>\n<p class=\"MsoNormal\">swojego zapachu <\/p>\n<p class=\"MsoNormal\">swojsko brzmi\u0105cych s\u0142\u00f3w<\/p>\n<p class=\"MsoNormal\">nie chc\u0119 miesza\u0107 si\u0119 do tego <\/p>\n<p class=\"MsoNormal\">z t\u0142umem zmieszana<\/p>\n<p class=\"MsoNormal\">nie potrafi\u0119 by\u0107 osob\u0105 na nowo<\/p>\n<p class=\"MsoNormal\">my\u015ble\u0107 gdzie jeste\u015b m\u00f3j \u015bwiecie<\/p>\n<p class=\"MsoNormal\">gdzie moi przyjaciele<\/p>\n<p class=\"MsoNormal\">jeste\u015bcie tu obco-<\/p>\n<p class=\"MsoNormal\">krajowcami bez domu<\/p>\n<p class=\"MsoNormal\">i ja bez kraju i..<\/p>\n<p class=\"MsoNormal\">mam ciebie tylko <\/p>\n<p class=\"MsoNormal\">wybacz mi <\/p>\n<p class=\"MsoNormal\">niedojrza\u0142a <\/p>\n<p class=\"MsoNormal\">ch\u0119\u0107 we mnie chce stad uciec<\/p>\n<p class=\"MsoNormal\">lecz dojrzeje<\/p>\n<p class=\"MsoNormal\">odejd\u0119<\/p>\n<p class=\"MsoNormal\">nie dojrzysz gdzie kiedy<\/p>\n<p class=\"MsoNormal\">&nbsp;<\/p>\n<p class=\"MsoNormal\">\n<p class=\"MsoNormal\">[wrzesie\u0144 2002]<\/p>\n<p class=\"MsoNormal\">&nbsp;<\/p>\n<p><span style='font-size:10.0pt;font-family:\"Times New Roman\"'><br clear=\"allstyle='page-break-before:always'\"><br \/>\n<\/span><\/p>\n<p class=\"MsoNormal\">&nbsp;<\/p>\n<p class=\"MsoNormal\">78<\/p>\n<p class=\"MsoNormal\">***<\/p>\n<p class=\"MsoNormal\">&nbsp;<\/p>\n<p class=\"MsoNormal\">nie potrafi\u0119 powiedzie\u0107 czego chc\u0119 <\/p>\n<p class=\"MsoNormal\">chc\u0119 powiedzie\u0107 to czego nie potrafi\u0119 <\/p>\n<p class=\"MsoNormal\">s\u0142ysz\u0119 dziwne d\u017awi\u0119ki <\/p>\n<p class=\"MsoNormal\">s\u0142owa <\/p>\n<p class=\"MsoNormal\">sprawiaj\u0105 \u017ce czuje si\u0119 obco <\/p>\n<p class=\"MsoNormal\">&nbsp;<\/p>\n<p class=\"MsoNormal\">zwyk\u0142am my\u015ble\u0107 w po\u017cyczonym na chwil\u0119<\/p>\n<p class=\"MsoNormal\">j\u0119zyku <\/p>\n<p class=\"MsoNormal\">to by\u0142o \u0142atwe <\/p>\n<p class=\"MsoNormal\">ale teraz czuje co\u015b innego <\/p>\n<p class=\"MsoNormal\">nie znam tej cz\u0105stki <\/p>\n<p class=\"MsoNormal\">siebie <\/p>\n<p class=\"MsoNormal\">?jak mog\u0119 nauczy\u0107<\/p>\n<p class=\"MsoNormal\">&nbsp;<\/p>\n<p class=\"MsoNormal\">s\u0105 we mnie s\u0142owa <\/p>\n<p class=\"MsoNormal\">kt\u00f3re musz\u0105 by\u0107 wypowiedziane <\/p>\n<p class=\"MsoNormal\">musz\u0119 nauczy\u0107 si\u0119 nowego j\u0119zyka <\/p>\n<p class=\"MsoNormal\">zagubionego <\/p>\n<p class=\"MsoNormal\">zapomnianego przez lata <\/p>\n<p class=\"MsoNormal\">martwego we mnie j\u0119zyka <\/p>\n<p class=\"MsoNormal\">ciszy <\/p>\n<p class=\"MsoNormal\">&nbsp;<\/p>\n<p class=\"MsoNormal\">2001? [ poprawki 2004 <\/p>\n<p><span style='font-size:10.0pt;font-family:\"Times New Roman\"'><br clear=\"allstyle='page-break-before:always'\"><br \/>\n<\/span><\/p>\n<p class=\"MsoNormal\">&nbsp;<\/p>\n<p class=\"MsoNormal\">&nbsp;<\/p>\n<p class=\"MsoNormal\">&nbsp;<\/p>\n<p class=\"MsoNormal\">&nbsp;<\/p>\n<p class=\"MsoNormal\">79<\/p>\n<p class=\"MsoNormal\">***<\/p>\n<p class=\"MsoNormal\">z Ironi\u0105<\/p>\n<p class=\"MsoNormal\">ty <\/p>\n<p class=\"MsoNormal\">kt\u00f3ry jeste\u015b obok <\/p>\n<p class=\"MsoNormal\">patrzysz <\/p>\n<p class=\"MsoNormal\">ja<\/p>\n<p class=\"MsoNormal\">kt\u00f3ra nie rozumiem<\/p>\n<p class=\"MsoNormal\">\u015bmiej\u0119 si\u0119 <\/p>\n<p class=\"MsoNormal\">nie wiem z czego<\/p>\n<p class=\"MsoNormal\">wysnuwam nerwowy u\u015bmiech<\/p>\n<p class=\"MsoNormal\">wysuwam optymistyczne wnioski<\/p>\n<p class=\"MsoNormal\">wystukuj\u0119 odruchowo tanecznie<\/p>\n<p class=\"MsoNormal\">stop\u0105 w rytm<\/p>\n<p class=\"MsoNormal\">serca<\/p>\n<p class=\"MsoNormal\">nie rozumiem<\/p>\n<p class=\"MsoNormal\">ile potrzeba cierpliwo\u015bci<\/p>\n<p class=\"MsoNormal\">by zdzier\u017cy\u0107 <\/p>\n<p class=\"MsoNormal\">to co zdzier\u017cy\u0107 ci\u0119\u017cko<\/p>\n<p class=\"MsoNormal\">potrzeba cierpliwo\u015bci<\/p>\n<p class=\"MsoNormal\">by wytrwa\u0107<\/p>\n<p class=\"MsoNormal\">w tym co ci\u0105\u017cy <\/p>\n<p class=\"MsoNormal\">wytrzyma\u0107 przyjdzie <\/p>\n<p class=\"MsoNormal\">ile ile<\/p>\n<p class=\"MsoNormal\">gdy patrzysz ty kt\u00f3ry jeste\u015b obok z <\/p>\n<p class=\"MsoNormal\">Ironi\u0105<\/p>\n<p class=\"MsoNormal\">&nbsp;<\/p>\n<p class=\"MsoNormal\">[?][2001]poprawki 2004<\/p>\n<p class=\"MsoNormal\">&nbsp;<\/p>\n<p class=\"MsoNormal\">&nbsp;<\/p>\n<p><span style='font-size:10.0pt;font-family:\"Times New Roman\"'><br clear=\"allstyle='page-break-before:always'\"><br \/>\n<\/span><\/p>\n<p class=\"MsoNormal\">&nbsp;<\/p>\n<p class=\"MsoNormal\">&nbsp;<\/p>\n<p class=\"MsoNormal\">&nbsp;<\/p>\n<p class=\"MsoNormal\">80<\/p>\n<p class=\"MsoNormal\">***<\/p>\n<p class=\"MsoNormal\">jest to co\u015b<\/p>\n<p class=\"MsoNormal\">zakopane g\u0142\u0119boko pod sercem<\/p>\n<p class=\"MsoNormal\">w kiszk\u0119 najw\u0119\u017csz\u0105 zapad\u0142e<\/p>\n<p class=\"MsoNormal\">po\u0142kni\u0119te skonsumowane niedotrawione<\/p>\n<p class=\"MsoNormal\">powoduje md\u0142o\u015bci i zgag\u0119<\/p>\n<p class=\"MsoNormal\">nie chce opu\u015bci\u0107 twojego<\/p>\n<p class=\"MsoNormal\">cia\u0142a progi ciep\u0142e i mi\u0142e<\/p>\n<p class=\"MsoNormal\">nie chce opu\u015bci\u0107 ci\u0119<\/p>\n<p class=\"MsoNormal\">uczucie nadmiaru i niedosytu <\/p>\n<p class=\"MsoNormal\">zarazem uczucie mi\u0142o\u015bci <\/p>\n<p class=\"MsoNormal\">nieomal spe\u0142nionej <\/p>\n<p class=\"MsoNormal\">\n<p class=\"MsoNormal\">&nbsp;<\/p>\n<p><span style='font-size:10.0pt;font-family:\"Times New Roman\"'><br clear=\"allstyle='page-break-before:always'\"><br \/>\n<\/span><\/p>\n<p class=\"MsoNormal\">&nbsp;<\/p>\n<p class=\"MsoNormal\">81<\/p>\n<p class=\"MsoNormal\">***<\/p>\n<p class=\"MsoNormal\">my\u015bla\u0142am \u017ce nienawi\u015b\u0107 <\/p>\n<p class=\"MsoNormal\">rodzi si\u0119 nienagle <\/p>\n<p class=\"MsoNormal\">m\u00f3wi\u0105 \u017ce z mi\u0142o\u015bci<\/p>\n<p class=\"MsoNormal\">niezaspokojonej <\/p>\n<p class=\"MsoNormal\">my\u015bla\u0142am \u017ce nienawi\u015b\u0107<\/p>\n<p class=\"MsoNormal\">nie pojawi si\u0119 nigdy <\/p>\n<p class=\"MsoNormal\">ale nie! <\/p>\n<p class=\"MsoNormal\">ona przemy\u015blnie  <\/p>\n<p class=\"MsoNormal\">zasup\u0142a\u0142a mi si\u0119 w sumienie <\/p>\n<p class=\"MsoNormal\">przysn\u0119\u0142a <\/p>\n<p class=\"MsoNormal\">cicho<\/p>\n<p class=\"MsoNormal\">wiem \u017ce jest <\/p>\n<p class=\"MsoNormal\">pod progiem my\u015bli wieczornej<\/p>\n<p class=\"MsoNormal\">gdy zag\u0119szcza si\u0119 we mnie ze zmierzchem<\/p>\n<p class=\"MsoNormal\">samotno\u015b\u0107 szeroka na dwa pokoje <\/p>\n<p class=\"MsoNormal\">i rozczarowanie na \u015bwi\u0119ty spok\u00f3j<\/p>\n<p class=\"MsoNormal\">&nbsp;<\/p>\n<p><span style='font-size:10.0pt;font-family:\"Times New Roman\"'><br clear=\"allstyle='page-break-before:always'\"><br \/>\n<\/span><\/p>\n<p class=\"MsoNormal\">&nbsp;<\/p>\n<p class=\"MsoNormal\">82<\/p>\n<p class=\"MsoNormal\">***<\/p>\n<p class=\"MsoNormal\">co\u015b chcia\u0142am powiedzie\u0107 <\/p>\n<p class=\"MsoNormal\">niechcianego jednak s\u0142owa<\/p>\n<p class=\"MsoNormal\">w twoim wzroku przerazi\u0142o mnie<\/p>\n<p class=\"MsoNormal\">odbicie<\/p>\n<p class=\"MsoNormal\">i chcia\u0142am ju\u017c <\/p>\n<p class=\"MsoNormal\">nie powiedzie\u0107 nic<\/p>\n<p class=\"MsoNormal\">zamilcze\u0107 powiedziane nies\u0142owa<\/p>\n<p class=\"MsoNormal\">zakl\u0105\u0107<\/p>\n<p class=\"MsoNormal\">zakl\u0119cie oddzia\u0107<\/p>\n<p class=\"MsoNormal\">po drugiej stronie <\/p>\n<p class=\"MsoNormal\">alicji <\/p>\n<p class=\"MsoNormal\">bazyliszka<\/p>\n<p class=\"MsoNormal\">zosta\u0107<\/p>\n<p class=\"MsoNormal\">&nbsp;<\/p>\n<p class=\"MsoNormal\">[5dec2001]<\/p>\n<p class=\"MsoNormal\">&nbsp;<\/p>\n<p><span style='font-size:10.0pt;font-family:\"Times New Roman\"'><br clear=\"allstyle='page-break-before:always'\"><br \/>\n<\/span><\/p>\n<p class=\"MsoNormal\">&nbsp;<\/p>\n<p class=\"MsoNormal\">83<\/p>\n<p class=\"MsoNormal\">***<\/p>\n<p class=\"MsoNormal\">uci\u0105\u017cliwy zapach dzieci\u0119cego p\u0142aczu<\/p>\n<p class=\"MsoNormal\">nie wykrzesa ze mnie odrobiny \u017calu <\/p>\n<p class=\"MsoNormal\">wsp\u00f3\u0142-<\/p>\n<p class=\"MsoNormal\">-nie-czuj\u0119<\/p>\n<p class=\"MsoNormal\">nie poczuwam <\/p>\n<p class=\"MsoNormal\">si\u0119 do wsp\u00f3\u0142-<\/p>\n<p class=\"MsoNormal\">czuj\u0119 tylko<\/p>\n<p class=\"MsoNormal\">mocny zapach dzieci\u0119cego p\u0142aczu<\/p>\n<p class=\"MsoNormal\">&nbsp;<\/p>\n<p class=\"MsoNormal\">[7dec2001]<\/p>\n<p class=\"MsoNormal\">&nbsp;<\/p>\n<p><span style='font-size:10.0pt;font-family:\"Times New Roman\"'><br clear=\"allstyle='page-break-before:always'\"><br \/>\n<\/span><\/p>\n<p class=\"MsoNormal\">&nbsp;<\/p>\n<p class=\"MsoNormal\">84<\/p>\n<p class=\"MsoNormal\">&nbsp;<\/p>\n<p class=\"MsoNormal\"><b>islam \u2013 inicjacja <\/b><\/p>\n<p class=\"MsoNormal\">&nbsp;<\/p>\n<p class=\"MsoNormal\">pomieszane pami\u0119ci <\/p>\n<p class=\"MsoNormal\">pomieszane poj\u0119cia<\/p>\n<p class=\"MsoNormal\">pomieszane<\/p>\n<p class=\"MsoNormal\">nie-ca\u0142kiem<\/p>\n<p class=\"MsoNormal\">nie-znane<\/p>\n<p class=\"MsoNormal\">sk\u0142aniam cia\u0142o i <\/p>\n<p class=\"MsoNormal\">czo\u0142o<\/p>\n<p class=\"MsoNormal\">przytulam do \u017ad\u017abe\u0142 w\u0142\u00f3kien dywanu<\/p>\n<p class=\"MsoNormal\">pachnie <\/p>\n<p class=\"MsoNormal\">nie mog\u0119 si\u0119 skupi\u0107 <\/p>\n<p class=\"MsoNormal\">umykaj\u0105 nie-uchwycone nigdy w pe\u0142ni<\/p>\n<p class=\"MsoNormal\">modlitwy<\/p>\n<p class=\"MsoNormal\">s\u0142owa<\/p>\n<p class=\"MsoNormal\">&nbsp;<\/p>\n<p class=\"MsoNormal\">[?dec 2001, pensacola]<\/p>\n<p class=\"MsoNormal\">&nbsp;<\/p>\n<p><span style='font-size:10.0pt;font-family:\"Times New Roman\"'><br clear=\"allstyle='page-break-before:always'\"><br \/>\n<\/span><\/p>\n<p class=\"MsoNormal\">&nbsp;<\/p>\n<p class=\"MsoNormal\">85<\/p>\n<p class=\"MsoNormal\">***<\/p>\n<p class=\"MsoNormal\">dotkni\u0119cie ciep\u0142ej d\u0142oni<\/p>\n<p class=\"MsoNormal\">delikatnie mi\u0119kka sk\u00f3ra <\/p>\n<p class=\"MsoNormal\">nie zast\u0105pi mi rozmowy<\/p>\n<p class=\"MsoNormal\">chocia\u017c..<\/p>\n<p class=\"MsoNormal\">&nbsp;<\/p>\n<p class=\"MsoNormal\">dotkni\u0119cie ciep\u0142ych warg<\/p>\n<p class=\"MsoNormal\">gorycz-s\u0142odycz pod j\u0119zykiem<\/p>\n<p class=\"MsoNormal\">nie zast\u0105pi mi rozmowy <\/p>\n<p class=\"MsoNormal\">chocia\u017c..<\/p>\n<p class=\"MsoNormal\">&nbsp;<\/p>\n<p class=\"MsoNormal\">rozmowa w obcych s\u0142owach <\/p>\n<p class=\"MsoNormal\">p\u00f3\u0142 warto\u015bci bywa miewa<\/p>\n<p class=\"MsoNormal\">chocia\u017c..<\/p>\n<p class=\"MsoNormal\">&nbsp;<\/p>\n<p class=\"MsoNormal\">rozmowa p\u00f3\u0142 i w pe\u0142ni warto\u015bciowa <\/p>\n<p class=\"MsoNormal\">nie zast\u0105pi mi dotyku<\/p>\n<p class=\"MsoNormal\">chocia\u017c.. <\/p>\n<p class=\"MsoNormal\">&nbsp;<\/p>\n<p class=\"MsoNormal\">dotyk i rozmowa niczym<\/p>\n<p class=\"MsoNormal\">\n<p class=\"MsoNormal\">ciebie nie ma<\/p>\n<p class=\"MsoNormal\">&nbsp;<\/p>\n<p class=\"MsoNormal\">&nbsp;<\/p>\n<p class=\"MsoNormal\">[14dec 2001,pensacola]<\/p>\n<p class=\"MsoNormal\">&nbsp;<\/p>\n<p class=\"MsoNormal\">&nbsp;<\/p>\n<p><span style='font-size:10.0pt;font-family:\"Times New Roman\"'><br clear=\"allstyle='page-break-before:always'\"><br \/>\n<\/span><\/p>\n<p class=\"MsoNormal\">&nbsp;<\/p>\n<p class=\"MsoNormal\">86<\/p>\n<p class=\"MsoNormal\">***<\/p>\n<p class=\"MsoNormal\">&nbsp;<\/p>\n<p class=\"MsoNormal\">za \u015bcian\u0105 ona <\/p>\n<p class=\"MsoNormal\">upada co chwila<\/p>\n<p class=\"MsoNormal\">metaliczny ha\u0142as<\/p>\n<p class=\"MsoNormal\">potem cisza<\/p>\n<p class=\"MsoNormal\">wiatrem pachnie i mi\u0119sem halal<\/p>\n<p class=\"MsoNormal\">w sosie <\/p>\n<p class=\"MsoNormal\">trywialnie szaroburym <\/p>\n<p class=\"MsoNormal\">\n<p class=\"MsoNormal\">za \u015bcian\u0105 wci\u0105\u017c ona <\/p>\n<p class=\"MsoNormal\">niesko\u0144czona historia <\/p>\n<p class=\"MsoNormal\">niegotowa kolacja <\/p>\n<p class=\"MsoNormal\">daleko jeszcze do pi\u0105tej <\/p>\n<p class=\"MsoNormal\">\n<p class=\"MsoNormal\">za \u015bcian\u0105 cicho<\/p>\n<p class=\"MsoNormal\">wiem jednak <\/p>\n<p class=\"MsoNormal\">\u017ce jest <\/p>\n<p class=\"MsoNormal\">ta historia niesko\u0144czona i smutna<\/p>\n<p class=\"MsoNormal\">bez dobrego rozwi\u0105zania <\/p>\n<p class=\"MsoNormal\">przygn\u0119biona<\/p>\n<p class=\"MsoNormal\">w kuchni <\/p>\n<p class=\"MsoNormal\">w ci\u0105\u017cy<\/p>\n<p class=\"MsoNormal\">jego \u017cona <\/p>\n<p class=\"MsoNormal\">&nbsp;<\/p>\n<p class=\"MsoNormal\">[15dec2001. pensacola]<\/p>\n<p class=\"MsoNormal\">&nbsp;<\/p>\n<p><span style='font-size:10.0pt;font-family:\"Times New Roman\"'><br clear=\"allstyle='page-break-before:always'\"><br \/>\n<\/span><\/p>\n<p class=\"MsoNormal\">&nbsp;<\/p>\n<p class=\"MsoNormal\">&nbsp;<\/p>\n<p class=\"MsoNormal\">87<\/p>\n<p class=\"MsoNormal\">***<\/p>\n<p class=\"MsoNormal\">optymizm nie zawsze jest p\u0142aski<\/p>\n<p class=\"MsoNormal\">nie zawsze \u015bcieka szybko <\/p>\n<p class=\"MsoNormal\">warstw\u0105 cieniutk\u0105 jak prze\u017arocze<\/p>\n<p class=\"MsoNormal\">przykleja si\u0119 <\/p>\n<p class=\"MsoNormal\">ostatnio na d\u0142u\u017cej<\/p>\n<p class=\"MsoNormal\">\u0142askawie<\/p>\n<p class=\"MsoNormal\">do powierzchni st\u00f3p<\/p>\n<p class=\"MsoNormal\">odwrotnej do kierunku ro\u015bnienia<\/p>\n<p class=\"MsoNormal\">spodniej<\/p>\n<p class=\"MsoNormal\">zmartwychwstaj\u0105 przygi\u0119te ko\u0144ce trawy<\/p>\n<p class=\"MsoNormal\">l\u017cej im<\/p>\n<p class=\"MsoNormal\">a ja wierz\u0119 \u017ce dalej zadepta\u0107 mog\u0119 <\/p>\n<p class=\"MsoNormal\">&nbsp;<\/p>\n<p class=\"MsoNormal\">&nbsp;<\/p>\n<p class=\"MsoNormal\">[16dec 2001 , pensacola]<\/p>\n<p class=\"MsoNormal\">&nbsp;<\/p>\n<p><span style='font-size:10.0pt;font-family:\"Times New Roman\"'><br clear=\"allstyle='page-break-before:always'\"><br \/>\n<\/span><\/p>\n<p class=\"MsoNormal\">&nbsp;<\/p>\n<p class=\"MsoNormal\">88<\/p>\n<p class=\"MsoNormal\">***<\/p>\n<p class=\"MsoNormal\">nic-nie-rozumiem<\/p>\n<p class=\"MsoNormal\">nic-nie-rozumienie przerasta na wylot <\/p>\n<p class=\"MsoNormal\">i bol\u0105<\/p>\n<p class=\"MsoNormal\">ko\u0144c\u00f3wki spojrze\u0144<\/p>\n<p class=\"MsoNormal\">\n<p class=\"MsoNormal\">&nbsp;<\/p>\n<p><span style='font-size:10.0pt;font-family:\"Times New Roman\"'><br clear=\"allstyle='page-break-before:always'\"><br \/>\n<\/span><\/p>\n<p class=\"MsoNormal\">&nbsp;<\/p>\n<p class=\"MsoNormal\">89<\/p>\n<p class=\"MsoNormal\">***<\/p>\n<p class=\"MsoNormal\">dopiero trzecia <\/p>\n<p class=\"MsoNormal\">popo\u0142udnie rozwlek\u0142e i nudne<\/p>\n<p class=\"MsoNormal\">po modlitwach w meczecie nie dzieje si\u0119 ju\u017c nic <\/p>\n<p class=\"MsoNormal\">kilka k\u0142\u00f3tni tylko <\/p>\n<p class=\"MsoNormal\">dopiero trzecia <\/p>\n<p class=\"MsoNormal\">dziesi\u0119\u0107 minut mniej do pocz\u0105tku ciszy<\/p>\n<p class=\"MsoNormal\">ona ujawnia si\u0119<\/p>\n<p class=\"MsoNormal\">\u0142askawie <\/p>\n<p class=\"MsoNormal\">gdy on zamyka oczy i usta <\/p>\n<p class=\"MsoNormal\">po\u0142kn\u0105wszy s\u0142odkie s\u0142owa i czekoladowe lody<\/p>\n<p class=\"MsoNormal\">cisza <\/p>\n<p class=\"MsoNormal\">dopiero trzecia  <\/p>\n<p class=\"MsoNormal\">noc j\u0105 przynios\u0142a<\/p>\n<p class=\"MsoNormal\">wi\u0119c nie p\u0142osz\u0119 <\/p>\n<p class=\"MsoNormal\">czekam<\/p>\n<p class=\"MsoNormal\">&nbsp;<\/p>\n<p class=\"MsoNormal\">usa 2002<br clear=\"all\" style='page-break-before:always'>\n<\/p>\n<p class=\"MsoNormal\">90            <\/p>\n<p class=\"MsoNormal\">***<\/p>\n<p class=\"MsoNormal\">nic nowego si\u0119 ju\u017c nie rodzi<\/p>\n<p class=\"MsoNormal\">pusto<\/p>\n<p class=\"MsoNormal\">nie starcza miejsca dla wolnych my\u015bli <\/p>\n<p class=\"MsoNormal\">w domu <\/p>\n<p class=\"MsoNormal\">gdzie dzieci ma\u0142e nie moje i p\u0142acz wci\u0105\u017c <\/p>\n<p class=\"MsoNormal\">o!<\/p>\n<p class=\"MsoNormal\">co\u015b nowego si\u0119 rodzi <\/p>\n<p class=\"MsoNormal\">a pusto <\/p>\n<p class=\"MsoNormal\">w szczelinach m\u00f3zgu <\/p>\n<p class=\"MsoNormal\">i samotnie <\/p>\n<p class=\"MsoNormal\">bezideowo <\/p>\n<p class=\"MsoNormal\">rodzinnie<\/p>\n<p class=\"MsoNormal\">\n<p class=\"MsoNormal\">&nbsp;<\/p>\n<p class=\"MsoNormal\"> [6 sept 2002]<\/p>\n<p class=\"MsoNormal\">&nbsp;<\/p>\n<p><span style='font-size:10.0pt;font-family:\"Times New Roman\"'><br clear=\"allstyle='page-break-before:always'\"><br \/>\n<\/span><\/p>\n<p class=\"MsoNormal\">&nbsp;<\/p>\n<p class=\"MsoNormal\">&nbsp;<\/p>\n<p class=\"MsoNormal\">91<\/p>\n<p class=\"MsoNormal\">&nbsp;<\/p>\n<p class=\"MsoNormal\"><b>fajr<\/b><\/p>\n<p class=\"MsoNormal\">&nbsp;<\/p>\n<p class=\"MsoNormal\">On budzi\u0142 mnie dzi\u015b <\/p>\n<p class=\"MsoNormal\">Kilkakrotnie <\/p>\n<p class=\"MsoNormal\">Dotyka\u0142 niewidzialnie<\/p>\n<p class=\"MsoNormal\">Czu\u0142am \u017ce pragnie bym otworzy\u0142a oczy<\/p>\n<p class=\"MsoNormal\">\u015awiadomie <\/p>\n<p class=\"MsoNormal\">Stan\u0119\u0142a przed Nim <\/p>\n<p class=\"MsoNormal\">Pochyli\u0142a g\u0142ow\u0119 odda\u0142a Mu pok\u0142on<\/p>\n<p class=\"MsoNormal\">Czterokrotnie <\/p>\n<p class=\"MsoNormal\">Otwiera\u0142am oczy <\/p>\n<p class=\"MsoNormal\">Nie\u015bwiadomie zamyka\u0142am je szybko z powrotem <\/p>\n<p class=\"MsoNormal\">W ciemno\u015bci s\u0142ysza\u0142am w p\u00f3\u0142 \u015bnie <\/p>\n<p class=\"MsoNormal\">Nawo\u0142ywanie do modlitwy<\/p>\n<p class=\"MsoNormal\">Czwarta trzydzie\u015bci<\/p>\n<p class=\"MsoNormal\">Sz\u00f3sta Si\u00f3dma \u00d3sma<\/p>\n<p class=\"MsoNormal\">On cierpliwie czeka\u0142 do dziewi\u0105tej <\/p>\n<p class=\"MsoNormal\">Prysznic <\/p>\n<p class=\"MsoNormal\">Modlitwa w dwu rakatach <\/p>\n<p class=\"MsoNormal\">Po \u015bniadaniu dostrzeg\u0142am <\/p>\n<p class=\"MsoNormal\">Spe\u0142ni\u0142 moj\u0105 pro\u015bb\u0119 <\/p>\n<p class=\"MsoNormal\">Zn\u00f3w sta\u0142am si\u0119 kobieta <\/p>\n<p class=\"MsoNormal\">Tu\u017c po porannej modlitwie <\/p>\n<p class=\"MsoNormal\">Cierpliwy<\/p>\n<p class=\"MsoNormal\">Czeka\u0142 od wschodu s\u0142o\u0144ca &#8230; <\/p>\n<p class=\"MsoNormal\">Zrezygnowany<\/p>\n<p class=\"MsoNormal\">kaza\u0142 odpocz\u0105\u0107<\/p>\n<p class=\"MsoNormal\">&nbsp;<\/p>\n<p class=\"MsoNormal\">&nbsp;<\/p>\n<p class=\"MsoNormal\">2002 usa<\/p>\n<p class=\"MsoNormal\">[fajr \u2013 czas  porannek modlitwy <\/p>\n<p class=\"MsoNormal\">[rakat \u2013 cz\u0119\u015b\u0107 modlitwy <\/p>\n<p><span style='font-size:10.0pt;font-family:\"Times New Roman\"'><br clear=\"allstyle='page-break-before:always'\"><br \/>\n<\/span><\/p>\n<p class=\"MsoNormal\">&nbsp;<\/p>\n<p class=\"MsoNormal\">92<\/p>\n<p class=\"MsoNormal\">***<\/p>\n<p class=\"MsoNormal\">zag\u0142usza my\u015bli samotne <\/p>\n<p class=\"MsoNormal\">przejasne prze\u015bwietlone <\/p>\n<p class=\"MsoNormal\">w dwu-ekranie  odbite<\/p>\n<p class=\"MsoNormal\">telewizji zap\u0142akanej <\/p>\n<p class=\"MsoNormal\">alfabetem zmiennych klatek <\/p>\n<p class=\"MsoNormal\">\u015bwiat\u0142a <\/p>\n<p class=\"MsoNormal\">?porozumie si\u0119 z laptopem<\/p>\n<p class=\"MsoNormal\">szszaaaa  jak nie wie nie potrafi<\/p>\n<p class=\"MsoNormal\">zasn\u0105\u0107<\/p>\n<p class=\"MsoNormal\">cicha<\/p>\n<p class=\"MsoNormal\">noc<\/p>\n<p class=\"MsoNormal\">&nbsp;<\/p>\n<\/div>\n<p><\/body><\/p>\n<p><\/html><\/p>","protected":false},"excerpt":{"rendered":"<p>76 76 *** odkurzanie historii kt\u00f3rej p\u00f3\u0142ki pe\u0142ne bolesna archeologia zdrapywanie strup\u00f3w troch\u0119 b\u00f3lu du\u017co niespodziewanie przyjemnego masochizmu nieoczekiwanej satysfakcji [&hellip;]<\/p>","protected":false},"author":2,"featured_media":0,"parent":0,"menu_order":0,"comment_status":"closed","ping_status":"closed","template":"","meta":{"_bbp_topic_count":0,"_bbp_reply_count":0,"_bbp_total_topic_count":0,"_bbp_total_reply_count":0,"_bbp_voice_count":0,"_bbp_anonymous_reply_count":0,"_bbp_topic_count_hidden":0,"_bbp_reply_count_hidden":0,"_bbp_forum_subforum_count":0,"_uag_custom_page_level_css":"","footnotes":""},"class_list":["post-4758","page","type-page","status-publish","hentry"],"spectra_custom_meta":{"_edit_lock":["1598283545:2"],"_edit_last":["2"],"_wp_page_template":["default"],"_uag_page_assets":["a:9:{s:3:\"css\";s:0:\"\";s:2:\"js\";s:0:\"\";s:18:\"current_block_list\";a:0:{}s:8:\"uag_flag\";b:0;s:11:\"uag_version\";s:10:\"1775454065\";s:6:\"gfonts\";a:0:{}s:10:\"gfonts_url\";s:0:\"\";s:12:\"gfonts_files\";a:0:{}s:14:\"uag_faq_layout\";b:0;}"]},"uagb_featured_image_src":{"full":false,"thumbnail":false,"medium":false,"medium_large":false,"large":false,"1536x1536":false,"2048x2048":false,"trp-custom-language-flag":false,"illdy-blog-list":false,"illdy-widget-recent-posts":false,"illdy-blog-post-related-articles":false,"illdy-front-page-latest-news":false,"illdy-front-page-testimonials":false,"illdy-front-page-projects":false,"illdy-front-page-person":false},"uagb_author_info":{"display_name":"Joanna Choluj","author_link":"http:\/\/joannacholuj.pl\/en\/blog\/author\/joannacholuj\/"},"uagb_comment_info":0,"uagb_excerpt":"76 76 *** odkurzanie historii kt\u00f3rej p\u00f3\u0142ki pe\u0142ne bolesna archeologia zdrapywanie strup\u00f3w troch\u0119 b\u00f3lu du\u017co niespodziewanie przyjemnego masochizmu nieoczekiwanej satysfakcji [&hellip;]","_links":{"self":[{"href":"http:\/\/joannacholuj.pl\/en\/wp-json\/wp\/v2\/pages\/4758"}],"collection":[{"href":"http:\/\/joannacholuj.pl\/en\/wp-json\/wp\/v2\/pages"}],"about":[{"href":"http:\/\/joannacholuj.pl\/en\/wp-json\/wp\/v2\/types\/page"}],"author":[{"embeddable":true,"href":"http:\/\/joannacholuj.pl\/en\/wp-json\/wp\/v2\/users\/2"}],"replies":[{"embeddable":true,"href":"http:\/\/joannacholuj.pl\/en\/wp-json\/wp\/v2\/comments?post=4758"}],"version-history":[{"count":1,"href":"http:\/\/joannacholuj.pl\/en\/wp-json\/wp\/v2\/pages\/4758\/revisions"}],"predecessor-version":[{"id":4759,"href":"http:\/\/joannacholuj.pl\/en\/wp-json\/wp\/v2\/pages\/4758\/revisions\/4759"}],"wp:attachment":[{"href":"http:\/\/joannacholuj.pl\/en\/wp-json\/wp\/v2\/media?parent=4758"}],"curies":[{"name":"wp","href":"https:\/\/api.w.org\/{rel}","templated":true}]}}