{"id":4755,"date":"2020-08-24T17:38:54","date_gmt":"2020-08-24T15:38:54","guid":{"rendered":"http:\/\/joannacholuj.pl\/?page_id=4755"},"modified":"2020-08-24T17:39:45","modified_gmt":"2020-08-24T15:39:45","slug":"wiersze-2003","status":"publish","type":"page","link":"http:\/\/joannacholuj.pl\/en\/wiersze-2003\/","title":{"rendered":"wiersze 2003"},"content":{"rendered":"<p><html><\/p>\n<p><head><br \/>\n<meta http-equiv=\"Content-Type\" content=\"text\/html; charset=windows-1250\"><br \/>\n<meta name=\"Generator\" content=\"Microsoft Word 10 (filtered)\"><br \/>\n<title>93<\/title><\/p>\n<style>\n<!--\n \/* Style Definitions *\/\n p.MsoNormal, li.MsoNormal, div.MsoNormal\n\t{margin:0cm;\n\tmargin-bottom:.0001pt;\n\ttext-autospace:none;\n\tfont-size:10.0pt;\n\tfont-family:\"Times New Roman\";}\np.MsoEndnoteText, li.MsoEndnoteText, div.MsoEndnoteText\n\t{margin:0cm;\n\tmargin-bottom:.0001pt;\n\ttext-autospace:none;\n\tfont-size:10.0pt;\n\tfont-family:\"Times New Roman\";}\np.En-tete, li.En-tete, div.En-tete\n\t{margin:0cm;\n\tmargin-bottom:.0001pt;\n\ttext-autospace:none;\n\tfont-size:10.0pt;\n\tfont-family:\"Times New Roman\";}\n@page Section1\n\t{size:595.3pt 841.9pt;\n\tmargin:70.85pt 70.85pt 70.85pt 70.85pt;}\ndiv.Section1\n\t{page:Section1;}\n-->\n<\/style>\n<p><\/head><\/p>\n<p><body lang=\"PL\"><\/p>\n<div class=\"Section1\">\n<p class=\"MsoNormal\">93<\/p>\n<p class=\"MsoNormal\">***<\/p>\n<p class=\"MsoNormal\">nienawi\u015b\u0107?<\/p>\n<p class=\"MsoNormal\">spojrza\u0142am mu prosto w oczy<\/p>\n<p class=\"MsoNormal\">taki spok\u00f3j<\/p>\n<p class=\"MsoNormal\">kpina mo\u017ce<\/p>\n<p class=\"MsoNormal\">ironia i spok\u00f3j.. <\/p>\n<p class=\"MsoNormal\">i odrobina zaciekawienia<\/p>\n<p class=\"MsoNormal\">nienawi\u015b\u0107?<\/p>\n<p class=\"MsoNormal\">obce zupe\u0142nie wra\u017cenie <\/p>\n<p class=\"MsoNormal\">zimne<\/p>\n<p class=\"MsoNormal\">r\u0119ce i palce u stop zdr\u0119twia\u0142y <\/p>\n<p class=\"MsoNormal\">gdy siedzia\u0142am nieporuszona<\/p>\n<p class=\"MsoNormal\">wzrok zawieszony na jego rz\u0119sach<\/p>\n<p class=\"MsoNormal\">nienawi\u015b\u0107.. nienawidz\u0119.. nie znios\u0119 d\u0142u\u017cej ju\u017c<\/p>\n<p class=\"MsoNormal\">jego wzroku<\/p>\n<p class=\"MsoNormal\">gdzie pojawi\u0142o si\u0119 cos jeszcze obok kpiny ironii spokoju<\/p>\n<p class=\"MsoNormal\">ach wiec tak wygl\u0105da nienawi\u015b\u0107..<\/p>\n<p class=\"MsoNormal\">&nbsp;<\/p>\n<p class=\"MsoNormal\">2003<\/p>\n<p class=\"MsoNormal\">&nbsp;<\/p>\n<p class=\"MsoNormal\">&nbsp;<\/p>\n<p><span style='font-size:10.0pt;font-family:\"Times New Roman\"'><br clear=\"allstyle='page-break-before:always'\"><br \/>\n<\/span><\/p>\n<p class=\"En-tete\">94<\/p>\n<p class=\"MsoNormal\">***<\/p>\n<p class=\"MsoNormal\">zagubi\u0142 mi si\u0119 j\u0119zyk<\/p>\n<p class=\"MsoNormal\">w obcej przestrzeni rozleg\u0142ej<\/p>\n<p class=\"MsoNormal\">gdzie\u015b a\u017c po horyzont zamglone wzg\u00f3rza meksyku<\/p>\n<p class=\"MsoNormal\">como estas i wok\u00f3\u0142 hiszpa\u0144ski ocean<\/p>\n<p class=\"MsoNormal\">ciemne oczy i d\u0142onie<\/p>\n<p class=\"MsoNormal\">madonny dworcowej<\/p>\n<p class=\"MsoNormal\">que hora es wskazuj\u0119 zegarek<\/p>\n<p class=\"MsoNormal\">z przepraszaj\u0105cym u\u015bmiechem<\/p>\n<p class=\"MsoNormal\">d\u0142o\u0144 wyci\u0105gaj\u0105 wyra\u017anie i g\u0142o\u015bno ocho veinte<\/p>\n<p class=\"MsoNormal\">p\u00f3\u0142 godziny oczekiwania<\/p>\n<p class=\"MsoNormal\">przestrzenny dworzec mexico ciudad<\/p>\n<p class=\"MsoNormal\">niepoliczeni sprz\u0105tacze i taks\u00f3wkarze w koszulkach z<br \/>\nnumerami<\/p>\n<p class=\"MsoNormal\">niczym gracze baseballu<\/p>\n<p class=\"MsoNormal\">i jeszcze ta ameryka\u0144ska ksi\u0105\u017cka na moich kolanach<\/p>\n<p class=\"MsoNormal\">zagubi\u0142 mi si\u0119 j\u0119zyk<\/p>\n<p class=\"MsoNormal\">polski w \u015bwiadomo\u015bci przycich\u0142<\/p>\n<p class=\"MsoNormal\">i usn\u0105\u0142<\/p>\n<p class=\"MsoNormal\">wi\u0119c budz\u0119 szybko w panice<\/p>\n<p class=\"MsoNormal\">tym wierszem<\/p>\n<p class=\"MsoNormal\">\n<p class=\"MsoNormal\">2003 marzec, mexico ciudad<\/p>\n<p class=\"MsoNormal\">&nbsp;<\/p>\n<p><span style='font-size:10.0pt;font-family:\"Times New Roman\"'><br clear=\"allstyle='page-break-before:always'\"><br \/>\n<\/span><\/p>\n<p class=\"MsoNormal\">polska<\/p>\n<p class=\"MsoNormal\">2002- 200<br clear=\"all\" style='page-break-before:always'>\n<\/p>\n<p class=\"MsoNormal\">95<\/p>\n<p class=\"MsoNormal\">&nbsp;<\/p>\n<p class=\"MsoNormal\"><b>w pustym nocnym poci\u0105gu &#8211; obsesja<\/b><\/p>\n<p class=\"MsoNormal\">&nbsp;<\/p>\n<p class=\"MsoNormal\">obawa przed nim<\/p>\n<p class=\"MsoNormal\">tym kt\u00f3ry naprzeciwko usiad\u0142 przed chwil\u0105<\/p>\n<p class=\"MsoNormal\">niezaproszony nie przej\u0105\u0142 si\u0119 niech\u0119tnym spojrzeniem tej<\/p>\n<p class=\"MsoNormal\">kt\u00f3ra naprzeciwko<\/p>\n<p class=\"MsoNormal\">obawa w nim nie powsta\u0142a<\/p>\n<p class=\"MsoNormal\">\u017ce zechce ona gry\u017a\u0107 j\u0119cze\u0107 krzycze\u0107 skar\u017cy\u0107 si\u0119<\/p>\n<p class=\"MsoNormal\">uciec <\/p>\n<p class=\"MsoNormal\">nie uciek\u0142a tak wiec<\/p>\n<p class=\"MsoNormal\">siedzieli oboje naprzeciwko<\/p>\n<p class=\"MsoNormal\">na \u0142awkach czerwonych <\/p>\n<p class=\"MsoNormal\">grzejniki s\u0142ycha\u0107 by\u0142o tylko <\/p>\n<p class=\"MsoNormal\">jego chrz\u0105kni\u0119cia nerwowe <\/p>\n<p class=\"MsoNormal\">jej si\u0105kanie nosem z kt\u00f3rego str\u00f3\u017ck\u0105 kapa\u0142 katar <\/p>\n<p class=\"MsoNormal\">to normalne to gor\u0105co to wstyd <\/p>\n<p class=\"MsoNormal\">braku chusteczki <\/p>\n<p class=\"MsoNormal\">nie mieli odwagi ogarn\u0105\u0107 wzrokiem swych sylwetek<\/p>\n<p class=\"MsoNormal\">naprzeciwko skierowanych cia\u0142 st\u00f3p i n\u00f3g<\/p>\n<p class=\"MsoNormal\">g\u0142owy i wzrok prostopadle <\/p>\n<p class=\"MsoNormal\">hipnotycznie<\/p>\n<p class=\"MsoNormal\">nieruchomo<\/p>\n<p class=\"MsoNormal\">w okno<\/p>\n<p class=\"MsoNormal\">dostrzeg\u0142y z westchnieniem ulgi stacj\u0119 docelow\u0105<\/p>\n<p class=\"MsoNormal\">on wsta\u0142 i wysiad\u0142<\/p>\n<p class=\"MsoNormal\">wsta\u0142a wysiad\u0142a i ona<\/p>\n<p class=\"MsoNormal\">\n<p class=\"MsoNormal\">&nbsp;<\/p>\n<p class=\"MsoNormal\">2003 maj<\/p>\n<p class=\"MsoNormal\">&nbsp;<\/p>\n<p><span style='font-size:10.0pt;font-family:\"Times New Roman\"'><br clear=\"allstyle='page-break-before:always'\"><br \/>\n<\/span><\/p>\n<p class=\"MsoNormal\">&nbsp;<\/p>\n<p class=\"MsoNormal\">&nbsp;<\/p>\n<p class=\"MsoNormal\">96<\/p>\n<p class=\"MsoNormal\"><b>autoironia<\/b><\/p>\n<p class=\"MsoNormal\">&nbsp;<\/p>\n<p class=\"MsoNormal\">podgl\u0105danie paj\u0105ka ma w sobie cos z perwersji<\/p>\n<p class=\"MsoNormal\">widz\u0119 go<\/p>\n<p class=\"MsoNormal\">czarny male\u0144ki korpus do kt\u00f3rego w spos\u00f3b<\/p>\n<p class=\"MsoNormal\">niewiarygodny <\/p>\n<p class=\"MsoNormal\">przylepione s\u0105 <\/p>\n<p class=\"MsoNormal\">czarnym klejem <\/p>\n<p class=\"MsoNormal\">\u0142apki<\/p>\n<p class=\"MsoNormal\">haczyki<\/p>\n<p class=\"MsoNormal\">perwersja w najwy\u017cszym stopniu<\/p>\n<p class=\"MsoNormal\">spogl\u0105danie jak przebiera wszystkimi sze\u015bcioma <\/p>\n<p class=\"MsoNormal\">na raz<\/p>\n<p class=\"MsoNormal\">bezradne male\u0144stwo <\/p>\n<p class=\"MsoNormal\">jedno z niewielu <\/p>\n<p class=\"MsoNormal\">jakie potrafi wywo\u0142a\u0107 we mnie g\u0142\u0119boki odruch<\/p>\n<p class=\"MsoNormal\">obrzydzenia i fascynacji<\/p>\n<p class=\"MsoNormal\">jednocze\u015bnie<\/p>\n<p class=\"MsoNormal\">ogl\u0105dam w hipnozie wyobra\u017caj\u0105c okaz w powi\u0119kszeniu <\/p>\n<p class=\"MsoNormal\">dlaczego nigdy nie mia\u0142am okazji obejrze\u0107 tarantuli czarnych<br \/>\nwd\u00f3w<\/p>\n<p class=\"MsoNormal\">dlaczego nigdy nie mia\u0142am okazji stwierdzi\u0107<\/p>\n<p class=\"MsoNormal\">jak bardzo powa\u017cna jest moja przypad\u0142o\u015b\u0107<\/p>\n<p class=\"MsoNormal\">perwersja podgl\u0105dactwo <\/p>\n<p class=\"MsoNormal\">osobnik\u00f3w <\/p>\n<p class=\"MsoNormal\">w najr\u00f3\u017cniejszych odcieniach czerni <\/p>\n<p class=\"MsoNormal\">o wysokim procencie powierzchni cia\u0142a pokrytej w\u0142osem<\/p>\n<p class=\"MsoNormal\">wedle og\u00f3lnie przyj\u0119tej normy estetycznej <\/p>\n<p class=\"MsoNormal\">brzydkich<\/p>\n<p class=\"MsoNormal\">&nbsp;<\/p>\n<p class=\"MsoNormal\"> maj 2003 <\/p>\n<p class=\"MsoNormal\">&nbsp;<\/p>\n<p><span style='font-size:10.0pt;font-family:\"Times New Roman\"'><br clear=\"allstyle='page-break-before:always'\"><br \/>\n<\/span><\/p>\n<p class=\"MsoNormal\">&nbsp;<\/p>\n<p class=\"MsoNormal\">&nbsp;<\/p>\n<p class=\"MsoNormal\">&nbsp;<\/p>\n<p class=\"MsoNormal\">&nbsp;<\/p>\n<p class=\"MsoNormal\">97<\/p>\n<p class=\"MsoNormal\">&nbsp;<\/p>\n<p class=\"MsoNormal\">***<\/p>\n<p class=\"MsoNormal\">na granicy <\/p>\n<p class=\"MsoNormal\">grzechu nie umiem okre\u015bli\u0107<br \/>\nst\u0105pam boso i nago<br \/>\nniepotrzebnie poc\u0105 mi si\u0119 opuszki palc\u00f3w i zag\u0142\u0119bienia pomi\u0119dzy<br \/>\nprzyja\u017ani mi\u0142o\u015bci ju\u017c nie ma<br \/>\nna granicy<\/p>\n<p class=\"MsoNormal\">&nbsp;<\/p>\n<p class=\"MsoNormal\">kochanka etap kolejny stopie\u0144 ni\u017cszy<\/p>\n<p class=\"MsoNormal\">degradacja destrukcja destytucja<\/p>\n<p class=\"MsoNormal\">(poliglotom ufam<\/p>\n<p class=\"MsoNormal\">rozumiej\u0105 destitution \u2013 ub\u00f3stwo pozbawienie b\u00f3stwa idei<br \/>\nnadziei)                                                      <\/p>\n<p class=\"MsoNormal\">upadek<\/p>\n<p class=\"MsoNormal\">a przecie\u017c przyja\u017a\u0144-przyjaciel <\/p>\n<p class=\"MsoNormal\">szlachetna forma pocz\u0105tkowa <\/p>\n<p class=\"MsoNormal\">przyjaci\u00f3\u0142ka wci\u0105\u017c szlachetna ?<\/p>\n<p class=\"MsoNormal\">cho\u0107 obna\u017cona z<\/p>\n<p class=\"MsoNormal\">obra\u017cona za<\/p>\n<p class=\"MsoNormal\">naga nijaka zredukowana wyw\u0142aszczona <\/p>\n<p class=\"MsoNormal\">z zaufania zwierze\u0144 spotka\u0144 sekret\u00f3w kawy parzenia<\/p>\n<p class=\"MsoNormal\">malowania wsp\u00f3lnego sufit\u00f3w i opowie\u015bci o tych tam<\/p>\n<p class=\"MsoNormal\">innych <\/p>\n<p class=\"MsoNormal\">troch\u0119 niepotrzebna <\/p>\n<p class=\"MsoNormal\">troch\u0119 jeszcze &#8211; tak spotkajmy si\u0119 <\/p>\n<p class=\"MsoNormal\">troch\u0119 ju\u017c \u2013 nie nie mog\u0119 nie chc\u0119<\/p>\n<p class=\"MsoNormal\">interakcja damskom\u0119ska tera\u017aniejsza<\/p>\n<p class=\"MsoNormal\">przesz\u0142a podniecaj\u0105co obco obna\u017caj\u0105c nijako\u015b\u0107<\/p>\n<p class=\"MsoNormal\">jejmo\u015bci nikto\u015bci<\/p>\n<p class=\"MsoEndnoteText\">na granicy uczu\u0107 <\/p>\n<p class=\"MsoNormal\">\n<p class=\"MsoNormal\">&nbsp;<\/p>\n<p class=\"MsoNormal\">17 dec 2003<\/p>\n<p class=\"MsoNormal\">&nbsp;<\/p>\n<p><span style='font-size:10.0pt;font-family:\"Times New Roman\"'><br clear=\"allstyle='page-break-before:always'\"><br \/>\n<\/span><\/p>\n<p class=\"MsoNormal\">&nbsp;<\/p>\n<p class=\"MsoNormal\">&nbsp;<\/p>\n<p class=\"MsoNormal\">98<\/p>\n<p class=\"MsoNormal\">&nbsp;<\/p>\n<p class=\"MsoNormal\">***<\/p>\n<p class=\"MsoNormal\"><b>uczy\u0144my <\/b><\/p>\n<p class=\"MsoNormal\">nareszcie <\/p>\n<p class=\"MsoNormal\">to co uczyni\u0107 nale\u017cy<\/p>\n<p class=\"MsoNormal\">wsta\u0144my powiedzmy wyznajmy<\/p>\n<p class=\"MsoNormal\">odwagi zbierzmy<\/p>\n<p class=\"MsoNormal\">zbutwia\u0142e resztki po zesz\u0142ej <\/p>\n<p class=\"MsoNormal\">pozosta\u0142e zimie<\/p>\n<p class=\"MsoNormal\">kupmy \u015bwie\u017ce niekwiaty na centralnym<\/p>\n<p class=\"MsoNormal\">w przej\u015bciu li\u015bcie zesch\u0142e wyrzu\u0107my<\/p>\n<p class=\"MsoNormal\">dotknijmy p\u0142atk\u00f3w splamionych mrozem i brudem<\/p>\n<p class=\"MsoNormal\">min\u0119\u0142a zima <\/p>\n<p class=\"MsoNormal\">ju\u017c wiosna <\/p>\n<p class=\"MsoNormal\">deszczu nasi\u0105ka westchnieniem<\/p>\n<p class=\"MsoNormal\">&nbsp;<\/p>\n<p class=\"MsoNormal\">nareszcie<\/p>\n<p class=\"MsoNormal\">cho\u0107 jeden krok ku sobie uczy\u0144my<\/p>\n<p class=\"MsoNormal\">skomleniu \u017c\u0105dzy <\/p>\n<p class=\"MsoNormal\">zado\u015b\u0107<\/p>\n<p class=\"MsoNormal\">w ciep\u0142ym p\u00f3\u0142 zgi\u0119ciu cia\u0142<\/p>\n<p class=\"MsoNormal\">spok\u00f3j p\u0142atk\u00f3w<\/p>\n<p class=\"MsoNormal\">stulenie<\/p>\n<p class=\"MsoNormal\">noc<\/p>\n<p class=\"MsoNormal\">uspokojenie<\/p>\n<p class=\"MsoNormal\">ran<\/p>\n<p class=\"MsoNormal\">ranek<\/p>\n<p class=\"MsoNormal\">&nbsp;<\/p>\n<p class=\"MsoNormal\">nareszcie<\/p>\n<p class=\"MsoNormal\">&nbsp;<\/p>\n<p class=\"MsoNormal\">\n<p class=\"MsoNormal\">18 dec 2003<\/p>\n<p class=\"MsoNormal\">&nbsp;<\/p>\n<p class=\"MsoNormal\">\n<p><span style='font-size:10.0pt;font-family:\"Times New Roman\"'><br clear=\"allstyle='page-break-before:always'\"><br \/>\n<\/span><\/p>\n<p class=\"MsoNormal\">&nbsp;<\/p>\n<p class=\"MsoNormal\">99<\/p>\n<p class=\"MsoNormal\">&nbsp;<\/p>\n<p class=\"MsoNormal\">***<\/p>\n<p class=\"MsoNormal\">kiedy mo\u017cemy to zrobi\u0107<\/p>\n<p class=\"MsoNormal\">kiedy<\/p>\n<p class=\"MsoNormal\">nie wiem odpowiadam <\/p>\n<p class=\"MsoNormal\">nie<\/p>\n<p class=\"MsoNormal\">wiem wiedzie\u0107 nie chc\u0119 <\/p>\n<p class=\"MsoNormal\">czy\u017c nie m\u0119\u017cczyzna to w\u0142a\u015bnie postawiony jest przed<\/p>\n<p class=\"MsoNormal\">szafotem szubienic\u0105 szeregiem konieczno\u015bci przymus\u00f3w<br \/>\ndecyzyjnych<\/p>\n<p class=\"MsoNormal\">posuni\u0119\u0107 <\/p>\n<p class=\"MsoNormal\">potkni\u0119\u0107 pot\u0142ucze\u0144<\/p>\n<p class=\"MsoNormal\">czy\u017c nie kobieta to w\u0142a\u015bnie uwolniona jest od<\/p>\n<p class=\"MsoNormal\">szzzzzaa !<\/p>\n<p class=\"MsoNormal\">szacunku wobec podj\u0119cia szeregu <\/p>\n<p class=\"MsoNormal\">nieomylnych nieodzownych tak zwanych<\/p>\n<p class=\"MsoNormal\">decyzji<\/p>\n<p class=\"MsoNormal\">tak<\/p>\n<p class=\"MsoNormal\">nie <\/p>\n<p class=\"MsoNormal\">nie wiem<\/p>\n<p class=\"MsoNormal\">kiedy mo\u017cemy to zrobi\u0107<\/p>\n<p class=\"MsoNormal\">czy nie pro\u015bciej nie my\u015ble\u0107 wi\u0119cej ni\u017c czu\u0107 <\/p>\n<p class=\"MsoNormal\">nie czu\u0107 wi\u0119cej ni\u017c przeczuwa\u0107 <\/p>\n<p class=\"MsoNormal\">tak <\/p>\n<p class=\"MsoNormal\">zr\u00f3bmy to dzi\u015b wreszcie kochanie  <\/p>\n<p class=\"MsoNormal\">\n<p class=\"MsoNormal\">&nbsp;<\/p>\n<p class=\"MsoNormal\">18 dec 2003<\/p>\n<p class=\"MsoNormal\">&nbsp;<\/p>\n<p class=\"MsoNormal\">&nbsp;<\/p>\n<p><span style='font-size:10.0pt;font-family:\"Times New Roman\"'><br clear=\"allstyle='page-break-before:always'\"><br \/>\n<\/span><\/p>\n<p class=\"MsoNormal\">&nbsp;<\/p>\n<p class=\"MsoNormal\">100<\/p>\n<p class=\"MsoNormal\">&nbsp;<\/p>\n<p class=\"MsoNormal\">***<\/p>\n<p class=\"MsoNormal\">ods\u0142oni\u0142a delikatnie<\/p>\n<p class=\"MsoNormal\">sukni <\/p>\n<p class=\"MsoNormal\">czerwone<\/p>\n<p class=\"MsoNormal\">winne flirtu <\/p>\n<p class=\"MsoNormal\">faliste wyko\u0144czenie<\/p>\n<p class=\"MsoNormal\">obramowanie d\u0142oni <\/p>\n<p class=\"MsoNormal\">\u015bredniowiecze przywo\u0142uj\u0105c<\/p>\n<p class=\"MsoNormal\">poniek\u0105d<\/p>\n<p class=\"MsoNormal\">delikatny a\u017cur jasn\u0105 ods\u0142oni\u0142 sk\u00f3r\u0119<\/p>\n<p class=\"MsoNormal\">nie do\u015b\u0107 d\u0142ugie palce nie\u015bmia\u0142o<\/p>\n<p class=\"MsoNormal\">wieczne nie pi\u00f3ro chwyta\u0142y<\/p>\n<p class=\"MsoNormal\">d\u0142ugi przezroczysty d\u0142ugopis<\/p>\n<p class=\"MsoNormal\">dla zapisania my\u015bli<\/p>\n<p class=\"MsoNormal\">czerwonych <\/p>\n<p class=\"MsoNormal\">skwiercz\u0105cych nami\u0119tno\u015bci\u0105 i pasj\u0105 <\/p>\n<p class=\"MsoNormal\">winne flirtu? <\/p>\n<p class=\"MsoNormal\">niewinne poddane pod dyktando<\/p>\n<p class=\"MsoNormal\">fantazji \u015brednio<\/p>\n<p class=\"MsoNormal\">wiecznych <\/p>\n<p class=\"MsoNormal\">przemijaj\u0105cych <\/p>\n<p class=\"MsoNormal\">zakazanych <\/p>\n<p class=\"MsoNormal\">\n<p class=\"MsoNormal\">&nbsp;<\/p>\n<p class=\"MsoNormal\">18 dec 2003<\/p>\n<p class=\"MsoNormal\">&nbsp;<\/p>\n<p class=\"MsoNormal\">&nbsp;<\/p>\n<p><span style='font-size:10.0pt;font-family:\"Times New Roman\"'><br clear=\"allstyle='page-break-before:always'\"><br \/>\n<\/span><\/p>\n<p class=\"MsoNormal\">&nbsp;<\/p>\n<p class=\"MsoNormal\">101<\/p>\n<p class=\"MsoNormal\">&nbsp;<\/p>\n<p class=\"MsoNormal\"><b>ballada romantyczna<\/b><\/p>\n<p class=\"MsoNormal\">&nbsp;<\/p>\n<p class=\"MsoNormal\">to by\u0142a historia tymczasowa<br \/>\ntym s\u0142odsza im <br \/>\nkt\u00f3rym ciastek b\u0142yskawic z bitej \u015bmietany<br \/>\ni czekolady i kawy w kawiarniach <br \/>\nnad wyraz nadmiar<br \/>\nnadnieumiarkowanie<\/p>\n<p>u \u017ar\u00f3d\u0142a u pocz\u0105tku si\u0119 nie rozpleni\u0142a<br \/>\nlecz nagle <br \/>\nnieoczekiwanie <br \/>\npomi\u0119dzy zwi\u0105zkami moimi<br \/>\nrozros\u0142a i trwa\u0107 zapragn\u0119\u0142a<\/p>\n<p>jak p\u0142omie\u0144 p\u0142ocha<br \/>\nstrachliwa jak wiatr<br \/>\nwiecznie wielokrotnie niesta\u0142a<br \/>\na teraz ot tak<br \/>\nzwietrza\u0142a<\/p>\n<p>i nie chce mnie ju\u017c kochanek<br \/>\nprzelotny przewrotny<br \/>\nhistoria on m\u00f3wi mi jeszcze trwa lecz<br \/>\ngdzie tam<br \/>\nzwietrza\u0142a<\/p>\n<p>kochanie<br \/>\niskry i wdzi\u0119ku ju\u017c brak nam<br \/>\nnie<br \/>\nmi\u0142o\u015bci nigdy nie da\u0142e\u015b<br \/>\nodrobiny cho\u0107by na cie\u0144 w\u0142osa<br \/>\nwi\u0119c ukry\u0142am ju\u017c dawno uderzenia serca zbyt mocne<br \/>\ntwoja czu\u0142o\u015b\u0107 mnie zwiod\u0142a lecz<br \/>\nnie chc\u0119 ju\u017c<br \/>\nhistoria zwietrza\u0142a<br \/>\nniech rozproszy si\u0119 z wschodem<\/p>\n<p>niech na policzku wody nie znajd\u0119<br \/>\nniech z wiatrem odp\u0142ynie<br \/>\nniech od tak<br \/>\nminie<\/p>\n<p class=\"MsoNormal\">\n<p class=\"MsoNormal\">&nbsp;<\/p>\n<p class=\"MsoNormal\">19 dec 2003<\/p>\n<p class=\"MsoNormal\">&nbsp;<\/p>\n<\/div>\n<p><\/body><\/p>\n<p><\/html><\/p>","protected":false},"excerpt":{"rendered":"<p>93 93 *** nienawi\u015b\u0107? spojrza\u0142am mu prosto w oczy taki spok\u00f3j kpina mo\u017ce ironia i spok\u00f3j.. i odrobina zaciekawienia nienawi\u015b\u0107? [&hellip;]<\/p>","protected":false},"author":2,"featured_media":0,"parent":0,"menu_order":0,"comment_status":"closed","ping_status":"closed","template":"","meta":{"_bbp_topic_count":0,"_bbp_reply_count":0,"_bbp_total_topic_count":0,"_bbp_total_reply_count":0,"_bbp_voice_count":0,"_bbp_anonymous_reply_count":0,"_bbp_topic_count_hidden":0,"_bbp_reply_count_hidden":0,"_bbp_forum_subforum_count":0,"_uag_custom_page_level_css":"","footnotes":""},"class_list":["post-4755","page","type-page","status-publish","hentry"],"spectra_custom_meta":{"_edit_lock":["1598283473:2"],"_edit_last":["2"],"_wp_page_template":["default"],"_uag_page_assets":["a:9:{s:3:\"css\";s:0:\"\";s:2:\"js\";s:0:\"\";s:18:\"current_block_list\";a:0:{}s:8:\"uag_flag\";b:0;s:11:\"uag_version\";s:10:\"1775454065\";s:6:\"gfonts\";a:0:{}s:10:\"gfonts_url\";s:0:\"\";s:12:\"gfonts_files\";a:0:{}s:14:\"uag_faq_layout\";b:0;}"]},"uagb_featured_image_src":{"full":false,"thumbnail":false,"medium":false,"medium_large":false,"large":false,"1536x1536":false,"2048x2048":false,"trp-custom-language-flag":false,"illdy-blog-list":false,"illdy-widget-recent-posts":false,"illdy-blog-post-related-articles":false,"illdy-front-page-latest-news":false,"illdy-front-page-testimonials":false,"illdy-front-page-projects":false,"illdy-front-page-person":false},"uagb_author_info":{"display_name":"Joanna Choluj","author_link":"http:\/\/joannacholuj.pl\/en\/blog\/author\/joannacholuj\/"},"uagb_comment_info":0,"uagb_excerpt":"93 93 *** nienawi\u015b\u0107? spojrza\u0142am mu prosto w oczy taki spok\u00f3j kpina mo\u017ce ironia i spok\u00f3j.. i odrobina zaciekawienia nienawi\u015b\u0107? [&hellip;]","_links":{"self":[{"href":"http:\/\/joannacholuj.pl\/en\/wp-json\/wp\/v2\/pages\/4755"}],"collection":[{"href":"http:\/\/joannacholuj.pl\/en\/wp-json\/wp\/v2\/pages"}],"about":[{"href":"http:\/\/joannacholuj.pl\/en\/wp-json\/wp\/v2\/types\/page"}],"author":[{"embeddable":true,"href":"http:\/\/joannacholuj.pl\/en\/wp-json\/wp\/v2\/users\/2"}],"replies":[{"embeddable":true,"href":"http:\/\/joannacholuj.pl\/en\/wp-json\/wp\/v2\/comments?post=4755"}],"version-history":[{"count":1,"href":"http:\/\/joannacholuj.pl\/en\/wp-json\/wp\/v2\/pages\/4755\/revisions"}],"predecessor-version":[{"id":4756,"href":"http:\/\/joannacholuj.pl\/en\/wp-json\/wp\/v2\/pages\/4755\/revisions\/4756"}],"wp:attachment":[{"href":"http:\/\/joannacholuj.pl\/en\/wp-json\/wp\/v2\/media?parent=4755"}],"curies":[{"name":"wp","href":"https:\/\/api.w.org\/{rel}","templated":true}]}}