{"id":4749,"date":"2020-08-24T17:36:21","date_gmt":"2020-08-24T15:36:21","guid":{"rendered":"http:\/\/joannacholuj.pl\/?page_id=4749"},"modified":"2020-08-24T17:36:24","modified_gmt":"2020-08-24T15:36:24","slug":"wiersze-2005","status":"publish","type":"page","link":"http:\/\/joannacholuj.pl\/en\/wiersze-2005\/","title":{"rendered":"wiersze 2005"},"content":{"rendered":"<p><html><\/p>\n<p><head><br \/>\n<meta http-equiv=\"Content-Type\" content=\"text\/html; charset=windows-1250\"><br \/>\n<meta name=\"Generator\" content=\"Microsoft Word 10 (filtered)\"><br \/>\n<title>159<\/title><\/p>\n<style>\n<!--\n \/* Style Definitions *\/\n p.MsoNormal, li.MsoNormal, div.MsoNormal\n\t{margin:0cm;\n\tmargin-bottom:.0001pt;\n\ttext-autospace:none;\n\tfont-size:10.0pt;\n\tfont-family:\"Times New Roman\";}\n@page Section1\n\t{size:595.3pt 841.9pt;\n\tmargin:70.85pt 70.85pt 70.85pt 70.85pt;}\ndiv.Section1\n\t{page:Section1;}\n-->\n<\/style>\n<p><\/head><\/p>\n<p><body lang=\"PL\"><\/p>\n<div class=\"Section1\">\n<p class=\"MsoNormal\">159<\/p>\n<p class=\"MsoNormal\">***<\/p>\n<p class=\"MsoNormal\">trzeba by si\u0119 nawr\u00f3ci\u0107<\/p>\n<p class=\"MsoNormal\">na wiersze<\/p>\n<p class=\"MsoNormal\">ostatni\u0105 linijk\u0119 <\/p>\n<p class=\"MsoNormal\">ostatniego poematu<\/p>\n<p class=\"MsoNormal\">schwyci\u0107 za du\u017cy palec<\/p>\n<p class=\"MsoNormal\">i cho\u0107 z b\u00f3lu krzyknie<\/p>\n<p class=\"MsoNormal\">si\u0142\u0105 na bok brutalnie<\/p>\n<p class=\"MsoNormal\">nurt rzeki wyobra\u017ani<\/p>\n<p class=\"MsoNormal\">odwr\u00f3ci\u0107 <\/p>\n<p class=\"MsoNormal\">&nbsp;<\/p>\n<p class=\"MsoNormal\">uda si\u0119 m\u00f3wi\u0119 ci<\/p>\n<p class=\"MsoNormal\">powr\u00f3ci do ciebie<\/p>\n<p class=\"MsoNormal\">trzeba tylko odrobin\u0119<\/p>\n<p class=\"MsoNormal\">chcie\u0107 potem <\/p>\n<p class=\"MsoNormal\">podla\u0107 aby uros\u0142o ziarenko ma\u0142e<\/p>\n<p class=\"MsoNormal\">nowy wiersz<\/p>\n<p class=\"MsoNormal\">&nbsp;<\/p>\n<p class=\"MsoNormal\">[stycze\u0144 2005]<\/p>\n<p><span style='font-size:10.0pt;font-family:\"Times New Roman\"'><br clear=\"allstyle='page-break-before:always'\"><br \/>\n<\/span><\/p>\n<p class=\"MsoNormal\">160<\/p>\n<p class=\"MsoNormal\">***<\/p>\n<p class=\"MsoNormal\">t\u0119skni\u0119 za tob\u0105 spokojn\u0105 t\u0119sknot\u0105<\/p>\n<p class=\"MsoNormal\">nie tak<\/p>\n<p class=\"MsoNormal\">jak dawniej szalona<\/p>\n<p class=\"MsoNormal\">z drgaj\u0105cym umys\u0142em i sercem<\/p>\n<p class=\"MsoNormal\">bez tchu<\/p>\n<p class=\"MsoNormal\">we \u015bnie i na jawie<\/p>\n<p class=\"MsoNormal\">nie tak<\/p>\n<p class=\"MsoNormal\">lecz spokojnie wspominam<\/p>\n<p class=\"MsoNormal\">tam jeste\u015b<\/p>\n<p class=\"MsoNormal\">kochany twoja krew twoje cia\u0142o<\/p>\n<p class=\"MsoNormal\">twoje oczy tw\u00f3j penis twoje palce<\/p>\n<p class=\"MsoNormal\">i paznokcie<\/p>\n<p class=\"MsoNormal\">i \u017cona <\/p>\n<p class=\"MsoNormal\">i dzieci tam<\/p>\n<p class=\"MsoNormal\">jeste\u015b<\/p>\n<p class=\"MsoNormal\">to wystarczy <\/p>\n<p class=\"MsoNormal\">&nbsp;<\/p>\n<p class=\"MsoNormal\">[22 stycznia 2005]<\/p>\n<p><span style='font-size:10.0pt;font-family:\"Times New Roman\"'><br clear=\"allstyle='page-break-before:always'\"><br \/>\n<\/span><\/p>\n<p class=\"MsoNormal\">161<\/p>\n<p class=\"MsoNormal\">***polska depresja ***<\/p>\n<p class=\"MsoNormal\">&nbsp;<\/p>\n<p class=\"MsoNormal\">&nbsp;<\/p>\n<p class=\"MsoNormal\">odwracam g\u0142ow\u0119 do okna<\/p>\n<p class=\"MsoNormal\">kawa ju\u017c kipi <\/p>\n<p class=\"MsoNormal\">po turecku tymczasem<\/p>\n<p class=\"MsoNormal\">smak w\u0142oskich orzech\u00f3w<\/p>\n<p class=\"MsoNormal\">wci\u0105\u017c<\/p>\n<p class=\"MsoNormal\">w ustach z\u0142o\u015b\u0107 przygryzam przekle\u0144stw s\u0142owa<\/p>\n<p class=\"MsoNormal\">bo wykipia\u0142o holender<\/p>\n<p class=\"MsoNormal\">bo w orzechach \u0142upiny<\/p>\n<p class=\"MsoNormal\">bo s\u0142oneczny poranek przygn\u0119bia \u015bwie\u017co\u015bci\u0105<\/p>\n<p class=\"MsoNormal\">nie w por\u0119<\/p>\n<p class=\"MsoNormal\">to s\u0142o\u0144ce tu ten \u015bnieg ci przyjaciele rodzina wsp\u00f3\u0142lokatorka<br \/>\njej matka<\/p>\n<p class=\"MsoNormal\">to pisanie i praca<\/p>\n<p class=\"MsoNormal\">&nbsp;<\/p>\n<p class=\"MsoNormal\">&nbsp;<\/p>\n<p class=\"MsoNormal\">2005<\/p>\n<p><span style='font-size:10.0pt;font-family:\"Times New Roman\"'><br clear=\"allstyle='page-break-before:always'\"><br \/>\n<\/span><\/p>\n<p class=\"MsoNormal\">162<\/p>\n<p class=\"MsoNormal\">***<\/p>\n<p class=\"MsoNormal\">zawieszona pomi\u0119dzy<\/p>\n<p class=\"MsoNormal\">nad oceanem<\/p>\n<p class=\"MsoNormal\">na nitkach babiego lata sk\u0105d ono tu<\/p>\n<p class=\"MsoNormal\">zaczepiona p\u0119kni\u0119tym paznokciem<\/p>\n<p class=\"MsoNormal\">o falbank\u0119 g\u0119siego klucza<\/p>\n<p class=\"MsoNormal\">nie spadam<\/p>\n<p class=\"MsoNormal\">ani tu ani tam<\/p>\n<p class=\"MsoNormal\">s\u0142ysze tsunami brutalnie szepce <\/p>\n<p class=\"MsoNormal\">uciekaj<\/p>\n<p class=\"MsoNormal\">ty krzyczysz online do ucha<\/p>\n<p class=\"MsoNormal\">wr\u00f3\u0107<\/p>\n<p class=\"MsoNormal\">&nbsp;<\/p>\n<p class=\"MsoNormal\">luty 2005<\/p>\n<p class=\"MsoNormal\">&nbsp;<\/p>\n<p><span style='font-size:10.0pt;font-family:\"Times New Roman\"'><br clear=\"allstyle='page-break-before:always'\"><br \/>\n<\/span><\/p>\n<p class=\"MsoNormal\">163<\/p>\n<p class=\"MsoNormal\">&nbsp;<\/p>\n<p class=\"MsoNormal\">&nbsp;<\/p>\n<p class=\"MsoNormal\">***<\/p>\n<p class=\"MsoNormal\">\u015bwit dzi\u015b nareszcie brzydki<\/p>\n<p class=\"MsoNormal\">bladziutki<\/p>\n<p class=\"MsoNormal\">schorowany <\/p>\n<p class=\"MsoNormal\">anemicznie rozprasza si\u0119 w powietrzu<\/p>\n<p class=\"MsoNormal\">postrz\u0119pi\u0142y mu brzeg czerni\u0105<\/p>\n<p class=\"MsoNormal\">z\u0142o\u015bliwe wrony<\/p>\n<p class=\"MsoNormal\">nie ma im ko\u0144ca<\/p>\n<p class=\"MsoNormal\">wylatuj\u0105 czy wracaj\u0105<\/p>\n<p class=\"MsoNormal\">&nbsp;<\/p>\n<p class=\"MsoNormal\">to nie ma znaczenia<\/p>\n<p class=\"MsoNormal\">&nbsp;<\/p>\n<p class=\"MsoNormal\">bo wspomina\u0107 nie wolno<\/p>\n<p class=\"MsoNormal\">bo wsch\u00f3d zach\u00f3d czas mi\u0142o\u015b\u0107 nienawi\u015b\u0107 tabu<\/p>\n<p class=\"MsoNormal\">bo psuj\u0105 debiutantom wiersze<\/p>\n<p class=\"MsoNormal\">&nbsp;<\/p>\n<p class=\"MsoNormal\">&nbsp;<\/p>\n<p><span style='font-size:10.0pt;font-family:\"Times New Roman\"'><br clear=\"allstyle='page-break-before:always'\"><br \/>\n<\/span><\/p>\n<p class=\"MsoNormal\">&nbsp;<\/p>\n<p class=\"MsoNormal\"><b>164<\/b><\/p>\n<p class=\"MsoNormal\"><b>&nbsp;<\/b><\/p>\n<p class=\"MsoNormal\"><b>tr\u00f3jk\u0105t<\/b><\/p>\n<p class=\"MsoNormal\">&nbsp;<\/p>\n<p class=\"MsoNormal\">powiedzia\u0142am kilka lat temu:<\/p>\n<p class=\"MsoNormal\">?zazdro\u015b\u0107?<\/p>\n<p class=\"MsoNormal\">to zbyt intymne<\/p>\n<p class=\"MsoNormal\">chleba sk\u00f3rk\u0119 od mi\u0105\u017cszu oddzieli\u0107<\/p>\n<p class=\"MsoNormal\">mo\u017cna<\/p>\n<p class=\"MsoNormal\">na si\u0142\u0119<\/p>\n<p class=\"MsoNormal\">zazdro\u015b\u0107 od mi\u0142o\u015bci <\/p>\n<p class=\"MsoNormal\">trudno<\/p>\n<p class=\"MsoNormal\">tak jak nas \u2013<\/p>\n<p class=\"MsoNormal\">&#8211; jest ich zawsze dwie<\/p>\n<p class=\"MsoNormal\">&nbsp;<\/p>\n<p class=\"MsoNormal\">ale dzi\u015b gdy odesz\u0142am:<\/p>\n<p class=\"MsoNormal\">zazdro\u015b\u0107 odpada z \u0142atwo\u015bci\u0105<\/p>\n<p class=\"MsoNormal\">jak w gorszym gatunku pieczywa<\/p>\n<p class=\"MsoNormal\">sztywna i sucha sk\u00f3ra<\/p>\n<p class=\"MsoNormal\">a mi\u0142o\u015bci okruchy<\/p>\n<p class=\"MsoNormal\">&nbsp;<\/p>\n<p class=\"MsoNormal\">2005<br clear=\"all\" style='page-break-before:always'><br \/>\n165<\/p>\n<p class=\"MsoNormal\">&nbsp;<\/p>\n<p class=\"MsoNormal\">***<\/p>\n<p class=\"MsoNormal\">&nbsp;<\/p>\n<p class=\"MsoNormal\">\u015blisko<\/p>\n<p class=\"MsoNormal\">poros\u0142y piaszczyst\u0105 sier\u015bci\u0105 chodniki<\/p>\n<p class=\"MsoNormal\">utkwi\u0142y po kostki w wodzie drzewa<\/p>\n<p class=\"MsoNormal\">przemarzni\u0119te brzydkie kacz\u0105tka <\/p>\n<p class=\"MsoNormal\">wo\u0142aj\u0105 przysu\u0144cie si\u0119 bracia<\/p>\n<p class=\"MsoNormal\">skurcz si\u0119 ziemio<\/p>\n<p class=\"MsoNormal\">tak<\/p>\n<p class=\"MsoNormal\">&nbsp;<\/p>\n<p class=\"MsoNormal\">zimno<\/p>\n<p class=\"MsoNormal\">te same co rano wsp\u00f3\u0142rz\u0119dne chodnika<\/p>\n<p class=\"MsoNormal\">cz\u0142owiek w kapturze przekracza<\/p>\n<p class=\"MsoNormal\">ten sam zmro\u017cony pustk\u0105 wo\u017anica <\/p>\n<p class=\"MsoNormal\">otula si\u0119 w ciep\u0142y dym <\/p>\n<p class=\"MsoNormal\">z papierosa<\/p>\n<p class=\"MsoNormal\">&nbsp;<\/p>\n<p class=\"MsoNormal\">i wszystko pod batem zimy o czasie <\/p>\n<p class=\"MsoNormal\">otula przekracza tkwi<\/p>\n<p class=\"MsoNormal\">tylko s\u0142o\u0144ce bo\u017cy idiota zaczerwienione ze wstydu \u2013 <\/p>\n<p class=\"MsoNormal\">&#8211; p\u00f3\u0142\u015bpi<\/p>\n<p class=\"MsoNormal\">&nbsp;<\/p>\n<p class=\"MsoNormal\">\n<p class=\"MsoNormal\">&nbsp;<\/p>\n<p class=\"MsoNormal\">&nbsp;<\/p>\n<p class=\"MsoNormal\">2005<\/p>\n<p><span style='font-size:10.0pt;font-family:\"Times New Roman\"'><br clear=\"allstyle='page-break-before:always'\"><br \/>\n<\/span><\/p>\n<p class=\"MsoNormal\">166<\/p>\n<p class=\"MsoNormal\">&nbsp;<\/p>\n<p class=\"MsoNormal\"><b>jak si\u0119 starzej\u0105 moje stopy<\/b><\/p>\n<p class=\"MsoNormal\">&nbsp;<\/p>\n<p class=\"MsoNormal\">&nbsp;<\/p>\n<p class=\"MsoNormal\">fioletowa siateczka krwi<\/p>\n<p class=\"MsoNormal\">na granicy podeszwy<\/p>\n<p class=\"MsoNormal\">po wewn\u0119trznej stronie tr\u00f3jk\u0105ta<\/p>\n<p class=\"MsoNormal\">hipotetyczna g\u00f3ra atlantydy<\/p>\n<p class=\"MsoNormal\">&nbsp;<\/p>\n<p class=\"MsoNormal\">na granicy podeszwy<\/p>\n<p class=\"MsoNormal\">szukam wyra\u017anych dowod\u00f3w<\/p>\n<p class=\"MsoNormal\">hipotetyczna g\u00f3ra atlantydy<\/p>\n<p class=\"MsoNormal\">nareszcie naga naoczna<\/p>\n<p class=\"MsoNormal\">&nbsp;<\/p>\n<p class=\"MsoNormal\">szukam wyra\u017anych dowod\u00f3w<\/p>\n<p class=\"MsoNormal\">podgl\u0105dam swoj\u0105 kostk\u0119<\/p>\n<p class=\"MsoNormal\">nareszcie naga naoczna<\/p>\n<p class=\"MsoNormal\">zgodnie z chudonorm\u0105 estetyki<\/p>\n<p class=\"MsoNormal\">&nbsp;<\/p>\n<p class=\"MsoNormal\">podgl\u0105dam swoj\u0105 kostk\u0119<\/p>\n<p class=\"MsoNormal\">apogeum doskona\u0142o\u015bci<\/p>\n<p class=\"MsoNormal\">zgodnie z chudonorm\u0105 estetyki<\/p>\n<p class=\"MsoNormal\">fioletowa siateczka krwi<\/p>\n<p class=\"MsoNormal\">&nbsp;<\/p>\n<p class=\"MsoNormal\">&nbsp;<\/p>\n<p class=\"MsoNormal\">[pantum, 5 marca 2005]<\/p>\n<p><span style='font-size:10.0pt;font-family:\"Times New Roman\"'><br clear=\"allstyle='page-break-before:always'\"><br \/>\n<\/span><\/p>\n<p class=\"MsoNormal\"><b>&nbsp;<\/b><\/p>\n<p class=\"MsoNormal\">&nbsp;<\/p>\n<p class=\"MsoNormal\"><b>167<\/b><\/p>\n<p class=\"MsoNormal\"><b>jeszcze tylko kilka dni do wiosny<\/b><\/p>\n<p class=\"MsoNormal\">&nbsp;<\/p>\n<p class=\"MsoNormal\">zapeszysz nie wchod\u017a  <\/p>\n<p class=\"MsoNormal\">pomi\u0119dzy uda drewnianych staro\u015bwieckich s\u0142up\u00f3w<\/p>\n<p class=\"MsoNormal\">rzucisz urok nie patrz <\/p>\n<p class=\"MsoNormal\">w oczy bezszybym ramom <\/p>\n<p class=\"MsoNormal\">uczynisz nieczystymi nie dotykaj <\/p>\n<p class=\"MsoNormal\">nieobecnych bia\u0142ych skrzyde\u0142 wi\u015bni<\/p>\n<p class=\"MsoNormal\">&nbsp;<\/p>\n<p class=\"MsoNormal\">nadchodz\u0119<\/p>\n<p class=\"MsoNormal\">w rytm trzepotania dywan\u00f3w<\/p>\n<p class=\"MsoNormal\">kt\u00f3ry masz uszy &#8211; s\u0142uchaj<\/p>\n<p class=\"MsoNormal\">&nbsp;<\/p>\n<p class=\"MsoNormal\">&nbsp;<\/p>\n<p class=\"MsoNormal\">19 marca 2005<\/p>\n<p class=\"MsoNormal\">&nbsp;<\/p>\n<p><span style='font-size:10.0pt;font-family:\"Times New Roman\"'><br clear=\"allstyle='page-break-before:always'\"><br \/>\n<\/span><\/p>\n<p class=\"MsoNormal\">168<\/p>\n<p class=\"MsoNormal\"><b>wspomnienie z Emirat\u00f3w<\/b><\/p>\n<p class=\"MsoNormal\">&nbsp;<\/p>\n<p class=\"MsoNormal\">sz\u0142am obok niej<\/p>\n<p class=\"MsoNormal\">pos\u0142usznie<\/p>\n<p class=\"MsoNormal\">w poprzek miasta Sharjah<\/p>\n<p class=\"MsoNormal\">odwraca\u0142a si\u0119 do mnie z u\u015bmiechem<\/p>\n<p class=\"MsoNormal\">kt\u00f3ry by\u0142 doskonale widoczny<\/p>\n<p class=\"MsoNormal\">w k\u0105cikach jej oczu<\/p>\n<p class=\"MsoNormal\">gdy zostawa\u0142am w tyle<\/p>\n<p class=\"MsoNormal\">ostro\u017cnie wymijaj\u0105c szarych robotnik\u00f3w <\/p>\n<p class=\"MsoNormal\">przykucni\u0119tych na kraw\u0119dziach ulic<\/p>\n<p class=\"MsoNormal\">jak udomowione czaple<\/p>\n<p class=\"MsoNormal\">przed ka\u017cdym miseczka warzywnego czatni<\/p>\n<p class=\"MsoNormal\">&nbsp;<\/p>\n<p class=\"MsoNormal\">jej abaja \u0142opota\u0142a cicho przy ka\u017cdym kroku i oddechu<\/p>\n<p class=\"MsoNormal\">unosi\u0142a si\u0119 lekko czarna zas\u0142ona<\/p>\n<p class=\"MsoNormal\">Jefre jest ju\u017c na pewno na miejscu  powiedzia\u0142a<\/p>\n<p class=\"MsoNormal\">na pewno westchn\u0119\u0142am dmuchaj\u0105c w sw\u00f3j kawa\u0142ek nylonu<\/p>\n<p class=\"MsoNormal\">na pewno <\/p>\n<p class=\"MsoNormal\">my te\u017c tam dotrzemy <\/p>\n<p class=\"MsoNormal\">za pi\u0119\u0107 bezimiennych blok\u00f3w <\/p>\n<p class=\"MsoNormal\">&nbsp;<\/p>\n<p class=\"MsoNormal\">kwiecie\u0144 2005<\/p>\n<p class=\"MsoNormal\">uae<br clear=\"all\" style='page-break-before:always'><br \/>\n169<\/p>\n<p class=\"MsoNormal\">**<\/p>\n<p class=\"MsoNormal\"><b>morskie rytua\u0142y<\/b><\/p>\n<p class=\"MsoNormal\">&nbsp;<\/p>\n<p class=\"MsoNormal\">&nbsp;<\/p>\n<p class=\"MsoNormal\">lekko nacinam wysypuj\u0119 s\u0142one paluszki<\/p>\n<p class=\"MsoNormal\">wk\u0142adam d\u0142onie<\/p>\n<p class=\"MsoNormal\">w morze czerwone<\/p>\n<p class=\"MsoNormal\">nasi\u0105kaj\u0105 mi\u0119kn\u0105<\/p>\n<p class=\"MsoNormal\">bardzo s\u0142one<\/p>\n<p class=\"MsoNormal\">ssa\u0107 chc\u0119 jeden po drugim dziesi\u0105ty dotykam j\u0119zykiem<\/p>\n<p class=\"MsoNormal\">jest mi smutno i dobrze<\/p>\n<p class=\"MsoNormal\">na\u015bci harpie i syreny<\/p>\n<p class=\"MsoNormal\">ofiara z cia\u0142a i krwi <\/p>\n<p class=\"MsoNormal\">jeste\u015bmy zespolone<\/p>\n<p class=\"MsoNormal\">&nbsp;<\/p>\n<p class=\"MsoNormal\">2005 maj<\/p>\n<p class=\"MsoNormal\">&nbsp;<\/p>\n<p><span style='font-size:10.0pt;font-family:\"Times New Roman\"'><br clear=\"allstyle='page-break-before:always'\"><br \/>\n<\/span><\/p>\n<p class=\"MsoNormal\">170<\/p>\n<p class=\"MsoNormal\"><b>list ojca z polski do c\u00f3rki w pensacola na florydzie na<br \/>\nwie\u015b\u0107 o atakach rekin\u00f3w i terroryst\u00f3w<\/b><\/p>\n<p class=\"MsoNormal\">&nbsp;<\/p>\n<p class=\"MsoNormal\">&nbsp;<\/p>\n<p class=\"MsoNormal\">zn\u00f3w milczysz asiula<\/p>\n<p class=\"MsoNormal\">nie opowiadasz mi nic<\/p>\n<p class=\"MsoNormal\">w tej ameryce<\/p>\n<p class=\"MsoNormal\">ilu jest bia\u0142ych raper\u00f3w<\/p>\n<p class=\"MsoNormal\">ilu idiot\u00f3w wysadzaj\u0105cych drapacze chmur<\/p>\n<p class=\"MsoNormal\">ilu farmer\u00f3w i domk\u00f3w na prerii <\/p>\n<p class=\"MsoNormal\">i ranch<\/p>\n<p class=\"MsoNormal\">&nbsp;<\/p>\n<p class=\"MsoNormal\">zn\u00f3w milczysz asiula<\/p>\n<p class=\"MsoNormal\">kochanek praca<\/p>\n<p class=\"MsoNormal\">na pla\u017cy na czarno<\/p>\n<p class=\"MsoNormal\">nic nie wiem<\/p>\n<p class=\"MsoNormal\">ile jest willi emerytowanych komandos\u00f3w<\/p>\n<p class=\"MsoNormal\">ile jacht\u00f3w niedosk\u0142adanych jak nasz<\/p>\n<p class=\"MsoNormal\">ile slums\u00f3w i gang\u00f3w<\/p>\n<p class=\"MsoNormal\">i odgryzionych r\u0105k<\/p>\n<p class=\"MsoNormal\">&nbsp;<\/p>\n<p class=\"MsoNormal\">ile p\u00f3r deszczowych na florydzie ile centymetr\u00f3w \u015bniegu <\/p>\n<p class=\"MsoNormal\">zatopi i zakryje tw\u00f3j<\/p>\n<p class=\"MsoNormal\">z czu\u0142o\u015bci\u0105 nienapisany list<\/p>\n<p class=\"MsoNormal\">&nbsp;<\/p>\n<p class=\"MsoNormal\">2005<br clear=\"all\" style='page-break-before:always'>\n<\/p>\n<p class=\"MsoNormal\"><b>171<\/b><\/p>\n<p class=\"MsoNormal\"><b>[kto widzia\u0142 ostatnio tr\u00f3jc\u0119 \u015bwi\u0119t\u0105 i wie gdzie obecnie<br \/>\nprzebywa proszony jest o zg\u0142oszenie si\u0119 na komisariat Micha\u0142a Archanio\u0142a]<\/b><\/p>\n<p class=\"MsoNormal\">&nbsp;<\/p>\n<p class=\"MsoNormal\">\u015bwiergol\u0105cy wniebog\u0142osy niemowa duch<\/p>\n<p class=\"MsoNormal\">zn\u00f3w wyskoczy\u0142 z niebieskiego okna<\/p>\n<p class=\"MsoNormal\">osamotni\u0142 odwiecznie pust\u0105 suteren\u0119<\/p>\n<p class=\"MsoNormal\">olaboga<\/p>\n<p class=\"MsoNormal\">&nbsp;<\/p>\n<p class=\"MsoNormal\">wzywamy gor\u0105co na pomoc <\/p>\n<p class=\"MsoNormal\">lokatorskie po s\u0105siedzku co to nigdy pustostan<\/p>\n<p class=\"MsoNormal\">nie-niebieskie diabelskie <\/p>\n<p class=\"MsoNormal\">olaboga<\/p>\n<p class=\"MsoNormal\">&nbsp;<\/p>\n<p class=\"MsoNormal\">w\u0142a\u015bciciel sutereny od wiek\u00f3w niewidziany<\/p>\n<p class=\"MsoNormal\">po bo\u017cemu<\/p>\n<p class=\"MsoNormal\">jego syn samozwaniec kiedy\u015b wr\u00f3ci do niej<\/p>\n<p class=\"MsoNormal\">zaprowadzi niebieski porz\u0105dek<\/p>\n<p class=\"MsoNormal\">niech tylko raz na wieczno\u015b\u0107 ucieknie europejczykom spod<br \/>\ngwo\u017adzi<\/p>\n<p class=\"MsoNormal\">w trzydziestym trzecim<\/p>\n<p class=\"MsoNormal\">olaboga<\/p>\n<p class=\"MsoNormal\">&nbsp;<\/p>\n<p class=\"MsoNormal\">&nbsp;<\/p>\n<p><span style='font-size:10.0pt;font-family:\"Times New Roman\"'><br clear=\"allstyle='page-break-before:always'\"><br \/>\n<\/span><\/p>\n<p class=\"MsoNormal\">172 <\/p>\n<p class=\"MsoNormal\"><b>reinkarnacja<\/b><\/p>\n<p class=\"MsoNormal\">&nbsp;<\/p>\n<p class=\"MsoNormal\">co by by\u0142o gdyby moje w\u0142osy<\/p>\n<p class=\"MsoNormal\">nale\u017ca\u0142y do kogo\u015b innego do tej<\/p>\n<p class=\"MsoNormal\">kobiety w przysz\u0142o\u015bci<\/p>\n<p class=\"MsoNormal\">kt\u00f3rej dusza moja tylko troch\u0119<\/p>\n<p class=\"MsoNormal\">p\u00f3\u017aniej<\/p>\n<p class=\"MsoNormal\">ta sama<\/p>\n<p class=\"MsoNormal\">&nbsp;<\/p>\n<p class=\"MsoNormal\">co by by\u0142o gdyby ten papier<\/p>\n<p class=\"MsoNormal\">nie wch\u0142on\u0105\u0142 moich my\u015bli teraz<\/p>\n<p class=\"MsoNormal\">lecz kilka tysi\u0119cy lat przedtem<\/p>\n<p class=\"MsoNormal\">papirus przodek to samo<\/p>\n<p class=\"MsoNormal\">widzia\u0142 spisane <\/p>\n<p class=\"MsoNormal\">niepotrzebnie<\/p>\n<p class=\"MsoNormal\">&nbsp;<\/p>\n<p class=\"MsoNormal\">co by by\u0142o gdyby s\u0142owa dwugarbne <\/p>\n<p class=\"MsoNormal\">nie nosi\u0142y jak dzi\u015b znaczenia <\/p>\n<p class=\"MsoNormal\">nie<\/p>\n<p class=\"MsoNormal\">by\u0142aby ju\u017c tylko my\u015bl scalona-przekazywalna<\/p>\n<p class=\"MsoNormal\">a s\u0142owa \u2013 anachronizmem<\/p>\n<p class=\"MsoNormal\">&nbsp;<\/p>\n<p class=\"MsoNormal\">&nbsp;<\/p>\n<p class=\"MsoNormal\">23.10.2005 warszawa<\/p>\n<p><span style='font-size:10.0pt;font-family:\"Times New Roman\"'><br clear=\"allstyle='page-break-before:always'\"><br \/>\n<\/span><\/p>\n<p class=\"MsoNormal\">173<\/p>\n<p class=\"MsoNormal\">&nbsp;<\/p>\n<p class=\"MsoNormal\">M\u0119\u017ca pami\u0119ci \u017ca\u0142obny\u2026 <\/p>\n<p class=\"MsoNormal\">&nbsp;<\/p>\n<p class=\"MsoNormal\"><i>[Czemu, Cieniu, odje\u017cd\u017casz [\u2026]<\/i><\/p>\n<p class=\"MsoNormal\">&nbsp;<\/p>\n<p class=\"MsoNormal\">&nbsp;<\/p>\n<p class=\"MsoNormal\">w niedziel\u0119 posprz\u0105tam<\/p>\n<p class=\"MsoNormal\">w pokoju i w kuchni on<\/p>\n<p class=\"MsoNormal\">posprz\u0105tam zdecydowanie<\/p>\n<p class=\"MsoNormal\">zobacz\u0119<\/p>\n<p class=\"MsoNormal\">co pozosta\u0142o<\/p>\n<p class=\"MsoNormal\">co si\u0119 jeszcze mo\u017ce przyda\u0107. co wyrzuci\u0107<\/p>\n<p class=\"MsoNormal\">&nbsp;<\/p>\n<p class=\"MsoNormal\">w niedziel\u0119 si\u0119 nie sprz\u0105ta?<\/p>\n<p class=\"MsoNormal\">w sobot\u0119 nie kiwnie palcem?<\/p>\n<p class=\"MsoNormal\">w pi\u0105tek p\u00f3j\u015b\u0107 do meczetu?<\/p>\n<p class=\"MsoNormal\">&nbsp;<\/p>\n<p class=\"MsoNormal\">ju\u017c nie trzeba <\/p>\n<p class=\"MsoNormal\">ju\u017c posprz\u0105tane<\/p>\n<p class=\"MsoNormal\">nic nie zosta\u0142o<\/p>\n<p class=\"MsoNormal\">&nbsp;<\/p>\n<p class=\"MsoNormal\">\n<p><span style='font-size:10.0pt;font-family:\"Times New Roman\"'><br clear=\"allstyle='page-break-before:always'\"><br \/>\n<\/span><\/p>\n<p class=\"MsoNormal\"><b>plan noworoczny<\/b><\/p>\n<p class=\"MsoNormal\">&nbsp;<\/p>\n<p class=\"MsoNormal\">&nbsp;<\/p>\n<p class=\"MsoNormal\">b\u0119dzie tak b\u0119dzie taki<\/p>\n<p class=\"MsoNormal\">tekst<\/p>\n<p class=\"MsoNormal\">g\u0142\u0119boki<\/p>\n<p class=\"MsoNormal\">tak jak wci\u0119cie jego ud<\/p>\n<p class=\"MsoNormal\">jak wygi\u0119cie no\u017ca<\/p>\n<p class=\"MsoNormal\">kt\u00f3ry ostrzony wczoraj<\/p>\n<p class=\"MsoNormal\">z mi\u0119kkiej stali niekruchej <\/p>\n<p class=\"MsoNormal\">nie\u0142amliwej nietwardej<\/p>\n<p class=\"MsoNormal\">&nbsp;<\/p>\n<p class=\"MsoNormal\">b\u0119dzie tekst o dwu kobietach <\/p>\n<p class=\"MsoNormal\">i o nim <\/p>\n<p class=\"MsoNormal\">raz<\/p>\n<p class=\"MsoNormal\">na trzy pas b\u0119dzie<\/p>\n<p class=\"MsoNormal\">b\u0119dzie tak b\u0119dzie<\/p>\n<p class=\"MsoNormal\">taki tekst o tr\u00f3jk\u0105cie prawiesielskim<\/p>\n<p class=\"MsoNormal\">cierpkim jak mu\u015bni\u0119cie jej ust<\/p>\n<p class=\"MsoNormal\">&nbsp;<\/p>\n<p class=\"MsoNormal\">&nbsp;<\/p>\n<p class=\"MsoNormal\">30 listopada<\/p>\n<p class=\"MsoNormal\">&nbsp;<\/p>\n<\/div>\n<p><\/body><\/p>\n<p><\/html><\/p>","protected":false},"excerpt":{"rendered":"<p>159 159 *** trzeba by si\u0119 nawr\u00f3ci\u0107 na wiersze ostatni\u0105 linijk\u0119 ostatniego poematu schwyci\u0107 za du\u017cy palec i cho\u0107 z [&hellip;]<\/p>","protected":false},"author":2,"featured_media":0,"parent":0,"menu_order":0,"comment_status":"closed","ping_status":"closed","template":"","meta":{"_bbp_topic_count":0,"_bbp_reply_count":0,"_bbp_total_topic_count":0,"_bbp_total_reply_count":0,"_bbp_voice_count":0,"_bbp_anonymous_reply_count":0,"_bbp_topic_count_hidden":0,"_bbp_reply_count_hidden":0,"_bbp_forum_subforum_count":0,"_uag_custom_page_level_css":"","footnotes":""},"class_list":["post-4749","page","type-page","status-publish","hentry"],"spectra_custom_meta":{"_edit_lock":["1598283276:2"],"_edit_last":["2"],"_wp_page_template":["default"],"_uag_page_assets":["a:9:{s:3:\"css\";s:0:\"\";s:2:\"js\";s:0:\"\";s:18:\"current_block_list\";a:0:{}s:8:\"uag_flag\";b:0;s:11:\"uag_version\";s:10:\"1775454065\";s:6:\"gfonts\";a:0:{}s:10:\"gfonts_url\";s:0:\"\";s:12:\"gfonts_files\";a:0:{}s:14:\"uag_faq_layout\";b:0;}"]},"uagb_featured_image_src":{"full":false,"thumbnail":false,"medium":false,"medium_large":false,"large":false,"1536x1536":false,"2048x2048":false,"trp-custom-language-flag":false,"illdy-blog-list":false,"illdy-widget-recent-posts":false,"illdy-blog-post-related-articles":false,"illdy-front-page-latest-news":false,"illdy-front-page-testimonials":false,"illdy-front-page-projects":false,"illdy-front-page-person":false},"uagb_author_info":{"display_name":"Joanna Choluj","author_link":"http:\/\/joannacholuj.pl\/en\/blog\/author\/joannacholuj\/"},"uagb_comment_info":0,"uagb_excerpt":"159 159 *** trzeba by si\u0119 nawr\u00f3ci\u0107 na wiersze ostatni\u0105 linijk\u0119 ostatniego poematu schwyci\u0107 za du\u017cy palec i cho\u0107 z [&hellip;]","_links":{"self":[{"href":"http:\/\/joannacholuj.pl\/en\/wp-json\/wp\/v2\/pages\/4749"}],"collection":[{"href":"http:\/\/joannacholuj.pl\/en\/wp-json\/wp\/v2\/pages"}],"about":[{"href":"http:\/\/joannacholuj.pl\/en\/wp-json\/wp\/v2\/types\/page"}],"author":[{"embeddable":true,"href":"http:\/\/joannacholuj.pl\/en\/wp-json\/wp\/v2\/users\/2"}],"replies":[{"embeddable":true,"href":"http:\/\/joannacholuj.pl\/en\/wp-json\/wp\/v2\/comments?post=4749"}],"version-history":[{"count":1,"href":"http:\/\/joannacholuj.pl\/en\/wp-json\/wp\/v2\/pages\/4749\/revisions"}],"predecessor-version":[{"id":4750,"href":"http:\/\/joannacholuj.pl\/en\/wp-json\/wp\/v2\/pages\/4749\/revisions\/4750"}],"wp:attachment":[{"href":"http:\/\/joannacholuj.pl\/en\/wp-json\/wp\/v2\/media?parent=4749"}],"curies":[{"name":"wp","href":"https:\/\/api.w.org\/{rel}","templated":true}]}}