{"id":4746,"date":"2020-08-24T17:34:44","date_gmt":"2020-08-24T15:34:44","guid":{"rendered":"http:\/\/joannacholuj.pl\/?page_id=4746"},"modified":"2020-08-24T17:34:44","modified_gmt":"2020-08-24T15:34:44","slug":"wiersze-2006","status":"publish","type":"page","link":"http:\/\/joannacholuj.pl\/en\/wiersze-2006\/","title":{"rendered":"wiersze 2006"},"content":{"rendered":"<p><html><\/p>\n<p><head><br \/>\n<meta http-equiv=\"Content-Type\" content=\"text\/html; charset=windows-1250\"><br \/>\n<meta name=\"Generator\" content=\"Microsoft Word 10 (filtered)\"><br \/>\n<title>wczoraj i dzi\u015b &#8211; herbata<\/title><\/p>\n<style>\n<!--\n \/* Style Definitions *\/\n p.MsoNormal, li.MsoNormal, div.MsoNormal\n\t{margin:0cm;\n\tmargin-bottom:.0001pt;\n\ttext-autospace:none;\n\tfont-size:10.0pt;\n\tfont-family:\"Times New Roman\";}\n@page Section1\n\t{size:595.3pt 841.9pt;\n\tmargin:70.85pt 70.85pt 70.85pt 70.85pt;}\ndiv.Section1\n\t{page:Section1;}\n-->\n<\/style>\n<p><\/head><\/p>\n<p><body lang=\"PL\"><\/p>\n<div class=\"Section1\">\n<p class=\"MsoNormal\"><b>wczoraj i dzi\u015b &#8211; herbata<\/b><\/p>\n<p class=\"MsoNormal\">&nbsp;<\/p>\n<p class=\"MsoNormal\">&nbsp;<\/p>\n<p class=\"MsoNormal\">powierzchnia dwudniowej herbaty naznaczona susz\u0105<\/p>\n<p class=\"MsoNormal\">dotykam torebki<\/p>\n<p class=\"MsoNormal\">marszczy si\u0119 jak stopiony czekoladowy batonik<\/p>\n<p class=\"MsoNormal\">t\u0119skni\u0119 napisa\u0142am po namy\u015ble<\/p>\n<p class=\"MsoNormal\">ko\u017cuch poruszy\u0142 si\u0119 zniecierpliwiony<\/p>\n<p class=\"MsoNormal\">drgn\u0105\u0142 znudzony telefon od dwu dni zimny <\/p>\n<p class=\"MsoNormal\">wyplu\u0142 leniw\u0105 odpowied\u017a &#8211; we mnie<\/p>\n<p class=\"MsoNormal\">brak uczu\u0107<\/p>\n<p class=\"MsoNormal\">&nbsp;<\/p>\n<p class=\"MsoNormal\">dziwnie<\/p>\n<p class=\"MsoNormal\">herbata zmienia smak<\/p>\n<p class=\"MsoNormal\">&nbsp;<\/p>\n<p class=\"MsoNormal\">&nbsp;<\/p>\n<p class=\"MsoNormal\">&nbsp;<\/p>\n<p class=\"MsoNormal\">&nbsp;<\/p>\n<p class=\"MsoNormal\">&nbsp;<\/p>\n<p><span style='font-size:10.0pt;font-family:\"Times New Roman\"'><br clear=\"allstyle='page-break-before:always'\"><br \/>\n<\/span><\/p>\n<p class=\"MsoNormal\"><b>Spojrzenie w okno<\/b><\/p>\n<p class=\"MsoNormal\">&nbsp;<\/p>\n<p class=\"MsoNormal\">&nbsp;<\/p>\n<p class=\"MsoNormal\">zabielony \u015bniegiem dach \u015bmietnika<\/p>\n<p class=\"MsoNormal\">krata &#8211; szaro\u015bci biel<\/p>\n<p class=\"MsoNormal\">szyba \u2013 \u015bwiat\u0142a brud<\/p>\n<p class=\"MsoNormal\">w okna ramionach<\/p>\n<p class=\"MsoNormal\">&nbsp;<\/p>\n<p class=\"MsoNormal\">g\u0142owa dzi\u00f3b skrzyd\u0142a z prawej <\/p>\n<p class=\"MsoNormal\">z lewej<\/p>\n<p class=\"MsoNormal\">podwojone<\/p>\n<p class=\"MsoNormal\">&nbsp;<\/p>\n<p class=\"MsoNormal\">fragment s\u0142owa w kuchni mieszam z mlekiem<\/p>\n<p class=\"MsoNormal\">na czekolad\u0119<\/p>\n<p class=\"MsoNormal\">go\u0142\u0119bie odchody s\u0105 niewidoczne<\/p>\n<p class=\"MsoNormal\">tylko szare skrzyd\u0142a dotykaj\u0105 mnie cicho<\/p>\n<p class=\"MsoNormal\">gdy \u0142y\u017ceczk\u0105 mieszam <\/p>\n<p class=\"MsoNormal\">&nbsp;<\/p>\n<p class=\"MsoNormal\">&nbsp;<\/p>\n<p class=\"MsoNormal\">20 lutego 2006-02-22<\/p>\n<p class=\"MsoNormal\">\n<p><span style='font-size:10.0pt;font-family:\"Times New Roman\"'><br clear=\"allstyle='page-break-before:always'\"><br \/>\n<\/span><\/p>\n<p class=\"MsoNormal\"><b>dusza \u2013 moment kreacji<\/b><\/p>\n<p class=\"MsoNormal\">&nbsp;<\/p>\n<p class=\"MsoNormal\">&nbsp;<\/p>\n<p class=\"MsoNormal\">wpe\u0142znij <\/p>\n<p class=\"MsoNormal\">powoli<\/p>\n<p class=\"MsoNormal\">niech ci\u0119 przykryje jak li\u015b\u0107<\/p>\n<p class=\"MsoNormal\">przycisz \u017caby i anio\u0142y str\u00f3\u017ce<\/p>\n<p class=\"MsoNormal\">&nbsp;<\/p>\n<p class=\"MsoNormal\">wejd\u017a<\/p>\n<p class=\"MsoNormal\">ostro\u017cnie zasu\u0144 <\/p>\n<p class=\"MsoNormal\">jak \u015bpiw\u00f3r namiot las<\/p>\n<p class=\"MsoNormal\">rzeczywisto\u015b\u0107<\/p>\n<p class=\"MsoNormal\">&nbsp;<\/p>\n<p class=\"MsoNormal\">zasup\u0142aj od wewn\u0105trz<\/p>\n<p class=\"MsoNormal\">\u015bci\u015ble jak kokon <\/p>\n<p class=\"MsoNormal\">b\u0142\u0119kitn\u0105 nitk\u0105 na szcz\u0119\u015bcie<\/p>\n<p class=\"MsoNormal\">&nbsp;<\/p>\n<p class=\"MsoNormal\">\u0107wicz oddechy to proste<\/p>\n<p class=\"MsoNormal\">jak joga<\/p>\n<p class=\"MsoNormal\">i<\/p>\n<p class=\"MsoNormal\">zrozum<\/p>\n<p class=\"MsoNormal\">\u017ce ona jest macicy sk\u00f3rk\u0105 na zewn\u0105trz<\/p>\n<p class=\"MsoNormal\">czemu szukasz jej w \u015brodku?<\/p>\n<p class=\"MsoNormal\">&nbsp;<\/p>\n<p class=\"MsoNormal\">&nbsp;<\/p>\n<p class=\"MsoNormal\">9 june 2006<\/p>\n<p><span style='font-size:10.0pt;font-family:\"Times New Roman\"'><br clear=\"allstyle='page-break-before:always'\"><br \/>\n<\/span><\/p>\n<p class=\"MsoNormal\">***<\/p>\n<p class=\"MsoNormal\">&nbsp;<\/p>\n<p class=\"MsoNormal\">zaprawd\u0119 powiadam wam jest B\u00f3g<\/p>\n<p class=\"MsoNormal\">stoi na kraw\u0119dzi nibynieba w rozkroku bierze rozmach <\/p>\n<p class=\"MsoNormal\">popycha<\/p>\n<p class=\"MsoNormal\">spadamy <\/p>\n<p class=\"MsoNormal\">razem<\/p>\n<p class=\"MsoNormal\">on wyrasta skrzyd\u0142ami<\/p>\n<p class=\"MsoNormal\">kt\u00f3re s\u0105 niebieskie jak smuga dymu<\/p>\n<p class=\"MsoNormal\">ja krzycz\u0119<\/p>\n<p class=\"MsoNormal\">&nbsp;<\/p>\n<p class=\"MsoNormal\">gdy razem dotykamy nibyziemi<\/p>\n<p class=\"MsoNormal\">grz\u0105ska powierzchnia ugina si\u0119<\/p>\n<p class=\"MsoNormal\">znikam w bagnie <\/p>\n<p class=\"MsoNormal\">wyp\u0142ywam <\/p>\n<p class=\"MsoNormal\">tylko dlatego \u017ce \u0142askota\u0142 mnie w stopy<\/p>\n<p class=\"MsoNormal\">od \u015brodka<\/p>\n<p class=\"MsoNormal\">&nbsp;<\/p>\n<p class=\"MsoNormal\">&nbsp;<\/p>\n<p><span style='font-size:10.0pt;font-family:\"Times New Roman\"'><br clear=\"allstyle='page-break-before:always'\"><br \/>\n<\/span><\/p>\n<p class=\"MsoNormal\"><b>na szczyt<\/b><\/p>\n<p class=\"MsoNormal\">&nbsp;<\/p>\n<p class=\"MsoNormal\">schodek<\/p>\n<p class=\"MsoNormal\">dwa<\/p>\n<p class=\"MsoNormal\">ni\u017cej<\/p>\n<p class=\"MsoNormal\">zadzieram g\u0142ow\u0119 i u\u015bmiecham si\u0119 <\/p>\n<p class=\"MsoNormal\">do ciebie<\/p>\n<p class=\"MsoNormal\">winda otwarcie zaprasza<\/p>\n<p class=\"MsoNormal\">ale ja si\u0119 rozsypi\u0119 w nierozumiej\u0105cy u\u015bmiech<\/p>\n<p class=\"MsoNormal\">i b\u0119d\u0119 musia\u0142a zakry\u0107 oczy przed blaskiem<\/p>\n<p class=\"MsoNormal\">widzisz<\/p>\n<p class=\"MsoNormal\">&nbsp;<\/p>\n<p class=\"MsoNormal\">ja<\/p>\n<p class=\"MsoNormal\">nie<\/p>\n<p><span style='font-size:10.0pt;font-family:\"Times New Roman\"'><br clear=\"allstyle='page-break-before:always'\"><br \/>\n<\/span><\/p>\n<p class=\"MsoNormal\"><b>tak<\/b><\/p>\n<p class=\"MsoNormal\">\n<p>zaprzecz<br \/>\nwszystkiemu co wiesz<br \/>\na pojawi si\u0119 wszystko czego pragniesz<br \/>\npozornie<br \/>\noceany statki dzieci s\u0142onie<br \/>\ni jeden cz\u0142owiek b\u0119dzie w stanie<br \/>\nunie\u015b\u0107 ci\u0119 na d\u0142oni<br \/>\nzgasi\u0107 \u015bwiat i<br \/>\nzdmuchn\u0105\u0107<br \/>\np\u0142omie\u0144 r\u00f3\u017c<br \/>\ni oddech pelargonii<\/p>\n<p class=\"MsoNormal\">&nbsp;<\/p>\n<p><b><span style='font-size:10.0pt;font-family:\"Times New Roman\"'><br clear=\"allstyle='page-break-before:always'\"><br \/>\n<\/span><\/b><\/p>\n<p class=\"MsoNormal\"><b>dlaczego nie<\/b><\/p>\n<p class=\"MsoNormal\">\n<p>\nboli mnie<br \/>\nna palcach otwierane niebo<br \/>\nwik\u0142a si\u0119 i sup\u0142a<br \/>\nsiepie i przycina<br \/>\nnie mog\u0119 rozsun\u0105\u0107<br \/>\nzreszt\u0105 po co<br \/>\ndo reszty niepotrzebne w\u0105skie ulice<br \/>\nko\u0142a powoz\u00f3w i go\u0142\u0119bniki<\/p>\n<p>adresat umar\u0142<br \/>\nutnijmy skrzyd\u0142a ptakom<\/p>\n<p class=\"MsoNormal\"><b>&nbsp;<\/b><\/p>\n<p><b><span style='font-size:10.0pt;font-family:\"Times New Roman\"'><br clear=\"allstyle='page-break-before:always'\"><br \/>\n<\/span><\/b><\/p>\n<p class=\"MsoNormal\"><b>&nbsp;<\/b><\/p>\n<p class=\"MsoNormal\">&nbsp;<\/p>\n<p class=\"MsoNormal\">&nbsp;<\/p>\n<p class=\"MsoNormal\"><b>zobacz<\/b><\/p>\n<p class=\"MsoNormal\">&nbsp;<\/p>\n<p class=\"MsoNormal\">\nzobacz tyle s\u0142\u00f3w<br \/>\ncz\u0142api\u0105 za nami<br \/>\ncierpliwie<br \/>\nokrywaj\u0105 si\u0119 kocem<br \/>\nprzysypiaj\u0105 po k\u0105tach <br \/>\nczuwaj\u0105<br \/>\nnie opuszczaj\u0105 mieszkania jak kot<\/p>\n<p class=\"MsoNormal\">\npodmieciesz pod wycieraczk\u0119 pod dywan<br \/>\nz&nbsp;trzepotem wyfrun\u0105 jak tylko pozwoli<br \/>\ntwoja d\u0142o\u0144<br \/>\nna balkon na wiatr<br \/>\nmotyle<\/p>\n<p class=\"MsoNormal\">&nbsp;<\/p>\n<\/div>\n<p><\/body><\/p>\n<p><\/html><\/p>","protected":false},"excerpt":{"rendered":"<p>wczoraj i dzi\u015b &#8211; herbata wczoraj i dzi\u015b &#8211; herbata &nbsp; &nbsp; powierzchnia dwudniowej herbaty naznaczona susz\u0105 dotykam torebki marszczy [&hellip;]<\/p>","protected":false},"author":2,"featured_media":0,"parent":0,"menu_order":0,"comment_status":"closed","ping_status":"closed","template":"","meta":{"_bbp_topic_count":0,"_bbp_reply_count":0,"_bbp_total_topic_count":0,"_bbp_total_reply_count":0,"_bbp_voice_count":0,"_bbp_anonymous_reply_count":0,"_bbp_topic_count_hidden":0,"_bbp_reply_count_hidden":0,"_bbp_forum_subforum_count":0,"_uag_custom_page_level_css":"","footnotes":""},"class_list":["post-4746","page","type-page","status-publish","hentry"],"spectra_custom_meta":{"_edit_lock":["1598283165:2"],"_edit_last":["2"],"_wp_page_template":["default"],"_uag_page_assets":["a:9:{s:3:\"css\";s:0:\"\";s:2:\"js\";s:0:\"\";s:18:\"current_block_list\";a:0:{}s:8:\"uag_flag\";b:0;s:11:\"uag_version\";s:10:\"1775454065\";s:6:\"gfonts\";a:0:{}s:10:\"gfonts_url\";s:0:\"\";s:12:\"gfonts_files\";a:0:{}s:14:\"uag_faq_layout\";b:0;}"]},"uagb_featured_image_src":{"full":false,"thumbnail":false,"medium":false,"medium_large":false,"large":false,"1536x1536":false,"2048x2048":false,"trp-custom-language-flag":false,"illdy-blog-list":false,"illdy-widget-recent-posts":false,"illdy-blog-post-related-articles":false,"illdy-front-page-latest-news":false,"illdy-front-page-testimonials":false,"illdy-front-page-projects":false,"illdy-front-page-person":false},"uagb_author_info":{"display_name":"Joanna Choluj","author_link":"http:\/\/joannacholuj.pl\/en\/blog\/author\/joannacholuj\/"},"uagb_comment_info":0,"uagb_excerpt":"wczoraj i dzi\u015b &#8211; herbata wczoraj i dzi\u015b &#8211; herbata &nbsp; &nbsp; powierzchnia dwudniowej herbaty naznaczona susz\u0105 dotykam torebki marszczy [&hellip;]","_links":{"self":[{"href":"http:\/\/joannacholuj.pl\/en\/wp-json\/wp\/v2\/pages\/4746"}],"collection":[{"href":"http:\/\/joannacholuj.pl\/en\/wp-json\/wp\/v2\/pages"}],"about":[{"href":"http:\/\/joannacholuj.pl\/en\/wp-json\/wp\/v2\/types\/page"}],"author":[{"embeddable":true,"href":"http:\/\/joannacholuj.pl\/en\/wp-json\/wp\/v2\/users\/2"}],"replies":[{"embeddable":true,"href":"http:\/\/joannacholuj.pl\/en\/wp-json\/wp\/v2\/comments?post=4746"}],"version-history":[{"count":1,"href":"http:\/\/joannacholuj.pl\/en\/wp-json\/wp\/v2\/pages\/4746\/revisions"}],"predecessor-version":[{"id":4747,"href":"http:\/\/joannacholuj.pl\/en\/wp-json\/wp\/v2\/pages\/4746\/revisions\/4747"}],"wp:attachment":[{"href":"http:\/\/joannacholuj.pl\/en\/wp-json\/wp\/v2\/media?parent=4746"}],"curies":[{"name":"wp","href":"https:\/\/api.w.org\/{rel}","templated":true}]}}