{"id":4740,"date":"2020-08-24T17:31:06","date_gmt":"2020-08-24T15:31:06","guid":{"rendered":"http:\/\/joannacholuj.pl\/?page_id=4740"},"modified":"2020-08-24T17:31:06","modified_gmt":"2020-08-24T15:31:06","slug":"wiersze-2008","status":"publish","type":"page","link":"http:\/\/joannacholuj.pl\/en\/wiersze-2008\/","title":{"rendered":"wiersze 2008"},"content":{"rendered":"<p><html><\/p>\n<p><head><br \/>\n<meta http-equiv=\"Content-Type\" content=\"text\/html; charset=windows-1250\"><br \/>\n<meta name=\"Generator\" content=\"Microsoft Word 10 (filtered)\"><br \/>\n<title>ono i on<\/title><\/p>\n<style>\n<!--\n \/* Style Definitions *\/\n p.MsoNormal, li.MsoNormal, div.MsoNormal\n\t{margin:0cm;\n\tmargin-bottom:.0001pt;\n\ttext-autospace:none;\n\tfont-size:10.0pt;\n\tfont-family:\"Times New Roman\";}\n@page Section1\n\t{size:595.3pt 841.9pt;\n\tmargin:70.85pt 70.85pt 70.85pt 70.85pt;}\ndiv.Section1\n\t{page:Section1;}\n-->\n<\/style>\n<p><\/head><\/p>\n<p><body lang=\"PL\"><\/p>\n<div class=\"Section1\">\n<p class=\"MsoNormal\"><b><span style='font-size:12.0pt'>ono i on<\/span><\/b><\/p>\n<p class=\"MsoNormal\"><span style='font-size:12.0pt'>&nbsp;<\/span><\/p>\n<p class=\"MsoNormal\"><span style='font-size:12.0pt'>&nbsp;<\/span><\/p>\n<p class=\"MsoNormal\">samotno\u015b\u0107<\/p>\n<p>rado\u015b\u0107 jest w g\u0142osach innych cudownie gratulacje<br \/>\nwe mnie tylko niepok\u00f3j i smutek<br \/>\non tam \u015bpi sobie jakby za \u015bcian\u0105<br \/>\nz mi\u0119sa i sk\u00f3ry<br \/>\ng\u0142adz\u0119 j\u0105. g\u0142adka<br \/>\nnawet nie czuj\u0119 nic<br \/>\ncicho<br \/>\njest <br \/>\ncho\u0107 nie rozumiem jak oddycha<br \/>\ns\u0142ucham bajek dla niego <br \/>\nmo\u017ce us\u0142yszy male\u0144kie <br \/>\n&#8211; czy chore te\u017c us\u0142yszy? &#8211;<br \/>\nosiemdziesi\u0105t dwa milimetry<br \/>\nto jednak rozczula<\/p>\n<p>samotno\u015b\u0107<\/p>\n<p>rado\u015b\u0107 jest w g\u0142osach innych..<br \/>\nwe mnie&#8230;<br \/>\non tam \u015bpi. za \u015bcian\u0105.<br \/>\nnawet nie czuj\u0119 ju\u017c \u017calu. ot\u0119pienie.<br \/>\ncicho jest<br \/>\ncho\u0107 nie rozumiem czemu<br \/>\nmilczenie<br \/>\ns\u0142ucham go. mo\u017ce nie rozumiem.<br \/>\nmo\u017ce us\u0142yszy mo\u017ce..<br \/>\nco ja czuj\u0119<\/p>\n<p class=\"MsoNormal\">&nbsp;<\/p>\n<p class=\"MsoNormal\">30.03.08<\/p>\n<p><span style='font-size:10.0pt;font-family:\"Times New Roman\"'><br clear=\"allstyle='page-break-before:always'\"><br \/>\n<\/span><\/p>\n<p class=\"MsoNormal\"><b>+++<\/b><\/p>\n<p class=\"MsoNormal\">&nbsp;<\/p>\n<p class=\"MsoNormal\">\u015bni\u0142o mi si\u0119<br \/>\nk\u0142ad\u0105 mnie do grobu<br \/>\nw\u0105skiego jak blizna<br \/>\nszybko<br \/>\nprzetnij mnie na p\u00f3\u0142<br \/>\ni jeszcze<br \/>\n\u0142atwiej wsun\u0105\u0107 jak list<\/p>\n<p>\u015bni\u0142o mi si\u0119 mnie p\u00f3\u0142<br \/>\ni widzia\u0142am wszystko dok\u0142adnie<br \/>\njak na p\u0142ytce kt\u00f3r\u0105 dosta\u0142am w prywatnej klinice<br \/>\no jest<br \/>\nporusza r\u0105czkami bije<br \/>\nserce<br \/>\n'wszystko dobrze tylko nosa nie widz\u0119<br \/>\nnie<br \/>\nnapisz\u0119 widz\u0119 je\u015bli nie&#8217;<br \/>\n\u015bni\u0142o mi si\u0119 to sen<br \/>\nmnie p\u00f3\u0142 szlocha\u0142o<\/p>\n<p class=\"MsoNormal\">&nbsp;<\/p>\n<p class=\"MsoNormal\">28.03.08<\/p>\n<p><span style='font-size:10.0pt;font-family:\"Times New Roman\"'><br clear=\"allstyle='page-break-before:always'\"><br \/>\n<\/span><\/p>\n<p class=\"MsoNormal\">&nbsp;<\/p>\n<\/div>\n<p><\/body><\/p>\n<p><\/html><\/p>","protected":false},"excerpt":{"rendered":"<p>ono i on ono i on &nbsp; &nbsp; samotno\u015b\u0107 rado\u015b\u0107 jest w g\u0142osach innych cudownie gratulacje we mnie tylko niepok\u00f3j [&hellip;]<\/p>","protected":false},"author":2,"featured_media":0,"parent":0,"menu_order":0,"comment_status":"closed","ping_status":"closed","template":"","meta":{"_bbp_topic_count":0,"_bbp_reply_count":0,"_bbp_total_topic_count":0,"_bbp_total_reply_count":0,"_bbp_voice_count":0,"_bbp_anonymous_reply_count":0,"_bbp_topic_count_hidden":0,"_bbp_reply_count_hidden":0,"_bbp_forum_subforum_count":0,"_uag_custom_page_level_css":"","footnotes":""},"class_list":["post-4740","page","type-page","status-publish","hentry"],"spectra_custom_meta":{"_edit_lock":["1598283001:2"],"_edit_last":["2"],"_wp_page_template":["default"],"_uag_page_assets":["a:9:{s:3:\"css\";s:0:\"\";s:2:\"js\";s:0:\"\";s:18:\"current_block_list\";a:0:{}s:8:\"uag_flag\";b:0;s:11:\"uag_version\";s:10:\"1775454065\";s:6:\"gfonts\";a:0:{}s:10:\"gfonts_url\";s:0:\"\";s:12:\"gfonts_files\";a:0:{}s:14:\"uag_faq_layout\";b:0;}"]},"uagb_featured_image_src":{"full":false,"thumbnail":false,"medium":false,"medium_large":false,"large":false,"1536x1536":false,"2048x2048":false,"trp-custom-language-flag":false,"illdy-blog-list":false,"illdy-widget-recent-posts":false,"illdy-blog-post-related-articles":false,"illdy-front-page-latest-news":false,"illdy-front-page-testimonials":false,"illdy-front-page-projects":false,"illdy-front-page-person":false},"uagb_author_info":{"display_name":"Joanna Choluj","author_link":"http:\/\/joannacholuj.pl\/en\/blog\/author\/joannacholuj\/"},"uagb_comment_info":0,"uagb_excerpt":"ono i on ono i on &nbsp; &nbsp; samotno\u015b\u0107 rado\u015b\u0107 jest w g\u0142osach innych cudownie gratulacje we mnie tylko niepok\u00f3j [&hellip;]","_links":{"self":[{"href":"http:\/\/joannacholuj.pl\/en\/wp-json\/wp\/v2\/pages\/4740"}],"collection":[{"href":"http:\/\/joannacholuj.pl\/en\/wp-json\/wp\/v2\/pages"}],"about":[{"href":"http:\/\/joannacholuj.pl\/en\/wp-json\/wp\/v2\/types\/page"}],"author":[{"embeddable":true,"href":"http:\/\/joannacholuj.pl\/en\/wp-json\/wp\/v2\/users\/2"}],"replies":[{"embeddable":true,"href":"http:\/\/joannacholuj.pl\/en\/wp-json\/wp\/v2\/comments?post=4740"}],"version-history":[{"count":1,"href":"http:\/\/joannacholuj.pl\/en\/wp-json\/wp\/v2\/pages\/4740\/revisions"}],"predecessor-version":[{"id":4741,"href":"http:\/\/joannacholuj.pl\/en\/wp-json\/wp\/v2\/pages\/4740\/revisions\/4741"}],"wp:attachment":[{"href":"http:\/\/joannacholuj.pl\/en\/wp-json\/wp\/v2\/media?parent=4740"}],"curies":[{"name":"wp","href":"https:\/\/api.w.org\/{rel}","templated":true}]}}