{"id":3,"date":"2018-07-26T00:54:26","date_gmt":"2018-07-25T22:54:26","guid":{"rendered":"http:\/\/www.przyjemna-skuteczna-nauka.pl\/?page_id=3"},"modified":"2019-09-30T08:12:54","modified_gmt":"2019-09-30T06:12:54","slug":"polityka-prywatnosci","status":"publish","type":"page","link":"http:\/\/joannacholuj.pl\/en\/polityka-prywatnosci\/","title":{"rendered":"Polityka prywatno\u015bci"},"content":{"rendered":"<div class=\"col-xs-12 col-sm-8 col-md-9 col-lg-9\">\n<div class=\"row\">\n<div class=\"col-xs-12 col-sm-12 text-justify\">\n<h1 id=\"354\" class=\"ColRight text-left\">Polityka prywatno\u015bci<\/h1>\n<hr \/>\n<p><strong>Informacje og\u00f3lne.<\/strong><br \/>\n1. Operatorem Serwisu jest <strong>Joanna Cho\u0142uj.<\/strong><br \/>\n2. Serwis realizuje funkcje pozyskiwania informacji o\u00a0u\u017cytkownikach i\u00a0ich zachowaniu w\u00a0nast\u0119puj\u0105cy spos\u00f3b:<br \/>\na. Poprzez zapisywanie w\u00a0urz\u0105dzeniach ko\u0144cowych pliki cookie (tzw. &#8222;ciasteczka&#8221;).<br \/>\nb. Poprzez gromadzenie log\u00f3w serwera www<\/p>\n<p><strong>Informacja o\u00a0plikach cookies.<\/strong><br \/>\n1. Serwis korzysta z\u00a0plik\u00f3w cookies.<br \/>\n2. Pliki cookies (tzw. \u201eciasteczka\u201d) stanowi\u0105 dane informatyczne, w\u00a0szczeg\u00f3lno\u015bci pliki tekstowe, kt\u00f3re przechowywane s\u0105 w\u00a0urz\u0105dzeniu ko\u0144cowym U\u017cytkownika Serwisu i\u00a0przeznaczone s\u0105 do korzystania ze stron internetowych Serwisu. Cookies zazwyczaj zawieraj\u0105 nazw\u0119 strony internetowej, z\u00a0kt\u00f3rej pochodz\u0105, czas przechowywania ich na urz\u0105dzeniu ko\u0144cowym oraz unikalny numer.<br \/>\n3. Podmiotem zamieszczaj\u0105cym na urz\u0105dzeniu ko\u0144cowym U\u017cytkownika Serwisu pliki cookies oraz uzyskuj\u0105cym do nich dost\u0119p jest Operator Serwisu.<br \/>\n4. Pliki cookies wykorzystywane s\u0105 w\u00a0nast\u0119puj\u0105cych celach:<br \/>\na. tworzenia statystyk, kt\u00f3re pomagaj\u0105 zrozumie\u0107, w\u00a0jaki spos\u00f3b U\u017cytkownicy Serwisu korzystaj\u0105 ze stron internetowych, co umo\u017cliwia ulepszanie ich struktury i\u00a0zawarto\u015bci;<br \/>\nb. utrzymanie sesji U\u017cytkownika Serwisu (po zalogowaniu), dzi\u0119ki kt\u00f3rej U\u017cytkownik nie musi na ka\u017cdej podstronie Serwisu ponownie wpisywa\u0107 loginu i\u00a0has\u0142a;<br \/>\nc. okre\u015blania profilu u\u017cytkownika w\u00a0celu wy\u015bwietlania mu dopasowanych materia\u0142\u00f3w w\u00a0sieciach reklamowych, w\u00a0szczeg\u00f3lno\u015bci sieci Google.<br \/>\n5. W\u00a0ramach Serwisu stosowane s\u0105 dwa zasadnicze rodzaje plik\u00f3w cookies: \u201esesyjne\u201d (session cookies) oraz \u201esta\u0142e\u201d (persistent cookies). Cookies \u201esesyjne\u201d s\u0105 plikami tymczasowymi, kt\u00f3re przechowywane s\u0105 w\u00a0urz\u0105dzeniu ko\u0144cowym U\u017cytkownika do czasu wylogowania, opuszczenia strony internetowej lub wy\u0142\u0105czenia oprogramowania (przegl\u0105darki internetowej). \u201eSta\u0142e\u201d pliki cookies przechowywane s\u0105 w\u00a0urz\u0105dzeniu ko\u0144cowym U\u017cytkownika przez czas okre\u015blony w\u00a0parametrach plik\u00f3w cookies lub do czasu ich usuni\u0119cia przez U\u017cytkownika.<br \/>\n6. Oprogramowanie do przegl\u0105dania stron internetowych (przegl\u0105darka internetowa) zazwyczaj domy\u015blnie dopuszcza przechowywanie plik\u00f3w cookies w\u00a0urz\u0105dzeniu ko\u0144cowym U\u017cytkownika. U\u017cytkownicy Serwisu mog\u0105 dokona\u0107 zmiany ustawie\u0144 w\u00a0tym zakresie. Przegl\u0105darka internetowa umo\u017cliwia usuni\u0119cie plik\u00f3w cookies. Mo\u017cliwe jest tak\u017ce automatyczne blokowanie plik\u00f3w cookies Szczeg\u00f3\u0142owe informacje na ten temat zawiera pomoc lub dokumentacja przegl\u0105darki internetowej.<br \/>\n7. Ograniczenia stosowania plik\u00f3w cookies mog\u0105 wp\u0142yn\u0105\u0107 na niekt\u00f3re funkcjonalno\u015bci dost\u0119pne na stronach internetowych Serwisu.<br \/>\n8. Pliki cookies zamieszczane w\u00a0urz\u0105dzeniu ko\u0144cowym U\u017cytkownika Serwisu i\u00a0wykorzystywane mog\u0105 by\u0107 r\u00f3wnie\u017c przez wsp\u00f3\u0142pracuj\u0105cych z\u00a0operatorem Serwisu reklamodawc\u00f3w oraz partner\u00f3w.<br \/>\n9. Zalecamy przeczytanie polityki ochrony prywatno\u015bci tych firm, aby pozna\u0107 zasady korzystania z\u00a0plik\u00f3w cookie wykorzystywane w\u00a0statystykach: <a href=\"https:\/\/www.google.com\/policies\/privacy\/\">Polityka ochrony prywatno\u015bci Google Analytics<\/a><br \/>\n10. Pliki cookie mog\u0105 by\u0107 wykorzystane przez sieci reklamowe, w\u00a0szczeg\u00f3lno\u015bci sie\u0107 Google, do wy\u015bwietlenia reklam dopasowanych do sposobu, w\u00a0jaki u\u017cytkownik korzysta z\u00a0Serwisu. W\u00a0tym celu mog\u0105 zachowa\u0107 informacj\u0119 o\u00a0\u015bcie\u017cce nawigacji u\u017cytkownika lub czasie pozostawania na danej stronie.<br \/>\n11. W\u00a0zakresie informacji o\u00a0preferencjach u\u017cytkownika gromadzonych przez sie\u0107 reklamow\u0105 Google u\u017cytkownik mo\u017ce przegl\u0105da\u0107 i\u00a0edytowa\u0107 informacje wynikaj\u0105ce z\u00a0plik\u00f3w cookies przy pomocy narz\u0119dzia: <a href=\"https:\/\/www.google.com\/ads\/preferences\/\">https:\/\/www.google.com\/ads\/preferences\/<\/a><\/p>\n<p><strong>Logi serwera.<\/strong><br \/>\n1. Informacje o\u00a0niekt\u00f3rych zachowaniach u\u017cytkownik\u00f3w podlegaj\u0105 logowaniu w\u00a0warstwie serwerowej. Dane te s\u0105 wykorzystywane wy\u0142\u0105cznie w\u00a0celu administrowania serwisem oraz w\u00a0celu zapewnienia jak najbardziej sprawnej obs\u0142ugi \u015bwiadczonych us\u0142ug hostingowych.<br \/>\n2. Przegl\u0105dane zasoby identyfikowane s\u0105 poprzez adresy URL. Ponadto zapisowi mog\u0105 podlega\u0107:<br \/>\na. czas nadej\u015bcia zapytania,<br \/>\nb. czas wys\u0142ania odpowiedzi,<br \/>\nc. nazw\u0119 stacji klienta \u2013 identyfikacja realizowana przez protok\u00f3\u0142 HTTP,<br \/>\nd. informacje o\u00a0b\u0142\u0119dach jakie nast\u0105pi\u0142y przy realizacji transakcji HTTP,<br \/>\ne. adres URL strony poprzednio odwiedzanej przez u\u017cytkownika (referer link) \u2013 w\u00a0przypadku gdy przej\u015bcie do Serwisu nast\u0105pi\u0142o przez odno\u015bnik,<br \/>\nf. informacje o\u00a0przegl\u0105darce u\u017cytkownika,<br \/>\ng. Informacje o\u00a0adresie IP.<br \/>\n3. Dane powy\u017csze nie s\u0105 kojarzone z\u00a0konkretnymi osobami przegl\u0105daj\u0105cymi strony.<br \/>\n4. Dane powy\u017csze s\u0105 wykorzystywane jedynie dla cel\u00f3w administrowania serwerem.<br \/>\n5. Udost\u0119pnienie danych.<br \/>\na. Dane podlegaj\u0105 udost\u0119pnieniu podmiotom zewn\u0119trznym wy\u0142\u0105cznie w\u00a0granicach prawnie dozwolonych.<br \/>\nb. Dane umo\u017cliwiaj\u0105ce identyfikacj\u0119 osoby fizycznej s\u0105 udost\u0119pniane wy\u0142\u0105czenie za zgod\u0105 tej osoby.<br \/>\nc. Operator mo\u017ce mie\u0107 obowi\u0105zek udzielania informacji zebranych przez Serwis upowa\u017cnionym organom na podstawie zgodnych z\u00a0prawem \u017c\u0105da\u0144 w\u00a0zakresie wynikaj\u0105cym z\u00a0\u017c\u0105dania.<\/p>\n<p><strong>Zarz\u0105dzanie plikami cookies \u2013 jak w\u00a0praktyce wyra\u017ca\u0107 i\u00a0cofa\u0107 zgod\u0119?<\/strong><br \/>\n1. Je\u015bli u\u017cytkownik nie chce otrzymywa\u0107 plik\u00f3w cookies, mo\u017ce zmieni\u0107 ustawienia przegl\u0105darki. Zastrzegamy, \u017ce wy\u0142\u0105czenie obs\u0142ugi plik\u00f3w cookies niezb\u0119dnych dla proces\u00f3w uwierzytelniania, bezpiecze\u0144stwa, utrzymania preferencji u\u017cytkownika mo\u017ce utrudni\u0107, a\u00a0w skrajnych przypadkach mo\u017ce uniemo\u017cliwi\u0107 korzystanie ze stron www<br \/>\n2. W\u00a0celu zarz\u0105dzania ustawieniami cookies wybierz z\u00a0listy poni\u017cej przegl\u0105dark\u0119 internetow\u0105\/ system i\u00a0post\u0119puj zgodnie z\u00a0instrukcjami:<br \/>\na. <a href=\"http:\/\/support.microsoft.com\/kb\/196955\">Internet Explorer<\/a><br \/>\nb. <a href=\"https:\/\/support.google.com\/chrome\/answer\/95647?hl=pl\">Chrome<\/a><br \/>\nc. <a href=\"http:\/\/support.apple.com\/kb\/PH5042\">Safari<\/a><br \/>\nd. <a href=\"http:\/\/support.mozilla.org\/pl\/kb\/W\u0142\u0105czanie i\u00a0wy\u0142\u0105czanie obs\u0142ugi ciasteczek\">Firefox<\/a><br \/>\ne. <a href=\"http:\/\/help.opera.com\/Windows\/12.10\/pl\/cookies.html\">Opera<\/a><br \/>\nf. <a href=\"http:\/\/support.google.com\/chrome\/bin\/answer.py?hl=pl&amp;answer=95647\">Android<\/a><br \/>\ng. <a href=\"https:\/\/support.apple.com\/pl-pl\/HT201265\">Safari (iOS)<\/a><br \/>\nh. <a href=\"http:\/\/www.windowsphone.com\/pl-pl\/how-to\/wp7\/web\/changing-privacy-and-other-browser-settings\">Windows Phone<\/a><\/p>\n<\/div>\n<\/div>\n<\/div>","protected":false},"excerpt":{"rendered":"<p>Polityka prywatno\u015bci Informacje og\u00f3lne. 1. Operatorem Serwisu jest Joanna Cho\u0142uj. 2. Serwis realizuje funkcje pozyskiwania informacji o\u00a0u\u017cytkownikach i\u00a0ich zachowaniu w\u00a0nast\u0119puj\u0105cy [&hellip;]<\/p>","protected":false},"author":2,"featured_media":0,"parent":0,"menu_order":0,"comment_status":"closed","ping_status":"open","template":"","meta":{"_bbp_topic_count":0,"_bbp_reply_count":0,"_bbp_total_topic_count":0,"_bbp_total_reply_count":0,"_bbp_voice_count":0,"_bbp_anonymous_reply_count":0,"_bbp_topic_count_hidden":0,"_bbp_reply_count_hidden":0,"_bbp_forum_subforum_count":0,"_uag_custom_page_level_css":"","footnotes":""},"class_list":["post-3","page","type-page","status-publish","hentry"],"spectra_custom_meta":{"_wp_page_template":["default"],"_edit_lock":["1578934230:2"],"_edit_last":["2"],"_uag_page_assets":["a:9:{s:3:\"css\";s:0:\"\";s:2:\"js\";s:0:\"\";s:18:\"current_block_list\";a:0:{}s:8:\"uag_flag\";b:0;s:11:\"uag_version\";s:10:\"1775361163\";s:6:\"gfonts\";a:0:{}s:10:\"gfonts_url\";s:0:\"\";s:12:\"gfonts_files\";a:0:{}s:14:\"uag_faq_layout\";b:0;}"]},"uagb_featured_image_src":{"full":false,"thumbnail":false,"medium":false,"medium_large":false,"large":false,"1536x1536":false,"2048x2048":false,"trp-custom-language-flag":false,"illdy-blog-list":false,"illdy-widget-recent-posts":false,"illdy-blog-post-related-articles":false,"illdy-front-page-latest-news":false,"illdy-front-page-testimonials":false,"illdy-front-page-projects":false,"illdy-front-page-person":false},"uagb_author_info":{"display_name":"Joanna Choluj","author_link":"http:\/\/joannacholuj.pl\/en\/blog\/author\/joannacholuj\/"},"uagb_comment_info":0,"uagb_excerpt":"Polityka prywatno\u015bci Informacje og\u00f3lne. 1. Operatorem Serwisu jest Joanna Cho\u0142uj. 2. Serwis realizuje funkcje pozyskiwania informacji o\u00a0u\u017cytkownikach i\u00a0ich zachowaniu w\u00a0nast\u0119puj\u0105cy [&hellip;]","_links":{"self":[{"href":"http:\/\/joannacholuj.pl\/en\/wp-json\/wp\/v2\/pages\/3"}],"collection":[{"href":"http:\/\/joannacholuj.pl\/en\/wp-json\/wp\/v2\/pages"}],"about":[{"href":"http:\/\/joannacholuj.pl\/en\/wp-json\/wp\/v2\/types\/page"}],"author":[{"embeddable":true,"href":"http:\/\/joannacholuj.pl\/en\/wp-json\/wp\/v2\/users\/2"}],"replies":[{"embeddable":true,"href":"http:\/\/joannacholuj.pl\/en\/wp-json\/wp\/v2\/comments?post=3"}],"version-history":[{"count":2,"href":"http:\/\/joannacholuj.pl\/en\/wp-json\/wp\/v2\/pages\/3\/revisions"}],"predecessor-version":[{"id":1591,"href":"http:\/\/joannacholuj.pl\/en\/wp-json\/wp\/v2\/pages\/3\/revisions\/1591"}],"wp:attachment":[{"href":"http:\/\/joannacholuj.pl\/en\/wp-json\/wp\/v2\/media?parent=3"}],"curies":[{"name":"wp","href":"https:\/\/api.w.org\/{rel}","templated":true}]}}