{"id":12743,"date":"2024-08-30T05:41:13","date_gmt":"2024-08-30T03:41:13","guid":{"rendered":"http:\/\/joannacholuj.pl\/?page_id=12743"},"modified":"2024-08-30T05:41:13","modified_gmt":"2024-08-30T03:41:13","slug":"kup-edukacja-domowa-podroze-pdf-form","status":"publish","type":"page","link":"http:\/\/joannacholuj.pl\/en\/kup-edukacja-domowa-podroze-pdf-form\/","title":{"rendered":"kup Edukacja domowa Podr\u00f3\u017ce pdf form"},"content":{"rendered":"<h3 style=\"box-sizing: border-box; font-family: Poppins; line-height: 38px; color: #1e73be; margin: 30px 0px; font-size: 35px; text-align: center;\">PODAJ SWOJE DANE I WYBIERZ TERMIN ODBIORU KSI\u0104\u017bKI<\/h3>\n<p style=\"text-align: center;\">Wype\u0142nienie formularza jest obowi\u0105zkowe. DZI\u0118KI NIEMU dowiem si\u0119, \u017ce w og\u00f3le wys\u0142a\u0142e\u015b mi p\u0142atno\u015b\u0107 (nie przegl\u0105dam non stop kont), i dostan\u0119 Twoje niezb\u0119dne dane i powiadomienie emailem.<\/p>\n<hr \/>\n<p><!-- Calendly inline widget begin --><\/p>\n<div class=\"calendly-inline-widget\" style=\"min-width: 320px; height: 700px;\" data-url=\"https:\/\/calendly.com\/jc-joannacholuj\/odbierz-ksiazke-receive-the-book-recibe-el-li-clone?hide_event_type_details=1&amp;hide_gdpr_banner=1\"><\/div>\n<p><script type=\"text\/javascript\" src=\"https:\/\/assets.calendly.com\/assets\/external\/widget.js\" async><\/script><br \/>\n<!-- Calendly inline widget end --><\/p>\n<hr \/>\n<p>&nbsp;<\/p>\n<p>January \u2013 Stycze\u0144<br \/>\nFebruary Luty<br \/>\nMarch \u2013 Marzec<br \/>\nApril \u2013 Kwiecie\u0144<br \/>\nMay \u2013 Maj<br \/>\nJune \u2013 Czerwiec<br \/>\nJuly \u2013 Lipiec<br \/>\nAugust \u2013 Sierpie\u0144<br \/>\nSeptember \u2013 Wrzesie\u0144<br \/>\nOctober \u2013 Pa\u017adziernik<br \/>\nNovember- Listopad<br \/>\nDecember \u2013 Grudzie\u0144<\/p>\n<p>Sun Niedz<br \/>\nMon Pon<br \/>\nTue Wto<br \/>\nWed \u015aro<br \/>\nThu Czw<br \/>\nFri Pt<br \/>\nSat Sob<\/p>\n<p>View next month \u2013 Poka\u017c nast\u0119pny miesi\u0105c<br \/>\nSchedule event \u2013 Zatwierd\u017a termin<\/p>\n<hr \/>\n<p style=\"text-align: center;\">GDY UZYSKASZ POTWIERDZENIE<\/p>\n<h4 style=\"text-align: center;\"><a href=\"https:\/\/joannacholuj.pl\/en\/kup-edukacja-domowa-podroze-w-elektro\/\">KLIKNIJ TU,<\/a><\/h4>\n<p style=\"text-align: center;\">ABY PRZEJ\u015a\u0106 DALEJ DO\u00a0<strong>WYBORU P\u0141ATNO\u015aCI\u00a0<\/strong><\/p>\n<p>&nbsp;<\/p>","protected":false},"excerpt":{"rendered":"<p>PODAJ SWOJE DANE I WYBIERZ TERMIN ODBIORU KSI\u0104\u017bKI Wype\u0142nienie formularza jest obowi\u0105zkowe. DZI\u0118KI NIEMU dowiem si\u0119, \u017ce w og\u00f3le wys\u0142a\u0142e\u015b [&hellip;]<\/p>","protected":false},"author":2,"featured_media":0,"parent":0,"menu_order":0,"comment_status":"closed","ping_status":"closed","template":"","meta":{"_bbp_topic_count":0,"_bbp_reply_count":0,"_bbp_total_topic_count":0,"_bbp_total_reply_count":0,"_bbp_voice_count":0,"_bbp_anonymous_reply_count":0,"_bbp_topic_count_hidden":0,"_bbp_reply_count_hidden":0,"_bbp_forum_subforum_count":0,"_uag_custom_page_level_css":"","footnotes":""},"class_list":["post-12743","page","type-page","status-publish","hentry"],"spectra_custom_meta":{"_edit_lock":["1724989139:2"],"_edit_last":["2"],"_wp_page_template":["default"],"_uag_page_assets":["a:9:{s:3:\"css\";s:0:\"\";s:2:\"js\";s:0:\"\";s:18:\"current_block_list\";a:0:{}s:8:\"uag_flag\";b:0;s:11:\"uag_version\";s:10:\"1775361163\";s:6:\"gfonts\";a:0:{}s:10:\"gfonts_url\";s:0:\"\";s:12:\"gfonts_files\";a:0:{}s:14:\"uag_faq_layout\";b:0;}"]},"uagb_featured_image_src":{"full":false,"thumbnail":false,"medium":false,"medium_large":false,"large":false,"1536x1536":false,"2048x2048":false,"trp-custom-language-flag":false,"illdy-blog-list":false,"illdy-widget-recent-posts":false,"illdy-blog-post-related-articles":false,"illdy-front-page-latest-news":false,"illdy-front-page-testimonials":false,"illdy-front-page-projects":false,"illdy-front-page-person":false},"uagb_author_info":{"display_name":"Joanna Choluj","author_link":"http:\/\/joannacholuj.pl\/en\/blog\/author\/joannacholuj\/"},"uagb_comment_info":0,"uagb_excerpt":"PODAJ SWOJE DANE I WYBIERZ TERMIN ODBIORU KSI\u0104\u017bKI Wype\u0142nienie formularza jest obowi\u0105zkowe. DZI\u0118KI NIEMU dowiem si\u0119, \u017ce w og\u00f3le wys\u0142a\u0142e\u015b [&hellip;]","_links":{"self":[{"href":"http:\/\/joannacholuj.pl\/en\/wp-json\/wp\/v2\/pages\/12743"}],"collection":[{"href":"http:\/\/joannacholuj.pl\/en\/wp-json\/wp\/v2\/pages"}],"about":[{"href":"http:\/\/joannacholuj.pl\/en\/wp-json\/wp\/v2\/types\/page"}],"author":[{"embeddable":true,"href":"http:\/\/joannacholuj.pl\/en\/wp-json\/wp\/v2\/users\/2"}],"replies":[{"embeddable":true,"href":"http:\/\/joannacholuj.pl\/en\/wp-json\/wp\/v2\/comments?post=12743"}],"version-history":[{"count":1,"href":"http:\/\/joannacholuj.pl\/en\/wp-json\/wp\/v2\/pages\/12743\/revisions"}],"predecessor-version":[{"id":12744,"href":"http:\/\/joannacholuj.pl\/en\/wp-json\/wp\/v2\/pages\/12743\/revisions\/12744"}],"wp:attachment":[{"href":"http:\/\/joannacholuj.pl\/en\/wp-json\/wp\/v2\/media?parent=12743"}],"curies":[{"name":"wp","href":"https:\/\/api.w.org\/{rel}","templated":true}]}}