{"id":12578,"date":"2024-08-26T05:25:32","date_gmt":"2024-08-26T03:25:32","guid":{"rendered":"http:\/\/joannacholuj.pl\/?page_id=12578"},"modified":"2024-08-26T05:25:32","modified_gmt":"2024-08-26T03:25:32","slug":"kup-karty-zestaw-4-samouzdrawianie","status":"publish","type":"page","link":"http:\/\/joannacholuj.pl\/en\/kup-karty-zestaw-4-samouzdrawianie\/","title":{"rendered":"kup Karty zestaw 4 Samouzdrawianie"},"content":{"rendered":"<h3 style=\"text-align: center;\">kup Karty zestaw 4 Samouzdrawianie<\/h3>\n<p>&nbsp;<\/p>\n<h4 style=\"text-align: center;\">P\u0141ATNO\u015aCI SZYBKIE<\/h4>\n<form action=\"https:\/\/www.paypal.com\/cgi-bin\/webscr\" method=\"post\" target=\"_blank\">27 USD &#8211; 110 PLN &#8211; 110 PEN<br \/>\n<input name=\"hosted_button_id\" type=\"hidden\" value=\"JCVG5UD78RU6J\" \/><br \/>\n<input name=\"currency_code\" type=\"hidden\" value=\"USD\" \/><br \/>\n<input title=\"PayPal - The safer, easier way to pay online!\" alt=\"Add to Cart\" name=\"submit\" src=\"http:\/\/joannacholuj.pl\/wp-content\/uploads\/2024\/08\/paypal.jpg\" type=\"image\" \/><\/form>\n<p><img loading=\"lazy\" decoding=\"async\" class=\"alignnone size-medium wp-image-12367\" src=\"http:\/\/joannacholuj.pl\/wp-content\/uploads\/2024\/08\/WhatsApp-Image-2024-08-24-at-03.57.20-212x300.jpeg\" alt=\"\" width=\"212\" height=\"300\" srcset=\"http:\/\/joannacholuj.pl\/wp-content\/uploads\/2024\/08\/WhatsApp-Image-2024-08-24-at-03.57.20-212x300.jpeg 212w, http:\/\/joannacholuj.pl\/wp-content\/uploads\/2024\/08\/WhatsApp-Image-2024-08-24-at-03.57.20-768x1087.jpeg 768w, http:\/\/joannacholuj.pl\/wp-content\/uploads\/2024\/08\/WhatsApp-Image-2024-08-24-at-03.57.20-723x1024.jpeg 723w, http:\/\/joannacholuj.pl\/wp-content\/uploads\/2024\/08\/WhatsApp-Image-2024-08-24-at-03.57.20.jpeg 904w\" sizes=\"(max-width: 212px) 100vw, 212px\" \/><\/p>\n<h4><\/h4>\n<h4 style=\"text-align: center;\"><strong>P\u0141ATNO\u015aCI R\u0118CZNE<\/strong><\/h4>\n<h4 style=\"text-align: center;\"><strong>(ZR\u00d3B PRZELEW ONLINE LUB WP\u0141A\u0106 MI GOT\u00d3WK\u0118 NA KONTO)\u00a0<\/strong><\/h4>\n<h4 style=\"text-align: center;\"><strong>MUSISZ WYS\u0141A\u0106 MI POTWIERDZENIE P\u0141ATNO\u015aCI EMAILEM w CI\u0104GU 24H<\/strong><\/h4>\n<hr \/>\n<p>Paypal 27 USD &#8211; 110 PLN &#8211; 110 PEN<\/p>\n<p>jc@joannacholuj.pl<\/p>\n<hr \/>\n<p><!-- Calendly inline widget begin --><\/p>\n<div class=\"calendly-inline-widget\" style=\"min-width: 320px; height: 700px;\" data-url=\"https:\/\/calendly.com\/jc-joannacholuj\/odbierz-karty-receive-the-cards-recibe-cartas?hide_event_type_details=1&amp;hide_gdpr_banner=1\">\n<p><strong>POLSKI BANK\u00a0\u2013 PRZELEW NA KONTO BANKOWE \u2013 26 USD &#8211; 100 PLN &#8211; 100 PEN\u00a0<\/strong><\/p>\n<div id=\"tw-target-text-container\" class=\"tw-ta-container tw-nfl\">\n<p>PKO BP Joanna Cho\u0142uj\u00a0 74 1020 1097 0000 7402 0143 7458<\/p>\n<\/div>\n<p>W TEMACIE PRZELEWU WPISUJEMY \u201eDAROWIZNA\u201d<\/p>\n<hr \/>\n<p><strong>BANK PERU<\/strong>\u2013\u00a0<strong>PRZELEW NA KONTO BANKOWE \u201326 USD &#8211; 100 PLN &#8211; 100 PEN <\/strong><\/p>\n<p>BANCO DE LA NATION \u2013 Joanna Choluj \u2013 04-409-194376<\/p>\n<p>W TEMACIE PRZELEWU WPISUJEMY \u201eDAROWIZNA<\/p>\n<hr \/>\n<p>&nbsp;<\/p>\n<\/div>\n<p><script type=\"text\/javascript\" src=\"https:\/\/assets.calendly.com\/assets\/external\/widget.js\" async=\"\"><\/script><br \/>\n<!-- Calendly inline widget end --><\/p>\n<hr \/>\n<p style=\"text-align: center;\">Je\u015bli masz problemy z p\u0142atno\u015bci\u0105 lub um\u00f3wieniem si\u0119 na konsultacj\u0119, NAPISZ DO MNIE.<\/p>\n<p><a href=\"mailto: jc@joannacholuj.pl\"><img loading=\"lazy\" decoding=\"async\" class=\"aligncenter wp-image-12358\" src=\"http:\/\/joannacholuj.pl\/wp-content\/uploads\/2024\/08\/pobierz-1.png\" alt=\"\" width=\"131\" height=\"131\" srcset=\"http:\/\/joannacholuj.pl\/wp-content\/uploads\/2024\/08\/pobierz-1.png 225w, http:\/\/joannacholuj.pl\/wp-content\/uploads\/2024\/08\/pobierz-1-150x150.png 150w, http:\/\/joannacholuj.pl\/wp-content\/uploads\/2024\/08\/pobierz-1-70x70.png 70w, http:\/\/joannacholuj.pl\/wp-content\/uploads\/2024\/08\/pobierz-1-127x127.png 127w, http:\/\/joannacholuj.pl\/wp-content\/uploads\/2024\/08\/pobierz-1-125x125.png 125w\" sizes=\"(max-width: 131px) 100vw, 131px\" \/><\/a><\/p>\n<hr \/>\n<p style=\"text-align: center;\">Copyright@JoannaCholuj<\/p>","protected":false},"excerpt":{"rendered":"<p>kup Karty zestaw 4 Samouzdrawianie &nbsp; P\u0141ATNO\u015aCI SZYBKIE 27 USD &#8211; 110 PLN &#8211; 110 PEN P\u0141ATNO\u015aCI R\u0118CZNE (ZR\u00d3B PRZELEW [&hellip;]<\/p>","protected":false},"author":2,"featured_media":0,"parent":0,"menu_order":0,"comment_status":"closed","ping_status":"closed","template":"","meta":{"_bbp_topic_count":0,"_bbp_reply_count":0,"_bbp_total_topic_count":0,"_bbp_total_reply_count":0,"_bbp_voice_count":0,"_bbp_anonymous_reply_count":0,"_bbp_topic_count_hidden":0,"_bbp_reply_count_hidden":0,"_bbp_forum_subforum_count":0,"_uag_custom_page_level_css":"","footnotes":""},"class_list":["post-12578","page","type-page","status-publish","hentry"],"spectra_custom_meta":{"_edit_lock":["1724642598:2"],"_edit_last":["2"],"_wp_page_template":["default"],"_uag_page_assets":["a:9:{s:3:\"css\";s:0:\"\";s:2:\"js\";s:0:\"\";s:18:\"current_block_list\";a:0:{}s:8:\"uag_flag\";b:0;s:11:\"uag_version\";s:10:\"1775023275\";s:6:\"gfonts\";a:0:{}s:10:\"gfonts_url\";s:0:\"\";s:12:\"gfonts_files\";a:0:{}s:14:\"uag_faq_layout\";b:0;}"]},"uagb_featured_image_src":{"full":false,"thumbnail":false,"medium":false,"medium_large":false,"large":false,"1536x1536":false,"2048x2048":false,"trp-custom-language-flag":false,"illdy-blog-list":false,"illdy-widget-recent-posts":false,"illdy-blog-post-related-articles":false,"illdy-front-page-latest-news":false,"illdy-front-page-testimonials":false,"illdy-front-page-projects":false,"illdy-front-page-person":false},"uagb_author_info":{"display_name":"Joanna Choluj","author_link":"http:\/\/joannacholuj.pl\/en\/blog\/author\/joannacholuj\/"},"uagb_comment_info":0,"uagb_excerpt":"kup Karty zestaw 4 Samouzdrawianie &nbsp; P\u0141ATNO\u015aCI SZYBKIE 27 USD &#8211; 110 PLN &#8211; 110 PEN P\u0141ATNO\u015aCI R\u0118CZNE (ZR\u00d3B PRZELEW [&hellip;]","_links":{"self":[{"href":"http:\/\/joannacholuj.pl\/en\/wp-json\/wp\/v2\/pages\/12578"}],"collection":[{"href":"http:\/\/joannacholuj.pl\/en\/wp-json\/wp\/v2\/pages"}],"about":[{"href":"http:\/\/joannacholuj.pl\/en\/wp-json\/wp\/v2\/types\/page"}],"author":[{"embeddable":true,"href":"http:\/\/joannacholuj.pl\/en\/wp-json\/wp\/v2\/users\/2"}],"replies":[{"embeddable":true,"href":"http:\/\/joannacholuj.pl\/en\/wp-json\/wp\/v2\/comments?post=12578"}],"version-history":[{"count":1,"href":"http:\/\/joannacholuj.pl\/en\/wp-json\/wp\/v2\/pages\/12578\/revisions"}],"predecessor-version":[{"id":12579,"href":"http:\/\/joannacholuj.pl\/en\/wp-json\/wp\/v2\/pages\/12578\/revisions\/12579"}],"wp:attachment":[{"href":"http:\/\/joannacholuj.pl\/en\/wp-json\/wp\/v2\/media?parent=12578"}],"curies":[{"name":"wp","href":"https:\/\/api.w.org\/{rel}","templated":true}]}}