{"id":12294,"date":"2024-07-29T20:06:43","date_gmt":"2024-07-29T18:06:43","guid":{"rendered":"http:\/\/joannacholuj.pl\/?page_id=12294"},"modified":"2024-10-19T05:01:02","modified_gmt":"2024-10-19T03:01:02","slug":"kup-mitologie-porownawcza-papier","status":"publish","type":"page","link":"http:\/\/joannacholuj.pl\/en\/kup-mitologie-porownawcza-papier\/","title":{"rendered":"kup Mitologi\u0119 por\u00f3wnawcz\u0105 papier"},"content":{"rendered":"<h3 style=\"text-align: center;\">ZAP\u0141A\u0106 ZA MITOLOGI\u0118 &#8230;<\/h3>\n<p>20 USD+5 USD. 75 PLN+25 PLN<\/p>\n<p>Paypal jc@joannacholuj.pl<\/p>\n<p><strong>Paypal -&gt; WYBIERZ OPCJ\u0118 TYLE MA WEJ\u015a\u0106 NA MOJE KONTO nie ! TYLE WYSY\u0141ASZ\u00a0\u00a0(ewentualne przewalutowanie)<\/strong><\/p>\n<p>&#8212;&#8212;&#8212;&#8212;&#8212;&#8212;&#8212;&#8212;&#8212;&#8212;&#8212;&#8212;&#8212;&#8212;&#8212;&#8212;&#8212;&#8212;&#8212;&#8212;&#8212;&#8212;&#8212;&#8212;<\/p>\n<p>POLSKI BANK &#8211; PRZELEW NA KONTO BANKOWE &#8211; 20 USD+5 USD. 75 PLN+25 PLN<\/p>\n<p>PKO BP Joanna Cho\u0142uj\u00a0 74 1020 1097 0000 7402 0143 7458<\/p>\n<p>W TEMACIE PRZELEWU WPISUJEMY &#8222;DAROWIZNA&#8221;<\/p>\n<p>&#8212;&#8212;&#8212;&#8212;&#8212;&#8212;&#8212;&#8212;&#8212;&#8212;&#8212;&#8212;&#8212;&#8212;&#8212;&#8212;&#8212;&#8212;&#8212;&#8212;&#8212;&#8212;&#8212;&#8211;<\/p>\n<hr \/>\n<p style=\"text-align: center;\">Je\u015bli masz problemy z p\u0142atno\u015bci\u0105 lub wybraniem terminu wysy\u0142ki, NAPISZ DO MNIE.<\/p>\n<p><a href=\"mailto: jc@joannacholuj.pl\"><img loading=\"lazy\" decoding=\"async\" class=\"aligncenter wp-image-12358\" src=\"http:\/\/joannacholuj.pl\/wp-content\/uploads\/2024\/08\/pobierz-1.png\" alt=\"\" width=\"146\" height=\"146\" srcset=\"http:\/\/joannacholuj.pl\/wp-content\/uploads\/2024\/08\/pobierz-1.png 225w, http:\/\/joannacholuj.pl\/wp-content\/uploads\/2024\/08\/pobierz-1-150x150.png 150w, http:\/\/joannacholuj.pl\/wp-content\/uploads\/2024\/08\/pobierz-1-70x70.png 70w, http:\/\/joannacholuj.pl\/wp-content\/uploads\/2024\/08\/pobierz-1-127x127.png 127w, http:\/\/joannacholuj.pl\/wp-content\/uploads\/2024\/08\/pobierz-1-125x125.png 125w\" sizes=\"(max-width: 146px) 100vw, 146px\" \/><\/a><\/p>","protected":false},"excerpt":{"rendered":"<p>ZAP\u0141A\u0106 ZA MITOLOGI\u0118 &#8230; 20 USD+5 USD. 75 PLN+25 PLN Paypal jc@joannacholuj.pl Paypal -&gt; WYBIERZ OPCJ\u0118 TYLE MA WEJ\u015a\u0106 NA [&hellip;]<\/p>","protected":false},"author":2,"featured_media":0,"parent":0,"menu_order":0,"comment_status":"closed","ping_status":"closed","template":"","meta":{"_bbp_topic_count":0,"_bbp_reply_count":0,"_bbp_total_topic_count":0,"_bbp_total_reply_count":0,"_bbp_voice_count":0,"_bbp_anonymous_reply_count":0,"_bbp_topic_count_hidden":0,"_bbp_reply_count_hidden":0,"_bbp_forum_subforum_count":0,"_uag_custom_page_level_css":"","footnotes":""},"class_list":["post-12294","page","type-page","status-publish","hentry"],"spectra_custom_meta":{"_edit_lock":["1729306862:2"],"_edit_last":["2"],"_wp_page_template":["default"],"_uag_page_assets":["a:9:{s:3:\"css\";s:0:\"\";s:2:\"js\";s:0:\"\";s:18:\"current_block_list\";a:0:{}s:8:\"uag_flag\";b:0;s:11:\"uag_version\";s:10:\"1775454065\";s:6:\"gfonts\";a:0:{}s:10:\"gfonts_url\";s:0:\"\";s:12:\"gfonts_files\";a:0:{}s:14:\"uag_faq_layout\";b:0;}"]},"uagb_featured_image_src":{"full":false,"thumbnail":false,"medium":false,"medium_large":false,"large":false,"1536x1536":false,"2048x2048":false,"trp-custom-language-flag":false,"illdy-blog-list":false,"illdy-widget-recent-posts":false,"illdy-blog-post-related-articles":false,"illdy-front-page-latest-news":false,"illdy-front-page-testimonials":false,"illdy-front-page-projects":false,"illdy-front-page-person":false},"uagb_author_info":{"display_name":"Joanna Choluj","author_link":"http:\/\/joannacholuj.pl\/en\/blog\/author\/joannacholuj\/"},"uagb_comment_info":0,"uagb_excerpt":"ZAP\u0141A\u0106 ZA MITOLOGI\u0118 &#8230; 20 USD+5 USD. 75 PLN+25 PLN Paypal jc@joannacholuj.pl Paypal -&gt; WYBIERZ OPCJ\u0118 TYLE MA WEJ\u015a\u0106 NA [&hellip;]","_links":{"self":[{"href":"http:\/\/joannacholuj.pl\/en\/wp-json\/wp\/v2\/pages\/12294"}],"collection":[{"href":"http:\/\/joannacholuj.pl\/en\/wp-json\/wp\/v2\/pages"}],"about":[{"href":"http:\/\/joannacholuj.pl\/en\/wp-json\/wp\/v2\/types\/page"}],"author":[{"embeddable":true,"href":"http:\/\/joannacholuj.pl\/en\/wp-json\/wp\/v2\/users\/2"}],"replies":[{"embeddable":true,"href":"http:\/\/joannacholuj.pl\/en\/wp-json\/wp\/v2\/comments?post=12294"}],"version-history":[{"count":15,"href":"http:\/\/joannacholuj.pl\/en\/wp-json\/wp\/v2\/pages\/12294\/revisions"}],"predecessor-version":[{"id":13085,"href":"http:\/\/joannacholuj.pl\/en\/wp-json\/wp\/v2\/pages\/12294\/revisions\/13085"}],"wp:attachment":[{"href":"http:\/\/joannacholuj.pl\/en\/wp-json\/wp\/v2\/media?parent=12294"}],"curies":[{"name":"wp","href":"https:\/\/api.w.org\/{rel}","templated":true}]}}