{"id":11933,"date":"2024-07-22T05:12:15","date_gmt":"2024-07-22T03:12:15","guid":{"rendered":"http:\/\/joannacholuj.pl\/?page_id=11933"},"modified":"2024-12-16T01:28:39","modified_gmt":"2024-12-16T00:28:39","slug":"wiedza-dzial-viii","status":"publish","type":"page","link":"http:\/\/joannacholuj.pl\/en\/wiedza-dzial-viii\/","title":{"rendered":"KNOWLEDGE ABOUT ONESELF - CHAPTER VIII"},"content":{"rendered":"<p><img loading=\"lazy\" decoding=\"async\" class=\"alignnone size-full wp-image-11834\" src=\"http:\/\/joannacholuj.pl\/wp-content\/uploads\/2024\/07\/KK.jpg\" alt=\"\" width=\"83\" height=\"78\" \/><\/p>\n<p>ONLY BOOKS WITH PRESENTED COVERS ARE AVAILABLE FOR PURCHASE.<\/p>\n<p style=\"text-align: left;\">CLICK ON THE COVER TO READ THE DESCRIPTION<\/p>\n<\/p>\n<h3 style=\"text-align: center;\" align=\"left\"><span style=\"color: #800000;\"><span style=\"font-size: large;\"><strong>KNOWLEDGE ABOUT ONESELF - CHAPTER VIII<\/strong><\/span><\/span><\/h3>\n<p align=\"left\">\n\n\n<ol class=\"wp-block-list\">\n<li>I was born in heaven. An analytical autobiography.<\/li>\n\n\n\n<li>Archetypes and temperaments<\/li>\n\n\n\n<li>Buddhism, Hinduism, and Zoroastrianism vs Aryo-Slavic philosophy of nature<\/li>\n\n\n\n<li>Five elements of ancient knowledge or holistic analysis: Vedic astrology, tropical tarot, numerology, human design<\/li>\n\n\n\n<li>Sacred femininity. Between feminism and submission.<br>6 Matriarchy, patriarchy, balanced society.<br>7 Poles where we come from. white and black race<br>8 holy masculinity. between mgtow and machismo<br>9 shamanism vs Vedicism or about faith knowledge<br>10 your path of knowledge shamanism and vedism<\/li>\n<\/ol>\n\n\n\n\n<div id='gallery-1' class='gallery galleryid-11933 gallery-columns-1 gallery-size-medium'><figure class='gallery-item'>\n\t\t\t<div class='gallery-icon portrait'>\n\t\t\t\t<a href='http:\/\/joannacholuj.pl\/en\/mojeksiazki\/autobio-2\/'><img loading=\"lazy\" decoding=\"async\" width=\"218\" height=\"300\" src=\"http:\/\/joannacholuj.pl\/wp-content\/uploads\/2021\/12\/autobio-1-218x300.jpg\" class=\"attachment-medium size-medium\" alt=\"\" aria-describedby=\"gallery-1-7268\" srcset=\"http:\/\/joannacholuj.pl\/wp-content\/uploads\/2021\/12\/autobio-1-218x300.jpg 218w, http:\/\/joannacholuj.pl\/wp-content\/uploads\/2021\/12\/autobio-1-768x1056.jpg 768w, http:\/\/joannacholuj.pl\/wp-content\/uploads\/2021\/12\/autobio-1-745x1024.jpg 745w\" sizes=\"(max-width: 218px) 100vw, 218px\" \/><\/a>\n\t\t\t<\/div>\n\t\t\t\t<figcaption class='wp-caption-text gallery-caption' id='gallery-1-7268'>\n\t\t\t\tBUY \n\t\t\t\t<\/figcaption><\/figure>\n\t\t<\/div>\n\n<h3 style=\"text-align: center;\" align=\"left\">\u00a0<\/h3>\n<hr \/>\n<p style=\"text-align: center;\" align=\"left\">WATCH THE VIDEO DESCRIBING THE BOOK\u00a0<strong> I was born in heaven. An Analytical Autobiography. (book and description is in Polish)<\/strong><\/p>\n<p align=\"left\"><iframe loading=\"lazy\" title=\"YouTube video player\" src=\"https:\/\/www.youtube.com\/embed\/lXYdnLGZemI\" width=\"560\" height=\"315\" frameborder=\"0\" allowfullscreen=\"allowfullscreen\" data-mce-fragment=\"1\"><\/iframe><\/p>\n<p style=\"text-align: center;\" align=\"left\">\u00a0<\/p>","protected":false},"excerpt":{"rendered":"<p>DOST\u0118PNE DO KUPIENIA S\u0104 TYLKO KSI\u0104\u017bKI, KT\u00d3RE MAJ\u0104 ZAPREZENTOWANE OK\u0141ADKI. KLIKNIJ NA OK\u0141ADK\u0118, BY PRZECZYTA\u0106 OPIS WIEDZA O SOBIE\u00a0 &#8211; [&hellip;]<\/p>","protected":false},"author":2,"featured_media":11934,"parent":0,"menu_order":0,"comment_status":"closed","ping_status":"closed","template":"page-templates\/no-sidebar.php","meta":{"_bbp_topic_count":0,"_bbp_reply_count":0,"_bbp_total_topic_count":0,"_bbp_total_reply_count":0,"_bbp_voice_count":0,"_bbp_anonymous_reply_count":0,"_bbp_topic_count_hidden":0,"_bbp_reply_count_hidden":0,"_bbp_forum_subforum_count":0,"_uag_custom_page_level_css":"","footnotes":""},"class_list":["post-11933","page","type-page","status-publish","has-post-thumbnail","hentry"],"spectra_custom_meta":{"_edit_lock":["1734308921:2"],"_edit_last":["2"],"_thumbnail_id":["11934"],"_wp_page_template":["page-templates\/no-sidebar.php"],"_uag_page_assets":["a:9:{s:3:\"css\";s:263:\".uag-blocks-common-selector{z-index:var(--z-index-desktop) !important}@media (max-width: 976px){.uag-blocks-common-selector{z-index:var(--z-index-tablet) !important}}@media (max-width: 767px){.uag-blocks-common-selector{z-index:var(--z-index-mobile) !important}}\n\";s:2:\"js\";s:0:\"\";s:18:\"current_block_list\";a:3:{i:0;s:9:\"core\/list\";i:1;s:14:\"core\/list-item\";i:2;s:10:\"core\/image\";}s:8:\"uag_flag\";b:0;s:11:\"uag_version\";s:10:\"1776190721\";s:6:\"gfonts\";a:0:{}s:10:\"gfonts_url\";s:0:\"\";s:12:\"gfonts_files\";a:0:{}s:14:\"uag_faq_layout\";b:0;}"],"_uag_css_file_name":["uag-css-11933.css"]},"uagb_featured_image_src":{"full":["http:\/\/joannacholuj.pl\/wp-content\/uploads\/2024\/07\/R.jpg",1011,876,false],"thumbnail":["http:\/\/joannacholuj.pl\/wp-content\/uploads\/2024\/07\/R-150x150.jpg",150,150,true],"medium":["http:\/\/joannacholuj.pl\/wp-content\/uploads\/2024\/07\/R-300x260.jpg",300,260,true],"medium_large":["http:\/\/joannacholuj.pl\/wp-content\/uploads\/2024\/07\/R-768x665.jpg",640,554,true],"large":["http:\/\/joannacholuj.pl\/wp-content\/uploads\/2024\/07\/R.jpg",640,555,false],"1536x1536":["http:\/\/joannacholuj.pl\/wp-content\/uploads\/2024\/07\/R.jpg",1011,876,false],"2048x2048":["http:\/\/joannacholuj.pl\/wp-content\/uploads\/2024\/07\/R.jpg",1011,876,false],"trp-custom-language-flag":["http:\/\/joannacholuj.pl\/wp-content\/uploads\/2024\/07\/R.jpg",14,12,false],"illdy-blog-list":["http:\/\/joannacholuj.pl\/wp-content\/uploads\/2024\/07\/R-750x500.jpg",750,500,true],"illdy-widget-recent-posts":["http:\/\/joannacholuj.pl\/wp-content\/uploads\/2024\/07\/R-70x70.jpg",70,70,true],"illdy-blog-post-related-articles":["http:\/\/joannacholuj.pl\/wp-content\/uploads\/2024\/07\/R-240x206.jpg",240,206,true],"illdy-front-page-latest-news":["http:\/\/joannacholuj.pl\/wp-content\/uploads\/2024\/07\/R-250x213.jpg",250,213,true],"illdy-front-page-testimonials":["http:\/\/joannacholuj.pl\/wp-content\/uploads\/2024\/07\/R-127x127.jpg",127,127,true],"illdy-front-page-projects":["http:\/\/joannacholuj.pl\/wp-content\/uploads\/2024\/07\/R-476x476.jpg",476,476,true],"illdy-front-page-person":["http:\/\/joannacholuj.pl\/wp-content\/uploads\/2024\/07\/R-125x125.jpg",125,125,true]},"uagb_author_info":{"display_name":"Joanna Choluj","author_link":"http:\/\/joannacholuj.pl\/en\/blog\/author\/joannacholuj\/"},"uagb_comment_info":0,"uagb_excerpt":"DOST\u0118PNE DO KUPIENIA S\u0104 TYLKO KSI\u0104\u017bKI, KT\u00d3RE MAJ\u0104 ZAPREZENTOWANE OK\u0141ADKI. KLIKNIJ NA OK\u0141ADK\u0118, BY PRZECZYTA\u0106 OPIS WIEDZA O SOBIE\u00a0 &#8211; [&hellip;]","_links":{"self":[{"href":"http:\/\/joannacholuj.pl\/en\/wp-json\/wp\/v2\/pages\/11933"}],"collection":[{"href":"http:\/\/joannacholuj.pl\/en\/wp-json\/wp\/v2\/pages"}],"about":[{"href":"http:\/\/joannacholuj.pl\/en\/wp-json\/wp\/v2\/types\/page"}],"author":[{"embeddable":true,"href":"http:\/\/joannacholuj.pl\/en\/wp-json\/wp\/v2\/users\/2"}],"replies":[{"embeddable":true,"href":"http:\/\/joannacholuj.pl\/en\/wp-json\/wp\/v2\/comments?post=11933"}],"version-history":[{"count":5,"href":"http:\/\/joannacholuj.pl\/en\/wp-json\/wp\/v2\/pages\/11933\/revisions"}],"predecessor-version":[{"id":13336,"href":"http:\/\/joannacholuj.pl\/en\/wp-json\/wp\/v2\/pages\/11933\/revisions\/13336"}],"wp:featuredmedia":[{"embeddable":true,"href":"http:\/\/joannacholuj.pl\/en\/wp-json\/wp\/v2\/media\/11934"}],"wp:attachment":[{"href":"http:\/\/joannacholuj.pl\/en\/wp-json\/wp\/v2\/media?parent=11933"}],"curies":[{"name":"wp","href":"https:\/\/api.w.org\/{rel}","templated":true}]}}