{"id":11923,"date":"2024-07-22T05:00:53","date_gmt":"2024-07-22T03:00:53","guid":{"rendered":"http:\/\/joannacholuj.pl\/?page_id=11923"},"modified":"2025-08-07T05:58:04","modified_gmt":"2025-08-07T03:58:04","slug":"kreacja-dzial-vii","status":"publish","type":"page","link":"http:\/\/joannacholuj.pl\/en\/kreacja-dzial-vii\/","title":{"rendered":"ART AND CREATIVITY \u2013 SECTION VII"},"content":{"rendered":"<p><a href=\"https:\/\/sklep.joannacholuj.pl\/product-category\/ksiazki\/dzial-7-sztuka-i-kreatywnosc\/\">BUY BOOKS FROM THIS SECTION IN THE STORE <\/a><\/p>\n\n\n<p><img loading=\"lazy\" decoding=\"async\" class=\"alignnone size-full wp-image-11834\" src=\"http:\/\/joannacholuj.pl\/wp-content\/uploads\/2024\/07\/KK.jpg\" alt=\"\" width=\"83\" height=\"78\" \/><\/p>\n<p>ONLY BOOKS WITH PRESENTED COVERS ARE AVAILABLE FOR PURCHASE.<\/p>\n<p style=\"text-align: left;\">CLICK ON THE COVER TO READ THE DESCRIPTION<\/p>\n<\/p>\n<h3 style=\"text-align: center;\" align=\"left\"><span style=\"color: #800000;\"><span style=\"font-size: large;\"><strong>ART AND CREATIVITY \u2013 SECTION VII<\/strong><\/span><\/span><\/h3>\n<p align=\"left\">\n\n\n<ol class=\"wp-block-list\">\n<li><strong>Jing Jang. Poetry and paintings<\/strong><\/li>\n\n\n\n<li>Photo diaries from travels - Pakistan, Belarus, Peru<\/li>\n\n\n\n<li>He and she. Emails letters dialogues.<\/li>\n\n\n\n<li>Lost in the Andes. novel<\/li>\n\n\n\n<li><strong>From the love of shadow and dreaming. Poetry and images.<\/strong><\/li>\n\n\n\n<li><strong>Stories and exercises for writers<\/strong><\/li>\n\n\n\n<li><strong>House. novel.<\/strong><\/li>\n\n\n\n<li><strong>Fedra. Asif. two novels<\/strong><\/li>\n\n\n\n<li><strong>A Recipe for Life Together. A Novel<\/strong><\/li>\n\n\n\n<li><strong>Nina in France. Unfulfillable stories. Two novels.<\/strong><\/li>\n<\/ol>\n\n\n\n<p><\/p>\n\n\n\n<p><\/p>\n\n\n\n<p><\/p>\n\n\n\n<figure class=\"wp-block-gallery has-nested-images columns-1 wp-block-gallery-1 is-layout-flex wp-block-gallery-is-layout-flex\"><div class=\"wp-block-image\">\n<figure class=\"alignleft size-medium\"><a href=\"https:\/\/joannacholuj.pl\/en\/sklep-ksiazki\/okladka-001_vii-nina-historie\/\"><img loading=\"lazy\" decoding=\"async\" width=\"214\" height=\"300\" data-id=\"13105\" src=\"https:\/\/joannacholuj.pl\/wp-content\/uploads\/2024\/10\/okladka-001_VII-Nina-Historie-214x300.jpg\" alt=\"\" class=\"wp-image-13105\" srcset=\"http:\/\/joannacholuj.pl\/wp-content\/uploads\/2024\/10\/okladka-001_VII-Nina-Historie-214x300.jpg 214w, http:\/\/joannacholuj.pl\/wp-content\/uploads\/2024\/10\/okladka-001_VII-Nina-Historie.jpg 595w\" sizes=\"(max-width: 214px) 100vw, 214px\" \/><\/a><\/figure><\/div>\n\n\n<figure class=\"wp-block-image size-medium\"><a href=\"https:\/\/joannacholuj.pl\/en\/sklep-ksiazki\/okladka-001_vii-z-milosci\/\"><img loading=\"lazy\" decoding=\"async\" width=\"214\" height=\"300\" data-id=\"13108\" src=\"https:\/\/joannacholuj.pl\/wp-content\/uploads\/2024\/10\/okladka-001_VII-z-milosci-214x300.jpg\" alt=\"\" class=\"wp-image-13108\" srcset=\"http:\/\/joannacholuj.pl\/wp-content\/uploads\/2024\/10\/okladka-001_VII-z-milosci-214x300.jpg 214w, http:\/\/joannacholuj.pl\/wp-content\/uploads\/2024\/10\/okladka-001_VII-z-milosci.jpg 595w\" sizes=\"(max-width: 214px) 100vw, 214px\" \/><\/a><\/figure>\n\n\n\n<figure class=\"wp-block-image size-medium\"><a href=\"https:\/\/joannacholuj.pl\/en\/sklep-ksiazki\/okladka-001_vii-dom\/\"><img loading=\"lazy\" decoding=\"async\" width=\"214\" height=\"300\" data-id=\"13113\" src=\"https:\/\/joannacholuj.pl\/wp-content\/uploads\/2024\/10\/okladka-001_VII-dom-214x300.jpg\" alt=\"\" class=\"wp-image-13113\" srcset=\"http:\/\/joannacholuj.pl\/wp-content\/uploads\/2024\/10\/okladka-001_VII-dom-214x300.jpg 214w, http:\/\/joannacholuj.pl\/wp-content\/uploads\/2024\/10\/okladka-001_VII-dom.jpg 595w\" sizes=\"(max-width: 214px) 100vw, 214px\" \/><\/a><\/figure>\n\n\n\n<figure class=\"wp-block-image size-medium\"><a href=\"https:\/\/joannacholuj.pl\/en\/sklep-ksiazki\/okladka-001_vii-fedra-asif\/\"><img loading=\"lazy\" decoding=\"async\" width=\"214\" height=\"300\" data-id=\"13114\" src=\"https:\/\/joannacholuj.pl\/wp-content\/uploads\/2024\/10\/okladka-001_VII-Fedra-Asif-214x300.jpg\" alt=\"\" class=\"wp-image-13114\" srcset=\"http:\/\/joannacholuj.pl\/wp-content\/uploads\/2024\/10\/okladka-001_VII-Fedra-Asif-214x300.jpg 214w, http:\/\/joannacholuj.pl\/wp-content\/uploads\/2024\/10\/okladka-001_VII-Fedra-Asif.jpg 595w\" sizes=\"(max-width: 214px) 100vw, 214px\" \/><\/a><\/figure>\n\n\n\n<figure class=\"wp-block-image size-medium\"><a href=\"https:\/\/joannacholuj.pl\/en\/sklep-ksiazki\/okladka-001_vii-jing-jang\/\"><img loading=\"lazy\" decoding=\"async\" width=\"214\" height=\"300\" data-id=\"13115\" src=\"https:\/\/joannacholuj.pl\/wp-content\/uploads\/2024\/10\/okladka-001_VII-jing-jang-214x300.jpg\" alt=\"\" class=\"wp-image-13115\" srcset=\"http:\/\/joannacholuj.pl\/wp-content\/uploads\/2024\/10\/okladka-001_VII-jing-jang-214x300.jpg 214w, http:\/\/joannacholuj.pl\/wp-content\/uploads\/2024\/10\/okladka-001_VII-jing-jang.jpg 595w\" sizes=\"(max-width: 214px) 100vw, 214px\" \/><\/a><\/figure>\n\n\n\n<figure class=\"wp-block-image size-medium\"><a href=\"https:\/\/joannacholuj.pl\/en\/sklep-ksiazki\/okladka-001_vii-opowiadania-cwiczenia-dla-literatow-2\/\"><img loading=\"lazy\" decoding=\"async\" width=\"214\" height=\"300\" data-id=\"13116\" src=\"https:\/\/joannacholuj.pl\/wp-content\/uploads\/2024\/10\/okladka-001_VII-OPOWIADANIA-cwiczenia-dla-literatow-1-214x300.jpg\" alt=\"\" class=\"wp-image-13116\" srcset=\"http:\/\/joannacholuj.pl\/wp-content\/uploads\/2024\/10\/okladka-001_VII-OPOWIADANIA-cwiczenia-dla-literatow-1-214x300.jpg 214w, http:\/\/joannacholuj.pl\/wp-content\/uploads\/2024\/10\/okladka-001_VII-OPOWIADANIA-cwiczenia-dla-literatow-1.jpg 595w\" sizes=\"(max-width: 214px) 100vw, 214px\" \/><\/a><\/figure>\n\n\n\n<figure class=\"wp-block-image size-medium\"><a href=\"https:\/\/joannacholuj.pl\/en\/sklep-ksiazki\/okladka-001_vii-przepis-2\/\"><img loading=\"lazy\" decoding=\"async\" width=\"214\" height=\"300\" data-id=\"13117\" src=\"https:\/\/joannacholuj.pl\/wp-content\/uploads\/2024\/10\/okladka-001_VII-przepis-1-214x300.jpg\" alt=\"\" class=\"wp-image-13117\" srcset=\"http:\/\/joannacholuj.pl\/wp-content\/uploads\/2024\/10\/okladka-001_VII-przepis-1-214x300.jpg 214w, http:\/\/joannacholuj.pl\/wp-content\/uploads\/2024\/10\/okladka-001_VII-przepis-1.jpg 595w\" sizes=\"(max-width: 214px) 100vw, 214px\" \/><\/a><\/figure>\n<\/figure>\n\n\n<\/p>\n<p>&nbsp;<\/p>\n<p style=\"text-align: center;\" align=\"left\">","protected":false},"excerpt":{"rendered":"<p>KUP KSI\u0104\u017bKI Z TEGO DZIA\u0141U W SKLEPIE DOST\u0118PNE DO KUPIENIA S\u0104 TYLKO KSI\u0104\u017bKI, KT\u00d3RE MAJ\u0104 ZAPREZENTOWANE OK\u0141ADKI. KLIKNIJ NA OK\u0141ADK\u0118, [&hellip;]<\/p>","protected":false},"author":2,"featured_media":10578,"parent":0,"menu_order":0,"comment_status":"closed","ping_status":"closed","template":"","meta":{"_bbp_topic_count":0,"_bbp_reply_count":0,"_bbp_total_topic_count":0,"_bbp_total_reply_count":0,"_bbp_voice_count":0,"_bbp_anonymous_reply_count":0,"_bbp_topic_count_hidden":0,"_bbp_reply_count_hidden":0,"_bbp_forum_subforum_count":0,"_uag_custom_page_level_css":"","footnotes":""},"class_list":["post-11923","page","type-page","status-publish","has-post-thumbnail","hentry"],"spectra_custom_meta":{"_edit_lock":["1754539084:2"],"_edit_last":["2"],"_wp_page_template":["default"],"_thumbnail_id":["10578"],"_uag_page_assets":["a:9:{s:3:\"css\";s:263:\".uag-blocks-common-selector{z-index:var(--z-index-desktop) !important}@media (max-width: 976px){.uag-blocks-common-selector{z-index:var(--z-index-tablet) !important}}@media (max-width: 767px){.uag-blocks-common-selector{z-index:var(--z-index-mobile) !important}}\n\";s:2:\"js\";s:0:\"\";s:18:\"current_block_list\";a:5:{i:0;s:14:\"core\/paragraph\";i:1;s:9:\"core\/list\";i:2;s:14:\"core\/list-item\";i:3;s:12:\"core\/gallery\";i:4;s:10:\"core\/image\";}s:8:\"uag_flag\";b:0;s:11:\"uag_version\";s:10:\"1776190721\";s:6:\"gfonts\";a:0:{}s:10:\"gfonts_url\";s:0:\"\";s:12:\"gfonts_files\";a:0:{}s:14:\"uag_faq_layout\";b:0;}"],"_uag_css_file_name":["uag-css-11923.css"]},"uagb_featured_image_src":{"full":["http:\/\/joannacholuj.pl\/wp-content\/uploads\/2023\/12\/226964571_10161300462485299_801135043491745796_n-1.jpg",397,298,false],"thumbnail":["http:\/\/joannacholuj.pl\/wp-content\/uploads\/2023\/12\/226964571_10161300462485299_801135043491745796_n-1-150x150.jpg",150,150,true],"medium":["http:\/\/joannacholuj.pl\/wp-content\/uploads\/2023\/12\/226964571_10161300462485299_801135043491745796_n-1-300x225.jpg",300,225,true],"medium_large":["http:\/\/joannacholuj.pl\/wp-content\/uploads\/2023\/12\/226964571_10161300462485299_801135043491745796_n-1.jpg",397,298,false],"large":["http:\/\/joannacholuj.pl\/wp-content\/uploads\/2023\/12\/226964571_10161300462485299_801135043491745796_n-1.jpg",397,298,false],"1536x1536":["http:\/\/joannacholuj.pl\/wp-content\/uploads\/2023\/12\/226964571_10161300462485299_801135043491745796_n-1.jpg",397,298,false],"2048x2048":["http:\/\/joannacholuj.pl\/wp-content\/uploads\/2023\/12\/226964571_10161300462485299_801135043491745796_n-1.jpg",397,298,false],"trp-custom-language-flag":["http:\/\/joannacholuj.pl\/wp-content\/uploads\/2023\/12\/226964571_10161300462485299_801135043491745796_n-1.jpg",16,12,false],"illdy-blog-list":["http:\/\/joannacholuj.pl\/wp-content\/uploads\/2023\/12\/226964571_10161300462485299_801135043491745796_n-1.jpg",397,298,false],"illdy-widget-recent-posts":["http:\/\/joannacholuj.pl\/wp-content\/uploads\/2023\/12\/226964571_10161300462485299_801135043491745796_n-1-70x70.jpg",70,70,true],"illdy-blog-post-related-articles":["http:\/\/joannacholuj.pl\/wp-content\/uploads\/2023\/12\/226964571_10161300462485299_801135043491745796_n-1-240x206.jpg",240,206,true],"illdy-front-page-latest-news":["http:\/\/joannacholuj.pl\/wp-content\/uploads\/2023\/12\/226964571_10161300462485299_801135043491745796_n-1-250x213.jpg",250,213,true],"illdy-front-page-testimonials":["http:\/\/joannacholuj.pl\/wp-content\/uploads\/2023\/12\/226964571_10161300462485299_801135043491745796_n-1-127x127.jpg",127,127,true],"illdy-front-page-projects":["http:\/\/joannacholuj.pl\/wp-content\/uploads\/2023\/12\/226964571_10161300462485299_801135043491745796_n-1.jpg",397,298,false],"illdy-front-page-person":["http:\/\/joannacholuj.pl\/wp-content\/uploads\/2023\/12\/226964571_10161300462485299_801135043491745796_n-1-125x125.jpg",125,125,true]},"uagb_author_info":{"display_name":"Joanna Choluj","author_link":"http:\/\/joannacholuj.pl\/en\/blog\/author\/joannacholuj\/"},"uagb_comment_info":0,"uagb_excerpt":"KUP KSI\u0104\u017bKI Z TEGO DZIA\u0141U W SKLEPIE DOST\u0118PNE DO KUPIENIA S\u0104 TYLKO KSI\u0104\u017bKI, KT\u00d3RE MAJ\u0104 ZAPREZENTOWANE OK\u0141ADKI. KLIKNIJ NA OK\u0141ADK\u0118, [&hellip;]","_links":{"self":[{"href":"http:\/\/joannacholuj.pl\/en\/wp-json\/wp\/v2\/pages\/11923"}],"collection":[{"href":"http:\/\/joannacholuj.pl\/en\/wp-json\/wp\/v2\/pages"}],"about":[{"href":"http:\/\/joannacholuj.pl\/en\/wp-json\/wp\/v2\/types\/page"}],"author":[{"embeddable":true,"href":"http:\/\/joannacholuj.pl\/en\/wp-json\/wp\/v2\/users\/2"}],"replies":[{"embeddable":true,"href":"http:\/\/joannacholuj.pl\/en\/wp-json\/wp\/v2\/comments?post=11923"}],"version-history":[{"count":16,"href":"http:\/\/joannacholuj.pl\/en\/wp-json\/wp\/v2\/pages\/11923\/revisions"}],"predecessor-version":[{"id":14032,"href":"http:\/\/joannacholuj.pl\/en\/wp-json\/wp\/v2\/pages\/11923\/revisions\/14032"}],"wp:featuredmedia":[{"embeddable":true,"href":"http:\/\/joannacholuj.pl\/en\/wp-json\/wp\/v2\/media\/10578"}],"wp:attachment":[{"href":"http:\/\/joannacholuj.pl\/en\/wp-json\/wp\/v2\/media?parent=11923"}],"curies":[{"name":"wp","href":"https:\/\/api.w.org\/{rel}","templated":true}]}}