{"id":11919,"date":"2024-07-22T04:49:23","date_gmt":"2024-07-22T02:49:23","guid":{"rendered":"http:\/\/joannacholuj.pl\/?page_id=11919"},"modified":"2024-12-15T23:45:21","modified_gmt":"2024-12-15T22:45:21","slug":"nauka-dzial-vi","status":"publish","type":"page","link":"http:\/\/joannacholuj.pl\/en\/nauka-dzial-vi\/","title":{"rendered":"ALTERNATIVE EDUCATION \u2013 SECTION VI"},"content":{"rendered":"<p><img loading=\"lazy\" decoding=\"async\" class=\"alignnone size-full wp-image-11834\" src=\"http:\/\/joannacholuj.pl\/wp-content\/uploads\/2024\/07\/KK.jpg\" alt=\"\" width=\"83\" height=\"78\" \/><\/p>\n<p>ONLY BOOKS WITH PRESENTED COVERS ARE AVAILABLE FOR PURCHASE.<\/p>\n<p style=\"text-align: left;\">CLICK ON THE COVER TO READ THE DESCRIPTION<\/p>\n<\/p>\n<h3 style=\"text-align: center;\"><span style=\"color: #800000;\"><span style=\"font-size: large;\"><strong>ALTERNATIVE EDUCATION \u2013 SECTION VI<\/strong><\/span><\/span><\/h3>\n<p align=\"left\">\n\n\n<ol class=\"wp-block-list\">\n<li>1.Deserved and forgotten researchers of the Polish language<\/li>\n\n\n\n<li>2<strong>Textbook and tables for the Language Matrix course<\/strong> AVAILABLE<\/li>\n\n\n\n<li>3<strong>Comparative grammar: Polish, English, French volume 1<\/strong> AVAILABLE<\/li>\n\n\n\n<li>4<strong>Comparative Grammar: Polish, English, French Volume 2<\/strong> AVAILABLE<\/li>\n\n\n\n<li>5<strong>.<\/strong>The Language of the Aryans. A Handbook for the Course<\/li>\n\n\n\n<li>6 Philosophy of Wijozowia. Polish vs Latin<\/li>\n\n\n\n<li>7.Girl Dziewa Deva. Polish vs Sanskrit<\/li>\n\n\n\n<li>8.War czyli War. polski vs angielski<\/li>\n\n\n\n<li>9.<strong>Homeschooling. Projects and Languages<\/strong> AVAILABLE<\/li>\n\n\n\n<li>10<strong>Homeschooling. Travels<\/strong> AVAILABLE<\/li>\n<\/ol>\n\n\n<div id='gallery-1' class='gallery galleryid-11919 gallery-columns-2 gallery-size-medium'><figure class='gallery-item'>\n\t\t\t<div class='gallery-icon portrait'>\n\t\t\t\t<a href='http:\/\/joannacholuj.pl\/en\/mojeksiazki\/278342467_10161873133285299_7896357435522801159_n\/'><img loading=\"lazy\" decoding=\"async\" width=\"219\" height=\"300\" src=\"http:\/\/joannacholuj.pl\/wp-content\/uploads\/2022\/04\/278342467_10161873133285299_7896357435522801159_n-219x300.jpg\" class=\"attachment-medium size-medium\" alt=\"\" aria-describedby=\"gallery-1-7729\" srcset=\"http:\/\/joannacholuj.pl\/wp-content\/uploads\/2022\/04\/278342467_10161873133285299_7896357435522801159_n-219x300.jpg 219w, http:\/\/joannacholuj.pl\/wp-content\/uploads\/2022\/04\/278342467_10161873133285299_7896357435522801159_n.jpg 437w\" sizes=\"(max-width: 219px) 100vw, 219px\" \/><\/a>\n\t\t\t<\/div>\n\t\t\t\t<figcaption class='wp-caption-text gallery-caption' id='gallery-1-7729'>\n\t\t\t\tBUY \n\t\t\t\t<\/figcaption><\/figure><figure class='gallery-item'>\n\t\t\t<div class='gallery-icon portrait'>\n\t\t\t\t<a href='http:\/\/joannacholuj.pl\/en\/mojeksiazki\/278575618_10161873133320299_2056525906078898890_n\/'><img loading=\"lazy\" decoding=\"async\" width=\"219\" height=\"300\" src=\"http:\/\/joannacholuj.pl\/wp-content\/uploads\/2022\/04\/278575618_10161873133320299_2056525906078898890_n-219x300.jpg\" class=\"attachment-medium size-medium\" alt=\"\" aria-describedby=\"gallery-1-7766\" srcset=\"http:\/\/joannacholuj.pl\/wp-content\/uploads\/2022\/04\/278575618_10161873133320299_2056525906078898890_n-219x300.jpg 219w, http:\/\/joannacholuj.pl\/wp-content\/uploads\/2022\/04\/278575618_10161873133320299_2056525906078898890_n.jpg 437w\" sizes=\"(max-width: 219px) 100vw, 219px\" \/><\/a>\n\t\t\t<\/div>\n\t\t\t\t<figcaption class='wp-caption-text gallery-caption' id='gallery-1-7766'>\n\t\t\t\tBUY \n\t\t\t\t<\/figcaption><\/figure><figure class='gallery-item'>\n\t\t\t<div class='gallery-icon portrait'>\n\t\t\t\t<a href='http:\/\/joannacholuj.pl\/en\/mojeksiazki\/436917723_10163620872450299_2597200628077670964_n\/'><img loading=\"lazy\" decoding=\"async\" width=\"214\" height=\"300\" src=\"http:\/\/joannacholuj.pl\/wp-content\/uploads\/2024\/04\/436917723_10163620872450299_2597200628077670964_n-214x300.jpg\" class=\"attachment-medium size-medium\" alt=\"\" aria-describedby=\"gallery-1-11161\" srcset=\"http:\/\/joannacholuj.pl\/wp-content\/uploads\/2024\/04\/436917723_10163620872450299_2597200628077670964_n-214x300.jpg 214w, http:\/\/joannacholuj.pl\/wp-content\/uploads\/2024\/04\/436917723_10163620872450299_2597200628077670964_n.jpg 595w\" sizes=\"(max-width: 214px) 100vw, 214px\" \/><\/a>\n\t\t\t<\/div>\n\t\t\t\t<figcaption class='wp-caption-text gallery-caption' id='gallery-1-11161'>\n\t\t\t\tBUY \n\t\t\t\t<\/figcaption><\/figure><figure class='gallery-item'>\n\t\t\t<div class='gallery-icon portrait'>\n\t\t\t\t<a href='http:\/\/joannacholuj.pl\/en\/mojeksiazki\/436153487_10163620872235299_5171776278908199049_n\/'><img loading=\"lazy\" decoding=\"async\" width=\"214\" height=\"300\" src=\"http:\/\/joannacholuj.pl\/wp-content\/uploads\/2024\/04\/436153487_10163620872235299_5171776278908199049_n-214x300.jpg\" class=\"attachment-medium size-medium\" alt=\"\" aria-describedby=\"gallery-1-11162\" srcset=\"http:\/\/joannacholuj.pl\/wp-content\/uploads\/2024\/04\/436153487_10163620872235299_5171776278908199049_n-214x300.jpg 214w, http:\/\/joannacholuj.pl\/wp-content\/uploads\/2024\/04\/436153487_10163620872235299_5171776278908199049_n.jpg 595w\" sizes=\"(max-width: 214px) 100vw, 214px\" \/><\/a>\n\t\t\t<\/div>\n\t\t\t\t<figcaption class='wp-caption-text gallery-caption' id='gallery-1-11162'>\n\t\t\t\tBUY \n\t\t\t\t<\/figcaption><\/figure><figure class='gallery-item'>\n\t\t\t<div class='gallery-icon portrait'>\n\t\t\t\t<a href='http:\/\/joannacholuj.pl\/en\/nauka-dzial-vi\/okladka-001_vi-edukacja-tablice-tezy\/'><img loading=\"lazy\" decoding=\"async\" width=\"214\" height=\"300\" src=\"http:\/\/joannacholuj.pl\/wp-content\/uploads\/2024\/10\/okladka-001_VI-EDUKACJA-tablice-tezy-214x300.jpg\" class=\"attachment-medium size-medium\" alt=\"\" aria-describedby=\"gallery-1-13101\" srcset=\"http:\/\/joannacholuj.pl\/wp-content\/uploads\/2024\/10\/okladka-001_VI-EDUKACJA-tablice-tezy-214x300.jpg 214w, http:\/\/joannacholuj.pl\/wp-content\/uploads\/2024\/10\/okladka-001_VI-EDUKACJA-tablice-tezy.jpg 595w\" sizes=\"(max-width: 214px) 100vw, 214px\" \/><\/a>\n\t\t\t<\/div>\n\t\t\t\t<figcaption class='wp-caption-text gallery-caption' id='gallery-1-13101'>\n\t\t\t\tBUY\n\t\t\t\t<\/figcaption><\/figure>\n\t\t<\/div>\n\n<h3 style=\"text-align: center;\">\u00a0<\/h3>\n<hr \/>\n<p>WATCH THE VIDEO DESCRIBING THE BOOK\u00a0<strong><span style=\"color: #131414;\"><span style=\"font-family: Lato, sans-serif;\"><span style=\"font-size: medium;\"><b>Home Education <\/b><\/span><\/span><\/span><\/strong><strong><span style=\"color: #131414;\"><span style=\"font-family: Lato, sans-serif;\"><span style=\"font-size: medium;\"><b>&#8211;<\/b><\/span><\/span><\/span><\/strong><strong><span style=\"color: #131414;\"><span style=\"font-family: Lato, sans-serif;\"><span style=\"font-size: medium;\"><b> Travelling<\/b><\/span><\/span><\/span><\/strong><\/p>\n<p><iframe loading=\"lazy\" title=\"YouTube video player\" src=\"https:\/\/www.youtube.com\/embed\/MJfuIUUB3Kw\" width=\"560\" height=\"315\" frameborder=\"0\" allowfullscreen=\"allowfullscreen\" data-mce-fragment=\"1\"><\/iframe><\/p>\n<p align=\"left\">WATCH THE VIDEO DESCRIBING THE BOOK\u00a0<strong><span style=\"color: #131414;\"><span style=\"font-family: Lato, sans-serif;\"><span style=\"font-size: medium;\"><b>Home Education <\/b><\/span><\/span><\/span><\/strong><strong><span style=\"color: #131414;\"><span style=\"font-family: Lato, sans-serif;\"><span style=\"font-size: medium;\"><b>&#8211;<\/b><\/span><\/span><\/span><\/strong><strong><span style=\"color: #131414;\"><span style=\"font-family: Lato, sans-serif;\"><span style=\"font-size: medium;\"><b> Projects and languages<\/b><\/span><\/span><\/span><\/strong><\/p>\n<p align=\"left\"><iframe loading=\"lazy\" title=\"YouTube video player\" src=\"https:\/\/www.youtube.com\/embed\/kvex2bA3e4A\" width=\"560\" height=\"315\" frameborder=\"0\" allowfullscreen=\"allowfullscreen\" data-mce-fragment=\"1\"><\/iframe><\/p>\n<p style=\"text-align: center;\" align=\"left\">WATCH THE VIDEO DESCRIBING THE BOOK\u00a0<strong>Comparative Grammar<\/strong><\/p>\n<p align=\"left\"><iframe loading=\"lazy\" title=\"YouTube video player\" src=\"https:\/\/www.youtube.com\/embed\/WXJc1shc-dA\" width=\"560\" height=\"315\" frameborder=\"0\" allowfullscreen=\"allowfullscreen\" data-mce-fragment=\"1\"><\/iframe><\/p>\n<p style=\"text-align: center;\" align=\"left\">WATCH A VIDEO DESCRIBING THE BOOK <strong>Course Handbook: Language Matrix<\/strong><\/p>\n<p align=\"left\"><iframe loading=\"lazy\" title=\"YouTube video player\" src=\"https:\/\/www.youtube.com\/embed\/xBRW35YWgX4\" width=\"560\" height=\"315\" frameborder=\"0\" allowfullscreen=\"allowfullscreen\" data-mce-fragment=\"1\"><\/iframe><\/p>\n<p style=\"text-align: center;\" align=\"left\">\u00a0<\/p>","protected":false},"excerpt":{"rendered":"<p>DOST\u0118PNE DO KUPIENIA S\u0104 TYLKO KSI\u0104\u017bKI, KT\u00d3RE MAJ\u0104 ZAPREZENTOWANE OK\u0141ADKI. KLIKNIJ NA OK\u0141ADK\u0118, BY PRZECZYTA\u0106 OPIS EDUKACJA ALTERNATYWNA &#8211;\u00a0 DZIA\u0141 [&hellip;]<\/p>","protected":false},"author":2,"featured_media":11920,"parent":0,"menu_order":0,"comment_status":"closed","ping_status":"closed","template":"","meta":{"_bbp_topic_count":0,"_bbp_reply_count":0,"_bbp_total_topic_count":0,"_bbp_total_reply_count":0,"_bbp_voice_count":0,"_bbp_anonymous_reply_count":0,"_bbp_topic_count_hidden":0,"_bbp_reply_count_hidden":0,"_bbp_forum_subforum_count":0,"_uag_custom_page_level_css":"","footnotes":""},"class_list":["post-11919","page","type-page","status-publish","has-post-thumbnail","hentry"],"spectra_custom_meta":{"_edit_lock":["1734302722:2"],"_edit_last":["2"],"_thumbnail_id":["11920"],"_wp_page_template":["default"],"_uag_page_assets":["a:9:{s:3:\"css\";s:263:\".uag-blocks-common-selector{z-index:var(--z-index-desktop) !important}@media (max-width: 976px){.uag-blocks-common-selector{z-index:var(--z-index-tablet) !important}}@media (max-width: 767px){.uag-blocks-common-selector{z-index:var(--z-index-mobile) !important}}\n\";s:2:\"js\";s:0:\"\";s:18:\"current_block_list\";a:2:{i:0;s:9:\"core\/list\";i:1;s:14:\"core\/list-item\";}s:8:\"uag_flag\";b:0;s:11:\"uag_version\";s:10:\"1775454065\";s:6:\"gfonts\";a:0:{}s:10:\"gfonts_url\";s:0:\"\";s:12:\"gfonts_files\";a:0:{}s:14:\"uag_faq_layout\";b:0;}"],"_uag_css_file_name":["uag-css-11919.css"]},"uagb_featured_image_src":{"full":["http:\/\/joannacholuj.pl\/wp-content\/uploads\/2024\/07\/IMG_2227donem.jpg",960,640,false],"thumbnail":["http:\/\/joannacholuj.pl\/wp-content\/uploads\/2024\/07\/IMG_2227donem-150x150.jpg",150,150,true],"medium":["http:\/\/joannacholuj.pl\/wp-content\/uploads\/2024\/07\/IMG_2227donem-300x200.jpg",300,200,true],"medium_large":["http:\/\/joannacholuj.pl\/wp-content\/uploads\/2024\/07\/IMG_2227donem-768x512.jpg",640,427,true],"large":["http:\/\/joannacholuj.pl\/wp-content\/uploads\/2024\/07\/IMG_2227donem.jpg",640,427,false],"1536x1536":["http:\/\/joannacholuj.pl\/wp-content\/uploads\/2024\/07\/IMG_2227donem.jpg",960,640,false],"2048x2048":["http:\/\/joannacholuj.pl\/wp-content\/uploads\/2024\/07\/IMG_2227donem.jpg",960,640,false],"trp-custom-language-flag":["http:\/\/joannacholuj.pl\/wp-content\/uploads\/2024\/07\/IMG_2227donem.jpg",18,12,false],"illdy-blog-list":["http:\/\/joannacholuj.pl\/wp-content\/uploads\/2024\/07\/IMG_2227donem-750x500.jpg",750,500,true],"illdy-widget-recent-posts":["http:\/\/joannacholuj.pl\/wp-content\/uploads\/2024\/07\/IMG_2227donem-70x70.jpg",70,70,true],"illdy-blog-post-related-articles":["http:\/\/joannacholuj.pl\/wp-content\/uploads\/2024\/07\/IMG_2227donem-240x206.jpg",240,206,true],"illdy-front-page-latest-news":["http:\/\/joannacholuj.pl\/wp-content\/uploads\/2024\/07\/IMG_2227donem-250x213.jpg",250,213,true],"illdy-front-page-testimonials":["http:\/\/joannacholuj.pl\/wp-content\/uploads\/2024\/07\/IMG_2227donem-127x127.jpg",127,127,true],"illdy-front-page-projects":["http:\/\/joannacholuj.pl\/wp-content\/uploads\/2024\/07\/IMG_2227donem-476x476.jpg",476,476,true],"illdy-front-page-person":["http:\/\/joannacholuj.pl\/wp-content\/uploads\/2024\/07\/IMG_2227donem-125x125.jpg",125,125,true]},"uagb_author_info":{"display_name":"Joanna Choluj","author_link":"http:\/\/joannacholuj.pl\/en\/blog\/author\/joannacholuj\/"},"uagb_comment_info":0,"uagb_excerpt":"DOST\u0118PNE DO KUPIENIA S\u0104 TYLKO KSI\u0104\u017bKI, KT\u00d3RE MAJ\u0104 ZAPREZENTOWANE OK\u0141ADKI. KLIKNIJ NA OK\u0141ADK\u0118, BY PRZECZYTA\u0106 OPIS EDUKACJA ALTERNATYWNA &#8211;\u00a0 DZIA\u0141 [&hellip;]","_links":{"self":[{"href":"http:\/\/joannacholuj.pl\/en\/wp-json\/wp\/v2\/pages\/11919"}],"collection":[{"href":"http:\/\/joannacholuj.pl\/en\/wp-json\/wp\/v2\/pages"}],"about":[{"href":"http:\/\/joannacholuj.pl\/en\/wp-json\/wp\/v2\/types\/page"}],"author":[{"embeddable":true,"href":"http:\/\/joannacholuj.pl\/en\/wp-json\/wp\/v2\/users\/2"}],"replies":[{"embeddable":true,"href":"http:\/\/joannacholuj.pl\/en\/wp-json\/wp\/v2\/comments?post=11919"}],"version-history":[{"count":10,"href":"http:\/\/joannacholuj.pl\/en\/wp-json\/wp\/v2\/pages\/11919\/revisions"}],"predecessor-version":[{"id":13331,"href":"http:\/\/joannacholuj.pl\/en\/wp-json\/wp\/v2\/pages\/11919\/revisions\/13331"}],"wp:featuredmedia":[{"embeddable":true,"href":"http:\/\/joannacholuj.pl\/en\/wp-json\/wp\/v2\/media\/11920"}],"wp:attachment":[{"href":"http:\/\/joannacholuj.pl\/en\/wp-json\/wp\/v2\/media?parent=11919"}],"curies":[{"name":"wp","href":"https:\/\/api.w.org\/{rel}","templated":true}]}}