{"id":11913,"date":"2024-07-22T04:38:37","date_gmt":"2024-07-22T02:38:37","guid":{"rendered":"http:\/\/joannacholuj.pl\/?page_id=11913"},"modified":"2024-12-15T23:30:45","modified_gmt":"2024-12-15T22:30:45","slug":"dziecko-dzial-v","status":"publish","type":"page","link":"http:\/\/joannacholuj.pl\/en\/dziecko-dzial-v\/","title":{"rendered":"FREE CHILDREN \u2013 CHAPTER V"},"content":{"rendered":"<p><img loading=\"lazy\" decoding=\"async\" class=\"alignnone size-full wp-image-11834\" src=\"http:\/\/joannacholuj.pl\/wp-content\/uploads\/2024\/07\/KK.jpg\" alt=\"\" width=\"83\" height=\"78\" \/><\/p>\n<p>ONLY BOOKS WITH PRESENTED COVERS ARE AVAILABLE FOR PURCHASE.<\/p>\n<p style=\"text-align: left;\">CLICK ON THE COVER TO READ THE DESCRIPTION<\/p>\n<p style=\"text-align: center;\" align=\"left\"><span style=\"color: #800000;\"><span style=\"font-size: large;\"><strong>FREE CHILDREN \u2013 CHAPTER V<\/strong><\/span><\/span><\/p>\n<p align=\"left\">\n\n\n<p><\/p>\n\n\n\n<p>1. The good and the bad multitude of languages and cultures (the Jagiellonian state vs Globalist Europe)<br>2. Globalist education of a society of fools, threats from the NWO and certain concepts of alternative education<br>3. Parental education and emotional education that do not lead to permissiveness<br>4. what kind of parent must you be to not raise a spoiled child<br>5. Montessori, Waldorf, and good preschool education<br>6. Raise a brave son \u2013 the upbringing of Aryans, Scythians, Incas, and native cultures<br>7. Polish grammar for children<br>8.<strong>Slavic upbringing<\/strong><br>9. The school of the future \u2013 Krishnamurti, Steiner, Montessori, Sztetinin, Trivium<br>10. Genius, talent, intelligence - innate or learned?<\/p>\n\n\n\n\n<div id='gallery-1' class='gallery galleryid-11913 gallery-columns-1 gallery-size-medium'><figure class='gallery-item'>\n\t\t\t<div class='gallery-icon portrait'>\n\t\t\t\t<a href='http:\/\/joannacholuj.pl\/en\/mojeksiazki\/278332303_10161872045360299_6651880979604840897_n\/'><img loading=\"lazy\" decoding=\"async\" width=\"218\" height=\"300\" src=\"http:\/\/joannacholuj.pl\/wp-content\/uploads\/2022\/04\/278332303_10161872045360299_6651880979604840897_n-218x300.jpg\" class=\"attachment-medium size-medium\" alt=\"\" aria-describedby=\"gallery-1-7719\" srcset=\"http:\/\/joannacholuj.pl\/wp-content\/uploads\/2022\/04\/278332303_10161872045360299_6651880979604840897_n-218x300.jpg 218w, http:\/\/joannacholuj.pl\/wp-content\/uploads\/2022\/04\/278332303_10161872045360299_6651880979604840897_n-768x1056.jpg 768w, http:\/\/joannacholuj.pl\/wp-content\/uploads\/2022\/04\/278332303_10161872045360299_6651880979604840897_n-745x1024.jpg 745w, http:\/\/joannacholuj.pl\/wp-content\/uploads\/2022\/04\/278332303_10161872045360299_6651880979604840897_n.jpg 1407w\" sizes=\"(max-width: 218px) 100vw, 218px\" \/><\/a>\n\t\t\t<\/div>\n\t\t\t\t<figcaption class='wp-caption-text gallery-caption' id='gallery-1-7719'>\n\t\t\t\tBUY\n\t\t\t\t<\/figcaption><\/figure>\n\t\t<\/div>\n\n<h3 style=\"text-align: center;\" align=\"left\">\u00a0<\/h3>\n<p style=\"text-align: center;\" align=\"left\">WATCH THE VIDEO DESCRIBING THE BOOK\u00a0<strong> Slavic upbringing<\/strong><\/p>\n<p align=\"left\"><iframe loading=\"lazy\" title=\"YouTube video player\" src=\"https:\/\/www.youtube.com\/embed\/falCb24Pjgw\" width=\"560\" height=\"315\" frameborder=\"0\" allowfullscreen=\"allowfullscreen\" data-mce-fragment=\"1\"><\/iframe><\/p>\n<p style=\"text-align: center;\" align=\"left\">\u00a0<\/p>","protected":false},"excerpt":{"rendered":"<p>DOST\u0118PNE DO KUPIENIA S\u0104 TYLKO KSI\u0104\u017bKI, KT\u00d3RE MAJ\u0104 ZAPREZENTOWANE OK\u0141ADKI. KLIKNIJ NA OK\u0141ADK\u0118, BY PRZECZYTA\u0106 OPIS WOLNE DZIECI &#8211;\u00a0 DZIA\u0141 [&hellip;]<\/p>","protected":false},"author":2,"featured_media":11917,"parent":0,"menu_order":0,"comment_status":"closed","ping_status":"closed","template":"","meta":{"_bbp_topic_count":0,"_bbp_reply_count":0,"_bbp_total_topic_count":0,"_bbp_total_reply_count":0,"_bbp_voice_count":0,"_bbp_anonymous_reply_count":0,"_bbp_topic_count_hidden":0,"_bbp_reply_count_hidden":0,"_bbp_forum_subforum_count":0,"_uag_custom_page_level_css":"","footnotes":""},"class_list":["post-11913","page","type-page","status-publish","has-post-thumbnail","hentry"],"spectra_custom_meta":{"_edit_lock":["1734301846:2"],"_edit_last":["2"],"_wp_page_template":["default"],"_thumbnail_id":["11917"],"_uag_page_assets":["a:9:{s:3:\"css\";s:263:\".uag-blocks-common-selector{z-index:var(--z-index-desktop) !important}@media (max-width: 976px){.uag-blocks-common-selector{z-index:var(--z-index-tablet) !important}}@media (max-width: 767px){.uag-blocks-common-selector{z-index:var(--z-index-mobile) !important}}\n\";s:2:\"js\";s:0:\"\";s:18:\"current_block_list\";a:2:{i:0;s:14:\"core\/paragraph\";i:1;s:10:\"core\/image\";}s:8:\"uag_flag\";b:0;s:11:\"uag_version\";s:10:\"1775454065\";s:6:\"gfonts\";a:0:{}s:10:\"gfonts_url\";s:0:\"\";s:12:\"gfonts_files\";a:0:{}s:14:\"uag_faq_layout\";b:0;}"],"_uag_css_file_name":["uag-css-11913.css"]},"uagb_featured_image_src":{"full":["http:\/\/joannacholuj.pl\/wp-content\/uploads\/2024\/07\/IMG_2240donem.jpg",960,640,false],"thumbnail":["http:\/\/joannacholuj.pl\/wp-content\/uploads\/2024\/07\/IMG_2240donem-150x150.jpg",150,150,true],"medium":["http:\/\/joannacholuj.pl\/wp-content\/uploads\/2024\/07\/IMG_2240donem-300x200.jpg",300,200,true],"medium_large":["http:\/\/joannacholuj.pl\/wp-content\/uploads\/2024\/07\/IMG_2240donem-768x512.jpg",640,427,true],"large":["http:\/\/joannacholuj.pl\/wp-content\/uploads\/2024\/07\/IMG_2240donem.jpg",640,427,false],"1536x1536":["http:\/\/joannacholuj.pl\/wp-content\/uploads\/2024\/07\/IMG_2240donem.jpg",960,640,false],"2048x2048":["http:\/\/joannacholuj.pl\/wp-content\/uploads\/2024\/07\/IMG_2240donem.jpg",960,640,false],"trp-custom-language-flag":["http:\/\/joannacholuj.pl\/wp-content\/uploads\/2024\/07\/IMG_2240donem.jpg",18,12,false],"illdy-blog-list":["http:\/\/joannacholuj.pl\/wp-content\/uploads\/2024\/07\/IMG_2240donem-750x500.jpg",750,500,true],"illdy-widget-recent-posts":["http:\/\/joannacholuj.pl\/wp-content\/uploads\/2024\/07\/IMG_2240donem-70x70.jpg",70,70,true],"illdy-blog-post-related-articles":["http:\/\/joannacholuj.pl\/wp-content\/uploads\/2024\/07\/IMG_2240donem-240x206.jpg",240,206,true],"illdy-front-page-latest-news":["http:\/\/joannacholuj.pl\/wp-content\/uploads\/2024\/07\/IMG_2240donem-250x213.jpg",250,213,true],"illdy-front-page-testimonials":["http:\/\/joannacholuj.pl\/wp-content\/uploads\/2024\/07\/IMG_2240donem-127x127.jpg",127,127,true],"illdy-front-page-projects":["http:\/\/joannacholuj.pl\/wp-content\/uploads\/2024\/07\/IMG_2240donem-476x476.jpg",476,476,true],"illdy-front-page-person":["http:\/\/joannacholuj.pl\/wp-content\/uploads\/2024\/07\/IMG_2240donem-125x125.jpg",125,125,true]},"uagb_author_info":{"display_name":"Joanna Choluj","author_link":"http:\/\/joannacholuj.pl\/en\/blog\/author\/joannacholuj\/"},"uagb_comment_info":0,"uagb_excerpt":"DOST\u0118PNE DO KUPIENIA S\u0104 TYLKO KSI\u0104\u017bKI, KT\u00d3RE MAJ\u0104 ZAPREZENTOWANE OK\u0141ADKI. KLIKNIJ NA OK\u0141ADK\u0118, BY PRZECZYTA\u0106 OPIS WOLNE DZIECI &#8211;\u00a0 DZIA\u0141 [&hellip;]","_links":{"self":[{"href":"http:\/\/joannacholuj.pl\/en\/wp-json\/wp\/v2\/pages\/11913"}],"collection":[{"href":"http:\/\/joannacholuj.pl\/en\/wp-json\/wp\/v2\/pages"}],"about":[{"href":"http:\/\/joannacholuj.pl\/en\/wp-json\/wp\/v2\/types\/page"}],"author":[{"embeddable":true,"href":"http:\/\/joannacholuj.pl\/en\/wp-json\/wp\/v2\/users\/2"}],"replies":[{"embeddable":true,"href":"http:\/\/joannacholuj.pl\/en\/wp-json\/wp\/v2\/comments?post=11913"}],"version-history":[{"count":9,"href":"http:\/\/joannacholuj.pl\/en\/wp-json\/wp\/v2\/pages\/11913\/revisions"}],"predecessor-version":[{"id":13330,"href":"http:\/\/joannacholuj.pl\/en\/wp-json\/wp\/v2\/pages\/11913\/revisions\/13330"}],"wp:featuredmedia":[{"embeddable":true,"href":"http:\/\/joannacholuj.pl\/en\/wp-json\/wp\/v2\/media\/11917"}],"wp:attachment":[{"href":"http:\/\/joannacholuj.pl\/en\/wp-json\/wp\/v2\/media?parent=11913"}],"curies":[{"name":"wp","href":"https:\/\/api.w.org\/{rel}","templated":true}]}}