{"id":11909,"date":"2024-07-22T04:33:28","date_gmt":"2024-07-22T02:33:28","guid":{"rendered":"http:\/\/joannacholuj.pl\/?page_id=11909"},"modified":"2026-03-17T02:28:15","modified_gmt":"2026-03-17T01:28:15","slug":"uzdrawianie-dzial-iv","status":"publish","type":"page","link":"http:\/\/joannacholuj.pl\/en\/uzdrawianie-dzial-iv\/","title":{"rendered":"ZDROWIE &#8211; DZIA\u0141 IV"},"content":{"rendered":"<p><img loading=\"lazy\" decoding=\"async\" class=\"alignnone wp-image-11702 size-full\" src=\"http:\/\/joannacholuj.pl\/wp-content\/uploads\/2024\/07\/cropped-logo-blue-red-copy-1.png\" alt=\"\" width=\"99\" height=\"75\" \/><\/p>\n<p>ONLY BOOKS WITH PRESENTED COVERS ARE AVAILABLE FOR PURCHASE.<\/p>\n<p style=\"text-align: left;\">CLICK ON THE COVER TO READ THE DESCRIPTION<\/p>\n<h3 style=\"text-align: center;\" align=\"left\"><span style=\"color: #800000;\"><span style=\"font-size: large;\"><strong>ZDROWIE &#8211;\u00a0 DZIA\u0141 IV<\/strong><\/span><\/span><\/h3>\n<p align=\"left\">\u00a0<\/p>\n\n\n<p>1. TCM i Kuchnia pi\u0119ciu przemian<br>2.Proces powrotu do autentycznego siebie &#8211; samouzdrawianie<br>3.Totalna biologia, recall healing, medycyna \u015bwiadomo\u015bci &#8211; historie wyj\u015bcia z choroby<br>4. Chinese medicine and the cuisine of the five transformations \u2013 practical application<br>5.Samowystarczalne ogrody &#8211; jak zdrowo \u017cy\u0107<br>6. Ayurveda \u2013 practical application<br>7.Terapia i leczenie traumy poprzez sztuk\u0119 (arteterapia)<br>8.The movement that heals \u2013 martial arts and yoga<br>9.Terapia i leczenie traumy poprzez d\u017awi\u0119k, ruch , g\u0142os i muzyk\u0119<br>10. Czym jest zdrowie je\u015bli jeste\u015b\u00a0organiczn\u0105 istot\u0105? <\/p>","protected":false},"excerpt":{"rendered":"<p>DOST\u0118PNE DO KUPIENIA S\u0104 TYLKO KSI\u0104\u017bKI, KT\u00d3RE MAJ\u0104 ZAPREZENTOWANE OK\u0141ADKI. KLIKNIJ NA OK\u0141ADK\u0118, BY PRZECZYTA\u0106 OPIS ZDROWIE &#8211;\u00a0 DZIA\u0141 IV [&hellip;]<\/p>","protected":false},"author":2,"featured_media":11910,"parent":0,"menu_order":0,"comment_status":"closed","ping_status":"closed","template":"","meta":{"_bbp_topic_count":0,"_bbp_reply_count":0,"_bbp_total_topic_count":0,"_bbp_total_reply_count":0,"_bbp_voice_count":0,"_bbp_anonymous_reply_count":0,"_bbp_topic_count_hidden":0,"_bbp_reply_count_hidden":0,"_bbp_forum_subforum_count":0,"_uag_custom_page_level_css":"","footnotes":""},"class_list":["post-11909","page","type-page","status-publish","has-post-thumbnail","hentry"],"spectra_custom_meta":{"_edit_lock":["1773710896:2"],"_edit_last":["2"],"_thumbnail_id":["11910"],"_wp_page_template":["default"],"_uag_page_assets":["a:9:{s:3:\"css\";s:263:\".uag-blocks-common-selector{z-index:var(--z-index-desktop) !important}@media (max-width: 976px){.uag-blocks-common-selector{z-index:var(--z-index-tablet) !important}}@media (max-width: 767px){.uag-blocks-common-selector{z-index:var(--z-index-mobile) !important}}\n\";s:2:\"js\";s:0:\"\";s:18:\"current_block_list\";a:2:{i:0;s:14:\"core\/paragraph\";i:1;s:10:\"core\/image\";}s:8:\"uag_flag\";b:0;s:11:\"uag_version\";s:10:\"1775454065\";s:6:\"gfonts\";a:0:{}s:10:\"gfonts_url\";s:0:\"\";s:12:\"gfonts_files\";a:0:{}s:14:\"uag_faq_layout\";b:0;}"],"_uag_css_file_name":["uag-css-11909.css"]},"uagb_featured_image_src":{"full":["http:\/\/joannacholuj.pl\/wp-content\/uploads\/2024\/07\/401307098_10163359107350299_3007799032135888327_n-1.jpg",600,338,false],"thumbnail":["http:\/\/joannacholuj.pl\/wp-content\/uploads\/2024\/07\/401307098_10163359107350299_3007799032135888327_n-1-150x150.jpg",150,150,true],"medium":["http:\/\/joannacholuj.pl\/wp-content\/uploads\/2024\/07\/401307098_10163359107350299_3007799032135888327_n-1-300x169.jpg",300,169,true],"medium_large":["http:\/\/joannacholuj.pl\/wp-content\/uploads\/2024\/07\/401307098_10163359107350299_3007799032135888327_n-1.jpg",600,338,false],"large":["http:\/\/joannacholuj.pl\/wp-content\/uploads\/2024\/07\/401307098_10163359107350299_3007799032135888327_n-1.jpg",600,338,false],"1536x1536":["http:\/\/joannacholuj.pl\/wp-content\/uploads\/2024\/07\/401307098_10163359107350299_3007799032135888327_n-1.jpg",600,338,false],"2048x2048":["http:\/\/joannacholuj.pl\/wp-content\/uploads\/2024\/07\/401307098_10163359107350299_3007799032135888327_n-1.jpg",600,338,false],"trp-custom-language-flag":["http:\/\/joannacholuj.pl\/wp-content\/uploads\/2024\/07\/401307098_10163359107350299_3007799032135888327_n-1.jpg",18,10,false],"illdy-blog-list":["http:\/\/joannacholuj.pl\/wp-content\/uploads\/2024\/07\/401307098_10163359107350299_3007799032135888327_n-1.jpg",600,338,false],"illdy-widget-recent-posts":["http:\/\/joannacholuj.pl\/wp-content\/uploads\/2024\/07\/401307098_10163359107350299_3007799032135888327_n-1-70x70.jpg",70,70,true],"illdy-blog-post-related-articles":["http:\/\/joannacholuj.pl\/wp-content\/uploads\/2024\/07\/401307098_10163359107350299_3007799032135888327_n-1-240x206.jpg",240,206,true],"illdy-front-page-latest-news":["http:\/\/joannacholuj.pl\/wp-content\/uploads\/2024\/07\/401307098_10163359107350299_3007799032135888327_n-1-250x213.jpg",250,213,true],"illdy-front-page-testimonials":["http:\/\/joannacholuj.pl\/wp-content\/uploads\/2024\/07\/401307098_10163359107350299_3007799032135888327_n-1-127x127.jpg",127,127,true],"illdy-front-page-projects":["http:\/\/joannacholuj.pl\/wp-content\/uploads\/2024\/07\/401307098_10163359107350299_3007799032135888327_n-1-476x338.jpg",476,338,true],"illdy-front-page-person":["http:\/\/joannacholuj.pl\/wp-content\/uploads\/2024\/07\/401307098_10163359107350299_3007799032135888327_n-1-125x125.jpg",125,125,true]},"uagb_author_info":{"display_name":"Joanna Choluj","author_link":"http:\/\/joannacholuj.pl\/en\/blog\/author\/joannacholuj\/"},"uagb_comment_info":0,"uagb_excerpt":"DOST\u0118PNE DO KUPIENIA S\u0104 TYLKO KSI\u0104\u017bKI, KT\u00d3RE MAJ\u0104 ZAPREZENTOWANE OK\u0141ADKI. KLIKNIJ NA OK\u0141ADK\u0118, BY PRZECZYTA\u0106 OPIS ZDROWIE &#8211;\u00a0 DZIA\u0141 IV [&hellip;]","_links":{"self":[{"href":"http:\/\/joannacholuj.pl\/en\/wp-json\/wp\/v2\/pages\/11909"}],"collection":[{"href":"http:\/\/joannacholuj.pl\/en\/wp-json\/wp\/v2\/pages"}],"about":[{"href":"http:\/\/joannacholuj.pl\/en\/wp-json\/wp\/v2\/types\/page"}],"author":[{"embeddable":true,"href":"http:\/\/joannacholuj.pl\/en\/wp-json\/wp\/v2\/users\/2"}],"replies":[{"embeddable":true,"href":"http:\/\/joannacholuj.pl\/en\/wp-json\/wp\/v2\/comments?post=11909"}],"version-history":[{"count":6,"href":"http:\/\/joannacholuj.pl\/en\/wp-json\/wp\/v2\/pages\/11909\/revisions"}],"predecessor-version":[{"id":14554,"href":"http:\/\/joannacholuj.pl\/en\/wp-json\/wp\/v2\/pages\/11909\/revisions\/14554"}],"wp:featuredmedia":[{"embeddable":true,"href":"http:\/\/joannacholuj.pl\/en\/wp-json\/wp\/v2\/media\/11910"}],"wp:attachment":[{"href":"http:\/\/joannacholuj.pl\/en\/wp-json\/wp\/v2\/media?parent=11909"}],"curies":[{"name":"wp","href":"https:\/\/api.w.org\/{rel}","templated":true}]}}