{"id":11906,"date":"2024-07-22T04:28:18","date_gmt":"2024-07-22T02:28:18","guid":{"rendered":"http:\/\/joannacholuj.pl\/?page_id=11906"},"modified":"2026-03-17T01:53:09","modified_gmt":"2026-03-17T00:53:09","slug":"duch-dzial-iii","status":"publish","type":"page","link":"http:\/\/joannacholuj.pl\/en\/duch-dzial-iii\/","title":{"rendered":"FILOZOFIA &#8211; dzia\u0142 III"},"content":{"rendered":"<p><img loading=\"lazy\" decoding=\"async\" class=\"alignnone wp-image-11702 size-full\" src=\"http:\/\/joannacholuj.pl\/wp-content\/uploads\/2024\/07\/cropped-logo-blue-red-copy-1.png\" alt=\"\" width=\"99\" height=\"75\" \/><\/p>\n<p>ONLY BOOKS WITH PRESENTED COVERS ARE AVAILABLE FOR PURCHASE.<\/p>\n<p style=\"text-align: left;\">CLICK ON THE COVER TO READ THE DESCRIPTION<\/p>\n<h3 style=\"text-align: center;\" align=\"left\"><span style=\"color: #800000;\"><span style=\"font-size: large;\"><strong>FILOZOFIA-\u00a0 DZIA\u0141 III<\/strong><\/span><\/span><\/h3>\n<p align=\"left\">\u00a0<\/p>\n\n\n<ol class=\"wp-block-list\">\n<li>1.Czym jest wieczna \u015bwiadomo\u015b\u0107 &#8211; aspekty i dzia\u0142anie Rdzenia\/\u0179r\u00f3d\u0142a<br>2.Dziewica matka babka &#8211; \u017ce\u0144ska energia i jej fazy rozwoju<br>3.Filozofia, zasady i prawa Organicznego \u015awiata Realu<br>4.Po co si\u0119 urodzi\u0142e\u015b &#8211; misja, potencja\u0142, miejsce i zadania istot w organicznym \u015bwiecie<br>5.Cia\u0142a i konsytucja istot organicznych (mikrokosmos)<br>6.Kulty i religie matrixa &#8211; czym by\u0142y, po co i dlaczego zaistnia\u0142y<br>7.Wynaturzenia \u017ce\u0144skiej i m\u0119skiej energii i ich konsekwencje<br>8.Opis i funkcjonowanie organicznego Makrokosmosu, Kosmosu i Mikrokosmosu<br>9.Ch\u0142opiec, ojciec i dziad &#8211; m\u0119ska energia i jej fazy rozwoju <br>10. How the relationship works \u2013 the work of two energies<\/li>\n<\/ol>","protected":false},"excerpt":{"rendered":"<p>DOST\u0118PNE DO KUPIENIA S\u0104 TYLKO KSI\u0104\u017bKI, KT\u00d3RE MAJ\u0104 ZAPREZENTOWANE OK\u0141ADKI. KLIKNIJ NA OK\u0141ADK\u0118, BY PRZECZYTA\u0106 OPIS FILOZOFIA-\u00a0 DZIA\u0141 III \u00a0<\/p>","protected":false},"author":2,"featured_media":14552,"parent":0,"menu_order":0,"comment_status":"closed","ping_status":"closed","template":"page-templates\/no-sidebar.php","meta":{"_bbp_topic_count":0,"_bbp_reply_count":0,"_bbp_total_topic_count":0,"_bbp_total_reply_count":0,"_bbp_voice_count":0,"_bbp_anonymous_reply_count":0,"_bbp_topic_count_hidden":0,"_bbp_reply_count_hidden":0,"_bbp_forum_subforum_count":0,"_uag_custom_page_level_css":"","footnotes":""},"class_list":["post-11906","page","type-page","status-publish","has-post-thumbnail","hentry"],"spectra_custom_meta":{"_edit_lock":["1773708792:2"],"_edit_last":["2"],"_thumbnail_id":["14552"],"_wp_page_template":["page-templates\/no-sidebar.php"],"_uag_page_assets":["a:9:{s:3:\"css\";s:263:\".uag-blocks-common-selector{z-index:var(--z-index-desktop) !important}@media (max-width: 976px){.uag-blocks-common-selector{z-index:var(--z-index-tablet) !important}}@media (max-width: 767px){.uag-blocks-common-selector{z-index:var(--z-index-mobile) !important}}\n\";s:2:\"js\";s:0:\"\";s:18:\"current_block_list\";a:3:{i:0;s:9:\"core\/list\";i:1;s:14:\"core\/list-item\";i:2;s:10:\"core\/image\";}s:8:\"uag_flag\";b:0;s:11:\"uag_version\";s:10:\"1775454065\";s:6:\"gfonts\";a:0:{}s:10:\"gfonts_url\";s:0:\"\";s:12:\"gfonts_files\";a:0:{}s:14:\"uag_faq_layout\";b:0;}"],"_uag_css_file_name":["uag-css-11906.css"]},"uagb_featured_image_src":{"full":["http:\/\/joannacholuj.pl\/wp-content\/uploads\/2026\/03\/IMG-20251112-WA0065.jpg",459,343,false],"thumbnail":["http:\/\/joannacholuj.pl\/wp-content\/uploads\/2026\/03\/IMG-20251112-WA0065-150x150.jpg",150,150,true],"medium":["http:\/\/joannacholuj.pl\/wp-content\/uploads\/2026\/03\/IMG-20251112-WA0065-300x224.jpg",300,224,true],"medium_large":["http:\/\/joannacholuj.pl\/wp-content\/uploads\/2026\/03\/IMG-20251112-WA0065.jpg",459,343,false],"large":["http:\/\/joannacholuj.pl\/wp-content\/uploads\/2026\/03\/IMG-20251112-WA0065.jpg",459,343,false],"1536x1536":["http:\/\/joannacholuj.pl\/wp-content\/uploads\/2026\/03\/IMG-20251112-WA0065.jpg",459,343,false],"2048x2048":["http:\/\/joannacholuj.pl\/wp-content\/uploads\/2026\/03\/IMG-20251112-WA0065.jpg",459,343,false],"trp-custom-language-flag":["http:\/\/joannacholuj.pl\/wp-content\/uploads\/2026\/03\/IMG-20251112-WA0065-16x12.jpg",16,12,true],"illdy-blog-list":["http:\/\/joannacholuj.pl\/wp-content\/uploads\/2026\/03\/IMG-20251112-WA0065.jpg",459,343,false],"illdy-widget-recent-posts":["http:\/\/joannacholuj.pl\/wp-content\/uploads\/2026\/03\/IMG-20251112-WA0065-70x70.jpg",70,70,true],"illdy-blog-post-related-articles":["http:\/\/joannacholuj.pl\/wp-content\/uploads\/2026\/03\/IMG-20251112-WA0065-240x206.jpg",240,206,true],"illdy-front-page-latest-news":["http:\/\/joannacholuj.pl\/wp-content\/uploads\/2026\/03\/IMG-20251112-WA0065-250x213.jpg",250,213,true],"illdy-front-page-testimonials":["http:\/\/joannacholuj.pl\/wp-content\/uploads\/2026\/03\/IMG-20251112-WA0065-127x127.jpg",127,127,true],"illdy-front-page-projects":["http:\/\/joannacholuj.pl\/wp-content\/uploads\/2026\/03\/IMG-20251112-WA0065.jpg",459,343,false],"illdy-front-page-person":["http:\/\/joannacholuj.pl\/wp-content\/uploads\/2026\/03\/IMG-20251112-WA0065-125x125.jpg",125,125,true]},"uagb_author_info":{"display_name":"Joanna Choluj","author_link":"http:\/\/joannacholuj.pl\/en\/blog\/author\/joannacholuj\/"},"uagb_comment_info":0,"uagb_excerpt":"DOST\u0118PNE DO KUPIENIA S\u0104 TYLKO KSI\u0104\u017bKI, KT\u00d3RE MAJ\u0104 ZAPREZENTOWANE OK\u0141ADKI. KLIKNIJ NA OK\u0141ADK\u0118, BY PRZECZYTA\u0106 OPIS FILOZOFIA-\u00a0 DZIA\u0141 III \u00a0","_links":{"self":[{"href":"http:\/\/joannacholuj.pl\/en\/wp-json\/wp\/v2\/pages\/11906"}],"collection":[{"href":"http:\/\/joannacholuj.pl\/en\/wp-json\/wp\/v2\/pages"}],"about":[{"href":"http:\/\/joannacholuj.pl\/en\/wp-json\/wp\/v2\/types\/page"}],"author":[{"embeddable":true,"href":"http:\/\/joannacholuj.pl\/en\/wp-json\/wp\/v2\/users\/2"}],"replies":[{"embeddable":true,"href":"http:\/\/joannacholuj.pl\/en\/wp-json\/wp\/v2\/comments?post=11906"}],"version-history":[{"count":6,"href":"http:\/\/joannacholuj.pl\/en\/wp-json\/wp\/v2\/pages\/11906\/revisions"}],"predecessor-version":[{"id":14551,"href":"http:\/\/joannacholuj.pl\/en\/wp-json\/wp\/v2\/pages\/11906\/revisions\/14551"}],"wp:featuredmedia":[{"embeddable":true,"href":"http:\/\/joannacholuj.pl\/en\/wp-json\/wp\/v2\/media\/14552"}],"wp:attachment":[{"href":"http:\/\/joannacholuj.pl\/en\/wp-json\/wp\/v2\/media?parent=11906"}],"curies":[{"name":"wp","href":"https:\/\/api.w.org\/{rel}","templated":true}]}}