{"id":11893,"date":"2024-07-22T04:00:34","date_gmt":"2024-07-22T02:00:34","guid":{"rendered":"http:\/\/joannacholuj.pl\/?page_id=11893"},"modified":"2026-03-17T01:24:03","modified_gmt":"2026-03-17T00:24:03","slug":"ksiegi-dzial-ii","status":"publish","type":"page","link":"http:\/\/joannacholuj.pl\/en\/ksiegi-dzial-ii\/","title":{"rendered":"BIOGRAFIE istot &#8211; dzia\u0142 II"},"content":{"rendered":"<p>\u00a0<\/p>\n<h4>SCROLL DOWN TO VIEW ALL BOOKS.<\/h4>\n<h4>THE BOOKS ARE ARRANGED IN A SERIES.<\/h4>\n<h4>ONLY BOOKS WITH PRESENTED COVERS ARE AVAILABLE FOR PURCHASE.<\/h4>\n<h4>CLICK ON THE COVER TO READ THE DESCRIPTION<\/h4>\n<p>IF THERE ARE NO COVERS BELOW, IT MEANS THAT THE BOOKS HAVE NOT YET BEEN PUBLISHED. Please wait patiently!<\/p>\n<h3 align=\"left\">\u00a0<\/h3>\n<h3 style=\"text-align: center;\" align=\"left\"><span style=\"color: #800000;\"><span style=\"font-size: large;\"><strong>BIOGRAFIE istot &#8211; DZIA\u0141 II.<\/strong><\/span><\/span><\/h3>\n<p align=\"left\">\u00a0<\/p>\n\n\n<ol class=\"wp-block-list\">\n<li>Rdze\u0144, Pramatka i Praojciec<\/li>\n\n\n\n<li>Stra\u017cnicy Wymiar\u00f3w Organicznego Wszech\u015bwiata<\/li>\n\n\n\n<li>Stra\u017cniczki Wymiar\u00f3w Organicznego Wszech\u015bwiata<\/li>\n\n\n\n<li>Pramatka i Kobiety Matriarchatu<\/li>\n\n\n\n<li>Historia upodlenia kobiet i dzieci w matrixie<\/li>\n\n\n\n<li>Organiczne istoty w matrixie<\/li>\n\n\n\n<li>Analiza i historia zdrady i zdrajc\u00f3w organicznego \u015bwiata<\/li>\n\n\n\n<li>Analiza sylwetki psychopaty na przyk\u0142adzie Jeszuy<\/li>\n\n\n\n<li>Lucyferia, Lola i Lilith &#8211; dlaczego je najbardziej niszczy\u0142 matrix<\/li>\n\n\n\n<li>Ozyrys, Ole, Waruna, Perun, Eugeniusz &#8211; bohateriowie wojny o odzyskanie organicznego \u015bwiata<\/li>\n<\/ol>\n\n\n\n<p><\/p>","protected":false},"excerpt":{"rendered":"<p>\u00a0 PRZEJD\u0179 PONI\u017bEJ ABY OBEJRZE\u0106 WSZYSTKIE KSI\u0104\u017bKI. KSI\u0104\u017bKI S\u0104 U\u0141O\u017bONE W SERI\u0118. DOST\u0118PNE DO KUPIENIA S\u0104 TYLKO KSI\u0104\u017bKI, KT\u00d3RE MAJ\u0104 [&hellip;]<\/p>","protected":false},"author":2,"featured_media":14546,"parent":0,"menu_order":0,"comment_status":"closed","ping_status":"closed","template":"page-templates\/no-sidebar.php","meta":{"_bbp_topic_count":0,"_bbp_reply_count":0,"_bbp_total_topic_count":0,"_bbp_total_reply_count":0,"_bbp_voice_count":0,"_bbp_anonymous_reply_count":0,"_bbp_topic_count_hidden":0,"_bbp_reply_count_hidden":0,"_bbp_forum_subforum_count":0,"_uag_custom_page_level_css":"","footnotes":""},"class_list":["post-11893","page","type-page","status-publish","has-post-thumbnail","hentry"],"spectra_custom_meta":{"_edit_lock":["1773707043:2"],"_edit_last":["2"],"_wp_page_template":["page-templates\/no-sidebar.php"],"_thumbnail_id":["14546"],"_uag_page_assets":["a:9:{s:3:\"css\";s:263:\".uag-blocks-common-selector{z-index:var(--z-index-desktop) !important}@media (max-width: 976px){.uag-blocks-common-selector{z-index:var(--z-index-tablet) !important}}@media (max-width: 767px){.uag-blocks-common-selector{z-index:var(--z-index-mobile) !important}}\n\";s:2:\"js\";s:0:\"\";s:18:\"current_block_list\";a:3:{i:0;s:9:\"core\/list\";i:1;s:14:\"core\/list-item\";i:2;s:14:\"core\/paragraph\";}s:8:\"uag_flag\";b:0;s:11:\"uag_version\";s:10:\"1775454065\";s:6:\"gfonts\";a:0:{}s:10:\"gfonts_url\";s:0:\"\";s:12:\"gfonts_files\";a:0:{}s:14:\"uag_faq_layout\";b:0;}"],"_uag_css_file_name":["uag-css-11893.css"]},"uagb_featured_image_src":{"full":["http:\/\/joannacholuj.pl\/wp-content\/uploads\/2026\/03\/Olley-1.jpeg",1000,667,false],"thumbnail":["http:\/\/joannacholuj.pl\/wp-content\/uploads\/2026\/03\/Olley-1-150x150.jpeg",150,150,true],"medium":["http:\/\/joannacholuj.pl\/wp-content\/uploads\/2026\/03\/Olley-1-300x200.jpeg",300,200,true],"medium_large":["http:\/\/joannacholuj.pl\/wp-content\/uploads\/2026\/03\/Olley-1-768x512.jpeg",640,427,true],"large":["http:\/\/joannacholuj.pl\/wp-content\/uploads\/2026\/03\/Olley-1.jpeg",640,427,false],"1536x1536":["http:\/\/joannacholuj.pl\/wp-content\/uploads\/2026\/03\/Olley-1.jpeg",1000,667,false],"2048x2048":["http:\/\/joannacholuj.pl\/wp-content\/uploads\/2026\/03\/Olley-1.jpeg",1000,667,false],"trp-custom-language-flag":["http:\/\/joannacholuj.pl\/wp-content\/uploads\/2026\/03\/Olley-1-18x12.jpeg",18,12,true],"illdy-blog-list":["http:\/\/joannacholuj.pl\/wp-content\/uploads\/2026\/03\/Olley-1-750x500.jpeg",750,500,true],"illdy-widget-recent-posts":["http:\/\/joannacholuj.pl\/wp-content\/uploads\/2026\/03\/Olley-1-70x70.jpeg",70,70,true],"illdy-blog-post-related-articles":["http:\/\/joannacholuj.pl\/wp-content\/uploads\/2026\/03\/Olley-1-240x206.jpeg",240,206,true],"illdy-front-page-latest-news":["http:\/\/joannacholuj.pl\/wp-content\/uploads\/2026\/03\/Olley-1-250x213.jpeg",250,213,true],"illdy-front-page-testimonials":["http:\/\/joannacholuj.pl\/wp-content\/uploads\/2026\/03\/Olley-1-127x127.jpeg",127,127,true],"illdy-front-page-projects":["http:\/\/joannacholuj.pl\/wp-content\/uploads\/2026\/03\/Olley-1-476x476.jpeg",476,476,true],"illdy-front-page-person":["http:\/\/joannacholuj.pl\/wp-content\/uploads\/2026\/03\/Olley-1-125x125.jpeg",125,125,true]},"uagb_author_info":{"display_name":"Joanna Choluj","author_link":"http:\/\/joannacholuj.pl\/en\/blog\/author\/joannacholuj\/"},"uagb_comment_info":0,"uagb_excerpt":"\u00a0 PRZEJD\u0179 PONI\u017bEJ ABY OBEJRZE\u0106 WSZYSTKIE KSI\u0104\u017bKI. KSI\u0104\u017bKI S\u0104 U\u0141O\u017bONE W SERI\u0118. DOST\u0118PNE DO KUPIENIA S\u0104 TYLKO KSI\u0104\u017bKI, KT\u00d3RE MAJ\u0104 [&hellip;]","_links":{"self":[{"href":"http:\/\/joannacholuj.pl\/en\/wp-json\/wp\/v2\/pages\/11893"}],"collection":[{"href":"http:\/\/joannacholuj.pl\/en\/wp-json\/wp\/v2\/pages"}],"about":[{"href":"http:\/\/joannacholuj.pl\/en\/wp-json\/wp\/v2\/types\/page"}],"author":[{"embeddable":true,"href":"http:\/\/joannacholuj.pl\/en\/wp-json\/wp\/v2\/users\/2"}],"replies":[{"embeddable":true,"href":"http:\/\/joannacholuj.pl\/en\/wp-json\/wp\/v2\/comments?post=11893"}],"version-history":[{"count":6,"href":"http:\/\/joannacholuj.pl\/en\/wp-json\/wp\/v2\/pages\/11893\/revisions"}],"predecessor-version":[{"id":14545,"href":"http:\/\/joannacholuj.pl\/en\/wp-json\/wp\/v2\/pages\/11893\/revisions\/14545"}],"wp:featuredmedia":[{"embeddable":true,"href":"http:\/\/joannacholuj.pl\/en\/wp-json\/wp\/v2\/media\/14546"}],"wp:attachment":[{"href":"http:\/\/joannacholuj.pl\/en\/wp-json\/wp\/v2\/media?parent=11893"}],"curies":[{"name":"wp","href":"https:\/\/api.w.org\/{rel}","templated":true}]}}