{"id":11806,"date":"2024-07-21T07:23:49","date_gmt":"2024-07-21T05:23:49","guid":{"rendered":"http:\/\/joannacholuj.pl\/?page_id=11806"},"modified":"2025-01-18T22:14:13","modified_gmt":"2025-01-18T21:14:13","slug":"analiza-dla-dziecka","status":"publish","type":"page","link":"http:\/\/joannacholuj.pl\/en\/analiza-dla-dziecka\/","title":{"rendered":"Analysis for a child"},"content":{"rendered":"<h3 style=\"text-align: left;\"><img loading=\"lazy\" decoding=\"async\" class=\"size-medium wp-image-11805 alignleft\" src=\"http:\/\/joannacholuj.pl\/wp-content\/uploads\/2024\/07\/IMG_2313donem-300x200.jpg\" alt=\"\" width=\"300\" height=\"200\" srcset=\"http:\/\/joannacholuj.pl\/wp-content\/uploads\/2024\/07\/IMG_2313donem-300x200.jpg 300w, http:\/\/joannacholuj.pl\/wp-content\/uploads\/2024\/07\/IMG_2313donem-768x512.jpg 768w, http:\/\/joannacholuj.pl\/wp-content\/uploads\/2024\/07\/IMG_2313donem-750x500.jpg 750w, http:\/\/joannacholuj.pl\/wp-content\/uploads\/2024\/07\/IMG_2313donem.jpg 960w\" sizes=\"(max-width: 300px) 100vw, 300px\" \/><span style=\"font-size: 16px;\">FULL HOLISTIC ANALYSIS OF YOUR CHILD'S LIFE CODE<\/span><\/h3>\n<h4><a href=\"https:\/\/sklep.joannacholuj.pl\/product\/pelna-holistyczna-analiza-kodu-matrixa-twojego-dziecka\/\">BUY<\/a><\/h4>\n<p style=\"text-align: left;\">More:<\/p>\n<p style=\"text-align: left;\">THE ANALYSIS IS IN MP3 AUDIO (YOUR CHILD WILL RECEIVE A COMPRESSED FOLDER: RECORDINGS AND IMAGES)<\/p>\n<p style=\"text-align: left;\">THIS IS AN ANALYSIS that takes a holistic view of life into account. It aims to provide basic knowledge and a practical solution to life, personality, and school-related problems and dilemmas. We will need your date, time, and place of birth, as well as a brief description of your current problem (if any).<\/p>\n<p style=\"text-align: left;\"><strong>AS PART OF THIS ANALYSIS, the child (i.e. you, the Parent) WILL GET:<\/strong><\/p>\n<p style=\"text-align: left;\">\u2013 astrological (tropical) analysis<\/p>\n<p style=\"text-align: left;\">\u2013 astrological (Vedic) analysis<\/p>\n<p style=\"text-align: left;\">(birth)<\/p>\n<p style=\"text-align: left;\">\u2013 analysis of Vedic archetypes<\/p>\n<p style=\"text-align: left;\">\u2013 numerological analysis<\/p>\n<p style=\"text-align: left;\">\u2013 analysis according to the Human Design system<\/p>\n<p>-base Mayan horoscope<\/p>\n<p style=\"text-align: left;\">\u2013 SUMMARY and tarot spread with tips<\/p>\n<p style=\"text-align: left;\">\u2013 dharma-vocation-path of life, talents and challenges, basic arrangement of energies, elements and archetypes, success in taking on the first life challenges, directions of personal development, life tasks and goals, as well as life development according to the elements and archetypes, and finally life BLOCKS to be worked through in adulthood. I then explain any ambiguities to the parent or parent with a teenage child in <a href=\"https:\/\/sklep.joannacholuj.pl\/product\/konsultacja-do-twojej-dyspozycji\/\">Consultations<\/a><\/p>\n<p dir=\"ltr\" style=\"text-align: center;\" data-placeholder=\"T\u0142umaczenie\"><strong>ATTENTION!\u00a0<\/strong><\/p>\n<p dir=\"ltr\" data-placeholder=\"T\u0142umaczenie\"><strong>\u2013&gt; The analysis is placed in a folder. It contains MP3 files and images of various layouts for your system. I send the entire analysis via WeTransfer. WeTransfer sometimes ends up in your spam folder. The analysis must be received within A few days (it is indicated how many)\u00a0<\/strong><\/p>\n<p dir=\"ltr\" data-placeholder=\"T\u0142umaczenie\">","protected":false},"excerpt":{"rendered":"<p>PE\u0141NA ANALIZA HOLISTYCZNA \u017bYCIOWEGO KODU TWOJEGO DZIECKA KUP Wi\u0119cej : ANALIZA JEST w audio MP3 (Twoje dziecko dostanie spakowany folder: [&hellip;]<\/p>","protected":false},"author":2,"featured_media":11784,"parent":0,"menu_order":0,"comment_status":"closed","ping_status":"closed","template":"","meta":{"_bbp_topic_count":0,"_bbp_reply_count":0,"_bbp_total_topic_count":0,"_bbp_total_reply_count":0,"_bbp_voice_count":0,"_bbp_anonymous_reply_count":0,"_bbp_topic_count_hidden":0,"_bbp_reply_count_hidden":0,"_bbp_forum_subforum_count":0,"_uag_custom_page_level_css":"","footnotes":""},"class_list":["post-11806","page","type-page","status-publish","has-post-thumbnail","hentry"],"spectra_custom_meta":{"_edit_lock":["1737234880:2"],"_edit_last":["2"],"_thumbnail_id":["11784"],"_wp_page_template":["default"],"_uag_page_assets":["a:9:{s:3:\"css\";s:0:\"\";s:2:\"js\";s:0:\"\";s:18:\"current_block_list\";a:0:{}s:8:\"uag_flag\";b:0;s:11:\"uag_version\";s:10:\"1775454065\";s:6:\"gfonts\";a:0:{}s:10:\"gfonts_url\";s:0:\"\";s:12:\"gfonts_files\";a:0:{}s:14:\"uag_faq_layout\";b:0;}"]},"uagb_featured_image_src":{"full":["http:\/\/joannacholuj.pl\/wp-content\/uploads\/2024\/07\/IMG_2314donem.jpg",960,640,false],"thumbnail":["http:\/\/joannacholuj.pl\/wp-content\/uploads\/2024\/07\/IMG_2314donem-150x150.jpg",150,150,true],"medium":["http:\/\/joannacholuj.pl\/wp-content\/uploads\/2024\/07\/IMG_2314donem-300x200.jpg",300,200,true],"medium_large":["http:\/\/joannacholuj.pl\/wp-content\/uploads\/2024\/07\/IMG_2314donem-768x512.jpg",640,427,true],"large":["http:\/\/joannacholuj.pl\/wp-content\/uploads\/2024\/07\/IMG_2314donem.jpg",640,427,false],"1536x1536":["http:\/\/joannacholuj.pl\/wp-content\/uploads\/2024\/07\/IMG_2314donem.jpg",960,640,false],"2048x2048":["http:\/\/joannacholuj.pl\/wp-content\/uploads\/2024\/07\/IMG_2314donem.jpg",960,640,false],"trp-custom-language-flag":["http:\/\/joannacholuj.pl\/wp-content\/uploads\/2024\/07\/IMG_2314donem.jpg",18,12,false],"illdy-blog-list":["http:\/\/joannacholuj.pl\/wp-content\/uploads\/2024\/07\/IMG_2314donem-750x500.jpg",750,500,true],"illdy-widget-recent-posts":["http:\/\/joannacholuj.pl\/wp-content\/uploads\/2024\/07\/IMG_2314donem-70x70.jpg",70,70,true],"illdy-blog-post-related-articles":["http:\/\/joannacholuj.pl\/wp-content\/uploads\/2024\/07\/IMG_2314donem-240x206.jpg",240,206,true],"illdy-front-page-latest-news":["http:\/\/joannacholuj.pl\/wp-content\/uploads\/2024\/07\/IMG_2314donem-250x213.jpg",250,213,true],"illdy-front-page-testimonials":["http:\/\/joannacholuj.pl\/wp-content\/uploads\/2024\/07\/IMG_2314donem-127x127.jpg",127,127,true],"illdy-front-page-projects":["http:\/\/joannacholuj.pl\/wp-content\/uploads\/2024\/07\/IMG_2314donem-476x476.jpg",476,476,true],"illdy-front-page-person":["http:\/\/joannacholuj.pl\/wp-content\/uploads\/2024\/07\/IMG_2314donem-125x125.jpg",125,125,true]},"uagb_author_info":{"display_name":"Joanna Choluj","author_link":"http:\/\/joannacholuj.pl\/en\/blog\/author\/joannacholuj\/"},"uagb_comment_info":0,"uagb_excerpt":"PE\u0141NA ANALIZA HOLISTYCZNA \u017bYCIOWEGO KODU TWOJEGO DZIECKA KUP Wi\u0119cej : ANALIZA JEST w audio MP3 (Twoje dziecko dostanie spakowany folder: [&hellip;]","_links":{"self":[{"href":"http:\/\/joannacholuj.pl\/en\/wp-json\/wp\/v2\/pages\/11806"}],"collection":[{"href":"http:\/\/joannacholuj.pl\/en\/wp-json\/wp\/v2\/pages"}],"about":[{"href":"http:\/\/joannacholuj.pl\/en\/wp-json\/wp\/v2\/types\/page"}],"author":[{"embeddable":true,"href":"http:\/\/joannacholuj.pl\/en\/wp-json\/wp\/v2\/users\/2"}],"replies":[{"embeddable":true,"href":"http:\/\/joannacholuj.pl\/en\/wp-json\/wp\/v2\/comments?post=11806"}],"version-history":[{"count":9,"href":"http:\/\/joannacholuj.pl\/en\/wp-json\/wp\/v2\/pages\/11806\/revisions"}],"predecessor-version":[{"id":13533,"href":"http:\/\/joannacholuj.pl\/en\/wp-json\/wp\/v2\/pages\/11806\/revisions\/13533"}],"wp:featuredmedia":[{"embeddable":true,"href":"http:\/\/joannacholuj.pl\/en\/wp-json\/wp\/v2\/media\/11784"}],"wp:attachment":[{"href":"http:\/\/joannacholuj.pl\/en\/wp-json\/wp\/v2\/media?parent=11806"}],"curies":[{"name":"wp","href":"https:\/\/api.w.org\/{rel}","templated":true}]}}