{"id":11418,"date":"2024-06-28T20:51:19","date_gmt":"2024-06-28T18:51:19","guid":{"rendered":"http:\/\/joannacholuj.pl\/?page_id=11418"},"modified":"2024-06-29T05:07:54","modified_gmt":"2024-06-29T03:07:54","slug":"compra-curso-frances-para-ninos","status":"publish","type":"page","link":"http:\/\/joannacholuj.pl\/en\/compra-curso-frances-para-ninos\/","title":{"rendered":"compra curso frances para ninos"},"content":{"rendered":"<h4 style=\"text-align: center;\">Comprar un CURSO DE FRANCES PARA NINOS<\/h4>\n<p>1. COMO Realizar un pago &#8211; elije :<\/p>\n<p>-&gt; PAYPAL &#8211; 485 soles, email: jc@joannacholuj.pl<\/p>\n<p>-&gt; 480 soles &#8211; pago a cuenta del Banco de la Nacion 04-409-194376<\/p>\n<p>Numero Cuenta Interbancario (CCI) 018-409 -004409194376-39<\/p>\n<p>-&gt; 480 soles &#8211; pago a cuenta de BCP 355-99496412-0-62<\/p>\n<p>Numero Cuenta Interbancario (CCI) 002-35519949641206263<\/p>\n<p><strong>-&gt;480soles YAPE <img loading=\"lazy\" decoding=\"async\" class=\"alignnone wp-image-11426 size-medium\" src=\"http:\/\/joannacholuj.pl\/wp-content\/uploads\/2024\/06\/WhatsApp-Image-2024-06-29-at-04.39.49-212x300.jpeg\" alt=\"\" width=\"212\" height=\"300\" srcset=\"http:\/\/joannacholuj.pl\/wp-content\/uploads\/2024\/06\/WhatsApp-Image-2024-06-29-at-04.39.49-212x300.jpeg 212w, http:\/\/joannacholuj.pl\/wp-content\/uploads\/2024\/06\/WhatsApp-Image-2024-06-29-at-04.39.49-768x1087.jpeg 768w, http:\/\/joannacholuj.pl\/wp-content\/uploads\/2024\/06\/WhatsApp-Image-2024-06-29-at-04.39.49-723x1024.jpeg 723w, http:\/\/joannacholuj.pl\/wp-content\/uploads\/2024\/06\/WhatsApp-Image-2024-06-29-at-04.39.49.jpeg 904w\" sizes=\"(max-width: 212px) 100vw, 212px\" \/><\/strong><\/p>\n<p>&nbsp;<\/p>\n<p>2. EN EL TEMA DE LA TRANSFERENCIA, escriba &#8222;DONACI\u00d3N&#8221; y a\u00f1ada el nombre exacto del producto\u00a0 .<\/p>\n<p>3. env\u00ede un correo electr\u00f3nico sobre su compra &#8211; jc@joannacholuj.pl<\/p>\n<p>4. recibir\u00e1s un correo electr\u00f3nico m\u00edo confirmando la recepci\u00f3n del dinero e informaci\u00f3n con datos del curso<\/p>\n<p>Muchas Gracias<\/p>","protected":false},"excerpt":{"rendered":"<p>Comprar un CURSO DE FRANCES PARA NINOS 1. COMO Realizar un pago &#8211; elije : -&gt; PAYPAL &#8211; 485 soles, [&hellip;]<\/p>","protected":false},"author":2,"featured_media":0,"parent":0,"menu_order":0,"comment_status":"closed","ping_status":"closed","template":"","meta":{"_bbp_topic_count":0,"_bbp_reply_count":0,"_bbp_total_topic_count":0,"_bbp_total_reply_count":0,"_bbp_voice_count":0,"_bbp_anonymous_reply_count":0,"_bbp_topic_count_hidden":0,"_bbp_reply_count_hidden":0,"_bbp_forum_subforum_count":0,"_uag_custom_page_level_css":"","footnotes":""},"class_list":["post-11418","page","type-page","status-publish","hentry"],"spectra_custom_meta":{"_edit_lock":["1725013298:2"],"_edit_last":["2"],"_wp_page_template":["default"],"_uag_page_assets":["a:9:{s:3:\"css\";s:0:\"\";s:2:\"js\";s:0:\"\";s:18:\"current_block_list\";a:0:{}s:8:\"uag_flag\";b:0;s:11:\"uag_version\";s:10:\"1776260823\";s:6:\"gfonts\";a:0:{}s:10:\"gfonts_url\";s:0:\"\";s:12:\"gfonts_files\";a:0:{}s:14:\"uag_faq_layout\";b:0;}"]},"uagb_featured_image_src":{"full":false,"thumbnail":false,"medium":false,"medium_large":false,"large":false,"1536x1536":false,"2048x2048":false,"trp-custom-language-flag":false,"illdy-blog-list":false,"illdy-widget-recent-posts":false,"illdy-blog-post-related-articles":false,"illdy-front-page-latest-news":false,"illdy-front-page-testimonials":false,"illdy-front-page-projects":false,"illdy-front-page-person":false},"uagb_author_info":{"display_name":"Joanna Choluj","author_link":"http:\/\/joannacholuj.pl\/en\/blog\/author\/joannacholuj\/"},"uagb_comment_info":0,"uagb_excerpt":"Comprar un CURSO DE FRANCES PARA NINOS 1. COMO Realizar un pago &#8211; elije : -&gt; PAYPAL &#8211; 485 soles, [&hellip;]","_links":{"self":[{"href":"http:\/\/joannacholuj.pl\/en\/wp-json\/wp\/v2\/pages\/11418"}],"collection":[{"href":"http:\/\/joannacholuj.pl\/en\/wp-json\/wp\/v2\/pages"}],"about":[{"href":"http:\/\/joannacholuj.pl\/en\/wp-json\/wp\/v2\/types\/page"}],"author":[{"embeddable":true,"href":"http:\/\/joannacholuj.pl\/en\/wp-json\/wp\/v2\/users\/2"}],"replies":[{"embeddable":true,"href":"http:\/\/joannacholuj.pl\/en\/wp-json\/wp\/v2\/comments?post=11418"}],"version-history":[{"count":3,"href":"http:\/\/joannacholuj.pl\/en\/wp-json\/wp\/v2\/pages\/11418\/revisions"}],"predecessor-version":[{"id":11443,"href":"http:\/\/joannacholuj.pl\/en\/wp-json\/wp\/v2\/pages\/11418\/revisions\/11443"}],"wp:attachment":[{"href":"http:\/\/joannacholuj.pl\/en\/wp-json\/wp\/v2\/media?parent=11418"}],"curies":[{"name":"wp","href":"https:\/\/api.w.org\/{rel}","templated":true}]}}