{"id":11408,"date":"2024-06-28T20:47:09","date_gmt":"2024-06-28T18:47:09","guid":{"rendered":"http:\/\/joannacholuj.pl\/?page_id=11408"},"modified":"2024-06-28T20:49:27","modified_gmt":"2024-06-28T18:49:27","slug":"platforma-fringla-sklep","status":"publish","type":"page","link":"http:\/\/joannacholuj.pl\/en\/platforma-fringla-sklep\/","title":{"rendered":"Platforma FrIngla sklep"},"content":{"rendered":"<p><img loading=\"lazy\" decoding=\"async\" class=\"alignnone size-thumbnail wp-image-11409 aligncenter\" src=\"http:\/\/joannacholuj.pl\/wp-content\/uploads\/2024\/06\/fringla-logo2-267x300-150x150.jpg\" alt=\"\" width=\"150\" height=\"150\" srcset=\"http:\/\/joannacholuj.pl\/wp-content\/uploads\/2024\/06\/fringla-logo2-267x300-150x150.jpg 150w, http:\/\/joannacholuj.pl\/wp-content\/uploads\/2024\/06\/fringla-logo2-267x300-70x70.jpg 70w, http:\/\/joannacholuj.pl\/wp-content\/uploads\/2024\/06\/fringla-logo2-267x300-127x127.jpg 127w, http:\/\/joannacholuj.pl\/wp-content\/uploads\/2024\/06\/fringla-logo2-267x300-125x125.jpg 125w\" sizes=\"(max-width: 150px) 100vw, 150px\" \/><\/p>\n<p style=\"text-align: center;\">ABONAMENT NA PLATFORM\u0118<\/p>\n<p style=\"text-align: center;\">350Z\u0141 od osoby miesi\u0119cznie<\/p>\n<p style=\"text-align: center;\">dost\u0119p do materia\u0142\u00f3w i wszystkich aktualnie prowadzonych kurs\u00f3w<\/p>\n<p style=\"text-align: center;\"><a href=\"http:\/\/joannacholuj.pl\/en\/wykup-abonament-na-platforme-fringla\/\">kup<\/a><\/p>\n<hr \/>\n<p>&nbsp;<\/p>\n<p><img loading=\"lazy\" decoding=\"async\" class=\"alignnone size-thumbnail wp-image-11393 aligncenter\" src=\"http:\/\/joannacholuj.pl\/wp-content\/uploads\/2024\/06\/pobierz-9-150x150.jpeg\" alt=\"\" width=\"150\" height=\"150\" srcset=\"http:\/\/joannacholuj.pl\/wp-content\/uploads\/2024\/06\/pobierz-9-150x150.jpeg 150w, http:\/\/joannacholuj.pl\/wp-content\/uploads\/2024\/06\/pobierz-9-70x70.jpeg 70w, http:\/\/joannacholuj.pl\/wp-content\/uploads\/2024\/06\/pobierz-9-127x127.jpeg 127w, http:\/\/joannacholuj.pl\/wp-content\/uploads\/2024\/06\/pobierz-9-125x125.jpeg 125w\" sizes=\"(max-width: 150px) 100vw, 150px\" \/><\/p>\n<p style=\"text-align: center;\">KURS ANGIELSKI<strong> DLA DZIECI<\/strong> ONLINE<\/p>\n<p style=\"text-align: center;\">480 zl<\/p>\n<p style=\"text-align: center;\"><a href=\"http:\/\/joannacholuj.pl\/en\/kup-kurs-angielski-dla-dzieci\/\">BUY<\/a><\/p>\n<hr \/>\n<p><img loading=\"lazy\" decoding=\"async\" class=\"alignnone size-thumbnail wp-image-11352 aligncenter\" src=\"http:\/\/joannacholuj.pl\/wp-content\/uploads\/2024\/06\/R-4-300x172-150x150.jpg\" alt=\"\" width=\"150\" height=\"150\" srcset=\"http:\/\/joannacholuj.pl\/wp-content\/uploads\/2024\/06\/R-4-300x172-150x150.jpg 150w, http:\/\/joannacholuj.pl\/wp-content\/uploads\/2024\/06\/R-4-300x172-70x70.jpg 70w, http:\/\/joannacholuj.pl\/wp-content\/uploads\/2024\/06\/R-4-300x172-127x127.jpg 127w, http:\/\/joannacholuj.pl\/wp-content\/uploads\/2024\/06\/R-4-300x172-125x125.jpg 125w\" sizes=\"(max-width: 150px) 100vw, 150px\" \/><\/p>\n<p style=\"text-align: center;\">KURS ANGIELSKI <strong>DLA NASTOLATK\u00d3W I DOROS\u0141YCH<\/strong> ONLINE&#8217;<\/p>\n<p style=\"text-align: center;\">480 zl<\/p>\n<p style=\"text-align: center;\"><a href=\"http:\/\/joannacholuj.pl\/en\/kup-kurs-angielski-dorosli-nastolatki\/\">BUY<\/a><\/p>\n<hr \/>\n<p><img loading=\"lazy\" decoding=\"async\" class=\"alignnone size-thumbnail wp-image-11395 aligncenter\" src=\"http:\/\/joannacholuj.pl\/wp-content\/uploads\/2024\/06\/pobierz-10-150x150.jpeg\" alt=\"\" width=\"150\" height=\"150\" srcset=\"http:\/\/joannacholuj.pl\/wp-content\/uploads\/2024\/06\/pobierz-10-150x150.jpeg 150w, http:\/\/joannacholuj.pl\/wp-content\/uploads\/2024\/06\/pobierz-10-70x70.jpeg 70w, http:\/\/joannacholuj.pl\/wp-content\/uploads\/2024\/06\/pobierz-10-127x127.jpeg 127w, http:\/\/joannacholuj.pl\/wp-content\/uploads\/2024\/06\/pobierz-10-125x125.jpeg 125w\" sizes=\"(max-width: 150px) 100vw, 150px\" \/><\/p>\n<p style=\"text-align: center;\">480 zl<\/p>\n<p style=\"text-align: center;\">KURS FRANCUSKI <strong>DLA DZIECI<\/strong> ONLINE<\/p>\n<p style=\"text-align: center;\"><a href=\"http:\/\/joannacholuj.pl\/en\/kup-kurs-francuski-dla-dzieci\/\">BUY<\/a><\/p>\n<p>&nbsp;<\/p>\n<hr \/>\n<p><img loading=\"lazy\" decoding=\"async\" class=\"alignnone size-thumbnail wp-image-11394 aligncenter\" src=\"http:\/\/joannacholuj.pl\/wp-content\/uploads\/2024\/06\/pobierz-8-150x150.jpeg\" alt=\"\" width=\"150\" height=\"150\" srcset=\"http:\/\/joannacholuj.pl\/wp-content\/uploads\/2024\/06\/pobierz-8-150x150.jpeg 150w, http:\/\/joannacholuj.pl\/wp-content\/uploads\/2024\/06\/pobierz-8-70x70.jpeg 70w, http:\/\/joannacholuj.pl\/wp-content\/uploads\/2024\/06\/pobierz-8-127x127.jpeg 127w, http:\/\/joannacholuj.pl\/wp-content\/uploads\/2024\/06\/pobierz-8-125x125.jpeg 125w\" sizes=\"(max-width: 150px) 100vw, 150px\" \/><\/p>\n<p style=\"text-align: center;\">KURS FRANCUSKI <strong>DLA NASTOLATK\u00d3W I DOROS\u0141YCH<\/strong> ONLINE<\/p>\n<p style=\"text-align: center;\">480 zl<\/p>\n<p style=\"text-align: center;\"><a href=\"http:\/\/joannacholuj.pl\/en\/kup-kurs-francuski-dorosli-nastolatki\/\">BUY<\/a><\/p>\n<p>&nbsp;<\/p>","protected":false},"excerpt":{"rendered":"<p>ABONAMENT NA PLATFORM\u0118 350Z\u0141 od osoby miesi\u0119cznie dost\u0119p do materia\u0142\u00f3w i wszystkich aktualnie prowadzonych kurs\u00f3w kup &nbsp; KURS ANGIELSKI DLA [&hellip;]<\/p>","protected":false},"author":2,"featured_media":0,"parent":0,"menu_order":0,"comment_status":"closed","ping_status":"closed","template":"","meta":{"_bbp_topic_count":0,"_bbp_reply_count":0,"_bbp_total_topic_count":0,"_bbp_total_reply_count":0,"_bbp_voice_count":0,"_bbp_anonymous_reply_count":0,"_bbp_topic_count_hidden":0,"_bbp_reply_count_hidden":0,"_bbp_forum_subforum_count":0,"_uag_custom_page_level_css":"","footnotes":""},"class_list":["post-11408","page","type-page","status-publish","hentry"],"spectra_custom_meta":{"_edit_lock":["1719627917:2"],"_edit_last":["2"],"_wp_page_template":["default"],"_uag_page_assets":["a:9:{s:3:\"css\";s:0:\"\";s:2:\"js\";s:0:\"\";s:18:\"current_block_list\";a:0:{}s:8:\"uag_flag\";b:0;s:11:\"uag_version\";s:10:\"1775454065\";s:6:\"gfonts\";a:0:{}s:10:\"gfonts_url\";s:0:\"\";s:12:\"gfonts_files\";a:0:{}s:14:\"uag_faq_layout\";b:0;}"]},"uagb_featured_image_src":{"full":false,"thumbnail":false,"medium":false,"medium_large":false,"large":false,"1536x1536":false,"2048x2048":false,"trp-custom-language-flag":false,"illdy-blog-list":false,"illdy-widget-recent-posts":false,"illdy-blog-post-related-articles":false,"illdy-front-page-latest-news":false,"illdy-front-page-testimonials":false,"illdy-front-page-projects":false,"illdy-front-page-person":false},"uagb_author_info":{"display_name":"Joanna Choluj","author_link":"http:\/\/joannacholuj.pl\/en\/blog\/author\/joannacholuj\/"},"uagb_comment_info":0,"uagb_excerpt":"ABONAMENT NA PLATFORM\u0118 350Z\u0141 od osoby miesi\u0119cznie dost\u0119p do materia\u0142\u00f3w i wszystkich aktualnie prowadzonych kurs\u00f3w kup &nbsp; KURS ANGIELSKI DLA [&hellip;]","_links":{"self":[{"href":"http:\/\/joannacholuj.pl\/en\/wp-json\/wp\/v2\/pages\/11408"}],"collection":[{"href":"http:\/\/joannacholuj.pl\/en\/wp-json\/wp\/v2\/pages"}],"about":[{"href":"http:\/\/joannacholuj.pl\/en\/wp-json\/wp\/v2\/types\/page"}],"author":[{"embeddable":true,"href":"http:\/\/joannacholuj.pl\/en\/wp-json\/wp\/v2\/users\/2"}],"replies":[{"embeddable":true,"href":"http:\/\/joannacholuj.pl\/en\/wp-json\/wp\/v2\/comments?post=11408"}],"version-history":[{"count":3,"href":"http:\/\/joannacholuj.pl\/en\/wp-json\/wp\/v2\/pages\/11408\/revisions"}],"predecessor-version":[{"id":11413,"href":"http:\/\/joannacholuj.pl\/en\/wp-json\/wp\/v2\/pages\/11408\/revisions\/11413"}],"wp:attachment":[{"href":"http:\/\/joannacholuj.pl\/en\/wp-json\/wp\/v2\/media?parent=11408"}],"curies":[{"name":"wp","href":"https:\/\/api.w.org\/{rel}","templated":true}]}}