{"id":11400,"date":"2024-06-28T20:38:24","date_gmt":"2024-06-28T18:38:24","guid":{"rendered":"http:\/\/joannacholuj.pl\/?page_id=11400"},"modified":"2024-06-28T20:38:24","modified_gmt":"2024-06-28T18:38:24","slug":"kup-kurs-francuski-dla-dzieci","status":"publish","type":"page","link":"http:\/\/joannacholuj.pl\/en\/kup-kurs-francuski-dla-dzieci\/","title":{"rendered":"kup kurs francuski dla dzieci"},"content":{"rendered":"<p>Kup kurs francuski dla dzieci<\/p>\n<p>&nbsp;<\/p>\n<ol>\n<li>Wp\u0142a\u0107 pieni\u0105dze<\/li>\n<\/ol>\n<p><strong>PAYPAL\u00a0 \u2013 485 z\u0142 z przesy\u0142k\u0105 (paypal pobiera dodatkowo)<\/strong><\/p>\n<div id=\"tw-target-text-container\" class=\"tw-ta-container tw-nfl\">\n<p>email:\u00a0 \u00a0jc@joannacholuj.pl<\/p>\n<p>&nbsp;<\/p>\n<\/div>\n<p><strong>PRZELEW NA KONTO BANKOWE \u2013 480 z\u0142<\/strong><\/p>\n<div id=\"tw-target-text-container\" class=\"tw-ta-container tw-nfl\">\n<p>PKO BP Joanna Cho\u0142uj\u00a0 74 1020 1097 0000 7402 0143 7458<\/p>\n<p>Kod BIC PKO Banku Polskiego SA:\u00a0BPKOPLPW<\/p>\n<p>IBAN \u2013&gt; PL74 1020 1097 0000 7402 0143 7458<\/p>\n<p><strong>W TEMACIE PRZELEWU WPISUJEMY \u201eDAROWIZNA\u201d i dodajemy dok\u0142adn\u0105 nazw\u0119 produktu.<\/strong><\/p>\n<\/div>\n<p>2. Wy\u015blij email z informacj\u0105 o zakupie \u2013 jc@joannacholuj.pl<\/p>\n<p>3. Dostaniesz ode mnie email potwierdzaj\u0105cy wp\u0142yw pieni\u0119dzy i informacj\u0119 o kursie.<\/p>","protected":false},"excerpt":{"rendered":"<p>Kup kurs francuski dla dzieci &nbsp; Wp\u0142a\u0107 pieni\u0105dze PAYPAL\u00a0 \u2013 485 z\u0142 z przesy\u0142k\u0105 (paypal pobiera dodatkowo) email:\u00a0 \u00a0jc@joannacholuj.pl &nbsp; [&hellip;]<\/p>","protected":false},"author":2,"featured_media":0,"parent":0,"menu_order":0,"comment_status":"closed","ping_status":"closed","template":"","meta":{"_bbp_topic_count":0,"_bbp_reply_count":0,"_bbp_total_topic_count":0,"_bbp_total_reply_count":0,"_bbp_voice_count":0,"_bbp_anonymous_reply_count":0,"_bbp_topic_count_hidden":0,"_bbp_reply_count_hidden":0,"_bbp_forum_subforum_count":0,"_uag_custom_page_level_css":"","footnotes":""},"class_list":["post-11400","page","type-page","status-publish","hentry"],"spectra_custom_meta":{"_edit_lock":["1719599766:2"],"_edit_last":["2"],"_wp_page_template":["default"],"_uag_page_assets":["a:9:{s:3:\"css\";s:0:\"\";s:2:\"js\";s:0:\"\";s:18:\"current_block_list\";a:0:{}s:8:\"uag_flag\";b:0;s:11:\"uag_version\";s:10:\"1775454065\";s:6:\"gfonts\";a:0:{}s:10:\"gfonts_url\";s:0:\"\";s:12:\"gfonts_files\";a:0:{}s:14:\"uag_faq_layout\";b:0;}"]},"uagb_featured_image_src":{"full":false,"thumbnail":false,"medium":false,"medium_large":false,"large":false,"1536x1536":false,"2048x2048":false,"trp-custom-language-flag":false,"illdy-blog-list":false,"illdy-widget-recent-posts":false,"illdy-blog-post-related-articles":false,"illdy-front-page-latest-news":false,"illdy-front-page-testimonials":false,"illdy-front-page-projects":false,"illdy-front-page-person":false},"uagb_author_info":{"display_name":"Joanna Choluj","author_link":"http:\/\/joannacholuj.pl\/en\/blog\/author\/joannacholuj\/"},"uagb_comment_info":0,"uagb_excerpt":"Kup kurs francuski dla dzieci &nbsp; Wp\u0142a\u0107 pieni\u0105dze PAYPAL\u00a0 \u2013 485 z\u0142 z przesy\u0142k\u0105 (paypal pobiera dodatkowo) email:\u00a0 \u00a0jc@joannacholuj.pl &nbsp; [&hellip;]","_links":{"self":[{"href":"http:\/\/joannacholuj.pl\/en\/wp-json\/wp\/v2\/pages\/11400"}],"collection":[{"href":"http:\/\/joannacholuj.pl\/en\/wp-json\/wp\/v2\/pages"}],"about":[{"href":"http:\/\/joannacholuj.pl\/en\/wp-json\/wp\/v2\/types\/page"}],"author":[{"embeddable":true,"href":"http:\/\/joannacholuj.pl\/en\/wp-json\/wp\/v2\/users\/2"}],"replies":[{"embeddable":true,"href":"http:\/\/joannacholuj.pl\/en\/wp-json\/wp\/v2\/comments?post=11400"}],"version-history":[{"count":1,"href":"http:\/\/joannacholuj.pl\/en\/wp-json\/wp\/v2\/pages\/11400\/revisions"}],"predecessor-version":[{"id":11401,"href":"http:\/\/joannacholuj.pl\/en\/wp-json\/wp\/v2\/pages\/11400\/revisions\/11401"}],"wp:attachment":[{"href":"http:\/\/joannacholuj.pl\/en\/wp-json\/wp\/v2\/media?parent=11400"}],"curies":[{"name":"wp","href":"https:\/\/api.w.org\/{rel}","templated":true}]}}