{"id":10928,"date":"2024-03-04T17:03:39","date_gmt":"2024-03-04T16:03:39","guid":{"rendered":"http:\/\/joannacholuj.pl\/?page_id=10928"},"modified":"2024-06-29T05:27:04","modified_gmt":"2024-06-29T03:27:04","slug":"compra-analisis","status":"publish","type":"page","link":"http:\/\/joannacholuj.pl\/en\/compra-analisis\/","title":{"rendered":"compra analisis"},"content":{"rendered":"<p style=\"text-align: center;\"><strong><a href=\"http:\/\/joannacholuj.pl\/en\/precios\/\">TIENDA<\/a><\/strong><\/p>\n<p style=\"text-align: center;\"><em><strong><a href=\"http:\/\/joannacholuj.pl\/en\/comunidad-apolonia\/\">COMUNIDAD APOLONIA<\/a> *<\/strong><\/em><em><strong>\u00a0<\/strong><\/em><em><strong><a href=\"http:\/\/joannacholuj.pl\/en\/escuela-fringla\/\">ESCUELA FrIngla<\/a>\u00a0* <a href=\"http:\/\/joannacholuj.pl\/en\/analisis-holistico\/\">ANALISIS HOLISTICO y CONSULTAS<\/a><\/strong><\/em><\/p>\n<p>&nbsp;<\/p>\n<p>&nbsp;<\/p>\n<h3 style=\"text-align: center;\">Tienda<br \/>\nAn\u00e1lisis y consultas hol\u00edsticas<\/h3>\n<hr \/>\n<p style=\"text-align: center;\">TODOS LOS PRODUCTOS DE ESTA TIENDA Copyright@JoannaCho\u0142uj<\/p>\n<p style=\"text-align: center;\">CONTENIDO NO DEBE SER COPIADO O DISTRIBUIDO FUERA DE ESTA TIENDA O COMPARTIDO EN INTERNET<\/p>\n<p style=\"text-align: center;\">COMPRE CON CUIDADO<\/p>\n<p style=\"text-align: center;\">NO SE ADMITEN DEVOLUCIONES<\/p>\n<hr \/>\n<p>&nbsp;<\/p>\n<p>&nbsp;<\/p>\n<p><a href=\"http:\/\/joannacholuj.pl\/en\/kup-analize-plus-konsultacje\/\"><img loading=\"lazy\" decoding=\"async\" class=\"aligncenter wp-image-10399 size-thumbnail\" src=\"http:\/\/joannacholuj.pl\/wp-content\/uploads\/2023\/12\/main-qimg-9572143bb33d029aa7eebc8bc3b3f2a1-c-150x150.jpg\" alt=\"\" width=\"150\" height=\"150\" srcset=\"http:\/\/joannacholuj.pl\/wp-content\/uploads\/2023\/12\/main-qimg-9572143bb33d029aa7eebc8bc3b3f2a1-c-150x150.jpg 150w, http:\/\/joannacholuj.pl\/wp-content\/uploads\/2023\/12\/main-qimg-9572143bb33d029aa7eebc8bc3b3f2a1-c-300x300.jpg 300w, http:\/\/joannacholuj.pl\/wp-content\/uploads\/2023\/12\/main-qimg-9572143bb33d029aa7eebc8bc3b3f2a1-c-70x70.jpg 70w, http:\/\/joannacholuj.pl\/wp-content\/uploads\/2023\/12\/main-qimg-9572143bb33d029aa7eebc8bc3b3f2a1-c-127x127.jpg 127w, http:\/\/joannacholuj.pl\/wp-content\/uploads\/2023\/12\/main-qimg-9572143bb33d029aa7eebc8bc3b3f2a1-c-476x476.jpg 476w, http:\/\/joannacholuj.pl\/wp-content\/uploads\/2023\/12\/main-qimg-9572143bb33d029aa7eebc8bc3b3f2a1-c-125x125.jpg 125w, http:\/\/joannacholuj.pl\/wp-content\/uploads\/2023\/12\/main-qimg-9572143bb33d029aa7eebc8bc3b3f2a1-c.jpg 602w\" sizes=\"(max-width: 150px) 100vw, 150px\" \/><\/a><\/p>\n<p style=\"text-align: center;\"><a href=\"http:\/\/joannacholuj.pl\/en\/compra-analisis-plus-consulta\/\">An\u00e1lisis hol\u00edstico m\u00e1s consulta 480 soles<\/a><\/p>\n<hr \/>\n<p><a href=\"http:\/\/joannacholuj.pl\/en\/kup-analize-holistyczna\/\"><img loading=\"lazy\" decoding=\"async\" class=\"aligncenter wp-image-10397 size-thumbnail\" src=\"http:\/\/joannacholuj.pl\/wp-content\/uploads\/2023\/12\/th-1-150x150.jpg\" alt=\"\" width=\"150\" height=\"150\" srcset=\"http:\/\/joannacholuj.pl\/wp-content\/uploads\/2023\/12\/th-1-150x150.jpg 150w, http:\/\/joannacholuj.pl\/wp-content\/uploads\/2023\/12\/th-1-70x70.jpg 70w, http:\/\/joannacholuj.pl\/wp-content\/uploads\/2023\/12\/th-1-127x127.jpg 127w, http:\/\/joannacholuj.pl\/wp-content\/uploads\/2023\/12\/th-1-125x125.jpg 125w\" sizes=\"(max-width: 150px) 100vw, 150px\" \/><\/a><\/p>\n<p style=\"text-align: center;\"><a href=\"http:\/\/joannacholuj.pl\/en\/compra-analisis-2\/\">An\u00e1lisis hol\u00edstico para el adulto o ni\u00f1o\u00a0350 soles<\/a><\/p>\n<hr \/>\n<p>&nbsp;<\/p>\n<p><a href=\"http:\/\/joannacholuj.pl\/en\/kup-konsultacje\/\"><img loading=\"lazy\" decoding=\"async\" class=\"aligncenter wp-image-10097 size-thumbnail\" src=\"http:\/\/joannacholuj.pl\/wp-content\/uploads\/2023\/12\/359817094_10163033555750299_3354091893263470844_n-150x150.jpg\" alt=\"\" width=\"150\" height=\"150\" srcset=\"http:\/\/joannacholuj.pl\/wp-content\/uploads\/2023\/12\/359817094_10163033555750299_3354091893263470844_n-150x150.jpg 150w, http:\/\/joannacholuj.pl\/wp-content\/uploads\/2023\/12\/359817094_10163033555750299_3354091893263470844_n-70x70.jpg 70w, http:\/\/joannacholuj.pl\/wp-content\/uploads\/2023\/12\/359817094_10163033555750299_3354091893263470844_n-127x127.jpg 127w, http:\/\/joannacholuj.pl\/wp-content\/uploads\/2023\/12\/359817094_10163033555750299_3354091893263470844_n-476x476.jpg 476w, http:\/\/joannacholuj.pl\/wp-content\/uploads\/2023\/12\/359817094_10163033555750299_3354091893263470844_n-125x125.jpg 125w\" sizes=\"(max-width: 150px) 100vw, 150px\" \/><\/a><\/p>\n<p style=\"text-align: center;\"><a href=\"http:\/\/joannacholuj.pl\/en\/compra-consulta\/\">Consulta 200 soles\u00a0<\/a><\/p>\n<hr \/>\n<p style=\"text-align: center;\">TODOS LOS PRODUCTOS DE ESTA TIENDA Copyright@JoannaCho\u0142uj<\/p>\n<p style=\"text-align: center;\">PROHIBIDO COPIAR EL CONTENIDO Y DISTRIBUIR LOS PRODUCTOS FUERA DE ESTA TIENDA Y COMPARTIRLOS EN INTERNET<\/p>\n<p style=\"text-align: center;\">COMPRE CON CUIDADO<\/p>\n<p style=\"text-align: center;\">NO SE ADMITEN DEVOLUCIONES<\/p>\n<p>&nbsp;<\/p>","protected":false},"excerpt":{"rendered":"<p>TIENDA COMUNIDAD APOLONIA *\u00a0ESCUELA FrIngla\u00a0* ANALISIS HOLISTICO y CONSULTAS &nbsp; &nbsp; Tienda An\u00e1lisis y consultas hol\u00edsticas TODOS LOS PRODUCTOS DE [&hellip;]<\/p>","protected":false},"author":2,"featured_media":0,"parent":0,"menu_order":0,"comment_status":"closed","ping_status":"closed","template":"","meta":{"_bbp_topic_count":0,"_bbp_reply_count":0,"_bbp_total_topic_count":0,"_bbp_total_reply_count":0,"_bbp_voice_count":0,"_bbp_anonymous_reply_count":0,"_bbp_topic_count_hidden":0,"_bbp_reply_count_hidden":0,"_bbp_forum_subforum_count":0,"_uag_custom_page_level_css":"","footnotes":""},"class_list":["post-10928","page","type-page","status-publish","hentry"],"spectra_custom_meta":{"_edit_lock":["1719631485:2"],"_edit_last":["2"],"_wp_page_template":["default"],"_uag_page_assets":["a:9:{s:3:\"css\";s:0:\"\";s:2:\"js\";s:0:\"\";s:18:\"current_block_list\";a:0:{}s:8:\"uag_flag\";b:0;s:11:\"uag_version\";s:10:\"1776260823\";s:6:\"gfonts\";a:0:{}s:10:\"gfonts_url\";s:0:\"\";s:12:\"gfonts_files\";a:0:{}s:14:\"uag_faq_layout\";b:0;}"]},"uagb_featured_image_src":{"full":false,"thumbnail":false,"medium":false,"medium_large":false,"large":false,"1536x1536":false,"2048x2048":false,"trp-custom-language-flag":false,"illdy-blog-list":false,"illdy-widget-recent-posts":false,"illdy-blog-post-related-articles":false,"illdy-front-page-latest-news":false,"illdy-front-page-testimonials":false,"illdy-front-page-projects":false,"illdy-front-page-person":false},"uagb_author_info":{"display_name":"Joanna Choluj","author_link":"http:\/\/joannacholuj.pl\/en\/blog\/author\/joannacholuj\/"},"uagb_comment_info":0,"uagb_excerpt":"TIENDA COMUNIDAD APOLONIA *\u00a0ESCUELA FrIngla\u00a0* ANALISIS HOLISTICO y CONSULTAS &nbsp; &nbsp; Tienda An\u00e1lisis y consultas hol\u00edsticas TODOS LOS PRODUCTOS DE [&hellip;]","_links":{"self":[{"href":"http:\/\/joannacholuj.pl\/en\/wp-json\/wp\/v2\/pages\/10928"}],"collection":[{"href":"http:\/\/joannacholuj.pl\/en\/wp-json\/wp\/v2\/pages"}],"about":[{"href":"http:\/\/joannacholuj.pl\/en\/wp-json\/wp\/v2\/types\/page"}],"author":[{"embeddable":true,"href":"http:\/\/joannacholuj.pl\/en\/wp-json\/wp\/v2\/users\/2"}],"replies":[{"embeddable":true,"href":"http:\/\/joannacholuj.pl\/en\/wp-json\/wp\/v2\/comments?post=10928"}],"version-history":[{"count":6,"href":"http:\/\/joannacholuj.pl\/en\/wp-json\/wp\/v2\/pages\/10928\/revisions"}],"predecessor-version":[{"id":11446,"href":"http:\/\/joannacholuj.pl\/en\/wp-json\/wp\/v2\/pages\/10928\/revisions\/11446"}],"wp:attachment":[{"href":"http:\/\/joannacholuj.pl\/en\/wp-json\/wp\/v2\/media?parent=10928"}],"curies":[{"name":"wp","href":"https:\/\/api.w.org\/{rel}","templated":true}]}}