{"id":10884,"date":"2024-03-04T03:26:26","date_gmt":"2024-03-04T02:26:26","guid":{"rendered":"http:\/\/joannacholuj.pl\/?page_id=10884"},"modified":"2024-06-28T18:58:17","modified_gmt":"2024-06-28T16:58:17","slug":"comunidad-apolonia","status":"publish","type":"page","link":"http:\/\/joannacholuj.pl\/en\/comunidad-apolonia\/","title":{"rendered":"Comunidad Apolonia"},"content":{"rendered":"<div id='gallery-1' class='gallery galleryid-10884 gallery-columns-3 gallery-size-thumbnail'><figure class='gallery-item'>\n\t\t\t<div class='gallery-icon landscape'>\n\t\t\t\t<img loading=\"lazy\" decoding=\"async\" width=\"150\" height=\"150\" src=\"http:\/\/joannacholuj.pl\/wp-content\/uploads\/2020\/01\/KKb-150x150.jpg\" class=\"attachment-thumbnail size-thumbnail\" alt=\"\" srcset=\"http:\/\/joannacholuj.pl\/wp-content\/uploads\/2020\/01\/KKb-150x150.jpg 150w, http:\/\/joannacholuj.pl\/wp-content\/uploads\/2020\/01\/KKb-70x70.jpg 70w, http:\/\/joannacholuj.pl\/wp-content\/uploads\/2020\/01\/KKb-127x127.jpg 127w, http:\/\/joannacholuj.pl\/wp-content\/uploads\/2020\/01\/KKb-476x476.jpg 476w, http:\/\/joannacholuj.pl\/wp-content\/uploads\/2020\/01\/KKb-125x125.jpg 125w\" sizes=\"(max-width: 150px) 100vw, 150px\" \/>\n\t\t\t<\/div><\/figure><figure class='gallery-item'>\n\t\t\t<div class='gallery-icon portrait'>\n\t\t\t\t<img loading=\"lazy\" decoding=\"async\" width=\"150\" height=\"150\" src=\"http:\/\/joannacholuj.pl\/wp-content\/uploads\/2020\/01\/LOGO-150x150.jpg\" class=\"attachment-thumbnail size-thumbnail\" alt=\"\" srcset=\"http:\/\/joannacholuj.pl\/wp-content\/uploads\/2020\/01\/LOGO-150x150.jpg 150w, http:\/\/joannacholuj.pl\/wp-content\/uploads\/2020\/01\/LOGO-70x70.jpg 70w, http:\/\/joannacholuj.pl\/wp-content\/uploads\/2020\/01\/LOGO-127x127.jpg 127w, http:\/\/joannacholuj.pl\/wp-content\/uploads\/2020\/01\/LOGO-476x476.jpg 476w, http:\/\/joannacholuj.pl\/wp-content\/uploads\/2020\/01\/LOGO-125x125.jpg 125w\" sizes=\"(max-width: 150px) 100vw, 150px\" \/>\n\t\t\t<\/div><\/figure><figure class='gallery-item'>\n\t\t\t<div class='gallery-icon landscape'>\n\t\t\t\t<img loading=\"lazy\" decoding=\"async\" width=\"150\" height=\"150\" src=\"http:\/\/joannacholuj.pl\/wp-content\/uploads\/2020\/06\/KtKb1-1024x734-150x150.jpg\" class=\"attachment-thumbnail size-thumbnail\" alt=\"\" srcset=\"http:\/\/joannacholuj.pl\/wp-content\/uploads\/2020\/06\/KtKb1-1024x734-150x150.jpg 150w, http:\/\/joannacholuj.pl\/wp-content\/uploads\/2020\/06\/KtKb1-1024x734-70x70.jpg 70w, http:\/\/joannacholuj.pl\/wp-content\/uploads\/2020\/06\/KtKb1-1024x734-127x127.jpg 127w, http:\/\/joannacholuj.pl\/wp-content\/uploads\/2020\/06\/KtKb1-1024x734-476x476.jpg 476w, http:\/\/joannacholuj.pl\/wp-content\/uploads\/2020\/06\/KtKb1-1024x734-125x125.jpg 125w\" sizes=\"(max-width: 150px) 100vw, 150px\" \/>\n\t\t\t<\/div><\/figure>\n\t\t<\/div>\n\n<h3 style=\"text-align: center;\"><strong><a href=\"http:\/\/joannacholuj.pl\/en\/precios\/\">TIENDA<\/a><\/strong><\/h3>\n<h5 style=\"text-align: center;\"><em><strong>\u00a0<a href=\"http:\/\/joannacholuj.pl\/en\/comunidad-apolonia\/\">COMUNIDAD APOLONIA &#8211; ENCUENTROS en PERU<\/a> <\/strong><\/em><\/h5>\n<h5 style=\"text-align: center;\"><em><strong><a href=\"http:\/\/joannacholuj.pl\/en\/escuela-fringla\/\">PLATFORMA EDUCATIVA FrIngla\u00a0<\/a>con cursos y materiales\u00a0<\/strong><\/em><\/h5>\n<h5 style=\"text-align: center;\"><em><strong>\u00a0<a href=\"http:\/\/joannacholuj.pl\/en\/analisis-holistico\/\">ANALISIS HOLISTICO y CONSULTAS<\/a>\u00a0y<\/strong><\/em><em><strong>\u00a0<\/strong><\/em><em><strong><a href=\"http:\/\/joannacholuj.pl\/en\/cartas\/\">CARTAS de meditation\u00a0<\/a>\u00a0<\/strong><\/em><\/h5>\n<h5 style=\"text-align: center;\"><em><strong><a href=\"http:\/\/joannacholuj.pl\/en\/curriculum-vitae-esp\/\">CURRICULUM VITAE<\/a>*\u00a0<\/strong><\/em><em><strong><a href=\"http:\/\/joannacholuj.pl\/en\/opiniones\/\">OPINIONES<\/a>\u00a0 *\u00a0\u00a0<\/strong><\/em><a href=\"http:\/\/joannacholuj.pl\/en\/sobre-mi\/\"><em><strong>SOBRE M\u00cd\u00a0<\/strong><\/em><\/a><strong><em>\u00a0* <a href=\"https:\/\/www.instagram.com\/joannacholujjclady\/\">INSTAGRAM<\/a><\/em><\/strong><\/h5>\n<p><img loading=\"lazy\" decoding=\"async\" class=\"size-thumbnail wp-image-10847 aligncenter\" src=\"http:\/\/joannacholuj.pl\/wp-content\/uploads\/2024\/02\/Screenshot_2022-07-29-18-31-33-88-1-150x150.jpg\" alt=\"\" width=\"150\" height=\"150\" srcset=\"http:\/\/joannacholuj.pl\/wp-content\/uploads\/2024\/02\/Screenshot_2022-07-29-18-31-33-88-1-150x150.jpg 150w, http:\/\/joannacholuj.pl\/wp-content\/uploads\/2024\/02\/Screenshot_2022-07-29-18-31-33-88-1-70x70.jpg 70w, http:\/\/joannacholuj.pl\/wp-content\/uploads\/2024\/02\/Screenshot_2022-07-29-18-31-33-88-1-127x127.jpg 127w, http:\/\/joannacholuj.pl\/wp-content\/uploads\/2024\/02\/Screenshot_2022-07-29-18-31-33-88-1-125x125.jpg 125w\" sizes=\"(max-width: 150px) 100vw, 150px\" \/><\/p>\n<p style=\"text-align: center;\">Comunidad de los Adoradores del Sol &#8211; APOLONIA<\/p>\n<p style=\"text-align: center;\">\u00a1\u00a1\u00a1UN PROYECTO EMERGENTE !!! \u00a1\u00a1\u00a1BIENVENIDOS A CO-CREAR !!!<\/p>\n<p style=\"text-align: center;\">La misi\u00f3n de la comuna<\/p>\n<p style=\"text-align: center;\">Somos una de las comunas de la asociaci\u00f3n religiosa polaca Seguidores del Sol. Estamos en proceso de organizaci\u00f3n y formalizaci\u00f3n de la adhesi\u00f3n.<\/p>\n<p>De la fundadora de la comuna:<\/p>\n<p>Mi nombre es Joanna Cho\u0142uj a.k.a. \u0141ada y soy una Sacerdotisa y Bruja Ario-Eslava que te asiste en los procesos de metamorfosis de vida y pensamiento y en el retorno a tu pleno poder y feminidad. Te ayudar\u00e9 a trav\u00e9s del M\u00e9todo Ario-Eslavo de Transformaci\u00f3n a comprender tu personalidad y vocaci\u00f3n, a pasar de patrones t\u00f3xicos a una personalidad sana, a crear bienestar a trav\u00e9s de las vibraciones de las palabras, a criar y educar hijos sabios y libres.<\/p>\n<p>Actuaremos formalmente con mi marido como personas espirituales en nuestra Comunidad de Seguidores del Sol APOLONIA. \u00a1Nos gustar\u00eda invitaros a REUNIONES diarias e inusuales en el C\u00edrculo!<\/p>\n<p>La comuna empezar\u00e1 en Polonia (Otwock) pero al final actuaremos como comuna en una misi\u00f3n extranjera en Per\u00fa. El lugar planeado es costa, o la costa del oc\u00e9ano en Per\u00fa, no lejos de Lima (la capital).<\/p>\n<p>Los miembros del municipio que est\u00e9n dispuestos a ir y trabajar para el municipio en Per\u00fa (estancia de al menos 3 meses) son bienvenidos a ponerse en contacto con nosotros: jc@joannacholuj.pl whatsapp +51 999 333 717<\/p>\n<p>&nbsp;<\/p>\n<p style=\"text-align: center;\">Actividades municipales<\/p>\n<p style=\"text-align: center;\">Las reuniones tienen lugar todos los d\u00edas. Pueden ser virtuales y en la vida real.<\/p>\n<p style=\"text-align: center;\">Durante la semana nos reunimos dentro de la comunidad. Una vez pagada la afiliaci\u00f3n, todos los elementos del programa son gratuitos para los miembros de la comunidad. Algunas excursiones de fin de semana (con cargo adicional) a Per\u00fa (planificamos una excursi\u00f3n de dos d\u00edas al mes).<\/p>\n<p>Reuni\u00f3n semanal &#8211; Horario<\/p>\n<p>6\/7.30 Meditaci\u00f3n guiada e independiente.<\/p>\n<p>7.30 Saludo al sol (y\u00f3guico). Yoga facial + Hatha Yoga<\/p>\n<p>8.30 Desayuno<\/p>\n<p>9.00 Clase de ingl\u00e9s, espa\u00f1ol o franc\u00e9s &#8211; ni\u00f1os<\/p>\n<p>9-14 Trabajo en la comunidad. Preparaci\u00f3n del almuerzo y cena<\/p>\n<p>14.00 Trabajo en la comunidad<\/p>\n<p>17.00 19.00 Espa\u00f1ol para adultos<\/p>\n<p>19.00 Cena<\/p>\n<p>20.00 Reuni\u00f3n de c\u00edrculo y clases de m\u00fasica\/mejora musical<\/p>\n<hr \/>\n<p style=\"text-align: center;\">Los domingos pueden asistir personas ajenas a la comunidad. Las reuniones son de pago. Las personas de la comunidad pueden asistir gratuitamente.<\/p>\n<p style=\"text-align: center;\">REUNIONES DE C\u00cdRCULO PARA TODOS<\/p>\n<p style=\"text-align: center;\">REUNI\u00d3N DE C\u00cdRCULO DE UN D\u00cdA DE DURACI\u00d3N<\/p>\n<p style=\"text-align: center;\">(aperitivos y comidas)<\/p>\n<p><strong>JING JANG &#8211; en el c\u00edrculo<\/strong> &#8211; poes\u00eda, canci\u00f3n, galer\u00eda de fotos, recibiendo un CD y un libro, charlas y meditaciones, regalo de una hermosa camiseta o falda<\/p>\n<p><strong>Del amor a la sombra y el sue\u00f1o &#8211; en c\u00edrculo<\/strong> &#8211; poes\u00eda, canci\u00f3n, galer\u00eda de fotos, charlas y meditaciones, regalo de una bonita camiseta o falda<\/p>\n<p><strong>Baladas en cuatro idiomas &#8211; en c\u00edrculo<\/strong> &#8211; canciones, canto en com\u00fan, charlas y meditaciones, regalo de una bonita camiseta o falda<\/p>\n<p><strong>Canciones de la Nueva Tierra &#8211; en c\u00edrculo<\/strong> &#8211; canciones, cantos juntos, charlas y meditaciones, regalo de una bonita camiseta o falda<\/p>\n<p><strong>La energ\u00eda femenina y masculina en nosotros &#8211; en c\u00edrculo<\/strong> &#8211; actuaci\u00f3n musical, canto conjunto, visualizaciones y ejercicios conjuntos sobre el tema de la estimulaci\u00f3n de la energ\u00eda masculina y femenina, charlas y meditaciones, regalo de una bonita camiseta o falda<\/p>\n<p><strong>equinoccio de primavera Ritual Jare Gody &#8211; en c\u00edrculo<\/strong> &#8211; aprender y cantar juntos, conferencia tem\u00e1tica, ritual, debates, adivinaci\u00f3n y meditaci\u00f3n, rito de iniciaci\u00f3n (corte y enroque) para los ni\u00f1os inscritos, regalo de una bonita camiseta o falda.<\/p>\n<p><strong>solsticio de verano Ritual Kupala &#8211; en c\u00edrculo<\/strong> &#8211; aprender y cantar juntos, conferencia tem\u00e1tica, ritual, debates, adivinaci\u00f3n y meditaci\u00f3n, rito de iniciaci\u00f3n (ceremonia de matrimonio para las parejas inscritas), regalo de una bonita camiseta o falda.<\/p>\n<p><strong>equinoccio de otono El Rito del Ancestros (Dziady) &#8211; en c\u00edrculo<\/strong> &#8211; aprender y cantar juntos, conferencia tem\u00e1tica, ritual, conversaci\u00f3n, adivinaci\u00f3n y meditaci\u00f3n (el rito de llevarse el alma para las personas inscritas), regalo de una bonita camiseta o falda<\/p>\n<p><strong>solsticio de invierno El Rito Szczodre gody\u00a0 &#8211; en c\u00edrculo<\/strong> &#8211; aprender y cantar juntos, conferencia tem\u00e1tica, ritual, conversaciones, adivinaci\u00f3n y meditaci\u00f3n (el rito de cerrar y pagar el karma familiar y la purificaci\u00f3n de la familia para los participantes inscritos), regalo de una bonita camiseta o falda<\/p>\n<p><strong>Ritual de luna llena &#8211; en c\u00edrculo<\/strong> &#8211; aprender y cantar juntos, conferencia tem\u00e1tica, ritual, charlas, adivinaci\u00f3n y meditaci\u00f3n (ritual de iniciaci\u00f3n menstrual y cierre del ciclo menstrual &#8211; menop\u00e1usico, para personas inscritas) regalo de una bonita camiseta o falda<\/p>\n<p><strong>Energ\u00eda femenina &#8211; en c\u00edrculo<\/strong> &#8211; conferencia tem\u00e1tica, canto conjunto, baile y creatividad, acceso a un curso sobre la energ\u00eda femenina (las Doce Esferas de la Vida seg\u00fan el saber antiguo), recepci\u00f3n de libros sobre la energ\u00eda femenina, recepci\u00f3n de un juego de cartas de mesa tem\u00e1tico y juego, adivinaci\u00f3n, conversaci\u00f3n y meditaci\u00f3n, regalo de una bonita camiseta o falda<\/p>\n<p><strong>Energ\u00eda masculina &#8211; en c\u00edrculo<\/strong> &#8211; conferencia tem\u00e1tica, cantar, bailar y crear juntos, recibir acceso a un curso sobre la energ\u00eda masculina (las Doce Esferas de la Vida seg\u00fan el conocimiento antiguo), recibir libros sobre el tema, recibir un juego de cartas y un juego de mesa tem\u00e1ticos, adivinaci\u00f3n, conversaci\u00f3n y meditaci\u00f3n, regalo de una bonita camiseta o falda<\/p>\n<p><strong>Equilibrio de las energ\u00edas &#8211; en c\u00edrculo<\/strong> &#8211; conferencia tem\u00e1tica, aprendizaje de los fundamentos del manejo de la espada y el bast\u00f3n (kung fu) y del trabajo con la energ\u00eda masculina (Kali) , recibiendo acceso al curso &#8222;Equilibrio de las energ\u00edas&#8221; (las Doce Esferas de la Vida seg\u00fan el conocimiento antiguo), recibiendo libros sobre el tema de la energ\u00eda masculina, recibiendo un juego de mesa y cartas tem\u00e1tico, adivinaci\u00f3n, conversaciones y meditaciones, regalo de una bonita camiseta o falda<\/p>\n<p><strong>Autocuraci\u00f3n &#8211; en c\u00edrculo<\/strong> &#8211; conferencia tem\u00e1tica, canto conjunto, acceso al curso &#8222;Autocuraci\u00f3n&#8221; (Las doce esferas de la vida seg\u00fan el conocimiento antiguo), recepci\u00f3n de libros sobre el tema de la autocuraci\u00f3n, recepci\u00f3n de un juego de cartas de mesa tem\u00e1tico y juego, adivinaci\u00f3n, consejos pr\u00e1cticos sobre el tema de la autocuraci\u00f3n y aprendizaje de los fundamentos del m\u00e9todo Reiki y Prana, visualizaci\u00f3n y meditaci\u00f3n, regalo de una bonita camiseta o falda.<\/p>\n<p><strong>El ni\u00f1o que hay en ti y en tu hijo &#8211; en c\u00edrculo<\/strong> &#8211; conferencia tem\u00e1tica, cantar juntos, recibir acceso al curso &#8222;El ni\u00f1o que hay en ti y en tu hijo&#8221; (Las doce esferas de la vida seg\u00fan el saber antiguo), recibir libros sobre el desarrollo humano, recibir un juego de cartas tem\u00e1tico y jugar, adivinaci\u00f3n, consejos pr\u00e1cticos sobre el tema, meditaci\u00f3n, regalo de una bonita camiseta o falda<\/p>\n<p><strong>Crianza y educaci\u00f3n &#8211; en c\u00edrculo &#8211; c<\/strong>onferencia tem\u00e1tica, acceso al curso &#8222;Crianza y educaci\u00f3n&#8221; (Las doce esferas de la vida seg\u00fan el saber antiguo), recepci\u00f3n de libros sobre el tema de la crianza, la educaci\u00f3n, recepci\u00f3n de un juego de cartas de mesa tem\u00e1tico y juego, consejos pr\u00e1cticos sobre el tema de la elecci\u00f3n de la educaci\u00f3n de los hijos, la educaci\u00f3n en casa y los problemas de los padres, meditaciones, charlas, regalo de una bonita camiseta o falda<\/p>\n<p><strong>Creaci\u00f3n &#8211; en c\u00edrculo<\/strong> &#8211; conferencia tem\u00e1tica, cantar y crear juntos, recibir acceso al curso &#8222;Creaci\u00f3n&#8221; (Doce esferas de la vida seg\u00fan el saber antiguo), recibir libros sobre creatividad y libros de poes\u00eda y prosa, recibir un juego<\/p>\n<p><strong>Autoconocimiento &#8211; en c\u00edrculo<\/strong> &#8211; conferencia tem\u00e1tica, acceso a un curso tem\u00e1tico sobre autoconocimiento (Las doce esferas de la vida seg\u00fan el saber antiguo), recepci\u00f3n de libros sobre el tema del autoconocimiento y el desarrollo humano, recepci\u00f3n de un juego de mesa\/tarjeta tem\u00e1tico y juego, charlas sobre astrolog\u00eda, numerolog\u00eda, tarot y autoconocimiento, meditaciones, regalo de una bonita camiseta o falda<\/p>\n<p><strong>S\u00edmbolos &#8211; en c\u00edrculo<\/strong> &#8211; conferencia tem\u00e1tica, acceso a un curso tem\u00e1tico en l\u00ednea (Los Doce Reinos de la Vida seg\u00fan el Conocimiento Antiguo), recepci\u00f3n de libros sobre el tema de los s\u00edmbolos, recepci\u00f3n de un juego de mesa\/tarjeta tem\u00e1tico y jugar, adivinaci\u00f3n y conversaci\u00f3n sobre el lenguaje, la magia, los s\u00edmbolos, la geometr\u00eda sagrada, meditaci\u00f3n, regalo de una bonita camiseta o falda<\/p>\n<p><strong>Lenguaje y magia &#8211; en c\u00edrculo<\/strong> &#8211; conferencia sobre el lenguaje, recepci\u00f3n de acceso a un curso tem\u00e1tico en l\u00ednea (Las Doce Esferas de la Vida seg\u00fan el Conocimiento Antiguo), recepci\u00f3n de libros sobre el tema del lenguaje , recepci\u00f3n de un tablero tem\u00e1tico y juego de cartas, adivinaci\u00f3n y conversaci\u00f3n sobre el lenguaje, las palabras, los nombres y la magia, meditaci\u00f3n, regalo de una bonita camiseta o falda<\/p>\n<p><strong>La Naturaleza y el Universo &#8211; en c\u00edrculo<\/strong> &#8211; conferencia tem\u00e1tica, acceso a un curso tem\u00e1tico en l\u00ednea (Las Doce Esferas de la Vida seg\u00fan el Conocimiento Antiguo), recepci\u00f3n de libros sobre el tema, recepci\u00f3n de un juego tem\u00e1tico de tablero y cartas y juego, adivinaci\u00f3n y conversaci\u00f3n sobre la naturaleza, los t\u00f3tems, la civilizaci\u00f3n, nuestro lugar en el Universo, meditaci\u00f3n, regalo de una bonita camiseta o falda<\/p>\n<p><strong>Relaci\u00f3n y familia &#8211; en c\u00edrculo<\/strong> &#8211; conferencia sobre el lenguaje, acceso a un curso tem\u00e1tico en l\u00ednea (Las doce esferas de la vida seg\u00fan el conocimiento antiguo), recepci\u00f3n de libros sobre el tema del lenguaje, recepci\u00f3n de un juego tem\u00e1tico de mesa y cartas, adivinaci\u00f3n y conversaci\u00f3n sobre nuestra familia y sus problemas, karma, meditaci\u00f3n, regalo de una bonita camiseta o falda.<\/p>\n<p><strong>Conocimientos b\u00e1sicos de la lengua &#8211; en c\u00edrculo<\/strong> &#8211; conferencia sobre la lengua, recibir acceso a un curso tem\u00e1tico en l\u00ednea (Matriz de la lengua) , recibir libros sobre el tema de la lengua y la gram\u00e1tica, recibir un juego tem\u00e1tico de mesa y cartas, adivinaci\u00f3n y conversaci\u00f3n sobre nuestra estirpe y sus problemas, karma, meditaci\u00f3n, regalo de una bonita camiseta o falda<\/p>\n<p><strong>Vocabulario &#8211; en c\u00edrculo<\/strong> &#8211; conferencia sobre el lenguaje, acceso a un curso tem\u00e1tico en l\u00ednea (Matriz del lenguaje), recepci\u00f3n de libros sobre el lenguaje y la gram\u00e1tica, recepci\u00f3n de un juego tem\u00e1tico de mesa y cartas, adivinaci\u00f3n y conversaci\u00f3n sobre nuestro linaje y sus problemas, karma, meditaci\u00f3n, regalo de una bonita camiseta o falda.<\/p>\n<p><strong>Vocabulario y variedad &#8211; en c\u00edrculo<\/strong> &#8211; conferencia sobre el lenguaje, recibiendo acceso a un curso tem\u00e1tico en l\u00ednea (Matriz del lenguaje) , recibiendo libros sobre el tema del lenguaje y la gram\u00e1tica , recibiendo un juego tem\u00e1tico de mesa y cartas, adivinaci\u00f3n y conversaci\u00f3n sobre nuestro linaje y sus problemas, karma, meditaci\u00f3n, regalo de una bonita camiseta o falda<\/p>\n<p><strong>Sintaxis &#8211; en c\u00edrculo<\/strong> &#8211; conferencia sobre el lenguaje, acceso a un curso tem\u00e1tico en l\u00ednea (Matriz del lenguaje), recepci\u00f3n de libros sobre el lenguaje y la gram\u00e1tica, recepci\u00f3n de un juego de cartas tem\u00e1tico y juego, adivinaci\u00f3n y conversaci\u00f3n sobre nuestra ascendencia y sus problemas, karma, meditaci\u00f3n, regalo de una bonita camiseta o falda.<\/p>\n<p><strong>Comparaci\u00f3n ling\u00fc\u00edstica &#8211; en c\u00edrculo<\/strong> &#8211; conferencia sobre el lenguaje, recibir acceso a un curso tem\u00e1tico en l\u00ednea (Matriz del lenguaje) , recibir libros sobre el tema del lenguaje y la gram\u00e1tica , recibir un juego tem\u00e1tico de mesa y cartas, adivinaci\u00f3n y conversaci\u00f3n sobre nuestro linaje y sus problemas, karma, meditaciones, regalo de una bonita camiseta o falda<\/p>\n<p><strong>Conocimiento profundo del lenguaje &#8211; en el c\u00edrculo<\/strong> &#8211; conferencia sobre el lenguaje, acceso a un curso tem\u00e1tico en l\u00ednea (Matriz del lenguaje), recepci\u00f3n de libros sobre el lenguaje y la gram\u00e1tica, recepci\u00f3n de un tablero tem\u00e1tico y un juego de cartas, adivinaci\u00f3n y conversaci\u00f3n sobre nuestro linaje y sus problemas, karma, meditaciones, regalo de una bonita camiseta o falda.<\/p>\n<p><strong>Arquetipos del Zodiaco &#8211; en c\u00edrculo<\/strong> &#8211; conferencia sobre el lenguaje, acceso a un curso tem\u00e1tico en l\u00ednea (Arquetipos) , recepci\u00f3n de libros sobre el tema del lenguaje y la gram\u00e1tica, recepci\u00f3n de un juego tem\u00e1tico de mesa y cartas, adivinaci\u00f3n y conversaci\u00f3n sobre nuestro linaje y sus problemas, karma, meditaciones, regalo de una bonita camiseta o falda<\/p>\n<p><strong>Arquetipos Nakshatra &#8211; en c\u00edrculo<\/strong> &#8211; conferencia sobre el lenguaje, recibir acceso a un curso tem\u00e1tico en l\u00ednea (Arquetipos) , recibir libros sobre el tema del lenguaje y la gram\u00e1tica, recibir un juego tem\u00e1tico de mesa y cartas y jugar, adivinaci\u00f3n y conversaci\u00f3n sobre nuestra ascendencia y sus problemas, karma, meditaci\u00f3n, regalo de una bonita camiseta o falda.<\/p>\n<p><strong>Arquetipos mitol\u00f3gicos &#8212; en c\u00edrculo<\/strong> &#8211; conferencia sobre el lenguaje, recibir acceso a un curso tem\u00e1tico en l\u00ednea (Arquetipos) , recibir libros sobre el tema del lenguaje y la gram\u00e1tica , recibir un juego tem\u00e1tico de mesa y cartas, adivinaci\u00f3n y conversaci\u00f3n, meditaci\u00f3n, regalo de una bonita camiseta o falda<\/p>\n<p><strong>Temperamentos y elementos &#8211; en c\u00edrculo<\/strong> &#8211; conferencia sobre el lenguaje, acceso a un curso tem\u00e1tico en l\u00ednea (Arquetipos), recepci\u00f3n de libros sobre el tema del lenguaje y la gram\u00e1tica, recepci\u00f3n de un juego tem\u00e1tico de mesa y cartas, adivinaci\u00f3n y conversaci\u00f3n, meditaci\u00f3n, regalo de una bonita camiseta o falda<\/p>\n<p><strong>Arquetipos MBTI &#8211; en c\u00edrculo<\/strong> &#8211; conferencia sobre el lenguaje, recibir acceso a un curso tem\u00e1tico en l\u00ednea (Arquetipos) , recibir libros sobre el tema del lenguaje y la gram\u00e1tica , recibir un juego de cartas de mesa tem\u00e1tico y jugar, adivinaci\u00f3n y conversaci\u00f3n, meditaci\u00f3n, regalo de una hermosa camiseta o falda<\/p>\n<p><strong>Arquetipos de la JUNG &#8211; en c\u00edrculo<\/strong> &#8211; conferencia sobre el lenguaje, acceso a un curso tem\u00e1tico en l\u00ednea (Arquetipos), recepci\u00f3n de libros sobre el lenguaje y la gram\u00e1tica, recepci\u00f3n de un juego de cartas tem\u00e1tico, adivinaci\u00f3n y conversaci\u00f3n, meditaci\u00f3n, regalo de una bonita camiseta o falda.<\/p>\n<p><strong>Astrolog\u00eda tropical &#8211; &#8211; en c\u00edrculo<\/strong> &#8211; conferencia sobre el lenguaje, recibir acceso a un curso tem\u00e1tico en l\u00ednea (Conocimiento de los Arioeslavos ) , recibir libros sobre el tema del lenguaje y la gram\u00e1tica , recibir un juego de cartas de tablero tem\u00e1tico y juego, conversaciones, meditaciones, regalo de una bonita camiseta o falda<\/p>\n<p><strong>Astrolog\u00eda v\u00e9dica &#8211; en c\u00edrculo<\/strong> &#8211; conferencia sobre la lengua, acceso a un curso tem\u00e1tico en l\u00ednea (ArioSlavic Knowledge), recepci\u00f3n de libros sobre la lengua y la gram\u00e1tica, recepci\u00f3n de un juego de cartas tem\u00e1tico, conversaci\u00f3n, meditaci\u00f3n, regalo de una bonita camiseta o falda.<\/p>\n<p><strong>Numerolog\u00eda &#8212; en c\u00edrculo<\/strong> &#8212; conferencia sobre el lenguaje, recibiendo acceso a un curso tem\u00e1tico en l\u00ednea (ArioSlavic Knowledge ) , recibiendo libros sobre el tema del lenguaje y la gram\u00e1tica , recibiendo un juego de cartas de mesa tem\u00e1tico y jugando, adivinaci\u00f3n y conversaci\u00f3n, meditaci\u00f3n, regalo de una hermosa camiseta o falda<\/p>\n<p><strong>Dise\u00f1o humano: en c\u00edrculo<\/strong> &#8211; conferencia sobre el lenguaje, acceso a un curso tem\u00e1tico en l\u00ednea (Conocimiento arioeslavo), recepci\u00f3n de libros sobre el lenguaje y la gram\u00e1tica, recepci\u00f3n de un juego de cartas tem\u00e1tico, adivinaci\u00f3n y conversaci\u00f3n, meditaci\u00f3n, regalo de una bonita camiseta o falda.<\/p>\n<p><strong>Tarot y el misterio del enfoque hol\u00edstico &#8212; en un c\u00edrculo<\/strong> &#8211; conferencia sobre el lenguaje, recibiendo acceso al curso tem\u00e1tico en l\u00ednea (Conocimiento de los ArioEslavos ) , recibiendo libros sobre el tema , recibiendo un juego de cartas de mesa tem\u00e1tico y jugar, adivinaci\u00f3n y conversaci\u00f3n, meditaci\u00f3n, regalo de una hermosa camiseta o falda<\/p>\n<p>&nbsp;<\/p>\n<p><img loading=\"lazy\" decoding=\"async\" class=\"wp-image-10848 size-full aligncenter\" src=\"http:\/\/joannacholuj.pl\/wp-content\/uploads\/2024\/02\/Screenshot_2022-07-29-18-31-33-88.jpg\" alt=\"\" width=\"294\" height=\"654\" srcset=\"http:\/\/joannacholuj.pl\/wp-content\/uploads\/2024\/02\/Screenshot_2022-07-29-18-31-33-88.jpg 294w, http:\/\/joannacholuj.pl\/wp-content\/uploads\/2024\/02\/Screenshot_2022-07-29-18-31-33-88-135x300.jpg 135w\" sizes=\"(max-width: 294px) 100vw, 294px\" \/><\/p>\n<p>&nbsp;<\/p>","protected":false},"excerpt":{"rendered":"<p>TIENDA \u00a0COMUNIDAD APOLONIA &#8211; ENCUENTROS en PERU PLATFORMA EDUCATIVA FrIngla\u00a0con cursos y materiales\u00a0 \u00a0ANALISIS HOLISTICO y CONSULTAS\u00a0y\u00a0CARTAS de meditation\u00a0\u00a0 CURRICULUM [&hellip;]<\/p>","protected":false},"author":2,"featured_media":0,"parent":0,"menu_order":0,"comment_status":"closed","ping_status":"closed","template":"","meta":{"_bbp_topic_count":0,"_bbp_reply_count":0,"_bbp_total_topic_count":0,"_bbp_total_reply_count":0,"_bbp_voice_count":0,"_bbp_anonymous_reply_count":0,"_bbp_topic_count_hidden":0,"_bbp_reply_count_hidden":0,"_bbp_forum_subforum_count":0,"_uag_custom_page_level_css":"","footnotes":""},"class_list":["post-10884","page","type-page","status-publish","hentry"],"spectra_custom_meta":{"_edit_lock":["1719593757:2"],"_edit_last":["2"],"_wp_page_template":["default"],"_uag_page_assets":["a:9:{s:3:\"css\";s:0:\"\";s:2:\"js\";s:0:\"\";s:18:\"current_block_list\";a:0:{}s:8:\"uag_flag\";b:0;s:11:\"uag_version\";s:10:\"1776260823\";s:6:\"gfonts\";a:0:{}s:10:\"gfonts_url\";s:0:\"\";s:12:\"gfonts_files\";a:0:{}s:14:\"uag_faq_layout\";b:0;}"]},"uagb_featured_image_src":{"full":false,"thumbnail":false,"medium":false,"medium_large":false,"large":false,"1536x1536":false,"2048x2048":false,"trp-custom-language-flag":false,"illdy-blog-list":false,"illdy-widget-recent-posts":false,"illdy-blog-post-related-articles":false,"illdy-front-page-latest-news":false,"illdy-front-page-testimonials":false,"illdy-front-page-projects":false,"illdy-front-page-person":false},"uagb_author_info":{"display_name":"Joanna Choluj","author_link":"http:\/\/joannacholuj.pl\/en\/blog\/author\/joannacholuj\/"},"uagb_comment_info":0,"uagb_excerpt":"TIENDA \u00a0COMUNIDAD APOLONIA &#8211; ENCUENTROS en PERU PLATFORMA EDUCATIVA FrIngla\u00a0con cursos y materiales\u00a0 \u00a0ANALISIS HOLISTICO y CONSULTAS\u00a0y\u00a0CARTAS de meditation\u00a0\u00a0 CURRICULUM [&hellip;]","_links":{"self":[{"href":"http:\/\/joannacholuj.pl\/en\/wp-json\/wp\/v2\/pages\/10884"}],"collection":[{"href":"http:\/\/joannacholuj.pl\/en\/wp-json\/wp\/v2\/pages"}],"about":[{"href":"http:\/\/joannacholuj.pl\/en\/wp-json\/wp\/v2\/types\/page"}],"author":[{"embeddable":true,"href":"http:\/\/joannacholuj.pl\/en\/wp-json\/wp\/v2\/users\/2"}],"replies":[{"embeddable":true,"href":"http:\/\/joannacholuj.pl\/en\/wp-json\/wp\/v2\/comments?post=10884"}],"version-history":[{"count":9,"href":"http:\/\/joannacholuj.pl\/en\/wp-json\/wp\/v2\/pages\/10884\/revisions"}],"predecessor-version":[{"id":11388,"href":"http:\/\/joannacholuj.pl\/en\/wp-json\/wp\/v2\/pages\/10884\/revisions\/11388"}],"wp:attachment":[{"href":"http:\/\/joannacholuj.pl\/en\/wp-json\/wp\/v2\/media?parent=10884"}],"curies":[{"name":"wp","href":"https:\/\/api.w.org\/{rel}","templated":true}]}}