{"id":10692,"date":"2024-01-13T21:58:22","date_gmt":"2024-01-13T20:58:22","guid":{"rendered":"http:\/\/joannacholuj.pl\/?page_id=10692"},"modified":"2024-03-21T04:56:55","modified_gmt":"2024-03-21T03:56:55","slug":"procesy-sklep","status":"publish","type":"page","link":"http:\/\/joannacholuj.pl\/en\/procesy-sklep\/","title":{"rendered":"procesy sklep"},"content":{"rendered":"<p style=\"text-align: left;\"><a href=\"https:\/\/joannacholuj.pl\/en\/sklep-ksiazki\/\">KUP KSI\u0104\u017bKI<\/a><\/p>\n<p style=\"text-align: left;\"><a href=\"https:\/\/joannacholuj.pl\/en\/sklep-kursyonline\/\">KUP KURSY ONLINE<\/a><\/p>\n<p style=\"text-align: left;\"><a href=\"https:\/\/joannacholuj.pl\/en\/sklep-karty-medytacyjne\/\">KUP KARTY MEDYTACYJNE<\/a><\/p>\n<p style=\"text-align: left;\"><a href=\"http:\/\/joannacholuj.pl\/en\/sklep-szkola-wiedzm\/\">KUP ZAJ\u0118CIA W SZKOLE WIED\u0179M<\/a><\/p>\n<p style=\"text-align: left;\"><a href=\"https:\/\/joannacholuj.pl\/en\/sklep-koncerty\/\">KUP SPOTKANIE W KR\u0118GU<\/a><\/p>\n<h3 style=\"text-align: center;\">Sklep<\/h3>\n<h4 style=\"text-align: center;\">Procesy u Wied\u017amy &#8211; Ario-S\u0142owia\u0144ska Transformacja \u017cycia i my\u015blenia<\/h4>\n<p><img loading=\"lazy\" decoding=\"async\" class=\"alignnone size-thumbnail wp-image-10591 aligncenter\" src=\"http:\/\/joannacholuj.pl\/wp-content\/uploads\/2023\/12\/400991640_376472871484813_8082914443758626840_n-150x150.jpg\" alt=\"\" width=\"150\" height=\"150\" srcset=\"http:\/\/joannacholuj.pl\/wp-content\/uploads\/2023\/12\/400991640_376472871484813_8082914443758626840_n-150x150.jpg 150w, http:\/\/joannacholuj.pl\/wp-content\/uploads\/2023\/12\/400991640_376472871484813_8082914443758626840_n-70x70.jpg 70w, http:\/\/joannacholuj.pl\/wp-content\/uploads\/2023\/12\/400991640_376472871484813_8082914443758626840_n-127x127.jpg 127w, http:\/\/joannacholuj.pl\/wp-content\/uploads\/2023\/12\/400991640_376472871484813_8082914443758626840_n-476x476.jpg 476w, http:\/\/joannacholuj.pl\/wp-content\/uploads\/2023\/12\/400991640_376472871484813_8082914443758626840_n-125x125.jpg 125w\" sizes=\"(max-width: 150px) 100vw, 150px\" \/><\/p>\n<hr \/>\n<h3 style=\"text-align: center;\">Kup proces u Wied\u017amy<\/h3>\n<ol>\n<li>Wp\u0142a\u0107 pieni\u0105dze<\/li>\n<\/ol>\n<p><strong>PAYPAL\u00a0 &#8211; 4800 z\u0142\u00a0 za rok , 24 spotkania<\/strong><\/p>\n<div id=\"tw-target-text-container\" class=\"tw-ta-container tw-nfl\">\n<p>email:\u00a0 \u00a0jc@joannacholuj.pl<\/p>\n<p>&nbsp;<\/p>\n<\/div>\n<p><strong>PRZELEW NA KONTO BANKOWE &#8211; 4800 z\u0142 za rok procesu 24 spotkania<\/strong><\/p>\n<div id=\"tw-target-text-container\" class=\"tw-ta-container tw-nfl\">\n<p>PKO BP Joanna Cho\u0142uj\u00a0 74 1020 1097 0000 7402 0143 7458<\/p>\n<p>Kod BIC PKO Banku Polskiego SA:\u00a0BPKOPLPW<\/p>\n<p>IBAN &#8211;&gt; PL74 1020 1097 0000 7402 0143 7458<\/p>\n<p><strong>W TEMACIE PRZELEWU WPISUJEMY &#8222;DAROWIZNA&#8221; i dodajemy dok\u0142adn\u0105 nazw\u0119 produktu (&#8222;proces&#8221;) .<\/strong><\/p>\n<\/div>\n<p>&nbsp;<\/p>\n<p>2. Wy\u015blij email z informacj\u0105 o zakupie &#8211; jc@joannacholuj.pl<\/p>\n<p>3. Dostaniesz ode mnie email potwierdzaj\u0105cy wp\u0142yw pieni\u0119dzy i informacj\u0119 na temat planu procesu<\/p>\n<p>&nbsp;<\/p>\n<p>&#8212;&gt; mo\u017cliwe s\u0105 raty<\/p>\n<p>&nbsp;<\/p>\n<p>&nbsp;<\/p>\n<p>&nbsp;<\/p>\n<hr \/>\n<p style=\"text-align: center;\"><strong>WSZYSTKIE PRODUKTY W TYM SKLEPIE Copyright@JoannaCho\u0142uj\u00a0<\/strong><\/p>\n<p style=\"text-align: center;\"><strong>ZAKAZ KOPIOWANIA TRE\u015aCI I ROZPOWSZECHNIANIA PRODUKT\u00d3W POZA TYM SKLEPEM I UDOST\u0118PNIANIA W INTERNECIE<\/strong><\/p>\n<p style=\"text-align: center;\">PROSZ\u0118 UWA\u017bNIE DOKONYWA\u0106 ZAKUPU<\/p>\n<p style=\"text-align: center;\">NIE MA MO\u017bLIWO\u015aCI ZWROTU<\/p>\n<p>&nbsp;<\/p>","protected":false},"excerpt":{"rendered":"<p>KUP KSI\u0104\u017bKI KUP KURSY ONLINE KUP KARTY MEDYTACYJNE KUP ZAJ\u0118CIA W SZKOLE WIED\u0179M KUP SPOTKANIE W KR\u0118GU Sklep Procesy u [&hellip;]<\/p>","protected":false},"author":2,"featured_media":0,"parent":0,"menu_order":0,"comment_status":"closed","ping_status":"closed","template":"","meta":{"_bbp_topic_count":0,"_bbp_reply_count":0,"_bbp_total_topic_count":0,"_bbp_total_reply_count":0,"_bbp_voice_count":0,"_bbp_anonymous_reply_count":0,"_bbp_topic_count_hidden":0,"_bbp_reply_count_hidden":0,"_bbp_forum_subforum_count":0,"_uag_custom_page_level_css":"","footnotes":""},"class_list":["post-10692","page","type-page","status-publish","hentry"],"spectra_custom_meta":{"_edit_lock":["1710993278:2"],"_edit_last":["2"],"_wp_page_template":["default"],"_uag_page_assets":["a:9:{s:3:\"css\";s:0:\"\";s:2:\"js\";s:0:\"\";s:18:\"current_block_list\";a:0:{}s:8:\"uag_flag\";b:0;s:11:\"uag_version\";s:10:\"1776190721\";s:6:\"gfonts\";a:0:{}s:10:\"gfonts_url\";s:0:\"\";s:12:\"gfonts_files\";a:0:{}s:14:\"uag_faq_layout\";b:0;}"]},"uagb_featured_image_src":{"full":false,"thumbnail":false,"medium":false,"medium_large":false,"large":false,"1536x1536":false,"2048x2048":false,"trp-custom-language-flag":false,"illdy-blog-list":false,"illdy-widget-recent-posts":false,"illdy-blog-post-related-articles":false,"illdy-front-page-latest-news":false,"illdy-front-page-testimonials":false,"illdy-front-page-projects":false,"illdy-front-page-person":false},"uagb_author_info":{"display_name":"Joanna Choluj","author_link":"http:\/\/joannacholuj.pl\/en\/blog\/author\/joannacholuj\/"},"uagb_comment_info":0,"uagb_excerpt":"KUP KSI\u0104\u017bKI KUP KURSY ONLINE KUP KARTY MEDYTACYJNE KUP ZAJ\u0118CIA W SZKOLE WIED\u0179M KUP SPOTKANIE W KR\u0118GU Sklep Procesy u [&hellip;]","_links":{"self":[{"href":"http:\/\/joannacholuj.pl\/en\/wp-json\/wp\/v2\/pages\/10692"}],"collection":[{"href":"http:\/\/joannacholuj.pl\/en\/wp-json\/wp\/v2\/pages"}],"about":[{"href":"http:\/\/joannacholuj.pl\/en\/wp-json\/wp\/v2\/types\/page"}],"author":[{"embeddable":true,"href":"http:\/\/joannacholuj.pl\/en\/wp-json\/wp\/v2\/users\/2"}],"replies":[{"embeddable":true,"href":"http:\/\/joannacholuj.pl\/en\/wp-json\/wp\/v2\/comments?post=10692"}],"version-history":[{"count":5,"href":"http:\/\/joannacholuj.pl\/en\/wp-json\/wp\/v2\/pages\/10692\/revisions"}],"predecessor-version":[{"id":11061,"href":"http:\/\/joannacholuj.pl\/en\/wp-json\/wp\/v2\/pages\/10692\/revisions\/11061"}],"wp:attachment":[{"href":"http:\/\/joannacholuj.pl\/en\/wp-json\/wp\/v2\/media?parent=10692"}],"curies":[{"name":"wp","href":"https:\/\/api.w.org\/{rel}","templated":true}]}}