{"id":10490,"date":"2023-12-15T00:38:00","date_gmt":"2023-12-14T23:38:00","guid":{"rendered":"http:\/\/joannacholuj.pl\/?page_id=10490"},"modified":"2024-05-21T23:13:00","modified_gmt":"2024-05-21T21:13:00","slug":"kup-trzeci-rok-szkoly-wiedzm-calosc","status":"publish","type":"page","link":"http:\/\/joannacholuj.pl\/en\/kup-trzeci-rok-szkoly-wiedzm-calosc\/","title":{"rendered":"KUP Trzeci rok SZKO\u0141Y WIED\u0179M &#8211; ca\u0142o\u015b\u0107\u00a0"},"content":{"rendered":"<h3 style=\"text-align: center;\">KUP Trzeci rok SZKO\u0141Y WIED\u0179M &#8211; ca\u0142o\u015b\u0107<\/h3>\n<p>&nbsp;<\/p>\n<ol>\n<li>Wp\u0142a\u0107 pieni\u0105dze<\/li>\n<\/ol>\n<p><strong>PAYPAL\u00a0 &#8211; 2010 z\u0142\u00a0 (paypal pobiera dodatkowo)<\/strong><\/p>\n<div id=\"tw-target-text-container\" class=\"tw-ta-container tw-nfl\">\n<p>email:\u00a0 \u00a0jc@joannacholuj.pl<\/p>\n<p>&nbsp;<\/p>\n<\/div>\n<p><strong>PRZELEW NA KONTO BANKOWE &#8211; 2000 z\u0142\u00a0<\/strong><\/p>\n<div id=\"tw-target-text-container\" class=\"tw-ta-container tw-nfl\">\n<p>PKO BP Joanna Cho\u0142uj\u00a0 74 1020 1097 0000 7402 0143 7458<\/p>\n<p>Kod BIC PKO Banku Polskiego SA:\u00a0BPKOPLPW<\/p>\n<p>IBAN &#8211;&gt; PL74 1020 1097 0000 7402 0143 7458<\/p>\n<p><strong>W TEMACIE PRZELEWU WPISUJEMY &#8222;DAROWIZNA&#8221; i dodajemy dok\u0142adn\u0105 nazw\u0119 produktu\u00a0<\/strong><\/p>\n<\/div>\n<p>&nbsp;<\/p>\n<p>2. Wy\u015blij email z informacj\u0105 o zakupie &#8211; jc@joannacholuj.pl<\/p>\n<p>3. Dostaniesz ode mnie email potwierdzaj\u0105cy wp\u0142yw pieni\u0119dzy i zapis do szko\u0142y.<\/p>\n<hr \/>\n<p>Mo\u017cesz te\u017c wys\u0142a\u0107 w dwu ratach<\/p>\n<p>Dzi\u0119kuj\u0119<\/p>\n<p>&nbsp;<\/p>\n<p>&nbsp;<\/p>","protected":false},"excerpt":{"rendered":"<p>KUP Trzeci rok SZKO\u0141Y WIED\u0179M &#8211; ca\u0142o\u015b\u0107 &nbsp; Wp\u0142a\u0107 pieni\u0105dze PAYPAL\u00a0 &#8211; 2010 z\u0142\u00a0 (paypal pobiera dodatkowo) email:\u00a0 \u00a0jc@joannacholuj.pl &nbsp; [&hellip;]<\/p>","protected":false},"author":2,"featured_media":0,"parent":0,"menu_order":0,"comment_status":"closed","ping_status":"closed","template":"","meta":{"_bbp_topic_count":0,"_bbp_reply_count":0,"_bbp_total_topic_count":0,"_bbp_total_reply_count":0,"_bbp_voice_count":0,"_bbp_anonymous_reply_count":0,"_bbp_topic_count_hidden":0,"_bbp_reply_count_hidden":0,"_bbp_forum_subforum_count":0,"_uag_custom_page_level_css":"","footnotes":""},"class_list":["post-10490","page","type-page","status-publish","hentry"],"spectra_custom_meta":{"_edit_lock":["1716325983:2"],"_edit_last":["2"],"_wp_page_template":["default"],"_uag_page_assets":["a:9:{s:3:\"css\";s:0:\"\";s:2:\"js\";s:0:\"\";s:18:\"current_block_list\";a:0:{}s:8:\"uag_flag\";b:0;s:11:\"uag_version\";s:10:\"1776190721\";s:6:\"gfonts\";a:0:{}s:10:\"gfonts_url\";s:0:\"\";s:12:\"gfonts_files\";a:0:{}s:14:\"uag_faq_layout\";b:0;}"]},"uagb_featured_image_src":{"full":false,"thumbnail":false,"medium":false,"medium_large":false,"large":false,"1536x1536":false,"2048x2048":false,"trp-custom-language-flag":false,"illdy-blog-list":false,"illdy-widget-recent-posts":false,"illdy-blog-post-related-articles":false,"illdy-front-page-latest-news":false,"illdy-front-page-testimonials":false,"illdy-front-page-projects":false,"illdy-front-page-person":false},"uagb_author_info":{"display_name":"Joanna Choluj","author_link":"http:\/\/joannacholuj.pl\/en\/blog\/author\/joannacholuj\/"},"uagb_comment_info":0,"uagb_excerpt":"KUP Trzeci rok SZKO\u0141Y WIED\u0179M &#8211; ca\u0142o\u015b\u0107 &nbsp; Wp\u0142a\u0107 pieni\u0105dze PAYPAL\u00a0 &#8211; 2010 z\u0142\u00a0 (paypal pobiera dodatkowo) email:\u00a0 \u00a0jc@joannacholuj.pl &nbsp; [&hellip;]","_links":{"self":[{"href":"http:\/\/joannacholuj.pl\/en\/wp-json\/wp\/v2\/pages\/10490"}],"collection":[{"href":"http:\/\/joannacholuj.pl\/en\/wp-json\/wp\/v2\/pages"}],"about":[{"href":"http:\/\/joannacholuj.pl\/en\/wp-json\/wp\/v2\/types\/page"}],"author":[{"embeddable":true,"href":"http:\/\/joannacholuj.pl\/en\/wp-json\/wp\/v2\/users\/2"}],"replies":[{"embeddable":true,"href":"http:\/\/joannacholuj.pl\/en\/wp-json\/wp\/v2\/comments?post=10490"}],"version-history":[{"count":3,"href":"http:\/\/joannacholuj.pl\/en\/wp-json\/wp\/v2\/pages\/10490\/revisions"}],"predecessor-version":[{"id":11299,"href":"http:\/\/joannacholuj.pl\/en\/wp-json\/wp\/v2\/pages\/10490\/revisions\/11299"}],"wp:attachment":[{"href":"http:\/\/joannacholuj.pl\/en\/wp-json\/wp\/v2\/media?parent=10490"}],"curies":[{"name":"wp","href":"https:\/\/api.w.org\/{rel}","templated":true}]}}