{"id":10434,"date":"2023-12-14T02:27:59","date_gmt":"2023-12-14T01:27:59","guid":{"rendered":"http:\/\/joannacholuj.pl\/?page_id=10434"},"modified":"2024-04-07T04:05:35","modified_gmt":"2024-04-07T02:05:35","slug":"kup-kurs-matryca-jezyka-cz-4","status":"publish","type":"page","link":"http:\/\/joannacholuj.pl\/en\/kup-kurs-matryca-jezyka-cz-4\/","title":{"rendered":"Kup Kurs Matryca J\u0119zyka cz 4"},"content":{"rendered":"<h3 style=\"text-align: center;\">Kup Kurs Matryca J\u0119zyka cz 4<\/h3>\n<ol>\n<li>Wp\u0142a\u0107 pieni\u0105dze<\/li>\n<\/ol>\n<p><strong>PAYPAL\u00a0 &#8211; 200 z\u0142<\/strong><\/p>\n<div id=\"tw-target-text-container\" class=\"tw-ta-container tw-nfl\">\n<p>email:\u00a0 \u00a0jc@joannacholuj.pl<\/p>\n<p>&nbsp;<\/p>\n<\/div>\n<p><strong>PRZELEW NA KONTO BANKOWE &#8211; 200 z\u0142\u00a0<\/strong><\/p>\n<div id=\"tw-target-text-container\" class=\"tw-ta-container tw-nfl\">\n<p>PKO BP Joanna Cho\u0142uj\u00a0 74 1020 1097 0000 7402 0143 7458<\/p>\n<p>Kod BIC PKO Banku Polskiego SA:\u00a0BPKOPLPW<\/p>\n<p>IBAN &#8211;&gt; PL74 1020 1097 0000 7402 0143 7458<\/p>\n<p><strong>W TEMACIE PRZELEWU WPISUJEMY &#8222;DAROWIZNA&#8221; i dodajemy dok\u0142adn\u0105 nazw\u0119 produktu.<\/strong><\/p>\n<\/div>\n<p>&nbsp;<\/p>\n<p>2. Wy\u015blij email z informacj\u0105 o zakupie &#8211; jc@joannacholuj.pl<\/p>\n<p>3. Dostaniesz ode mnie email potwierdzaj\u0105cy wp\u0142yw pieni\u0119dzy i email z kursem .<\/p>\n<hr \/>\n<p>&nbsp;<\/p>\n<p>Dzi\u0119kuj\u0119<\/p>\n<p>&nbsp;<\/p>\n<p>&nbsp;<\/p>","protected":false},"excerpt":{"rendered":"<p>Kup Kurs Matryca J\u0119zyka cz 4 Wp\u0142a\u0107 pieni\u0105dze PAYPAL\u00a0 &#8211; 200 z\u0142 email:\u00a0 \u00a0jc@joannacholuj.pl &nbsp; PRZELEW NA KONTO BANKOWE &#8211; [&hellip;]<\/p>","protected":false},"author":2,"featured_media":0,"parent":0,"menu_order":0,"comment_status":"closed","ping_status":"closed","template":"","meta":{"_bbp_topic_count":0,"_bbp_reply_count":0,"_bbp_total_topic_count":0,"_bbp_total_reply_count":0,"_bbp_voice_count":0,"_bbp_anonymous_reply_count":0,"_bbp_topic_count_hidden":0,"_bbp_reply_count_hidden":0,"_bbp_forum_subforum_count":0,"_uag_custom_page_level_css":"","footnotes":""},"class_list":["post-10434","page","type-page","status-publish","hentry"],"spectra_custom_meta":{"_edit_lock":["1719281475:2"],"_edit_last":["2"],"_wp_page_template":["default"],"_uag_page_assets":["a:9:{s:3:\"css\";s:0:\"\";s:2:\"js\";s:0:\"\";s:18:\"current_block_list\";a:0:{}s:8:\"uag_flag\";b:0;s:11:\"uag_version\";s:10:\"1776190721\";s:6:\"gfonts\";a:0:{}s:10:\"gfonts_url\";s:0:\"\";s:12:\"gfonts_files\";a:0:{}s:14:\"uag_faq_layout\";b:0;}"]},"uagb_featured_image_src":{"full":false,"thumbnail":false,"medium":false,"medium_large":false,"large":false,"1536x1536":false,"2048x2048":false,"trp-custom-language-flag":false,"illdy-blog-list":false,"illdy-widget-recent-posts":false,"illdy-blog-post-related-articles":false,"illdy-front-page-latest-news":false,"illdy-front-page-testimonials":false,"illdy-front-page-projects":false,"illdy-front-page-person":false},"uagb_author_info":{"display_name":"Joanna Choluj","author_link":"http:\/\/joannacholuj.pl\/en\/blog\/author\/joannacholuj\/"},"uagb_comment_info":0,"uagb_excerpt":"Kup Kurs Matryca J\u0119zyka cz 4 Wp\u0142a\u0107 pieni\u0105dze PAYPAL\u00a0 &#8211; 200 z\u0142 email:\u00a0 \u00a0jc@joannacholuj.pl &nbsp; PRZELEW NA KONTO BANKOWE &#8211; [&hellip;]","_links":{"self":[{"href":"http:\/\/joannacholuj.pl\/en\/wp-json\/wp\/v2\/pages\/10434"}],"collection":[{"href":"http:\/\/joannacholuj.pl\/en\/wp-json\/wp\/v2\/pages"}],"about":[{"href":"http:\/\/joannacholuj.pl\/en\/wp-json\/wp\/v2\/types\/page"}],"author":[{"embeddable":true,"href":"http:\/\/joannacholuj.pl\/en\/wp-json\/wp\/v2\/users\/2"}],"replies":[{"embeddable":true,"href":"http:\/\/joannacholuj.pl\/en\/wp-json\/wp\/v2\/comments?post=10434"}],"version-history":[{"count":4,"href":"http:\/\/joannacholuj.pl\/en\/wp-json\/wp\/v2\/pages\/10434\/revisions"}],"predecessor-version":[{"id":11105,"href":"http:\/\/joannacholuj.pl\/en\/wp-json\/wp\/v2\/pages\/10434\/revisions\/11105"}],"wp:attachment":[{"href":"http:\/\/joannacholuj.pl\/en\/wp-json\/wp\/v2\/media?parent=10434"}],"curies":[{"name":"wp","href":"https:\/\/api.w.org\/{rel}","templated":true}]}}