{"id":10374,"date":"2023-12-13T19:37:28","date_gmt":"2023-12-13T18:37:28","guid":{"rendered":"http:\/\/joannacholuj.pl\/?page_id=10374"},"modified":"2024-08-30T05:48:27","modified_gmt":"2024-08-30T03:48:27","slug":"kup-gramatyka-porownawcza-2-w-elektro","status":"publish","type":"page","link":"http:\/\/joannacholuj.pl\/en\/kup-gramatyka-porownawcza-2-w-elektro\/","title":{"rendered":"Kup Gramatyka por\u00f3wnawcza tom 2 elektroniczna"},"content":{"rendered":"<h3 style=\"text-align: center;\">ZAP\u0141A\u0106 ZA KSI\u0104\u017bK\u0118 PDF<\/h3>\n<p>14 USD. 50 PLN. 50 PEN<\/p>\n<p>Paypal jc@joannacholuj.pl<\/p>\n<p><strong>Paypal -&gt; WYBIERZ OPCJ\u0118 TYLE MA WEJ\u015a\u0106 NA MOJE KONTO nie ! TYLE WYSY\u0141ASZ\u00a0\u00a0(ewentualne przewalutowanie)<\/strong><\/p>\n<h4 style=\"text-align: center;\"><strong>P\u0141ATNO\u015aCI NATYCHMIASTOWE ONLINE<\/strong><\/h4>\n<form action=\"https:\/\/www.paypal.com\/cgi-bin\/webscr\" method=\"post\" target=\"_blank\"><input name=\"currency_code\" type=\"hidden\" value=\"USD\" \/><\/p>\n<\/form>\n<form action=\"https:\/\/www.paypal.com\/cgi-bin\/webscr\" method=\"post\" target=\"_blank\"><input name=\"cmd\" type=\"hidden\" value=\"_s-xclick\" \/> 14 USD.<br \/>\n<input name=\"hosted_button_id\" type=\"hidden\" value=\"R2GFQRDM2KJES\" \/><br \/>\n<input name=\"currency_code\" type=\"hidden\" value=\"USD\" \/><br \/>\n<input title=\"PayPal - The safer, easier way to pay online!\" alt=\"Add to Cart\" name=\"submit\" src=\"http:\/\/joannacholuj.pl\/wp-content\/uploads\/2024\/08\/paypal.jpg\" type=\"image\" \/><\/form>\n<form action=\"https:\/\/www.paypal.com\/cgi-bin\/webscr\" method=\"post\" target=\"_blank\"><img loading=\"lazy\" decoding=\"async\" class=\"alignnone size-medium wp-image-12367\" src=\"http:\/\/joannacholuj.pl\/wp-content\/uploads\/2024\/08\/WhatsApp-Image-2024-08-24-at-03.57.20-212x300.jpeg\" alt=\"\" width=\"212\" height=\"300\" srcset=\"http:\/\/joannacholuj.pl\/wp-content\/uploads\/2024\/08\/WhatsApp-Image-2024-08-24-at-03.57.20-212x300.jpeg 212w, http:\/\/joannacholuj.pl\/wp-content\/uploads\/2024\/08\/WhatsApp-Image-2024-08-24-at-03.57.20-768x1087.jpeg 768w, http:\/\/joannacholuj.pl\/wp-content\/uploads\/2024\/08\/WhatsApp-Image-2024-08-24-at-03.57.20-723x1024.jpeg 723w, http:\/\/joannacholuj.pl\/wp-content\/uploads\/2024\/08\/WhatsApp-Image-2024-08-24-at-03.57.20.jpeg 904w\" sizes=\"(max-width: 212px) 100vw, 212px\" \/><\/p>\n<p>50 PEN<\/p>\n<hr \/>\n<p>SKANUJ KONTO -&gt; 50 PLN -&gt;<\/p>\n<p>PKO BP Joanna Cho\u0142uj\u00a0 74 1020 1097 0000 7402 0143 7458<\/p>\n<p>W TEMACIE PRZELEWU WPISUJEMY &#8222;DAROWIZNA<\/p>\n<p>&nbsp;<\/p>\n<h4 style=\"text-align: center;\"><strong>P\u0141ATNO\u015aCI R\u0118CZNE<\/strong><\/h4>\n<h4 style=\"text-align: center;\"><strong>(ZR\u00d3B PRZELEW ONLINE LUB WP\u0141A\u0106 MI GOT\u00d3WK\u0118 NA KONTO)\u00a0<\/strong><\/h4>\n<h4 style=\"text-align: center;\"><strong>MUSISZ WYS\u0141A\u0106 MI POTWIERDZENIE P\u0141ATNO\u015aCI EMAILEM w CI\u0104GU 24H<\/strong><\/h4>\n<p>&nbsp;<\/p>\n<p>&#8212;&#8212;&#8212;&#8212;&#8212;&#8212;&#8212;&#8212;&#8212;&#8212;&#8212;&#8212;&#8212;&#8212;&#8212;&#8212;&#8212;&#8212;&#8212;&#8212;&#8212;&#8212;&#8212;&#8212;<\/p>\n<p>POLSKI BANK &#8211; PRZELEW NA KONTO BANKOWE &#8211; 14 USD. 50 PLN. 50 PEN<\/p>\n<p>PKO BP Joanna Cho\u0142uj\u00a0 74 1020 1097 0000 7402 0143 7458<\/p>\n<p>W TEMACIE PRZELEWU WPISUJEMY &#8222;DAROWIZNA&#8221;<\/p>\n<p>&#8212;&#8212;&#8212;&#8212;&#8212;&#8212;&#8212;&#8212;&#8212;&#8212;&#8212;&#8212;&#8212;&#8212;&#8212;&#8212;&#8212;&#8212;&#8212;&#8212;&#8212;&#8212;&#8212;&#8211;<\/p>\n<p>BANK PERU- PRZELEW NA KONTO BANKOWE -14 USD. 50 PLN. 50 PEN<\/p>\n<p>BANCO DE LA NATION &#8211; Joanna Choluj &#8211; 04-409-194376<\/p>\n<p>W TEMACIE PRZELEWU WPISUJEMY &#8222;DAROWIZNA&#8221;<\/p>\n<hr \/>\n<p style=\"text-align: center;\">Je\u015bli masz problemy z p\u0142atno\u015bci\u0105 lub wybraniem terminu wysy\u0142ki, NAPISZ DO MNIE.<\/p>\n<p><a href=\"mailto: jc@joannacholuj.pl\"><img loading=\"lazy\" decoding=\"async\" class=\"aligncenter wp-image-12358\" src=\"http:\/\/joannacholuj.pl\/wp-content\/uploads\/2024\/08\/pobierz-1.png\" alt=\"\" width=\"146\" height=\"146\" srcset=\"http:\/\/joannacholuj.pl\/wp-content\/uploads\/2024\/08\/pobierz-1.png 225w, http:\/\/joannacholuj.pl\/wp-content\/uploads\/2024\/08\/pobierz-1-150x150.png 150w, http:\/\/joannacholuj.pl\/wp-content\/uploads\/2024\/08\/pobierz-1-70x70.png 70w, http:\/\/joannacholuj.pl\/wp-content\/uploads\/2024\/08\/pobierz-1-127x127.png 127w, http:\/\/joannacholuj.pl\/wp-content\/uploads\/2024\/08\/pobierz-1-125x125.png 125w\" sizes=\"(max-width: 146px) 100vw, 146px\" \/><\/a><\/p>\n<\/form>","protected":false},"excerpt":{"rendered":"<p>ZAP\u0141A\u0106 ZA KSI\u0104\u017bK\u0118 PDF 14 USD. 50 PLN. 50 PEN Paypal jc@joannacholuj.pl Paypal -&gt; WYBIERZ OPCJ\u0118 TYLE MA WEJ\u015a\u0106 NA [&hellip;]<\/p>","protected":false},"author":2,"featured_media":0,"parent":0,"menu_order":0,"comment_status":"closed","ping_status":"closed","template":"","meta":{"_bbp_topic_count":0,"_bbp_reply_count":0,"_bbp_total_topic_count":0,"_bbp_total_reply_count":0,"_bbp_voice_count":0,"_bbp_anonymous_reply_count":0,"_bbp_topic_count_hidden":0,"_bbp_reply_count_hidden":0,"_bbp_forum_subforum_count":0,"_uag_custom_page_level_css":"","footnotes":""},"class_list":["post-10374","page","type-page","status-publish","hentry"],"spectra_custom_meta":{"_edit_lock":["1724989571:2"],"_edit_last":["2"],"_wp_page_template":["default"],"_uag_page_assets":["a:9:{s:3:\"css\";s:0:\"\";s:2:\"js\";s:0:\"\";s:18:\"current_block_list\";a:0:{}s:8:\"uag_flag\";b:0;s:11:\"uag_version\";s:10:\"1775023275\";s:6:\"gfonts\";a:0:{}s:10:\"gfonts_url\";s:0:\"\";s:12:\"gfonts_files\";a:0:{}s:14:\"uag_faq_layout\";b:0;}"]},"uagb_featured_image_src":{"full":false,"thumbnail":false,"medium":false,"medium_large":false,"large":false,"1536x1536":false,"2048x2048":false,"trp-custom-language-flag":false,"illdy-blog-list":false,"illdy-widget-recent-posts":false,"illdy-blog-post-related-articles":false,"illdy-front-page-latest-news":false,"illdy-front-page-testimonials":false,"illdy-front-page-projects":false,"illdy-front-page-person":false},"uagb_author_info":{"display_name":"Joanna Choluj","author_link":"http:\/\/joannacholuj.pl\/en\/blog\/author\/joannacholuj\/"},"uagb_comment_info":0,"uagb_excerpt":"ZAP\u0141A\u0106 ZA KSI\u0104\u017bK\u0118 PDF 14 USD. 50 PLN. 50 PEN Paypal jc@joannacholuj.pl Paypal -&gt; WYBIERZ OPCJ\u0118 TYLE MA WEJ\u015a\u0106 NA [&hellip;]","_links":{"self":[{"href":"http:\/\/joannacholuj.pl\/en\/wp-json\/wp\/v2\/pages\/10374"}],"collection":[{"href":"http:\/\/joannacholuj.pl\/en\/wp-json\/wp\/v2\/pages"}],"about":[{"href":"http:\/\/joannacholuj.pl\/en\/wp-json\/wp\/v2\/types\/page"}],"author":[{"embeddable":true,"href":"http:\/\/joannacholuj.pl\/en\/wp-json\/wp\/v2\/users\/2"}],"replies":[{"embeddable":true,"href":"http:\/\/joannacholuj.pl\/en\/wp-json\/wp\/v2\/comments?post=10374"}],"version-history":[{"count":7,"href":"http:\/\/joannacholuj.pl\/en\/wp-json\/wp\/v2\/pages\/10374\/revisions"}],"predecessor-version":[{"id":12750,"href":"http:\/\/joannacholuj.pl\/en\/wp-json\/wp\/v2\/pages\/10374\/revisions\/12750"}],"wp:attachment":[{"href":"http:\/\/joannacholuj.pl\/en\/wp-json\/wp\/v2\/media?parent=10374"}],"curies":[{"name":"wp","href":"https:\/\/api.w.org\/{rel}","templated":true}]}}