{"id":10281,"date":"2023-12-13T06:00:51","date_gmt":"2023-12-13T05:00:51","guid":{"rendered":"http:\/\/joannacholuj.pl\/?page_id=10281"},"modified":"2024-08-30T00:00:32","modified_gmt":"2024-08-29T22:00:32","slug":"kup-analize-holistyczna","status":"publish","type":"page","link":"http:\/\/joannacholuj.pl\/en\/kup-analize-holistyczna\/","title":{"rendered":"Kup PE\u0141NA KOMPLETNA\u00a0ANALIZA TWOJEGO KODU \u017bYCIOWEGO\u00a0"},"content":{"rendered":"<h3 style=\"text-align: center;\">PODAJ SWOJE DANE I WYBIERZ TERMIN ODBIORU PE\u0141NEJ ANALIZY HOLISTYCZNEJ<\/h3>\n<p style=\"text-align: center;\">Wype\u0142nienie formularza jest obowi\u0105zkowe. DZI\u0118KI NIEMU dowiem si\u0119, \u017ce w og\u00f3le wys\u0142a\u0142e\u015b mi p\u0142atno\u015b\u0107 (nie przegl\u0105dam non stop kont), i dostan\u0119 Twoje niezb\u0119dne dane i powiadomienie emailem.<\/p>\n<p>&nbsp;<\/p>\n<p>&nbsp;<\/p>\n<p><!-- Calendly inline widget begin --><\/p>\n<div class=\"calendly-inline-widget\" style=\"min-width: 320px; height: 700px;\" data-url=\"https:\/\/calendly.com\/jc-joannacholuj\/analiza-analisis-total?hide_event_type_details=1&amp;hide_gdpr_banner=1\"><\/div>\n<p><script type=\"text\/javascript\" src=\"https:\/\/assets.calendly.com\/assets\/external\/widget.js\" async><\/script><br \/>\n<!-- Calendly inline widget end --><\/p>\n<hr \/>\n<p>January &#8211; Stycze\u0144<br \/>\nFebruary Luty<br \/>\nMarch &#8211; Marzec<br \/>\nApril &#8211; Kwiecie\u0144<br \/>\nMay &#8211; Maj<br \/>\nJune &#8211; Czerwiec<br \/>\nJuly &#8211; Lipiec<br \/>\nAugust &#8211; Sierpie\u0144<br \/>\nSeptember &#8211; Wrzesie\u0144<br \/>\nOctober &#8211; Pa\u017adziernik<br \/>\nNovember- Listopad<br \/>\nDecember &#8211; Grudzie\u0144<\/p>\n<p>Sun Niedz<br \/>\nMon Pon<br \/>\nTue Wto<br \/>\nWed \u015aro<br \/>\nThu Czw<br \/>\nFri Pt<br \/>\nSat Sob<\/p>\n<p>View next month &#8211; Poka\u017c nast\u0119pny miesi\u0105c<br \/>\nSchedule event &#8211; Zatwierd\u017a termin<\/p>\n<hr \/>\n<p>&nbsp;<\/p>\n<p style=\"text-align: center;\">GDY UZYSKASZ POTWIERDZENIE<\/p>\n<h4 style=\"text-align: center;\"><a href=\"https:\/\/joannacholuj.pl\/en\/platnosc-analiza-pelna\/\">KLIKNIJ TU,<\/a><\/h4>\n<p style=\"text-align: center;\">ABY PRZEJ\u015a\u0106 DALEJ DO <strong>WYBORU P\u0141ATNO\u015aCI\u00a0<\/strong><\/p>\n<p>&nbsp;<\/p>\n<p style=\"text-align: center;\">","protected":false},"excerpt":{"rendered":"<p>PODAJ SWOJE DANE I WYBIERZ TERMIN ODBIORU PE\u0141NEJ ANALIZY HOLISTYCZNEJ Wype\u0142nienie formularza jest obowi\u0105zkowe. DZI\u0118KI NIEMU dowiem si\u0119, \u017ce w [&hellip;]<\/p>","protected":false},"author":2,"featured_media":0,"parent":0,"menu_order":0,"comment_status":"closed","ping_status":"closed","template":"","meta":{"_bbp_topic_count":0,"_bbp_reply_count":0,"_bbp_total_topic_count":0,"_bbp_total_reply_count":0,"_bbp_voice_count":0,"_bbp_anonymous_reply_count":0,"_bbp_topic_count_hidden":0,"_bbp_reply_count_hidden":0,"_bbp_forum_subforum_count":0,"_uag_custom_page_level_css":"","footnotes":""},"class_list":["post-10281","page","type-page","status-publish","hentry"],"spectra_custom_meta":{"_edit_lock":["1724968694:2"],"_edit_last":["2"],"_wp_page_template":["default"],"_uag_page_assets":["a:9:{s:3:\"css\";s:0:\"\";s:2:\"js\";s:0:\"\";s:18:\"current_block_list\";a:0:{}s:8:\"uag_flag\";b:0;s:11:\"uag_version\";s:10:\"1776190721\";s:6:\"gfonts\";a:0:{}s:10:\"gfonts_url\";s:0:\"\";s:12:\"gfonts_files\";a:0:{}s:14:\"uag_faq_layout\";b:0;}"]},"uagb_featured_image_src":{"full":false,"thumbnail":false,"medium":false,"medium_large":false,"large":false,"1536x1536":false,"2048x2048":false,"trp-custom-language-flag":false,"illdy-blog-list":false,"illdy-widget-recent-posts":false,"illdy-blog-post-related-articles":false,"illdy-front-page-latest-news":false,"illdy-front-page-testimonials":false,"illdy-front-page-projects":false,"illdy-front-page-person":false},"uagb_author_info":{"display_name":"Joanna Choluj","author_link":"http:\/\/joannacholuj.pl\/en\/blog\/author\/joannacholuj\/"},"uagb_comment_info":0,"uagb_excerpt":"PODAJ SWOJE DANE I WYBIERZ TERMIN ODBIORU PE\u0141NEJ ANALIZY HOLISTYCZNEJ Wype\u0142nienie formularza jest obowi\u0105zkowe. DZI\u0118KI NIEMU dowiem si\u0119, \u017ce w [&hellip;]","_links":{"self":[{"href":"http:\/\/joannacholuj.pl\/en\/wp-json\/wp\/v2\/pages\/10281"}],"collection":[{"href":"http:\/\/joannacholuj.pl\/en\/wp-json\/wp\/v2\/pages"}],"about":[{"href":"http:\/\/joannacholuj.pl\/en\/wp-json\/wp\/v2\/types\/page"}],"author":[{"embeddable":true,"href":"http:\/\/joannacholuj.pl\/en\/wp-json\/wp\/v2\/users\/2"}],"replies":[{"embeddable":true,"href":"http:\/\/joannacholuj.pl\/en\/wp-json\/wp\/v2\/comments?post=10281"}],"version-history":[{"count":21,"href":"http:\/\/joannacholuj.pl\/en\/wp-json\/wp\/v2\/pages\/10281\/revisions"}],"predecessor-version":[{"id":12631,"href":"http:\/\/joannacholuj.pl\/en\/wp-json\/wp\/v2\/pages\/10281\/revisions\/12631"}],"wp:attachment":[{"href":"http:\/\/joannacholuj.pl\/en\/wp-json\/wp\/v2\/media?parent=10281"}],"curies":[{"name":"wp","href":"https:\/\/api.w.org\/{rel}","templated":true}]}}