{"id":10160,"date":"2023-12-12T22:00:45","date_gmt":"2023-12-12T21:00:45","guid":{"rendered":"http:\/\/joannacholuj.pl\/?page_id=10160"},"modified":"2024-07-14T23:36:58","modified_gmt":"2024-07-14T21:36:58","slug":"sklep-szkola-wiedzm","status":"publish","type":"page","link":"http:\/\/joannacholuj.pl\/en\/sklep-szkola-wiedzm\/","title":{"rendered":"Sklep Szko\u0142a Wied\u017am"},"content":{"rendered":"<p style=\"text-align: left;\"><a href=\"https:\/\/joannacholuj.pl\/en\/sklep-ksiazki\/\">KUP KSI\u0104\u017bKI<\/a><\/p>\n<p style=\"text-align: left;\"><a href=\"https:\/\/joannacholuj.pl\/en\/sklep-kursyonline\/\">KUP KURSY ONLINE<\/a><\/p>\n<p style=\"text-align: left;\"><a href=\"https:\/\/joannacholuj.pl\/en\/sklep-karty-medytacyjne\/\">KUP KARTY MEDYTACYJNE<\/a><\/p>\n<p style=\"text-align: left;\"><a href=\"https:\/\/joannacholuj.pl\/en\/sklep-analizy-i-konsultacje\/\">KUP ANALIZ\u0118 HOLISTYCZN\u0104 LUB KONSULTACJ\u0118\u00a0<\/a><\/p>\n<p style=\"text-align: left;\"><a href=\"https:\/\/joannacholuj.pl\/en\/sklep-koncerty\/\">KUP SPOTKANIE W KR\u0118GU<\/a><\/p>\n<h3 style=\"text-align: center;\"><\/h3>\n<h3 style=\"text-align: center;\">SHOP<\/h3>\n<h4 style=\"text-align: center;\">ZAJ\u0118CIA W SZKOLE WIED\u0179M<\/h4>\n<p style=\"text-align: center;\"><a href=\"https:\/\/joannacholuj.pl\/en\/szkola-wiedzm-arioslowianskich\/\">OPIS<\/a><\/p>\n<hr \/>\n<p>&nbsp;<\/p>\n<p style=\"text-align: center;\"><strong>WSZYSTKIE PRODUKTY W TYM SKLEPIE Copyright@JoannaCho\u0142uj\u00a0<\/strong><\/p>\n<p style=\"text-align: center;\"><strong>ZAKAZ KOPIOWANIA TRE\u015aCI I ROZPOWSZECHNIANIA PRODUKT\u00d3W POZA TYM SKLEPEM I UDOST\u0118PNIANIA W INTERNECIE<\/strong><\/p>\n<p style=\"text-align: center;\">PROSZ\u0118 UWA\u017bNIE DOKONYWA\u0106 ZAKUPU<\/p>\n<p style=\"text-align: center;\">NIE MA MO\u017bLIWO\u015aCI ZWROTU<\/p>\n<p>&nbsp;<\/p>\n<p><a href=\"http:\/\/joannacholuj.pl\/en\/kup-1-rok-w-szkole-wiedzm\/\"><img loading=\"lazy\" decoding=\"async\" class=\"aligncenter wp-image-10481 size-thumbnail\" src=\"http:\/\/joannacholuj.pl\/wp-content\/uploads\/2023\/12\/275492860_10161803961335299_1068340397957670206_n-150x150.jpg\" alt=\"\" width=\"150\" height=\"150\" srcset=\"http:\/\/joannacholuj.pl\/wp-content\/uploads\/2023\/12\/275492860_10161803961335299_1068340397957670206_n-150x150.jpg 150w, http:\/\/joannacholuj.pl\/wp-content\/uploads\/2023\/12\/275492860_10161803961335299_1068340397957670206_n-70x70.jpg 70w, http:\/\/joannacholuj.pl\/wp-content\/uploads\/2023\/12\/275492860_10161803961335299_1068340397957670206_n-127x127.jpg 127w, http:\/\/joannacholuj.pl\/wp-content\/uploads\/2023\/12\/275492860_10161803961335299_1068340397957670206_n-476x476.jpg 476w, http:\/\/joannacholuj.pl\/wp-content\/uploads\/2023\/12\/275492860_10161803961335299_1068340397957670206_n-125x125.jpg 125w\" sizes=\"(max-width: 150px) 100vw, 150px\" \/><\/a><\/p>\n<p style=\"text-align: center;\"><a href=\"http:\/\/joannacholuj.pl\/en\/kup-1-rok-w-szkole-wiedzm\/\">KUP Pierwszy rok SZKO\u0141Y WIED\u0179M &#8211;\u00a0 2000 z\u0142<\/a><\/p>\n<p style=\"text-align: center;\">op\u0142ata oddzielna za analiz\u0119 h. 350 z\u0142 i kurs 12 sfer \u017cycia 2400 z\u0142 = 4750 z\u0142<\/p>\n<p style=\"text-align: center;\">Mo\u017cna roz\u0142o\u017cy\u0107 na 10 rat (miesi\u0119cy) po 475 z\u0142<\/p>\n<hr \/>\n<p>&nbsp;<\/p>\n<p style=\"text-align: center;\"><a href=\"http:\/\/joannacholuj.pl\/en\/kup-drugi-rok-szkoly-wiedzm-calosc\/\"><img loading=\"lazy\" decoding=\"async\" class=\"alignnone wp-image-10483 size-thumbnail\" src=\"http:\/\/joannacholuj.pl\/wp-content\/uploads\/2023\/12\/275748585_10161803960815299_581459051269216219_n-150x150.jpg\" alt=\"\" width=\"150\" height=\"150\" srcset=\"http:\/\/joannacholuj.pl\/wp-content\/uploads\/2023\/12\/275748585_10161803960815299_581459051269216219_n-150x150.jpg 150w, http:\/\/joannacholuj.pl\/wp-content\/uploads\/2023\/12\/275748585_10161803960815299_581459051269216219_n-70x70.jpg 70w, http:\/\/joannacholuj.pl\/wp-content\/uploads\/2023\/12\/275748585_10161803960815299_581459051269216219_n-127x127.jpg 127w, http:\/\/joannacholuj.pl\/wp-content\/uploads\/2023\/12\/275748585_10161803960815299_581459051269216219_n-476x476.jpg 476w, http:\/\/joannacholuj.pl\/wp-content\/uploads\/2023\/12\/275748585_10161803960815299_581459051269216219_n-125x125.jpg 125w\" sizes=\"(max-width: 150px) 100vw, 150px\" \/><\/a><\/p>\n<p style=\"text-align: center;\"><a href=\"http:\/\/joannacholuj.pl\/en\/kup-drugi-rok-szkoly-wiedzm-calosc\/\">KUP Drugi rok SZKO\u0141Y WIED\u0179M &#8211; 2000 z\u0142<\/a><\/p>\n<p style=\"text-align: center;\">oddzielna op\u0142ata za kurs archetyp\u00f3w 2100\u00a0 z\u0142\u00a0 i MAtryca j\u0119zyka 600z\u0142\u00a0 = 4700 z\u0142<\/p>\n<p style=\"text-align: center;\">mo\u017cna p\u0142aci\u0107 w 10 ratach (miesi\u0105cach) po 470 z\u0142<\/p>\n<hr \/>\n<p><a href=\"http:\/\/joannacholuj.pl\/en\/kup-trzeci-rok-szkoly-wiedzm-calosc\/\"><img loading=\"lazy\" decoding=\"async\" class=\"aligncenter wp-image-10482 size-thumbnail\" src=\"http:\/\/joannacholuj.pl\/wp-content\/uploads\/2023\/12\/275309533_10161803961195299_2239810841184846499_n-150x150.jpg\" alt=\"\" width=\"150\" height=\"150\" srcset=\"http:\/\/joannacholuj.pl\/wp-content\/uploads\/2023\/12\/275309533_10161803961195299_2239810841184846499_n-150x150.jpg 150w, http:\/\/joannacholuj.pl\/wp-content\/uploads\/2023\/12\/275309533_10161803961195299_2239810841184846499_n-70x70.jpg 70w, http:\/\/joannacholuj.pl\/wp-content\/uploads\/2023\/12\/275309533_10161803961195299_2239810841184846499_n-127x127.jpg 127w, http:\/\/joannacholuj.pl\/wp-content\/uploads\/2023\/12\/275309533_10161803961195299_2239810841184846499_n-476x476.jpg 476w, http:\/\/joannacholuj.pl\/wp-content\/uploads\/2023\/12\/275309533_10161803961195299_2239810841184846499_n-125x125.jpg 125w\" sizes=\"(max-width: 150px) 100vw, 150px\" \/><\/a><\/p>\n<p style=\"text-align: center;\"><a href=\"http:\/\/joannacholuj.pl\/en\/kup-trzeci-rok-szkoly-wiedzm-calosc\/\">KUP Trzeci rok SZKO\u0141Y WIED\u0179M &#8211; 2000 z\u0142<\/a><\/p>\n<p style=\"text-align: center;\">oddzielna op\u0142ata kurs 5 element\u00f3w wiedzy staro\u017cytnej 2000 z\u0142 = 4000 z\u0142<\/p>\n<p style=\"text-align: center;\">mo\u017cna p\u0142aci\u0107 w 10 ratach\u00a0 (miesi\u0105cach) po 400 z\u0142<\/p>\n<hr \/>\n<p style=\"text-align: center;\"><strong>WSZYSTKIE PRODUKTY W TYM SKLEPIE Copyright@JoannaCho\u0142uj\u00a0<\/strong><\/p>\n<p style=\"text-align: center;\"><strong>ZAKAZ KOPIOWANIA TRE\u015aCI I ROZPOWSZECHNIANIA PRODUKT\u00d3W POZA TYM SKLEPEM I UDOST\u0118PNIANIA W INTERNECIE<\/strong><\/p>\n<p style=\"text-align: center;\">PROSZ\u0118 UWA\u017bNIE DOKONYWA\u0106 ZAKUPU<\/p>\n<p style=\"text-align: center;\">NIE MA MO\u017bLIWO\u015aCI ZWROTU<\/p>","protected":false},"excerpt":{"rendered":"<p>KUP KSI\u0104\u017bKI KUP KURSY ONLINE KUP KARTY MEDYTACYJNE KUP ANALIZ\u0118 HOLISTYCZN\u0104 LUB KONSULTACJ\u0118\u00a0 KUP SPOTKANIE W KR\u0118GU SKLEP ZAJ\u0118CIA W [&hellip;]<\/p>","protected":false},"author":2,"featured_media":0,"parent":0,"menu_order":0,"comment_status":"closed","ping_status":"closed","template":"","meta":{"_bbp_topic_count":0,"_bbp_reply_count":0,"_bbp_total_topic_count":0,"_bbp_total_reply_count":0,"_bbp_voice_count":0,"_bbp_anonymous_reply_count":0,"_bbp_topic_count_hidden":0,"_bbp_reply_count_hidden":0,"_bbp_forum_subforum_count":0,"_uag_custom_page_level_css":"","footnotes":""},"class_list":["post-10160","page","type-page","status-publish","hentry"],"spectra_custom_meta":{"_edit_last":["2"],"_wp_page_template":["default"],"_edit_lock":["1720992897:2"],"_uag_page_assets":["a:9:{s:3:\"css\";s:0:\"\";s:2:\"js\";s:0:\"\";s:18:\"current_block_list\";a:0:{}s:8:\"uag_flag\";b:0;s:11:\"uag_version\";s:10:\"1776190721\";s:6:\"gfonts\";a:0:{}s:10:\"gfonts_url\";s:0:\"\";s:12:\"gfonts_files\";a:0:{}s:14:\"uag_faq_layout\";b:0;}"]},"uagb_featured_image_src":{"full":false,"thumbnail":false,"medium":false,"medium_large":false,"large":false,"1536x1536":false,"2048x2048":false,"trp-custom-language-flag":false,"illdy-blog-list":false,"illdy-widget-recent-posts":false,"illdy-blog-post-related-articles":false,"illdy-front-page-latest-news":false,"illdy-front-page-testimonials":false,"illdy-front-page-projects":false,"illdy-front-page-person":false},"uagb_author_info":{"display_name":"Joanna Choluj","author_link":"http:\/\/joannacholuj.pl\/en\/blog\/author\/joannacholuj\/"},"uagb_comment_info":0,"uagb_excerpt":"KUP KSI\u0104\u017bKI KUP KURSY ONLINE KUP KARTY MEDYTACYJNE KUP ANALIZ\u0118 HOLISTYCZN\u0104 LUB KONSULTACJ\u0118\u00a0 KUP SPOTKANIE W KR\u0118GU SKLEP ZAJ\u0118CIA W [&hellip;]","_links":{"self":[{"href":"http:\/\/joannacholuj.pl\/en\/wp-json\/wp\/v2\/pages\/10160"}],"collection":[{"href":"http:\/\/joannacholuj.pl\/en\/wp-json\/wp\/v2\/pages"}],"about":[{"href":"http:\/\/joannacholuj.pl\/en\/wp-json\/wp\/v2\/types\/page"}],"author":[{"embeddable":true,"href":"http:\/\/joannacholuj.pl\/en\/wp-json\/wp\/v2\/users\/2"}],"replies":[{"embeddable":true,"href":"http:\/\/joannacholuj.pl\/en\/wp-json\/wp\/v2\/comments?post=10160"}],"version-history":[{"count":21,"href":"http:\/\/joannacholuj.pl\/en\/wp-json\/wp\/v2\/pages\/10160\/revisions"}],"predecessor-version":[{"id":11474,"href":"http:\/\/joannacholuj.pl\/en\/wp-json\/wp\/v2\/pages\/10160\/revisions\/11474"}],"wp:attachment":[{"href":"http:\/\/joannacholuj.pl\/en\/wp-json\/wp\/v2\/media?parent=10160"}],"curies":[{"name":"wp","href":"https:\/\/api.w.org\/{rel}","templated":true}]}}